{"id":4101,"date":"2015-07-29T22:04:38","date_gmt":"2015-07-30T01:04:38","guid":{"rendered":"http:\/\/tecnigrav.com\/en\/?page_id=4101"},"modified":"2016-02-26T18:01:40","modified_gmt":"2016-02-26T21:01:40","slug":"about-us","status":"publish","type":"page","link":"https:\/\/tecnigrav.com\/en\/about-us\/","title":{"rendered":"About us"},"content":{"rendered":"<p>[fullwidth]<\/p>\n<p>[columns]<br \/>\n[one_half]<\/p>\n<h2 style=\"text-align: center;\">History<\/h2>\n<p style=\"font-size: 18px!important; line-height: 1.5em!important;\">Tecnigrav Ind and Com Ltda is a Brazilian company which manufactures the widest range of permanent\u00a0marking systems like electro-chemical etch machines, Dot peen marking (micropercussion) machines.<\/p>\n<p style=\"font-size: 18px!important; line-height: 1.5em!important;\">We offer solutions to identification, codification and Traceability.Since April 1989, Tecnigrav has achieved your goals, with a record of sales in Brazilian market and other\u00a0countries around the world.<\/p>\n<p>[\/one_half]<br \/>\n[one_half]<br \/>\n[image_slider translate_next=&#8221;Pr\u00f3ximo&#8221; translate_previous=&#8221;Anterior&#8221;]<br \/>\n[image url=&#8221;http:\/\/tecnigrav.com\/wp-content\/uploads\/2015\/07\/quemsomos_tecnigrav_1.jpg&#8221;]<br \/>\n[image url=&#8221;http:\/\/tecnigrav.com\/wp-content\/uploads\/2015\/07\/quemsomos_tecnigrav_2.jpg&#8221;]<br \/>\n[image url=&#8221;http:\/\/tecnigrav.com\/wp-content\/uploads\/2015\/07\/quemsomos_tecnigrav_3.jpg&#8221;]<br \/>\n[image url=&#8221;http:\/\/tecnigrav.com\/wp-content\/uploads\/2015\/07\/quemsomos_tecnigrav_4.jpg&#8221;]<br \/>\n[image url=&#8221;http:\/\/tecnigrav.com\/wp-content\/uploads\/2015\/07\/quemsomos_tecnigrav_5.jpg&#8221;]<br \/>\n[\/image_slider][\/one_half]<br \/>\n[\/columns]<\/p>\n<p>[\/fullwidth]<\/p>\n<p>[timeline-express]<\/p>\n<hr \/>\n<p>&nbsp;<\/p>\n<p>[fullwidth padding_top=&#8221;&#8221; padding_bottom=&#8221;&#8221; background_image=&#8221;http:\/\/thememotive.com\/converio\/wp-content\/uploads\/2014\/03\/bg-photo-031.jpg&#8221; background_class=&#8221;purple&#8221; top_border=&#8221;no&#8221; shadow=&#8221;no&#8221; parallax=&#8221;no&#8221; bottom_margin=&#8221;yes&#8221;]<br \/>\n[lead_block style=&#8221;&#8221; title=&#8221;Mission, Vision and Values&#8221;][\/lead_block]<br \/>\n[columns]<br \/>\n[one_third]<br \/>\n[icon name=&#8221;fa-lightbulb-o&#8221; size=&#8221;4&#8243; color=&#8221;#ffffff&#8221; background_color=&#8221;#d9c943&#8243; circled_background=&#8221;yes&#8221;]<\/p>\n<h4>Mission<\/h4>\n<p>Supply products of high quality and low price.<br \/>\n[\/one_third]<br \/>\n[one_third]<br \/>\n[icon name=&#8221;fa-shield&#8221; size=&#8221;4&#8243; color=&#8221;#ffffff&#8221; background_color=&#8221;#74d7f0&#8243; circled_background=&#8221;yes&#8221;]<\/p>\n<h4>Vision<\/h4>\n<p>Overcoming everyday obstacles.<br \/>\n[\/one_third]<br \/>\n[one_third]<br \/>\n[icon name=&#8221;fa-rocket&#8221; size=&#8221;4&#8243; color=&#8221;#ffffff&#8221; background_color=&#8221;#f5816a&#8221; circled_background=&#8221;yes&#8221;]<\/p>\n<h4>Values<\/h4>\n<p>Contribute to industrial development by providing concrete partnerships.<br \/>\n[\/one_third]<br \/>\n[\/columns]<br \/>\n[fullwidth padding_top=&#8221;48&#8243; padding_bottom=&#8221;11&#8243; background_color=&#8221;&#8221; background_image=&#8221;&#8221; background_class=&#8221;white&#8221; top_border=&#8221;yes&#8221; shadow=&#8221;yes&#8221; parallax=&#8221;&#8221; bottom_margin=&#8221;yes&#8221;]<br \/>\n[columns]<br \/>\n[clients title=&#8221;Our clients&#8221; title_size=&#8221;3&#8243;]<br \/>\n[one_fifth][client link=&#8221;&#8221; image_alt=&#8221;Image&#8221; image_url=&#8221;http:\/\/tecnigrav.com\/wp-content\/uploads\/2015\/08\/LOGO-PEPSICO.jpg&#8221;][\/client][\/one_fifth]<br \/>\n[one_fifth][client link=&#8221;&#8221; image_alt=&#8221;Image&#8221; image_url=&#8221;http:\/\/tecnigrav.com\/wp-content\/uploads\/2014\/07\/usiminas.png&#8221;][\/client][\/one_fifth]<br \/>\n[one_fifth][client link=&#8221;&#8221; image_alt=&#8221;Image&#8221; image_url=&#8221;http:\/\/tecnigrav.com\/wp-content\/uploads\/2015\/08\/LOGO-TRAMONTINA.jpg&#8221;][\/client][\/one_fifth]<br \/>\n[one_fifth][client link=&#8221;&#8221; image_alt=&#8221;Image&#8221; image_url=&#8221;http:\/\/tecnigrav.com\/wp-content\/uploads\/2015\/08\/LOGO-WHIRPOOL.jpg&#8221;][\/client][\/one_fifth]<br \/>\n[one_fifth][client link=&#8221;&#8221; image_alt=&#8221;Image&#8221; image_url=&#8221;http:\/\/tecnigrav.com\/wp-content\/uploads\/2015\/08\/logo-gm-tecnigrav-clientes.jpg&#8221;][\/client][\/one_fifth]<br \/>\n[\/columns]<br \/>\n[\/fullwidth]<\/p>\n","protected":false},"excerpt":{"rendered":"<p>[fullwidth] [columns] [one_half] History Tecnigrav Ind and Com Ltda is a Brazilian company which manufactures the widest range of permanent\u00a0marking systems like electro-chemical etch machines, Dot peen marking (micropercussion) machines. We offer solutions to identification, codification and Traceability.Since April 1989, Tecnigrav has achieved your goals, with a record of sales in Brazilian market and other\u00a0countries [&hellip;]<\/p>\n","protected":false},"author":2,"featured_media":0,"parent":0,"menu_order":0,"comment_status":"closed","ping_status":"open","template":"","meta":[],"yoast_head":"<!-- This site is optimized with the Yoast SEO plugin v20.6 - https:\/\/yoast.com\/wordpress\/plugins\/seo\/ -->\n<title>About us - Tecnigrav Gravadores de Metais<\/title>\n<meta name=\"description\" content=\"History Tecnigrav Ind and Com Ltda is a Brazilian company which manufactures the widest range of permanent\u00a0marking systems like electro-chemical etch\" \/>\n<meta name=\"robots\" content=\"index, follow, max-snippet:-1, max-image-preview:large, max-video-preview:-1\" \/>\n<link rel=\"canonical\" href=\"https:\/\/tecnigrav.com\/en\/about-us\/\" \/>\n<meta property=\"og:locale\" content=\"en_US\" \/>\n<meta property=\"og:type\" content=\"article\" \/>\n<meta property=\"og:title\" content=\"About us - Tecnigrav Gravadores de Metais\" \/>\n<meta property=\"og:description\" content=\"History Tecnigrav Ind and Com Ltda is a Brazilian company which manufactures the widest range of permanent\u00a0marking systems like electro-chemical etch\" \/>\n<meta property=\"og:url\" content=\"https:\/\/tecnigrav.com\/en\/about-us\/\" \/>\n<meta property=\"og:site_name\" content=\"Tecnigrav Gravadores de Metais\" \/>\n<meta property=\"article:publisher\" content=\"https:\/\/www.facebook.com\/Tecnigrav-Ind%c3%bastria-e-Com%c3%a9rcio-Ltda-151617301618854\/\" \/>\n<meta property=\"article:modified_time\" content=\"2016-02-26T21:01:40+00:00\" \/>\n<meta name=\"twitter:card\" content=\"summary_large_image\" \/>\n<meta name=\"twitter:label1\" content=\"Est. reading time\" \/>\n\t<meta name=\"twitter:data1\" content=\"2 minutes\" \/>\n<script type=\"application\/ld+json\" class=\"yoast-schema-graph\">{\"@context\":\"https:\/\/schema.org\",\"@graph\":[{\"@type\":\"WebPage\",\"@id\":\"https:\/\/tecnigrav.com\/en\/about-us\/\",\"url\":\"https:\/\/tecnigrav.com\/en\/about-us\/\",\"name\":\"About us - Tecnigrav Gravadores de Metais\",\"isPartOf\":{\"@id\":\"https:\/\/tecnigrav.com\/#website\"},\"datePublished\":\"2015-07-30T01:04:38+00:00\",\"dateModified\":\"2016-02-26T21:01:40+00:00\",\"description\":\"History Tecnigrav Ind and Com Ltda is a Brazilian company which manufactures the widest range of permanent\u00a0marking systems like electro-chemical etch\",\"breadcrumb\":{\"@id\":\"https:\/\/tecnigrav.com\/en\/about-us\/#breadcrumb\"},\"inLanguage\":\"en-US\",\"potentialAction\":[{\"@type\":\"ReadAction\",\"target\":[\"https:\/\/tecnigrav.com\/en\/about-us\/\"]}]},{\"@type\":\"BreadcrumbList\",\"@id\":\"https:\/\/tecnigrav.com\/en\/about-us\/#breadcrumb\",\"itemListElement\":[{\"@type\":\"ListItem\",\"position\":1,\"name\":\"In\u00edcio\",\"item\":\"https:\/\/tecnigrav.com\/en\/\"},{\"@type\":\"ListItem\",\"position\":2,\"name\":\"About us\"}]},{\"@type\":\"WebSite\",\"@id\":\"https:\/\/tecnigrav.com\/#website\",\"url\":\"https:\/\/tecnigrav.com\/\",\"name\":\"Tecnigrav Gravadores de Metais\",\"description\":\"Gravadores de Metais | Grava\u00e7\u00e3o em Metais | Micropuncionamento | Micropercuss\u00e3o | Grava\u00e7\u00e3o Eletroqu\u00edmica | Marca\u00e7\u00e3o de Pe\u00e7as | Grava\u00e7\u00e3o de Pe\u00e7as | Grava\u00e7\u00e3o de Ferramentas | Codifica\u00e7\u00e3o | Marca\u00e7\u00e3o em Metais | L\u00e1pis El\u00e9trico | Caneta El\u00e9trica | Caneta Rotativa | L\u00e1pis Rotativo | Grava\u00e7\u00e3o Eletrol\u00edtica | Gravador Eletrol\u00edtico | Riscagem | CNC | Laser de Grava\u00e7\u00e3o | Laser de Marca\u00e7\u00e3o | Maquinas para Grava\u00e7\u00e3o | Maquinas Eletroqu\u00edmicas | Maquinas de Micropuncionamento | Maquinas Laser | Grava\u00e7\u00e3o a Laser | Tipo | Grava\u00e7\u00e3o por Pontos | Gravador de Bancada | Gravador Port\u00e1til | Gravador Manual| Grava\u00e7\u00e3o escrita a punho | Micropuncionamento de Bancada | Micropuncionamento Port\u00e1til | Limpeza de Solda | Limpador de Solda | Datamatrix | Integra\u00e7\u00e3o | Grava\u00e7\u00e3o Permanente | Marca\u00e7\u00e3o Permanente | Datadores | Codificadores | tecnograv | Carimbos | Sistema de identifica\u00e7\u00e3o | Pirografo | Tampografia | Rastreabilidade | Gravador de metal | Gravador de metais | Gravador Eletroqu\u00edmico | Liquido de Grava\u00e7\u00e3o | Liquidos Gravadores | Matriz de Grava\u00e7\u00e3o | Papel de Grava\u00e7\u00e3o | Tela de Grava\u00e7\u00e3o | Tela de Silkscreen | Est\u00eancil de grava\u00e7\u00e3o | Stencil de Grava\u00e7\u00e3o | Micropontos | Puncionamento | Puncionadeira | Pun\u00e7\u00e3o | Numerador | Sinete | Micropuncionadeira | DOT PEEN\",\"potentialAction\":[{\"@type\":\"SearchAction\",\"target\":{\"@type\":\"EntryPoint\",\"urlTemplate\":\"https:\/\/tecnigrav.com\/?s={search_term_string}\"},\"query-input\":\"required name=search_term_string\"}],\"inLanguage\":\"en-US\"}]}<\/script>\n<!-- \/ Yoast SEO plugin. -->","yoast_head_json":{"title":"About us - Tecnigrav Gravadores de Metais","description":"History Tecnigrav Ind and Com Ltda is a Brazilian company which manufactures the widest range of permanent\u00a0marking systems like electro-chemical etch","robots":{"index":"index","follow":"follow","max-snippet":"max-snippet:-1","max-image-preview":"max-image-preview:large","max-video-preview":"max-video-preview:-1"},"canonical":"https:\/\/tecnigrav.com\/en\/about-us\/","og_locale":"en_US","og_type":"article","og_title":"About us - Tecnigrav Gravadores de Metais","og_description":"History Tecnigrav Ind and Com Ltda is a Brazilian company which manufactures the widest range of permanent\u00a0marking systems like electro-chemical etch","og_url":"https:\/\/tecnigrav.com\/en\/about-us\/","og_site_name":"Tecnigrav Gravadores de Metais","article_publisher":"https:\/\/www.facebook.com\/Tecnigrav-Ind%c3%bastria-e-Com%c3%a9rcio-Ltda-151617301618854\/","article_modified_time":"2016-02-26T21:01:40+00:00","twitter_card":"summary_large_image","twitter_misc":{"Est. reading time":"2 minutes"},"schema":{"@context":"https:\/\/schema.org","@graph":[{"@type":"WebPage","@id":"https:\/\/tecnigrav.com\/en\/about-us\/","url":"https:\/\/tecnigrav.com\/en\/about-us\/","name":"About us - Tecnigrav Gravadores de Metais","isPartOf":{"@id":"https:\/\/tecnigrav.com\/#website"},"datePublished":"2015-07-30T01:04:38+00:00","dateModified":"2016-02-26T21:01:40+00:00","description":"History Tecnigrav Ind and Com Ltda is a Brazilian company which manufactures the widest range of permanent\u00a0marking systems like electro-chemical etch","breadcrumb":{"@id":"https:\/\/tecnigrav.com\/en\/about-us\/#breadcrumb"},"inLanguage":"en-US","potentialAction":[{"@type":"ReadAction","target":["https:\/\/tecnigrav.com\/en\/about-us\/"]}]},{"@type":"BreadcrumbList","@id":"https:\/\/tecnigrav.com\/en\/about-us\/#breadcrumb","itemListElement":[{"@type":"ListItem","position":1,"name":"In\u00edcio","item":"https:\/\/tecnigrav.com\/en\/"},{"@type":"ListItem","position":2,"name":"About us"}]},{"@type":"WebSite","@id":"https:\/\/tecnigrav.com\/#website","url":"https:\/\/tecnigrav.com\/","name":"Tecnigrav Gravadores de Metais","description":"Gravadores de Metais | Grava\u00e7\u00e3o em Metais | Micropuncionamento | Micropercuss\u00e3o | Grava\u00e7\u00e3o Eletroqu\u00edmica | Marca\u00e7\u00e3o de Pe\u00e7as | Grava\u00e7\u00e3o de Pe\u00e7as | Grava\u00e7\u00e3o de Ferramentas | Codifica\u00e7\u00e3o | Marca\u00e7\u00e3o em Metais | L\u00e1pis El\u00e9trico | Caneta El\u00e9trica | Caneta Rotativa | L\u00e1pis Rotativo | Grava\u00e7\u00e3o Eletrol\u00edtica | Gravador Eletrol\u00edtico | Riscagem | CNC | Laser de Grava\u00e7\u00e3o | Laser de Marca\u00e7\u00e3o | Maquinas para Grava\u00e7\u00e3o | Maquinas Eletroqu\u00edmicas | Maquinas de Micropuncionamento | Maquinas Laser | Grava\u00e7\u00e3o a Laser | Tipo | Grava\u00e7\u00e3o por Pontos | Gravador de Bancada | Gravador Port\u00e1til | Gravador Manual| Grava\u00e7\u00e3o escrita a punho | Micropuncionamento de Bancada | Micropuncionamento Port\u00e1til | Limpeza de Solda | Limpador de Solda | Datamatrix | Integra\u00e7\u00e3o | Grava\u00e7\u00e3o Permanente | Marca\u00e7\u00e3o Permanente | Datadores | Codificadores | tecnograv | Carimbos | Sistema de identifica\u00e7\u00e3o | Pirografo | Tampografia | Rastreabilidade | Gravador de metal | Gravador de metais | Gravador Eletroqu\u00edmico | Liquido de Grava\u00e7\u00e3o | Liquidos Gravadores | Matriz de Grava\u00e7\u00e3o | Papel de Grava\u00e7\u00e3o | Tela de Grava\u00e7\u00e3o | Tela de Silkscreen | Est\u00eancil de grava\u00e7\u00e3o | Stencil de Grava\u00e7\u00e3o | Micropontos | Puncionamento | Puncionadeira | Pun\u00e7\u00e3o | Numerador | Sinete | Micropuncionadeira | DOT PEEN","potentialAction":[{"@type":"SearchAction","target":{"@type":"EntryPoint","urlTemplate":"https:\/\/tecnigrav.com\/?s={search_term_string}"},"query-input":"required name=search_term_string"}],"inLanguage":"en-US"}]}},"_links":{"self":[{"href":"https:\/\/tecnigrav.com\/en\/wp-json\/wp\/v2\/pages\/4101"}],"collection":[{"href":"https:\/\/tecnigrav.com\/en\/wp-json\/wp\/v2\/pages"}],"about":[{"href":"https:\/\/tecnigrav.com\/en\/wp-json\/wp\/v2\/types\/page"}],"author":[{"embeddable":true,"href":"https:\/\/tecnigrav.com\/en\/wp-json\/wp\/v2\/users\/2"}],"replies":[{"embeddable":true,"href":"https:\/\/tecnigrav.com\/en\/wp-json\/wp\/v2\/comments?post=4101"}],"version-history":[{"count":20,"href":"https:\/\/tecnigrav.com\/en\/wp-json\/wp\/v2\/pages\/4101\/revisions"}],"predecessor-version":[{"id":4712,"href":"https:\/\/tecnigrav.com\/en\/wp-json\/wp\/v2\/pages\/4101\/revisions\/4712"}],"wp:attachment":[{"href":"https:\/\/tecnigrav.com\/en\/wp-json\/wp\/v2\/media?parent=4101"}],"curies":[{"name":"wp","href":"https:\/\/api.w.org\/{rel}","templated":true}]}}