{"id":4516,"date":"2015-08-13T11:30:21","date_gmt":"2015-08-13T14:30:21","guid":{"rendered":"http:\/\/tecnigrav.com\/produto\/msm-m3-marking-kit\/"},"modified":"2020-07-07T17:29:43","modified_gmt":"2020-07-07T20:29:43","slug":"msm-m3-marking-kit","status":"publish","type":"product","link":"https:\/\/tecnigrav.com\/en\/product\/msm-m3-marking-kit\/","title":{"rendered":"MSM M3 \u2013 MARKING KIT"},"content":{"rendered":"<p><iframe title=\"MSM M3 - TECNIGRAV\" width=\"1140\" height=\"641\" src=\"https:\/\/www.youtube.com\/embed\/DikzXG8cn4U?feature=oembed\" frameborder=\"0\" allow=\"accelerometer; autoplay; clipboard-write; encrypted-media; gyroscope; picture-in-picture; web-share\" allowfullscreen><\/iframe><\/p>\n","protected":false},"excerpt":{"rendered":"<p><strong>TECHNICAL DATA<\/strong> MSM M3 \u2013 MARKING KIT CODE: M3 <strong>Type of mark:<\/strong> BLACK (AC current) WHITE (DC current) Capable of marking more than 15 \u00b5m deep in most substarates Power: 180 W Switch with 3 positions of power Input Voltage 110 or 230V AC Cooler include Guarantee: 2 Years <strong>Features<\/strong> This etching machine is often used in many types of metal like: \u2022 Steels with or without tempering. \u2022 Brass, bronze and copper \u2022 Aluminium \u2022 Coating Nickel Plate or Hard Chrome. \u2022 Coating with Oxides \u2022 Carbide (Tungsten and Titanium) \u2022 Other metals<\/p>\n","protected":false},"featured_media":5034,"comment_status":"closed","ping_status":"closed","template":"","meta":[],"product_cat":[37,40],"product_tag":[],"yoast_head":"<!-- This site is optimized with the Yoast SEO plugin v20.6 - https:\/\/yoast.com\/wordpress\/plugins\/seo\/ -->\n<title>MSM M3 \u2013 MARKING KIT - Tecnigrav Gravadores de Metais<\/title>\n<meta name=\"description\" content=\"TECHNICAL DATA MSM M3 \u2013 MARKING KIT CODE: M3 Type of mark: BLACK (AC current) WHITE (DC current) Capable of marking more than 15 \u00b5m deep in most substarates Power: 180 W Switch with 3 positions of power Input Voltage 110 or 230V AC Cooler include Guarantee: 2 Years Features This etching machine is often used in many types of metal like: \u2022 Steels with or without tempering. \u2022 Brass, bronze and copper \u2022 Aluminium \u2022 Coating Nickel Plate or Hard Chrome. \u2022 Coating with Oxides \u2022 Carbide (Tungsten and Titanium) \u2022 Other metals\" \/>\n<meta name=\"robots\" content=\"index, follow, max-snippet:-1, max-image-preview:large, max-video-preview:-1\" \/>\n<link rel=\"canonical\" href=\"https:\/\/tecnigrav.com\/en\/product\/msm-m3-marking-kit\/\" \/>\n<meta property=\"og:locale\" content=\"en_US\" \/>\n<meta property=\"og:type\" content=\"article\" \/>\n<meta property=\"og:title\" content=\"MSM M3 \u2013 MARKING KIT - Tecnigrav Gravadores de Metais\" \/>\n<meta property=\"og:description\" content=\"TECHNICAL DATA MSM M3 \u2013 MARKING KIT CODE: M3 Type of mark: BLACK (AC current) WHITE (DC current) Capable of marking more than 15 \u00b5m deep in most substarates Power: 180 W Switch with 3 positions of power Input Voltage 110 or 230V AC Cooler include Guarantee: 2 Years Features This etching machine is often used in many types of metal like: \u2022 Steels with or without tempering. \u2022 Brass, bronze and copper \u2022 Aluminium \u2022 Coating Nickel Plate or Hard Chrome. \u2022 Coating with Oxides \u2022 Carbide (Tungsten and Titanium) \u2022 Other metals\" \/>\n<meta property=\"og:url\" content=\"https:\/\/tecnigrav.com\/en\/product\/msm-m3-marking-kit\/\" \/>\n<meta property=\"og:site_name\" content=\"Tecnigrav Gravadores de Metais\" \/>\n<meta property=\"article:publisher\" content=\"https:\/\/www.facebook.com\/Tecnigrav-Ind%c3%bastria-e-Com%c3%a9rcio-Ltda-151617301618854\/\" \/>\n<meta property=\"article:modified_time\" content=\"2020-07-07T20:29:43+00:00\" \/>\n<meta property=\"og:image\" content=\"https:\/\/tecnigrav.com\/wp-content\/uploads\/2015\/08\/M3-E-SMART2-e1566934847404.jpg\" \/>\n\t<meta property=\"og:image:width\" content=\"560\" \/>\n\t<meta property=\"og:image:height\" content=\"420\" \/>\n\t<meta property=\"og:image:type\" content=\"image\/jpeg\" \/>\n<meta name=\"twitter:card\" content=\"summary_large_image\" \/>\n<script type=\"application\/ld+json\" class=\"yoast-schema-graph\">{\"@context\":\"https:\/\/schema.org\",\"@graph\":[{\"@type\":\"WebPage\",\"@id\":\"https:\/\/tecnigrav.com\/en\/product\/msm-m3-marking-kit\/\",\"url\":\"https:\/\/tecnigrav.com\/en\/product\/msm-m3-marking-kit\/\",\"name\":\"MSM M3 \u2013 MARKING KIT - Tecnigrav Gravadores de Metais\",\"isPartOf\":{\"@id\":\"https:\/\/tecnigrav.com\/#website\"},\"datePublished\":\"2015-08-13T14:30:21+00:00\",\"dateModified\":\"2020-07-07T20:29:43+00:00\",\"description\":\"TECHNICAL DATA MSM M3 \u2013 MARKING KIT CODE: M3 Type of mark: BLACK (AC current) WHITE (DC current) Capable of marking more than 15 \u00b5m deep in most substarates Power: 180 W Switch with 3 positions of power Input Voltage 110 or 230V AC Cooler include Guarantee: 2 Years Features This etching machine is often used in many types of metal like: \u2022 Steels with or without tempering. \u2022 Brass, bronze and copper \u2022 Aluminium \u2022 Coating Nickel Plate or Hard Chrome. \u2022 Coating with Oxides \u2022 Carbide (Tungsten and Titanium) \u2022 Other metals\",\"breadcrumb\":{\"@id\":\"https:\/\/tecnigrav.com\/en\/product\/msm-m3-marking-kit\/#breadcrumb\"},\"inLanguage\":\"en-US\",\"potentialAction\":[{\"@type\":\"ReadAction\",\"target\":[\"https:\/\/tecnigrav.com\/en\/product\/msm-m3-marking-kit\/\"]}]},{\"@type\":\"BreadcrumbList\",\"@id\":\"https:\/\/tecnigrav.com\/en\/product\/msm-m3-marking-kit\/#breadcrumb\",\"itemListElement\":[{\"@type\":\"ListItem\",\"position\":1,\"name\":\"In\u00edcio\",\"item\":\"https:\/\/tecnigrav.com\/en\/\"},{\"@type\":\"ListItem\",\"position\":2,\"name\":\"Equipamentos de grava\u00e7\u00e3o\",\"item\":\"https:\/\/tecnigrav.com\/equipamentos-de-gravacao\/\"},{\"@type\":\"ListItem\",\"position\":3,\"name\":\"Electro Chemical Etch\",\"item\":\"https:\/\/tecnigrav.com\/en\/sistemas-de-gravacao\/electro-chemical-etch\/\"},{\"@type\":\"ListItem\",\"position\":4,\"name\":\"Marking Kits\",\"item\":\"https:\/\/tecnigrav.com\/en\/sistemas-de-gravacao\/electro-chemical-etch\/marking-kits\/\"},{\"@type\":\"ListItem\",\"position\":5,\"name\":\"MSM M3 \u2013 MARKING KIT\"}]},{\"@type\":\"WebSite\",\"@id\":\"https:\/\/tecnigrav.com\/#website\",\"url\":\"https:\/\/tecnigrav.com\/\",\"name\":\"Tecnigrav Gravadores de Metais\",\"description\":\"Gravadores de Metais | Grava\u00e7\u00e3o em Metais | Micropuncionamento | Micropercuss\u00e3o | Grava\u00e7\u00e3o Eletroqu\u00edmica | Marca\u00e7\u00e3o de Pe\u00e7as | Grava\u00e7\u00e3o de Pe\u00e7as | Grava\u00e7\u00e3o de Ferramentas | Codifica\u00e7\u00e3o | Marca\u00e7\u00e3o em Metais | L\u00e1pis El\u00e9trico | Caneta El\u00e9trica | Caneta Rotativa | L\u00e1pis Rotativo | Grava\u00e7\u00e3o Eletrol\u00edtica | Gravador Eletrol\u00edtico | Riscagem | CNC | Laser de Grava\u00e7\u00e3o | Laser de Marca\u00e7\u00e3o | Maquinas para Grava\u00e7\u00e3o | Maquinas Eletroqu\u00edmicas | Maquinas de Micropuncionamento | Maquinas Laser | Grava\u00e7\u00e3o a Laser | Tipo | Grava\u00e7\u00e3o por Pontos | Gravador de Bancada | Gravador Port\u00e1til | Gravador Manual| Grava\u00e7\u00e3o escrita a punho | Micropuncionamento de Bancada | Micropuncionamento Port\u00e1til | Limpeza de Solda | Limpador de Solda | Datamatrix | Integra\u00e7\u00e3o | Grava\u00e7\u00e3o Permanente | Marca\u00e7\u00e3o Permanente | Datadores | Codificadores | tecnograv | Carimbos | Sistema de identifica\u00e7\u00e3o | Pirografo | Tampografia | Rastreabilidade | Gravador de metal | Gravador de metais | Gravador Eletroqu\u00edmico | Liquido de Grava\u00e7\u00e3o | Liquidos Gravadores | Matriz de Grava\u00e7\u00e3o | Papel de Grava\u00e7\u00e3o | Tela de Grava\u00e7\u00e3o | Tela de Silkscreen | Est\u00eancil de grava\u00e7\u00e3o | Stencil de Grava\u00e7\u00e3o | Micropontos | Puncionamento | Puncionadeira | Pun\u00e7\u00e3o | Numerador | Sinete | Micropuncionadeira | DOT PEEN\",\"potentialAction\":[{\"@type\":\"SearchAction\",\"target\":{\"@type\":\"EntryPoint\",\"urlTemplate\":\"https:\/\/tecnigrav.com\/?s={search_term_string}\"},\"query-input\":\"required name=search_term_string\"}],\"inLanguage\":\"en-US\"}]}<\/script>\n<!-- \/ Yoast SEO plugin. -->","yoast_head_json":{"title":"MSM M3 \u2013 MARKING KIT - Tecnigrav Gravadores de Metais","description":"TECHNICAL DATA MSM M3 \u2013 MARKING KIT CODE: M3 Type of mark: BLACK (AC current) WHITE (DC current) Capable of marking more than 15 \u00b5m deep in most substarates Power: 180 W Switch with 3 positions of power Input Voltage 110 or 230V AC Cooler include Guarantee: 2 Years Features This etching machine is often used in many types of metal like: \u2022 Steels with or without tempering. \u2022 Brass, bronze and copper \u2022 Aluminium \u2022 Coating Nickel Plate or Hard Chrome. \u2022 Coating with Oxides \u2022 Carbide (Tungsten and Titanium) \u2022 Other metals","robots":{"index":"index","follow":"follow","max-snippet":"max-snippet:-1","max-image-preview":"max-image-preview:large","max-video-preview":"max-video-preview:-1"},"canonical":"https:\/\/tecnigrav.com\/en\/product\/msm-m3-marking-kit\/","og_locale":"en_US","og_type":"article","og_title":"MSM M3 \u2013 MARKING KIT - Tecnigrav Gravadores de Metais","og_description":"TECHNICAL DATA MSM M3 \u2013 MARKING KIT CODE: M3 Type of mark: BLACK (AC current) WHITE (DC current) Capable of marking more than 15 \u00b5m deep in most substarates Power: 180 W Switch with 3 positions of power Input Voltage 110 or 230V AC Cooler include Guarantee: 2 Years Features This etching machine is often used in many types of metal like: \u2022 Steels with or without tempering. \u2022 Brass, bronze and copper \u2022 Aluminium \u2022 Coating Nickel Plate or Hard Chrome. \u2022 Coating with Oxides \u2022 Carbide (Tungsten and Titanium) \u2022 Other metals","og_url":"https:\/\/tecnigrav.com\/en\/product\/msm-m3-marking-kit\/","og_site_name":"Tecnigrav Gravadores de Metais","article_publisher":"https:\/\/www.facebook.com\/Tecnigrav-Ind%c3%bastria-e-Com%c3%a9rcio-Ltda-151617301618854\/","article_modified_time":"2020-07-07T20:29:43+00:00","og_image":[{"width":560,"height":420,"url":"https:\/\/tecnigrav.com\/wp-content\/uploads\/2015\/08\/M3-E-SMART2-e1566934847404.jpg","type":"image\/jpeg"}],"twitter_card":"summary_large_image","schema":{"@context":"https:\/\/schema.org","@graph":[{"@type":"WebPage","@id":"https:\/\/tecnigrav.com\/en\/product\/msm-m3-marking-kit\/","url":"https:\/\/tecnigrav.com\/en\/product\/msm-m3-marking-kit\/","name":"MSM M3 \u2013 MARKING KIT - Tecnigrav Gravadores de Metais","isPartOf":{"@id":"https:\/\/tecnigrav.com\/#website"},"datePublished":"2015-08-13T14:30:21+00:00","dateModified":"2020-07-07T20:29:43+00:00","description":"TECHNICAL DATA MSM M3 \u2013 MARKING KIT CODE: M3 Type of mark: BLACK (AC current) WHITE (DC current) Capable of marking more than 15 \u00b5m deep in most substarates Power: 180 W Switch with 3 positions of power Input Voltage 110 or 230V AC Cooler include Guarantee: 2 Years Features This etching machine is often used in many types of metal like: \u2022 Steels with or without tempering. \u2022 Brass, bronze and copper \u2022 Aluminium \u2022 Coating Nickel Plate or Hard Chrome. \u2022 Coating with Oxides \u2022 Carbide (Tungsten and Titanium) \u2022 Other metals","breadcrumb":{"@id":"https:\/\/tecnigrav.com\/en\/product\/msm-m3-marking-kit\/#breadcrumb"},"inLanguage":"en-US","potentialAction":[{"@type":"ReadAction","target":["https:\/\/tecnigrav.com\/en\/product\/msm-m3-marking-kit\/"]}]},{"@type":"BreadcrumbList","@id":"https:\/\/tecnigrav.com\/en\/product\/msm-m3-marking-kit\/#breadcrumb","itemListElement":[{"@type":"ListItem","position":1,"name":"In\u00edcio","item":"https:\/\/tecnigrav.com\/en\/"},{"@type":"ListItem","position":2,"name":"Equipamentos de grava\u00e7\u00e3o","item":"https:\/\/tecnigrav.com\/equipamentos-de-gravacao\/"},{"@type":"ListItem","position":3,"name":"Electro Chemical Etch","item":"https:\/\/tecnigrav.com\/en\/sistemas-de-gravacao\/electro-chemical-etch\/"},{"@type":"ListItem","position":4,"name":"Marking Kits","item":"https:\/\/tecnigrav.com\/en\/sistemas-de-gravacao\/electro-chemical-etch\/marking-kits\/"},{"@type":"ListItem","position":5,"name":"MSM M3 \u2013 MARKING KIT"}]},{"@type":"WebSite","@id":"https:\/\/tecnigrav.com\/#website","url":"https:\/\/tecnigrav.com\/","name":"Tecnigrav Gravadores de Metais","description":"Gravadores de Metais | Grava\u00e7\u00e3o em Metais | Micropuncionamento | Micropercuss\u00e3o | Grava\u00e7\u00e3o Eletroqu\u00edmica | Marca\u00e7\u00e3o de Pe\u00e7as | Grava\u00e7\u00e3o de Pe\u00e7as | Grava\u00e7\u00e3o de Ferramentas | Codifica\u00e7\u00e3o | Marca\u00e7\u00e3o em Metais | L\u00e1pis El\u00e9trico | Caneta El\u00e9trica | Caneta Rotativa | L\u00e1pis Rotativo | Grava\u00e7\u00e3o Eletrol\u00edtica | Gravador Eletrol\u00edtico | Riscagem | CNC | Laser de Grava\u00e7\u00e3o | Laser de Marca\u00e7\u00e3o | Maquinas para Grava\u00e7\u00e3o | Maquinas Eletroqu\u00edmicas | Maquinas de Micropuncionamento | Maquinas Laser | Grava\u00e7\u00e3o a Laser | Tipo | Grava\u00e7\u00e3o por Pontos | Gravador de Bancada | Gravador Port\u00e1til | Gravador Manual| Grava\u00e7\u00e3o escrita a punho | Micropuncionamento de Bancada | Micropuncionamento Port\u00e1til | Limpeza de Solda | Limpador de Solda | Datamatrix | Integra\u00e7\u00e3o | Grava\u00e7\u00e3o Permanente | Marca\u00e7\u00e3o Permanente | Datadores | Codificadores | tecnograv | Carimbos | Sistema de identifica\u00e7\u00e3o | Pirografo | Tampografia | Rastreabilidade | Gravador de metal | Gravador de metais | Gravador Eletroqu\u00edmico | Liquido de Grava\u00e7\u00e3o | Liquidos Gravadores | Matriz de Grava\u00e7\u00e3o | Papel de Grava\u00e7\u00e3o | Tela de Grava\u00e7\u00e3o | Tela de Silkscreen | Est\u00eancil de grava\u00e7\u00e3o | Stencil de Grava\u00e7\u00e3o | Micropontos | Puncionamento | Puncionadeira | Pun\u00e7\u00e3o | Numerador | Sinete | Micropuncionadeira | DOT PEEN","potentialAction":[{"@type":"SearchAction","target":{"@type":"EntryPoint","urlTemplate":"https:\/\/tecnigrav.com\/?s={search_term_string}"},"query-input":"required name=search_term_string"}],"inLanguage":"en-US"}]}},"_links":{"self":[{"href":"https:\/\/tecnigrav.com\/en\/wp-json\/wp\/v2\/product\/4516"}],"collection":[{"href":"https:\/\/tecnigrav.com\/en\/wp-json\/wp\/v2\/product"}],"about":[{"href":"https:\/\/tecnigrav.com\/en\/wp-json\/wp\/v2\/types\/product"}],"replies":[{"embeddable":true,"href":"https:\/\/tecnigrav.com\/en\/wp-json\/wp\/v2\/comments?post=4516"}],"wp:featuredmedia":[{"embeddable":true,"href":"https:\/\/tecnigrav.com\/en\/wp-json\/wp\/v2\/media\/5034"}],"wp:attachment":[{"href":"https:\/\/tecnigrav.com\/en\/wp-json\/wp\/v2\/media?parent=4516"}],"wp:term":[{"taxonomy":"product_cat","embeddable":true,"href":"https:\/\/tecnigrav.com\/en\/wp-json\/wp\/v2\/product_cat?post=4516"},{"taxonomy":"product_tag","embeddable":true,"href":"https:\/\/tecnigrav.com\/en\/wp-json\/wp\/v2\/product_tag?post=4516"}],"curies":[{"name":"wp","href":"https:\/\/api.w.org\/{rel}","templated":true}]}}