{"id":4520,"date":"2024-02-29T17:42:37","date_gmt":"2024-02-29T20:42:37","guid":{"rendered":"http:\/\/tecnigrav.com\/produto\/msm-compact-100-marking-kit\/"},"modified":"2020-07-08T14:02:18","modified_gmt":"2020-07-08T17:02:18","slug":"msm-compact-100-marking-kit","status":"publish","type":"product","link":"https:\/\/tecnigrav.com\/en\/product\/msm-compact-100-marking-kit\/","title":{"rendered":"MSM COMPACT 100 \u2013 MARKING KIT"},"content":{"rendered":"<p><iframe title=\"MSM COMPACT 100 - TECNIGRAV\" width=\"1140\" height=\"641\" src=\"https:\/\/www.youtube.com\/embed\/sdBwKrEBbCk?feature=oembed\" frameborder=\"0\" allow=\"accelerometer; autoplay; clipboard-write; encrypted-media; gyroscope; picture-in-picture; web-share\" allowfullscreen><\/iframe><\/p>\n<p><iframe title=\"Smart Impress - TECNIGRAV\" width=\"1140\" height=\"641\" src=\"https:\/\/www.youtube.com\/embed\/-RTAN_eQyLo?feature=oembed\" frameborder=\"0\" allow=\"accelerometer; autoplay; clipboard-write; encrypted-media; gyroscope; picture-in-picture; web-share\" allowfullscreen><\/iframe><\/p>\n","protected":false},"excerpt":{"rendered":"<p><strong>TECHNICAL DATA<\/strong><br \/>\nMSM COMPACT 100 \u2013 MARKING KIT<br \/>\nCODE: C100<\/p>\n<p><strong>Type of mark:<\/strong><br \/>\nBLACK (AC current)<br \/>\nWHITE (DC current) Capable of marking more than 5 \u00b5m deep in most substarates<\/p>\n<p>Power: 54 W<br \/>\nInput Voltage 110 or 230V AC<\/p>\n<p>Guarantee: 2 Years<\/p>\n<p><strong>Features<\/strong><br \/>\nThis etching machine is often used in many types of metal like:<br \/>\n\u2022 Steels with or without tempering.<br \/>\n\u2022 Brass, bronze and copper<br \/>\n\u2022 Aluminium<br \/>\n\u2022 Coating Nickel Plate or Hard Chrome.<\/p>\n","protected":false},"featured_media":5272,"comment_status":"closed","ping_status":"closed","template":"","meta":[],"product_cat":[37,40],"product_tag":[],"yoast_head":"<!-- This site is optimized with the Yoast SEO plugin v20.6 - https:\/\/yoast.com\/wordpress\/plugins\/seo\/ -->\n<title>MSM COMPACT 100 \u2013 MARKING KIT - Tecnigrav Gravadores de Metais<\/title>\n<meta name=\"description\" content=\"TECHNICAL DATA MSM COMPACT 100 \u2013 MARKING KIT CODE: C100  Type of mark: BLACK (AC current) WHITE (DC current) Capable of marking more than 5 \u00b5m deep in most substarates  Power: 54 W Input Voltage 110 or 230V AC  Guarantee: 2 Years  Features This etching machine is often used in many types of metal like: \u2022 Steels with or without tempering. \u2022 Brass, bronze and copper \u2022 Aluminium \u2022 Coating Nickel Plate or Hard Chrome.\" \/>\n<meta name=\"robots\" content=\"index, follow, max-snippet:-1, max-image-preview:large, max-video-preview:-1\" \/>\n<link rel=\"canonical\" href=\"https:\/\/tecnigrav.com\/en\/product\/msm-compact-100-marking-kit\/\" \/>\n<meta property=\"og:locale\" content=\"en_US\" \/>\n<meta property=\"og:type\" content=\"article\" \/>\n<meta property=\"og:title\" content=\"MSM COMPACT 100 \u2013 MARKING KIT - Tecnigrav Gravadores de Metais\" \/>\n<meta property=\"og:description\" content=\"TECHNICAL DATA MSM COMPACT 100 \u2013 MARKING KIT CODE: C100  Type of mark: BLACK (AC current) WHITE (DC current) Capable of marking more than 5 \u00b5m deep in most substarates  Power: 54 W Input Voltage 110 or 230V AC  Guarantee: 2 Years  Features This etching machine is often used in many types of metal like: \u2022 Steels with or without tempering. \u2022 Brass, bronze and copper \u2022 Aluminium \u2022 Coating Nickel Plate or Hard Chrome.\" \/>\n<meta property=\"og:url\" content=\"https:\/\/tecnigrav.com\/en\/product\/msm-compact-100-marking-kit\/\" \/>\n<meta property=\"og:site_name\" content=\"Tecnigrav Gravadores de Metais\" \/>\n<meta property=\"article:publisher\" content=\"https:\/\/www.facebook.com\/Tecnigrav-Ind%c3%bastria-e-Com%c3%a9rcio-Ltda-151617301618854\/\" \/>\n<meta property=\"article:modified_time\" content=\"2020-07-08T17:02:18+00:00\" \/>\n<meta property=\"og:image\" content=\"https:\/\/tecnigrav.com\/wp-content\/uploads\/2022\/01\/KIT-MSM-Compact-100-com-smart-4-1.jpg\" \/>\n\t<meta property=\"og:image:width\" content=\"1948\" \/>\n\t<meta property=\"og:image:height\" content=\"1384\" \/>\n\t<meta property=\"og:image:type\" content=\"image\/jpeg\" \/>\n<meta name=\"twitter:card\" content=\"summary_large_image\" \/>\n<script type=\"application\/ld+json\" class=\"yoast-schema-graph\">{\"@context\":\"https:\/\/schema.org\",\"@graph\":[{\"@type\":\"WebPage\",\"@id\":\"https:\/\/tecnigrav.com\/en\/product\/msm-compact-100-marking-kit\/\",\"url\":\"https:\/\/tecnigrav.com\/en\/product\/msm-compact-100-marking-kit\/\",\"name\":\"MSM COMPACT 100 \u2013 MARKING KIT - Tecnigrav Gravadores de Metais\",\"isPartOf\":{\"@id\":\"https:\/\/tecnigrav.com\/#website\"},\"datePublished\":\"2024-02-29T20:42:37+00:00\",\"dateModified\":\"2020-07-08T17:02:18+00:00\",\"description\":\"TECHNICAL DATA MSM COMPACT 100 \u2013 MARKING KIT CODE: C100 Type of mark: BLACK (AC current) WHITE (DC current) Capable of marking more than 5 \u00b5m deep in most substarates Power: 54 W Input Voltage 110 or 230V AC Guarantee: 2 Years Features This etching machine is often used in many types of metal like: \u2022 Steels with or without tempering. \u2022 Brass, bronze and copper \u2022 Aluminium \u2022 Coating Nickel Plate or Hard Chrome.\",\"breadcrumb\":{\"@id\":\"https:\/\/tecnigrav.com\/en\/product\/msm-compact-100-marking-kit\/#breadcrumb\"},\"inLanguage\":\"en-US\",\"potentialAction\":[{\"@type\":\"ReadAction\",\"target\":[\"https:\/\/tecnigrav.com\/en\/product\/msm-compact-100-marking-kit\/\"]}]},{\"@type\":\"BreadcrumbList\",\"@id\":\"https:\/\/tecnigrav.com\/en\/product\/msm-compact-100-marking-kit\/#breadcrumb\",\"itemListElement\":[{\"@type\":\"ListItem\",\"position\":1,\"name\":\"In\u00edcio\",\"item\":\"https:\/\/tecnigrav.com\/en\/\"},{\"@type\":\"ListItem\",\"position\":2,\"name\":\"Equipamentos de grava\u00e7\u00e3o\",\"item\":\"https:\/\/tecnigrav.com\/equipamentos-de-gravacao\/\"},{\"@type\":\"ListItem\",\"position\":3,\"name\":\"Electro Chemical Etch\",\"item\":\"https:\/\/tecnigrav.com\/en\/sistemas-de-gravacao\/electro-chemical-etch\/\"},{\"@type\":\"ListItem\",\"position\":4,\"name\":\"Marking Kits\",\"item\":\"https:\/\/tecnigrav.com\/en\/sistemas-de-gravacao\/electro-chemical-etch\/marking-kits\/\"},{\"@type\":\"ListItem\",\"position\":5,\"name\":\"MSM COMPACT 100 \u2013 MARKING KIT\"}]},{\"@type\":\"WebSite\",\"@id\":\"https:\/\/tecnigrav.com\/#website\",\"url\":\"https:\/\/tecnigrav.com\/\",\"name\":\"Tecnigrav Gravadores de Metais\",\"description\":\"Gravadores de Metais | Grava\u00e7\u00e3o em Metais | Micropuncionamento | Micropercuss\u00e3o | Grava\u00e7\u00e3o Eletroqu\u00edmica | Marca\u00e7\u00e3o de Pe\u00e7as | Grava\u00e7\u00e3o de Pe\u00e7as | Grava\u00e7\u00e3o de Ferramentas | Codifica\u00e7\u00e3o | Marca\u00e7\u00e3o em Metais | L\u00e1pis El\u00e9trico | Caneta El\u00e9trica | Caneta Rotativa | L\u00e1pis Rotativo | Grava\u00e7\u00e3o Eletrol\u00edtica | Gravador Eletrol\u00edtico | Riscagem | CNC | Laser de Grava\u00e7\u00e3o | Laser de Marca\u00e7\u00e3o | Maquinas para Grava\u00e7\u00e3o | Maquinas Eletroqu\u00edmicas | Maquinas de Micropuncionamento | Maquinas Laser | Grava\u00e7\u00e3o a Laser | Tipo | Grava\u00e7\u00e3o por Pontos | Gravador de Bancada | Gravador Port\u00e1til | Gravador Manual| Grava\u00e7\u00e3o escrita a punho | Micropuncionamento de Bancada | Micropuncionamento Port\u00e1til | Limpeza de Solda | Limpador de Solda | Datamatrix | Integra\u00e7\u00e3o | Grava\u00e7\u00e3o Permanente | Marca\u00e7\u00e3o Permanente | Datadores | Codificadores | tecnograv | Carimbos | Sistema de identifica\u00e7\u00e3o | Pirografo | Tampografia | Rastreabilidade | Gravador de metal | Gravador de metais | Gravador Eletroqu\u00edmico | Liquido de Grava\u00e7\u00e3o | Liquidos Gravadores | Matriz de Grava\u00e7\u00e3o | Papel de Grava\u00e7\u00e3o | Tela de Grava\u00e7\u00e3o | Tela de Silkscreen | Est\u00eancil de grava\u00e7\u00e3o | Stencil de Grava\u00e7\u00e3o | Micropontos | Puncionamento | Puncionadeira | Pun\u00e7\u00e3o | Numerador | Sinete | Micropuncionadeira | DOT PEEN\",\"potentialAction\":[{\"@type\":\"SearchAction\",\"target\":{\"@type\":\"EntryPoint\",\"urlTemplate\":\"https:\/\/tecnigrav.com\/?s={search_term_string}\"},\"query-input\":\"required name=search_term_string\"}],\"inLanguage\":\"en-US\"}]}<\/script>\n<!-- \/ Yoast SEO plugin. -->","yoast_head_json":{"title":"MSM COMPACT 100 \u2013 MARKING KIT - Tecnigrav Gravadores de Metais","description":"TECHNICAL DATA MSM COMPACT 100 \u2013 MARKING KIT CODE: C100  Type of mark: BLACK (AC current) WHITE (DC current) Capable of marking more than 5 \u00b5m deep in most substarates  Power: 54 W Input Voltage 110 or 230V AC  Guarantee: 2 Years  Features This etching machine is often used in many types of metal like: \u2022 Steels with or without tempering. \u2022 Brass, bronze and copper \u2022 Aluminium \u2022 Coating Nickel Plate or Hard Chrome.","robots":{"index":"index","follow":"follow","max-snippet":"max-snippet:-1","max-image-preview":"max-image-preview:large","max-video-preview":"max-video-preview:-1"},"canonical":"https:\/\/tecnigrav.com\/en\/product\/msm-compact-100-marking-kit\/","og_locale":"en_US","og_type":"article","og_title":"MSM COMPACT 100 \u2013 MARKING KIT - Tecnigrav Gravadores de Metais","og_description":"TECHNICAL DATA MSM COMPACT 100 \u2013 MARKING KIT CODE: C100  Type of mark: BLACK (AC current) WHITE (DC current) Capable of marking more than 5 \u00b5m deep in most substarates  Power: 54 W Input Voltage 110 or 230V AC  Guarantee: 2 Years  Features This etching machine is often used in many types of metal like: \u2022 Steels with or without tempering. \u2022 Brass, bronze and copper \u2022 Aluminium \u2022 Coating Nickel Plate or Hard Chrome.","og_url":"https:\/\/tecnigrav.com\/en\/product\/msm-compact-100-marking-kit\/","og_site_name":"Tecnigrav Gravadores de Metais","article_publisher":"https:\/\/www.facebook.com\/Tecnigrav-Ind%c3%bastria-e-Com%c3%a9rcio-Ltda-151617301618854\/","article_modified_time":"2020-07-08T17:02:18+00:00","og_image":[{"width":1948,"height":1384,"url":"https:\/\/tecnigrav.com\/wp-content\/uploads\/2022\/01\/KIT-MSM-Compact-100-com-smart-4-1.jpg","type":"image\/jpeg"}],"twitter_card":"summary_large_image","schema":{"@context":"https:\/\/schema.org","@graph":[{"@type":"WebPage","@id":"https:\/\/tecnigrav.com\/en\/product\/msm-compact-100-marking-kit\/","url":"https:\/\/tecnigrav.com\/en\/product\/msm-compact-100-marking-kit\/","name":"MSM COMPACT 100 \u2013 MARKING KIT - Tecnigrav Gravadores de Metais","isPartOf":{"@id":"https:\/\/tecnigrav.com\/#website"},"datePublished":"2024-02-29T20:42:37+00:00","dateModified":"2020-07-08T17:02:18+00:00","description":"TECHNICAL DATA MSM COMPACT 100 \u2013 MARKING KIT CODE: C100 Type of mark: BLACK (AC current) WHITE (DC current) Capable of marking more than 5 \u00b5m deep in most substarates Power: 54 W Input Voltage 110 or 230V AC Guarantee: 2 Years Features This etching machine is often used in many types of metal like: \u2022 Steels with or without tempering. \u2022 Brass, bronze and copper \u2022 Aluminium \u2022 Coating Nickel Plate or Hard Chrome.","breadcrumb":{"@id":"https:\/\/tecnigrav.com\/en\/product\/msm-compact-100-marking-kit\/#breadcrumb"},"inLanguage":"en-US","potentialAction":[{"@type":"ReadAction","target":["https:\/\/tecnigrav.com\/en\/product\/msm-compact-100-marking-kit\/"]}]},{"@type":"BreadcrumbList","@id":"https:\/\/tecnigrav.com\/en\/product\/msm-compact-100-marking-kit\/#breadcrumb","itemListElement":[{"@type":"ListItem","position":1,"name":"In\u00edcio","item":"https:\/\/tecnigrav.com\/en\/"},{"@type":"ListItem","position":2,"name":"Equipamentos de grava\u00e7\u00e3o","item":"https:\/\/tecnigrav.com\/equipamentos-de-gravacao\/"},{"@type":"ListItem","position":3,"name":"Electro Chemical Etch","item":"https:\/\/tecnigrav.com\/en\/sistemas-de-gravacao\/electro-chemical-etch\/"},{"@type":"ListItem","position":4,"name":"Marking Kits","item":"https:\/\/tecnigrav.com\/en\/sistemas-de-gravacao\/electro-chemical-etch\/marking-kits\/"},{"@type":"ListItem","position":5,"name":"MSM COMPACT 100 \u2013 MARKING KIT"}]},{"@type":"WebSite","@id":"https:\/\/tecnigrav.com\/#website","url":"https:\/\/tecnigrav.com\/","name":"Tecnigrav Gravadores de Metais","description":"Gravadores de Metais | Grava\u00e7\u00e3o em Metais | Micropuncionamento | Micropercuss\u00e3o | Grava\u00e7\u00e3o Eletroqu\u00edmica | Marca\u00e7\u00e3o de Pe\u00e7as | Grava\u00e7\u00e3o de Pe\u00e7as | Grava\u00e7\u00e3o de Ferramentas | Codifica\u00e7\u00e3o | Marca\u00e7\u00e3o em Metais | L\u00e1pis El\u00e9trico | Caneta El\u00e9trica | Caneta Rotativa | L\u00e1pis Rotativo | Grava\u00e7\u00e3o Eletrol\u00edtica | Gravador Eletrol\u00edtico | Riscagem | CNC | Laser de Grava\u00e7\u00e3o | Laser de Marca\u00e7\u00e3o | Maquinas para Grava\u00e7\u00e3o | Maquinas Eletroqu\u00edmicas | Maquinas de Micropuncionamento | Maquinas Laser | Grava\u00e7\u00e3o a Laser | Tipo | Grava\u00e7\u00e3o por Pontos | Gravador de Bancada | Gravador Port\u00e1til | Gravador Manual| Grava\u00e7\u00e3o escrita a punho | Micropuncionamento de Bancada | Micropuncionamento Port\u00e1til | Limpeza de Solda | Limpador de Solda | Datamatrix | Integra\u00e7\u00e3o | Grava\u00e7\u00e3o Permanente | Marca\u00e7\u00e3o Permanente | Datadores | Codificadores | tecnograv | Carimbos | Sistema de identifica\u00e7\u00e3o | Pirografo | Tampografia | Rastreabilidade | Gravador de metal | Gravador de metais | Gravador Eletroqu\u00edmico | Liquido de Grava\u00e7\u00e3o | Liquidos Gravadores | Matriz de Grava\u00e7\u00e3o | Papel de Grava\u00e7\u00e3o | Tela de Grava\u00e7\u00e3o | Tela de Silkscreen | Est\u00eancil de grava\u00e7\u00e3o | Stencil de Grava\u00e7\u00e3o | Micropontos | Puncionamento | Puncionadeira | Pun\u00e7\u00e3o | Numerador | Sinete | Micropuncionadeira | DOT PEEN","potentialAction":[{"@type":"SearchAction","target":{"@type":"EntryPoint","urlTemplate":"https:\/\/tecnigrav.com\/?s={search_term_string}"},"query-input":"required name=search_term_string"}],"inLanguage":"en-US"}]}},"_links":{"self":[{"href":"https:\/\/tecnigrav.com\/en\/wp-json\/wp\/v2\/product\/4520"}],"collection":[{"href":"https:\/\/tecnigrav.com\/en\/wp-json\/wp\/v2\/product"}],"about":[{"href":"https:\/\/tecnigrav.com\/en\/wp-json\/wp\/v2\/types\/product"}],"replies":[{"embeddable":true,"href":"https:\/\/tecnigrav.com\/en\/wp-json\/wp\/v2\/comments?post=4520"}],"wp:featuredmedia":[{"embeddable":true,"href":"https:\/\/tecnigrav.com\/en\/wp-json\/wp\/v2\/media\/5272"}],"wp:attachment":[{"href":"https:\/\/tecnigrav.com\/en\/wp-json\/wp\/v2\/media?parent=4520"}],"wp:term":[{"taxonomy":"product_cat","embeddable":true,"href":"https:\/\/tecnigrav.com\/en\/wp-json\/wp\/v2\/product_cat?post=4520"},{"taxonomy":"product_tag","embeddable":true,"href":"https:\/\/tecnigrav.com\/en\/wp-json\/wp\/v2\/product_tag?post=4520"}],"curies":[{"name":"wp","href":"https:\/\/api.w.org\/{rel}","templated":true}]}}