{"id":4522,"date":"2015-07-30T20:38:40","date_gmt":"2015-07-30T23:38:40","guid":{"rendered":"http:\/\/tecnigrav.com\/en\/produto\/electrolytes\/"},"modified":"2016-02-17T18:49:37","modified_gmt":"2016-02-17T20:49:37","slug":"electrolytes-product","status":"publish","type":"product","link":"https:\/\/tecnigrav.com\/en\/product\/electrolytes-product\/","title":{"rendered":"Electrolytes"},"content":{"rendered":"","protected":false},"excerpt":{"rendered":"<p>CODE: RSM line<\/p>\n<p>If you want to mark with quality, You need of the Right Electrolyte and Cleaners for the Job.<br \/>\nThe RSM Electrolytes products following quality requirements  and Manufacturing.<\/p>\n<p><strong>Advantages<\/strong> :<br \/>\n&#8211;\tQuality Standard products<br \/>\n&#8211;\tDevelopment by Professionals<br \/>\n&#8211;\tHigh Technology<br \/>\n&#8211;\tMade in RSM laboratory<\/p>\n<p>The correct electrolyte depends on the metal or surface treatments. <\/p>\n<p>Download our <a title=\"Arquivo em PDF\" href=\"http:\/\/tecnigrav.com\/wp-content\/uploads\/2015\/07\/liquidos_de_gravacao.pdf\"><strong>Electrolyte Table<\/strong><\/a>. If you don\u2019t find your metals, alloys, platings, and coatings,  please contact our factory direct or your distributor.<\/p>\n","protected":false},"featured_media":4250,"comment_status":"closed","ping_status":"closed","template":"","meta":[],"product_cat":[37,42],"product_tag":[],"yoast_head":"<!-- This site is optimized with the Yoast SEO plugin v20.6 - https:\/\/yoast.com\/wordpress\/plugins\/seo\/ -->\n<title>Electrolytes - Tecnigrav Gravadores de Metais<\/title>\n<meta name=\"description\" content=\"CODE: RSM line  If you want to mark with quality, You need of the Right Electrolyte and Cleaners for the Job. The RSM Electrolytes products following quality requirements and Manufacturing.  Advantages : - Quality Standard products - Development by Professionals - High Technology - Made in RSM laboratory  The correct electrolyte depends on the metal or surface treatments.   Download our Electrolyte Table. If you don\u2019t find your metals, alloys, platings, and coatings, please contact our factory direct or your distributor.\" \/>\n<meta name=\"robots\" content=\"index, follow, max-snippet:-1, max-image-preview:large, max-video-preview:-1\" \/>\n<link rel=\"canonical\" href=\"https:\/\/tecnigrav.com\/en\/product\/electrolytes-product\/\" \/>\n<meta property=\"og:locale\" content=\"en_US\" \/>\n<meta property=\"og:type\" content=\"article\" \/>\n<meta property=\"og:title\" content=\"Electrolytes - Tecnigrav Gravadores de Metais\" \/>\n<meta property=\"og:description\" content=\"CODE: RSM line  If you want to mark with quality, You need of the Right Electrolyte and Cleaners for the Job. The RSM Electrolytes products following quality requirements and Manufacturing.  Advantages : - Quality Standard products - Development by Professionals - High Technology - Made in RSM laboratory  The correct electrolyte depends on the metal or surface treatments.   Download our Electrolyte Table. If you don\u2019t find your metals, alloys, platings, and coatings, please contact our factory direct or your distributor.\" \/>\n<meta property=\"og:url\" content=\"https:\/\/tecnigrav.com\/en\/product\/electrolytes-product\/\" \/>\n<meta property=\"og:site_name\" content=\"Tecnigrav Gravadores de Metais\" \/>\n<meta property=\"article:publisher\" content=\"https:\/\/www.facebook.com\/Tecnigrav-Ind%c3%bastria-e-Com%c3%a9rcio-Ltda-151617301618854\/\" \/>\n<meta property=\"article:modified_time\" content=\"2016-02-17T20:49:37+00:00\" \/>\n<meta property=\"og:image\" content=\"https:\/\/tecnigrav.com\/wp-content\/uploads\/2015\/07\/liquidos-gravadores-tecnigrav-img.jpg\" \/>\n\t<meta property=\"og:image:width\" content=\"254\" \/>\n\t<meta property=\"og:image:height\" content=\"220\" \/>\n\t<meta property=\"og:image:type\" content=\"image\/jpeg\" \/>\n<meta name=\"twitter:card\" content=\"summary_large_image\" \/>\n<script type=\"application\/ld+json\" class=\"yoast-schema-graph\">{\"@context\":\"https:\/\/schema.org\",\"@graph\":[{\"@type\":\"WebPage\",\"@id\":\"https:\/\/tecnigrav.com\/en\/product\/electrolytes-product\/\",\"url\":\"https:\/\/tecnigrav.com\/en\/product\/electrolytes-product\/\",\"name\":\"Electrolytes - Tecnigrav Gravadores de Metais\",\"isPartOf\":{\"@id\":\"https:\/\/tecnigrav.com\/#website\"},\"datePublished\":\"2015-07-30T23:38:40+00:00\",\"dateModified\":\"2016-02-17T20:49:37+00:00\",\"description\":\"CODE: RSM line If you want to mark with quality, You need of the Right Electrolyte and Cleaners for the Job. The RSM Electrolytes products following quality requirements and Manufacturing. Advantages : - Quality Standard products - Development by Professionals - High Technology - Made in RSM laboratory The correct electrolyte depends on the metal or surface treatments. Download our Electrolyte Table. If you don\u2019t find your metals, alloys, platings, and coatings, please contact our factory direct or your distributor.\",\"breadcrumb\":{\"@id\":\"https:\/\/tecnigrav.com\/en\/product\/electrolytes-product\/#breadcrumb\"},\"inLanguage\":\"en-US\",\"potentialAction\":[{\"@type\":\"ReadAction\",\"target\":[\"https:\/\/tecnigrav.com\/en\/product\/electrolytes-product\/\"]}]},{\"@type\":\"BreadcrumbList\",\"@id\":\"https:\/\/tecnigrav.com\/en\/product\/electrolytes-product\/#breadcrumb\",\"itemListElement\":[{\"@type\":\"ListItem\",\"position\":1,\"name\":\"In\u00edcio\",\"item\":\"https:\/\/tecnigrav.com\/en\/\"},{\"@type\":\"ListItem\",\"position\":2,\"name\":\"Equipamentos de grava\u00e7\u00e3o\",\"item\":\"https:\/\/tecnigrav.com\/equipamentos-de-gravacao\/\"},{\"@type\":\"ListItem\",\"position\":3,\"name\":\"Electro Chemical Etch\",\"item\":\"https:\/\/tecnigrav.com\/en\/sistemas-de-gravacao\/electro-chemical-etch\/\"},{\"@type\":\"ListItem\",\"position\":4,\"name\":\"Electrolytes\",\"item\":\"https:\/\/tecnigrav.com\/en\/sistemas-de-gravacao\/electro-chemical-etch\/electrolytes\/\"},{\"@type\":\"ListItem\",\"position\":5,\"name\":\"Electrolytes\"}]},{\"@type\":\"WebSite\",\"@id\":\"https:\/\/tecnigrav.com\/#website\",\"url\":\"https:\/\/tecnigrav.com\/\",\"name\":\"Tecnigrav Gravadores de Metais\",\"description\":\"Gravadores de Metais | Grava\u00e7\u00e3o em Metais | Micropuncionamento | Micropercuss\u00e3o | Grava\u00e7\u00e3o Eletroqu\u00edmica | Marca\u00e7\u00e3o de Pe\u00e7as | Grava\u00e7\u00e3o de Pe\u00e7as | Grava\u00e7\u00e3o de Ferramentas | Codifica\u00e7\u00e3o | Marca\u00e7\u00e3o em Metais | L\u00e1pis El\u00e9trico | Caneta El\u00e9trica | Caneta Rotativa | L\u00e1pis Rotativo | Grava\u00e7\u00e3o Eletrol\u00edtica | Gravador Eletrol\u00edtico | Riscagem | CNC | Laser de Grava\u00e7\u00e3o | Laser de Marca\u00e7\u00e3o | Maquinas para Grava\u00e7\u00e3o | Maquinas Eletroqu\u00edmicas | Maquinas de Micropuncionamento | Maquinas Laser | Grava\u00e7\u00e3o a Laser | Tipo | Grava\u00e7\u00e3o por Pontos | Gravador de Bancada | Gravador Port\u00e1til | Gravador Manual| Grava\u00e7\u00e3o escrita a punho | Micropuncionamento de Bancada | Micropuncionamento Port\u00e1til | Limpeza de Solda | Limpador de Solda | Datamatrix | Integra\u00e7\u00e3o | Grava\u00e7\u00e3o Permanente | Marca\u00e7\u00e3o Permanente | Datadores | Codificadores | tecnograv | Carimbos | Sistema de identifica\u00e7\u00e3o | Pirografo | Tampografia | Rastreabilidade | Gravador de metal | Gravador de metais | Gravador Eletroqu\u00edmico | Liquido de Grava\u00e7\u00e3o | Liquidos Gravadores | Matriz de Grava\u00e7\u00e3o | Papel de Grava\u00e7\u00e3o | Tela de Grava\u00e7\u00e3o | Tela de Silkscreen | Est\u00eancil de grava\u00e7\u00e3o | Stencil de Grava\u00e7\u00e3o | Micropontos | Puncionamento | Puncionadeira | Pun\u00e7\u00e3o | Numerador | Sinete | Micropuncionadeira | DOT PEEN\",\"potentialAction\":[{\"@type\":\"SearchAction\",\"target\":{\"@type\":\"EntryPoint\",\"urlTemplate\":\"https:\/\/tecnigrav.com\/?s={search_term_string}\"},\"query-input\":\"required name=search_term_string\"}],\"inLanguage\":\"en-US\"}]}<\/script>\n<!-- \/ Yoast SEO plugin. -->","yoast_head_json":{"title":"Electrolytes - Tecnigrav Gravadores de Metais","description":"CODE: RSM line  If you want to mark with quality, You need of the Right Electrolyte and Cleaners for the Job. The RSM Electrolytes products following quality requirements and Manufacturing.  Advantages : - Quality Standard products - Development by Professionals - High Technology - Made in RSM laboratory  The correct electrolyte depends on the metal or surface treatments.   Download our Electrolyte Table. If you don\u2019t find your metals, alloys, platings, and coatings, please contact our factory direct or your distributor.","robots":{"index":"index","follow":"follow","max-snippet":"max-snippet:-1","max-image-preview":"max-image-preview:large","max-video-preview":"max-video-preview:-1"},"canonical":"https:\/\/tecnigrav.com\/en\/product\/electrolytes-product\/","og_locale":"en_US","og_type":"article","og_title":"Electrolytes - Tecnigrav Gravadores de Metais","og_description":"CODE: RSM line  If you want to mark with quality, You need of the Right Electrolyte and Cleaners for the Job. The RSM Electrolytes products following quality requirements and Manufacturing.  Advantages : - Quality Standard products - Development by Professionals - High Technology - Made in RSM laboratory  The correct electrolyte depends on the metal or surface treatments.   Download our Electrolyte Table. If you don\u2019t find your metals, alloys, platings, and coatings, please contact our factory direct or your distributor.","og_url":"https:\/\/tecnigrav.com\/en\/product\/electrolytes-product\/","og_site_name":"Tecnigrav Gravadores de Metais","article_publisher":"https:\/\/www.facebook.com\/Tecnigrav-Ind%c3%bastria-e-Com%c3%a9rcio-Ltda-151617301618854\/","article_modified_time":"2016-02-17T20:49:37+00:00","og_image":[{"width":254,"height":220,"url":"https:\/\/tecnigrav.com\/wp-content\/uploads\/2015\/07\/liquidos-gravadores-tecnigrav-img.jpg","type":"image\/jpeg"}],"twitter_card":"summary_large_image","schema":{"@context":"https:\/\/schema.org","@graph":[{"@type":"WebPage","@id":"https:\/\/tecnigrav.com\/en\/product\/electrolytes-product\/","url":"https:\/\/tecnigrav.com\/en\/product\/electrolytes-product\/","name":"Electrolytes - Tecnigrav Gravadores de Metais","isPartOf":{"@id":"https:\/\/tecnigrav.com\/#website"},"datePublished":"2015-07-30T23:38:40+00:00","dateModified":"2016-02-17T20:49:37+00:00","description":"CODE: RSM line If you want to mark with quality, You need of the Right Electrolyte and Cleaners for the Job. The RSM Electrolytes products following quality requirements and Manufacturing. Advantages : - Quality Standard products - Development by Professionals - High Technology - Made in RSM laboratory The correct electrolyte depends on the metal or surface treatments. Download our Electrolyte Table. If you don\u2019t find your metals, alloys, platings, and coatings, please contact our factory direct or your distributor.","breadcrumb":{"@id":"https:\/\/tecnigrav.com\/en\/product\/electrolytes-product\/#breadcrumb"},"inLanguage":"en-US","potentialAction":[{"@type":"ReadAction","target":["https:\/\/tecnigrav.com\/en\/product\/electrolytes-product\/"]}]},{"@type":"BreadcrumbList","@id":"https:\/\/tecnigrav.com\/en\/product\/electrolytes-product\/#breadcrumb","itemListElement":[{"@type":"ListItem","position":1,"name":"In\u00edcio","item":"https:\/\/tecnigrav.com\/en\/"},{"@type":"ListItem","position":2,"name":"Equipamentos de grava\u00e7\u00e3o","item":"https:\/\/tecnigrav.com\/equipamentos-de-gravacao\/"},{"@type":"ListItem","position":3,"name":"Electro Chemical Etch","item":"https:\/\/tecnigrav.com\/en\/sistemas-de-gravacao\/electro-chemical-etch\/"},{"@type":"ListItem","position":4,"name":"Electrolytes","item":"https:\/\/tecnigrav.com\/en\/sistemas-de-gravacao\/electro-chemical-etch\/electrolytes\/"},{"@type":"ListItem","position":5,"name":"Electrolytes"}]},{"@type":"WebSite","@id":"https:\/\/tecnigrav.com\/#website","url":"https:\/\/tecnigrav.com\/","name":"Tecnigrav Gravadores de Metais","description":"Gravadores de Metais | Grava\u00e7\u00e3o em Metais | Micropuncionamento | Micropercuss\u00e3o | Grava\u00e7\u00e3o Eletroqu\u00edmica | Marca\u00e7\u00e3o de Pe\u00e7as | Grava\u00e7\u00e3o de Pe\u00e7as | Grava\u00e7\u00e3o de Ferramentas | Codifica\u00e7\u00e3o | Marca\u00e7\u00e3o em Metais | L\u00e1pis El\u00e9trico | Caneta El\u00e9trica | Caneta Rotativa | L\u00e1pis Rotativo | Grava\u00e7\u00e3o Eletrol\u00edtica | Gravador Eletrol\u00edtico | Riscagem | CNC | Laser de Grava\u00e7\u00e3o | Laser de Marca\u00e7\u00e3o | Maquinas para Grava\u00e7\u00e3o | Maquinas Eletroqu\u00edmicas | Maquinas de Micropuncionamento | Maquinas Laser | Grava\u00e7\u00e3o a Laser | Tipo | Grava\u00e7\u00e3o por Pontos | Gravador de Bancada | Gravador Port\u00e1til | Gravador Manual| Grava\u00e7\u00e3o escrita a punho | Micropuncionamento de Bancada | Micropuncionamento Port\u00e1til | Limpeza de Solda | Limpador de Solda | Datamatrix | Integra\u00e7\u00e3o | Grava\u00e7\u00e3o Permanente | Marca\u00e7\u00e3o Permanente | Datadores | Codificadores | tecnograv | Carimbos | Sistema de identifica\u00e7\u00e3o | Pirografo | Tampografia | Rastreabilidade | Gravador de metal | Gravador de metais | Gravador Eletroqu\u00edmico | Liquido de Grava\u00e7\u00e3o | Liquidos Gravadores | Matriz de Grava\u00e7\u00e3o | Papel de Grava\u00e7\u00e3o | Tela de Grava\u00e7\u00e3o | Tela de Silkscreen | Est\u00eancil de grava\u00e7\u00e3o | Stencil de Grava\u00e7\u00e3o | Micropontos | Puncionamento | Puncionadeira | Pun\u00e7\u00e3o | Numerador | Sinete | Micropuncionadeira | DOT PEEN","potentialAction":[{"@type":"SearchAction","target":{"@type":"EntryPoint","urlTemplate":"https:\/\/tecnigrav.com\/?s={search_term_string}"},"query-input":"required name=search_term_string"}],"inLanguage":"en-US"}]}},"_links":{"self":[{"href":"https:\/\/tecnigrav.com\/en\/wp-json\/wp\/v2\/product\/4522"}],"collection":[{"href":"https:\/\/tecnigrav.com\/en\/wp-json\/wp\/v2\/product"}],"about":[{"href":"https:\/\/tecnigrav.com\/en\/wp-json\/wp\/v2\/types\/product"}],"replies":[{"embeddable":true,"href":"https:\/\/tecnigrav.com\/en\/wp-json\/wp\/v2\/comments?post=4522"}],"wp:featuredmedia":[{"embeddable":true,"href":"https:\/\/tecnigrav.com\/en\/wp-json\/wp\/v2\/media\/4250"}],"wp:attachment":[{"href":"https:\/\/tecnigrav.com\/en\/wp-json\/wp\/v2\/media?parent=4522"}],"wp:term":[{"taxonomy":"product_cat","embeddable":true,"href":"https:\/\/tecnigrav.com\/en\/wp-json\/wp\/v2\/product_cat?post=4522"},{"taxonomy":"product_tag","embeddable":true,"href":"https:\/\/tecnigrav.com\/en\/wp-json\/wp\/v2\/product_tag?post=4522"}],"curies":[{"name":"wp","href":"https:\/\/api.w.org\/{rel}","templated":true}]}}