{"id":4526,"date":"2015-07-30T20:45:10","date_gmt":"2015-07-30T23:45:10","guid":{"rendered":"http:\/\/tecnigrav.com\/es\/produto\/stencil-long-life\/"},"modified":"2015-07-30T20:45:10","modified_gmt":"2015-07-30T23:45:10","slug":"stencil-long-life","status":"publish","type":"product","link":"https:\/\/tecnigrav.com\/en\/product\/stencil-long-life\/","title":{"rendered":"Stencil Long-life"},"content":{"rendered":"","protected":false},"excerpt":{"rendered":"<p>Code: MLL<br \/>\nTecnigrav has a know-how which produced with high definition , quality and durability<br \/>\nLogos, Grids, texts etc &#8230;<\/p>\n<p><strong>Type of Stencils Long-life:<\/strong><br \/>\nA = Separated<br \/>\nB = Plasticized<br \/>\nC = in frame<br \/>\nD = Economic<br \/>\nE = Grids<\/p>\n<p><strong>APPLICATIONS<\/strong><\/p>\n<p>For all OS &#8216;s Kit electrochemical Recorders and Automatic Machines .<\/p>\n<p>1st Picture : spare<\/p>\n<p>2nd photo : plasticized with or without registration<\/p>\n<p>3rd photo: wood or aluminum frame<\/p>\n<p>4th Photo: Economic , SIZE A4 <\/p>\n<p>5th Picture : grid \/ curve 200 x 300 mm <\/p>\n","protected":false},"featured_media":4240,"comment_status":"closed","ping_status":"closed","template":"","meta":[],"product_cat":[37,43],"product_tag":[],"yoast_head":"<!-- This site is optimized with the Yoast SEO plugin v20.6 - https:\/\/yoast.com\/wordpress\/plugins\/seo\/ -->\n<title>Stencil Long-life - Tecnigrav Gravadores de Metais<\/title>\n<meta name=\"description\" content=\"Code: MLL Tecnigrav has a know-how which produced with high definition , quality and durability Logos, Grids, texts etc ...  Type of Stencils Long-life: A = Separated B = Plasticized C = in frame D = Economic E = Grids  APPLICATIONS  For all OS &#039;s Kit electrochemical Recorders and Automatic Machines .  1st Picture : spare  2nd photo : plasticized with or without registration  3rd photo: wood or aluminum frame  4th Photo: Economic , SIZE A4   5th Picture : grid \/ curve 200 x 300 mm\" \/>\n<meta name=\"robots\" content=\"index, follow, max-snippet:-1, max-image-preview:large, max-video-preview:-1\" \/>\n<link rel=\"canonical\" href=\"https:\/\/tecnigrav.com\/en\/product\/stencil-long-life\/\" \/>\n<meta property=\"og:locale\" content=\"en_US\" \/>\n<meta property=\"og:type\" content=\"article\" \/>\n<meta property=\"og:title\" content=\"Stencil Long-life - Tecnigrav Gravadores de Metais\" \/>\n<meta property=\"og:description\" content=\"Code: MLL Tecnigrav has a know-how which produced with high definition , quality and durability Logos, Grids, texts etc ...  Type of Stencils Long-life: A = Separated B = Plasticized C = in frame D = Economic E = Grids  APPLICATIONS  For all OS &#039;s Kit electrochemical Recorders and Automatic Machines .  1st Picture : spare  2nd photo : plasticized with or without registration  3rd photo: wood or aluminum frame  4th Photo: Economic , SIZE A4   5th Picture : grid \/ curve 200 x 300 mm\" \/>\n<meta property=\"og:url\" content=\"https:\/\/tecnigrav.com\/en\/product\/stencil-long-life\/\" \/>\n<meta property=\"og:site_name\" content=\"Tecnigrav Gravadores de Metais\" \/>\n<meta property=\"article:publisher\" content=\"https:\/\/www.facebook.com\/Tecnigrav-Ind%c3%bastria-e-Com%c3%a9rcio-Ltda-151617301618854\/\" \/>\n<meta property=\"og:image\" content=\"https:\/\/tecnigrav.com\/wp-content\/uploads\/2015\/07\/matriz-de-grava\u00e7\u00e3o-produto-tecnigrav-img1.jpg\" \/>\n\t<meta property=\"og:image:width\" content=\"288\" \/>\n\t<meta property=\"og:image:height\" content=\"240\" \/>\n\t<meta property=\"og:image:type\" content=\"image\/jpeg\" \/>\n<meta name=\"twitter:card\" content=\"summary_large_image\" \/>\n<script type=\"application\/ld+json\" class=\"yoast-schema-graph\">{\"@context\":\"https:\/\/schema.org\",\"@graph\":[{\"@type\":\"WebPage\",\"@id\":\"https:\/\/tecnigrav.com\/en\/product\/stencil-long-life\/\",\"url\":\"https:\/\/tecnigrav.com\/en\/product\/stencil-long-life\/\",\"name\":\"Stencil Long-life - Tecnigrav Gravadores de Metais\",\"isPartOf\":{\"@id\":\"https:\/\/tecnigrav.com\/#website\"},\"datePublished\":\"2015-07-30T23:45:10+00:00\",\"dateModified\":\"2015-07-30T23:45:10+00:00\",\"description\":\"Code: MLL Tecnigrav has a know-how which produced with high definition , quality and durability Logos, Grids, texts etc ... Type of Stencils Long-life: A = Separated B = Plasticized C = in frame D = Economic E = Grids APPLICATIONS For all OS 's Kit electrochemical Recorders and Automatic Machines . 1st Picture : spare 2nd photo : plasticized with or without registration 3rd photo: wood or aluminum frame 4th Photo: Economic , SIZE A4 5th Picture : grid \/ curve 200 x 300 mm\",\"breadcrumb\":{\"@id\":\"https:\/\/tecnigrav.com\/en\/product\/stencil-long-life\/#breadcrumb\"},\"inLanguage\":\"en-US\",\"potentialAction\":[{\"@type\":\"ReadAction\",\"target\":[\"https:\/\/tecnigrav.com\/en\/product\/stencil-long-life\/\"]}]},{\"@type\":\"BreadcrumbList\",\"@id\":\"https:\/\/tecnigrav.com\/en\/product\/stencil-long-life\/#breadcrumb\",\"itemListElement\":[{\"@type\":\"ListItem\",\"position\":1,\"name\":\"In\u00edcio\",\"item\":\"https:\/\/tecnigrav.com\/en\/\"},{\"@type\":\"ListItem\",\"position\":2,\"name\":\"Equipamentos de grava\u00e7\u00e3o\",\"item\":\"https:\/\/tecnigrav.com\/equipamentos-de-gravacao\/\"},{\"@type\":\"ListItem\",\"position\":3,\"name\":\"Electro Chemical Etch\",\"item\":\"https:\/\/tecnigrav.com\/en\/sistemas-de-gravacao\/electro-chemical-etch\/\"},{\"@type\":\"ListItem\",\"position\":4,\"name\":\"Stencils\",\"item\":\"https:\/\/tecnigrav.com\/en\/sistemas-de-gravacao\/electro-chemical-etch\/stencils\/\"},{\"@type\":\"ListItem\",\"position\":5,\"name\":\"Stencil Long-life\"}]},{\"@type\":\"WebSite\",\"@id\":\"https:\/\/tecnigrav.com\/#website\",\"url\":\"https:\/\/tecnigrav.com\/\",\"name\":\"Tecnigrav Gravadores de Metais\",\"description\":\"Gravadores de Metais | Grava\u00e7\u00e3o em Metais | Micropuncionamento | Micropercuss\u00e3o | Grava\u00e7\u00e3o Eletroqu\u00edmica | Marca\u00e7\u00e3o de Pe\u00e7as | Grava\u00e7\u00e3o de Pe\u00e7as | Grava\u00e7\u00e3o de Ferramentas | Codifica\u00e7\u00e3o | Marca\u00e7\u00e3o em Metais | L\u00e1pis El\u00e9trico | Caneta El\u00e9trica | Caneta Rotativa | L\u00e1pis Rotativo | Grava\u00e7\u00e3o Eletrol\u00edtica | Gravador Eletrol\u00edtico | Riscagem | CNC | Laser de Grava\u00e7\u00e3o | Laser de Marca\u00e7\u00e3o | Maquinas para Grava\u00e7\u00e3o | Maquinas Eletroqu\u00edmicas | Maquinas de Micropuncionamento | Maquinas Laser | Grava\u00e7\u00e3o a Laser | Tipo | Grava\u00e7\u00e3o por Pontos | Gravador de Bancada | Gravador Port\u00e1til | Gravador Manual| Grava\u00e7\u00e3o escrita a punho | Micropuncionamento de Bancada | Micropuncionamento Port\u00e1til | Limpeza de Solda | Limpador de Solda | Datamatrix | Integra\u00e7\u00e3o | Grava\u00e7\u00e3o Permanente | Marca\u00e7\u00e3o Permanente | Datadores | Codificadores | tecnograv | Carimbos | Sistema de identifica\u00e7\u00e3o | Pirografo | Tampografia | Rastreabilidade | Gravador de metal | Gravador de metais | Gravador Eletroqu\u00edmico | Liquido de Grava\u00e7\u00e3o | Liquidos Gravadores | Matriz de Grava\u00e7\u00e3o | Papel de Grava\u00e7\u00e3o | Tela de Grava\u00e7\u00e3o | Tela de Silkscreen | Est\u00eancil de grava\u00e7\u00e3o | Stencil de Grava\u00e7\u00e3o | Micropontos | Puncionamento | Puncionadeira | Pun\u00e7\u00e3o | Numerador | Sinete | Micropuncionadeira | DOT PEEN\",\"potentialAction\":[{\"@type\":\"SearchAction\",\"target\":{\"@type\":\"EntryPoint\",\"urlTemplate\":\"https:\/\/tecnigrav.com\/?s={search_term_string}\"},\"query-input\":\"required name=search_term_string\"}],\"inLanguage\":\"en-US\"}]}<\/script>\n<!-- \/ Yoast SEO plugin. -->","yoast_head_json":{"title":"Stencil Long-life - Tecnigrav Gravadores de Metais","description":"Code: MLL Tecnigrav has a know-how which produced with high definition , quality and durability Logos, Grids, texts etc ...  Type of Stencils Long-life: A = Separated B = Plasticized C = in frame D = Economic E = Grids  APPLICATIONS  For all OS 's Kit electrochemical Recorders and Automatic Machines .  1st Picture : spare  2nd photo : plasticized with or without registration  3rd photo: wood or aluminum frame  4th Photo: Economic , SIZE A4   5th Picture : grid \/ curve 200 x 300 mm","robots":{"index":"index","follow":"follow","max-snippet":"max-snippet:-1","max-image-preview":"max-image-preview:large","max-video-preview":"max-video-preview:-1"},"canonical":"https:\/\/tecnigrav.com\/en\/product\/stencil-long-life\/","og_locale":"en_US","og_type":"article","og_title":"Stencil Long-life - Tecnigrav Gravadores de Metais","og_description":"Code: MLL Tecnigrav has a know-how which produced with high definition , quality and durability Logos, Grids, texts etc ...  Type of Stencils Long-life: A = Separated B = Plasticized C = in frame D = Economic E = Grids  APPLICATIONS  For all OS 's Kit electrochemical Recorders and Automatic Machines .  1st Picture : spare  2nd photo : plasticized with or without registration  3rd photo: wood or aluminum frame  4th Photo: Economic , SIZE A4   5th Picture : grid \/ curve 200 x 300 mm","og_url":"https:\/\/tecnigrav.com\/en\/product\/stencil-long-life\/","og_site_name":"Tecnigrav Gravadores de Metais","article_publisher":"https:\/\/www.facebook.com\/Tecnigrav-Ind%c3%bastria-e-Com%c3%a9rcio-Ltda-151617301618854\/","og_image":[{"width":288,"height":240,"url":"https:\/\/tecnigrav.com\/wp-content\/uploads\/2015\/07\/matriz-de-grava\u00e7\u00e3o-produto-tecnigrav-img1.jpg","type":"image\/jpeg"}],"twitter_card":"summary_large_image","schema":{"@context":"https:\/\/schema.org","@graph":[{"@type":"WebPage","@id":"https:\/\/tecnigrav.com\/en\/product\/stencil-long-life\/","url":"https:\/\/tecnigrav.com\/en\/product\/stencil-long-life\/","name":"Stencil Long-life - Tecnigrav Gravadores de Metais","isPartOf":{"@id":"https:\/\/tecnigrav.com\/#website"},"datePublished":"2015-07-30T23:45:10+00:00","dateModified":"2015-07-30T23:45:10+00:00","description":"Code: MLL Tecnigrav has a know-how which produced with high definition , quality and durability Logos, Grids, texts etc ... Type of Stencils Long-life: A = Separated B = Plasticized C = in frame D = Economic E = Grids APPLICATIONS For all OS 's Kit electrochemical Recorders and Automatic Machines . 1st Picture : spare 2nd photo : plasticized with or without registration 3rd photo: wood or aluminum frame 4th Photo: Economic , SIZE A4 5th Picture : grid \/ curve 200 x 300 mm","breadcrumb":{"@id":"https:\/\/tecnigrav.com\/en\/product\/stencil-long-life\/#breadcrumb"},"inLanguage":"en-US","potentialAction":[{"@type":"ReadAction","target":["https:\/\/tecnigrav.com\/en\/product\/stencil-long-life\/"]}]},{"@type":"BreadcrumbList","@id":"https:\/\/tecnigrav.com\/en\/product\/stencil-long-life\/#breadcrumb","itemListElement":[{"@type":"ListItem","position":1,"name":"In\u00edcio","item":"https:\/\/tecnigrav.com\/en\/"},{"@type":"ListItem","position":2,"name":"Equipamentos de grava\u00e7\u00e3o","item":"https:\/\/tecnigrav.com\/equipamentos-de-gravacao\/"},{"@type":"ListItem","position":3,"name":"Electro Chemical Etch","item":"https:\/\/tecnigrav.com\/en\/sistemas-de-gravacao\/electro-chemical-etch\/"},{"@type":"ListItem","position":4,"name":"Stencils","item":"https:\/\/tecnigrav.com\/en\/sistemas-de-gravacao\/electro-chemical-etch\/stencils\/"},{"@type":"ListItem","position":5,"name":"Stencil Long-life"}]},{"@type":"WebSite","@id":"https:\/\/tecnigrav.com\/#website","url":"https:\/\/tecnigrav.com\/","name":"Tecnigrav Gravadores de Metais","description":"Gravadores de Metais | Grava\u00e7\u00e3o em Metais | Micropuncionamento | Micropercuss\u00e3o | Grava\u00e7\u00e3o Eletroqu\u00edmica | Marca\u00e7\u00e3o de Pe\u00e7as | Grava\u00e7\u00e3o de Pe\u00e7as | Grava\u00e7\u00e3o de Ferramentas | Codifica\u00e7\u00e3o | Marca\u00e7\u00e3o em Metais | L\u00e1pis El\u00e9trico | Caneta El\u00e9trica | Caneta Rotativa | L\u00e1pis Rotativo | Grava\u00e7\u00e3o Eletrol\u00edtica | Gravador Eletrol\u00edtico | Riscagem | CNC | Laser de Grava\u00e7\u00e3o | Laser de Marca\u00e7\u00e3o | Maquinas para Grava\u00e7\u00e3o | Maquinas Eletroqu\u00edmicas | Maquinas de Micropuncionamento | Maquinas Laser | Grava\u00e7\u00e3o a Laser | Tipo | Grava\u00e7\u00e3o por Pontos | Gravador de Bancada | Gravador Port\u00e1til | Gravador Manual| Grava\u00e7\u00e3o escrita a punho | Micropuncionamento de Bancada | Micropuncionamento Port\u00e1til | Limpeza de Solda | Limpador de Solda | Datamatrix | Integra\u00e7\u00e3o | Grava\u00e7\u00e3o Permanente | Marca\u00e7\u00e3o Permanente | Datadores | Codificadores | tecnograv | Carimbos | Sistema de identifica\u00e7\u00e3o | Pirografo | Tampografia | Rastreabilidade | Gravador de metal | Gravador de metais | Gravador Eletroqu\u00edmico | Liquido de Grava\u00e7\u00e3o | Liquidos Gravadores | Matriz de Grava\u00e7\u00e3o | Papel de Grava\u00e7\u00e3o | Tela de Grava\u00e7\u00e3o | Tela de Silkscreen | Est\u00eancil de grava\u00e7\u00e3o | Stencil de Grava\u00e7\u00e3o | Micropontos | Puncionamento | Puncionadeira | Pun\u00e7\u00e3o | Numerador | Sinete | Micropuncionadeira | DOT PEEN","potentialAction":[{"@type":"SearchAction","target":{"@type":"EntryPoint","urlTemplate":"https:\/\/tecnigrav.com\/?s={search_term_string}"},"query-input":"required name=search_term_string"}],"inLanguage":"en-US"}]}},"_links":{"self":[{"href":"https:\/\/tecnigrav.com\/en\/wp-json\/wp\/v2\/product\/4526"}],"collection":[{"href":"https:\/\/tecnigrav.com\/en\/wp-json\/wp\/v2\/product"}],"about":[{"href":"https:\/\/tecnigrav.com\/en\/wp-json\/wp\/v2\/types\/product"}],"replies":[{"embeddable":true,"href":"https:\/\/tecnigrav.com\/en\/wp-json\/wp\/v2\/comments?post=4526"}],"wp:featuredmedia":[{"embeddable":true,"href":"https:\/\/tecnigrav.com\/en\/wp-json\/wp\/v2\/media\/4240"}],"wp:attachment":[{"href":"https:\/\/tecnigrav.com\/en\/wp-json\/wp\/v2\/media?parent=4526"}],"wp:term":[{"taxonomy":"product_cat","embeddable":true,"href":"https:\/\/tecnigrav.com\/en\/wp-json\/wp\/v2\/product_cat?post=4526"},{"taxonomy":"product_tag","embeddable":true,"href":"https:\/\/tecnigrav.com\/en\/wp-json\/wp\/v2\/product_tag?post=4526"}],"curies":[{"name":"wp","href":"https:\/\/api.w.org\/{rel}","templated":true}]}}