{"id":4542,"date":"2015-08-13T10:00:19","date_gmt":"2015-08-13T13:00:19","guid":{"rendered":"http:\/\/tecnigrav.com\/produto\/marksman-mk-200bn-115-2\/"},"modified":"2016-02-17T19:07:50","modified_gmt":"2016-02-17T21:07:50","slug":"marksman-mk-200bn-115-2","status":"publish","type":"product","link":"https:\/\/tecnigrav.com\/en\/product\/marksman-mk-200bn-115-2\/","title":{"rendered":"Marksman MK-200BN-115"},"content":{"rendered":"<p><iframe title=\"Micropuncionamento MK-200BN-115 TECNIGRAV\" width=\"1140\" height=\"641\" src=\"https:\/\/www.youtube.com\/embed\/-MkdsAdQwgc?feature=oembed\" frameborder=\"0\" allow=\"accelerometer; autoplay; clipboard-write; encrypted-media; gyroscope; picture-in-picture; web-share\" allowfullscreen><\/iframe><\/p>\n","protected":false},"excerpt":{"rendered":"<\/p>\n<p class=\"MsoNormal\"><span lang=\"EN-US\">CODE: MK200BN-115<\/span><\/p>\n<p class=\"MsoNormal\"><span lang=\"EN-US\">Marking area: <span style=\"mso-tab-count: 1;\">&nbsp;&nbsp; <\/span>115 x 105mm<\/span><\/p>\n<p class=\"MsoNormal\"><span lang=\"EN-US\">Speed: 5 characters per sec. (2mm) <\/span><\/p>\n<p class=\"MsoNormal\"><span lang=\"EN-US\">Function: Linear, circular, oblique-line, angle, 2D, Automatic serialization, date coding, Julian calendar, special date coding, day &amp; night. Embedded four kind of standard fonts (Std1, Std2, Std3, Dot, User font 1~4). Autocad PLT file marking and 4 special logo marking <\/span><\/p>\n<p class=\"MsoNormal\"><span lang=\"EN-US\">This machine can be pneumatic or electric.<\/span><\/p>\n<p class=\"MsoNormal\"><span lang=\"EN-US\">Guarantee: 01 year<\/span><\/p>\n<p class=\"MsoNormal\"><strong><span lang=\"EN-US\">Features<\/span><\/strong><\/p>\n<p class=\"MsoNormal\"><span lang=\"EN-US\">The MH-115 Print Head is design for industrial production line. The &ldquo;Cast Aluminum&rdquo; Print Head provides protection from impact; reduce noise yet with a weight of just 12 lbs. The LM (Liner Module)-Guide provides a longer lifetime of X-axis and Y-axis. (50,000hrs &ndash; MTBF (Mean Time between Failures)). The MCU-200BN is rated for operating temperatures up to 50&deg;C with no cooling required and features a cable entry seal for power, marking head, serial and I\/O and Ethernet connections. The function of USB and SD card help you back-up and restore the data easily.<\/span><\/p>\n","protected":false},"featured_media":4809,"comment_status":"closed","ping_status":"closed","template":"","meta":[],"product_cat":[38,75],"product_tag":[],"yoast_head":"<!-- This site is optimized with the Yoast SEO plugin v20.6 - https:\/\/yoast.com\/wordpress\/plugins\/seo\/ -->\n<title>Marksman MK-200BN-115 - Tecnigrav Gravadores de Metais<\/title>\n<meta name=\"description\" content=\"CODE: MK200BN-115 Marking area: &nbsp;&nbsp; 115 x 105mm Speed: 5 characters per sec. (2mm)  Function: Linear, circular, oblique-line, angle, 2D, Automatic serialization, date coding, Julian calendar, special date coding, day &amp; night. Embedded four kind of standard fonts (Std1, Std2, Std3, Dot, User font 1~4). Autocad PLT file marking and 4 special logo marking  This machine can be pneumatic or electric. Guarantee: 01 year Features The MH-115 Print Head is design for industrial production line. The &ldquo;Cast Aluminum&rdquo; Print Head provides protection from impact; reduce noise yet with a weight of just 12 lbs. The LM (Liner Module)-Guide provides a longer lifetime of X-axis and Y-axis. (50,000hrs &ndash; MTBF (Mean Time between Failures)). The MCU-200BN is rated for operating temperatures up to 50&deg;C with no cooling required and features a cable entry seal for power, marking head, serial and I\/O and Ethernet connections. The function of USB and SD card help you back-up and restore the data easily.\" \/>\n<meta name=\"robots\" content=\"index, follow, max-snippet:-1, max-image-preview:large, max-video-preview:-1\" \/>\n<link rel=\"canonical\" href=\"https:\/\/tecnigrav.com\/en\/product\/marksman-mk-200bn-115-2\/\" \/>\n<meta property=\"og:locale\" content=\"en_US\" \/>\n<meta property=\"og:type\" content=\"article\" \/>\n<meta property=\"og:title\" content=\"Marksman MK-200BN-115 - Tecnigrav Gravadores de Metais\" \/>\n<meta property=\"og:description\" content=\"CODE: MK200BN-115 Marking area: &nbsp;&nbsp; 115 x 105mm Speed: 5 characters per sec. (2mm)  Function: Linear, circular, oblique-line, angle, 2D, Automatic serialization, date coding, Julian calendar, special date coding, day &amp; night. Embedded four kind of standard fonts (Std1, Std2, Std3, Dot, User font 1~4). Autocad PLT file marking and 4 special logo marking  This machine can be pneumatic or electric. Guarantee: 01 year Features The MH-115 Print Head is design for industrial production line. The &ldquo;Cast Aluminum&rdquo; Print Head provides protection from impact; reduce noise yet with a weight of just 12 lbs. The LM (Liner Module)-Guide provides a longer lifetime of X-axis and Y-axis. (50,000hrs &ndash; MTBF (Mean Time between Failures)). The MCU-200BN is rated for operating temperatures up to 50&deg;C with no cooling required and features a cable entry seal for power, marking head, serial and I\/O and Ethernet connections. The function of USB and SD card help you back-up and restore the data easily.\" \/>\n<meta property=\"og:url\" content=\"https:\/\/tecnigrav.com\/en\/product\/marksman-mk-200bn-115-2\/\" \/>\n<meta property=\"og:site_name\" content=\"Tecnigrav Gravadores de Metais\" \/>\n<meta property=\"article:publisher\" content=\"https:\/\/www.facebook.com\/Tecnigrav-Ind%c3%bastria-e-Com%c3%a9rcio-Ltda-151617301618854\/\" \/>\n<meta property=\"article:modified_time\" content=\"2016-02-17T21:07:50+00:00\" \/>\n<meta property=\"og:image\" content=\"https:\/\/tecnigrav.com\/wp-content\/uploads\/2015\/08\/MK-200BN-115-43-e1479748364289.jpg\" \/>\n\t<meta property=\"og:image:width\" content=\"560\" \/>\n\t<meta property=\"og:image:height\" content=\"420\" \/>\n\t<meta property=\"og:image:type\" content=\"image\/jpeg\" \/>\n<meta name=\"twitter:card\" content=\"summary_large_image\" \/>\n<script type=\"application\/ld+json\" class=\"yoast-schema-graph\">{\"@context\":\"https:\/\/schema.org\",\"@graph\":[{\"@type\":\"WebPage\",\"@id\":\"https:\/\/tecnigrav.com\/en\/product\/marksman-mk-200bn-115-2\/\",\"url\":\"https:\/\/tecnigrav.com\/en\/product\/marksman-mk-200bn-115-2\/\",\"name\":\"Marksman MK-200BN-115 - Tecnigrav Gravadores de Metais\",\"isPartOf\":{\"@id\":\"https:\/\/tecnigrav.com\/#website\"},\"datePublished\":\"2015-08-13T13:00:19+00:00\",\"dateModified\":\"2016-02-17T21:07:50+00:00\",\"description\":\"CODE: MK200BN-115 Marking area: &nbsp;&nbsp; 115 x 105mm Speed: 5 characters per sec. (2mm) Function: Linear, circular, oblique-line, angle, 2D, Automatic serialization, date coding, Julian calendar, special date coding, day &amp; night. Embedded four kind of standard fonts (Std1, Std2, Std3, Dot, User font 1~4). Autocad PLT file marking and 4 special logo marking This machine can be pneumatic or electric. Guarantee: 01 year Features The MH-115 Print Head is design for industrial production line. The &ldquo;Cast Aluminum&rdquo; Print Head provides protection from impact; reduce noise yet with a weight of just 12 lbs. The LM (Liner Module)-Guide provides a longer lifetime of X-axis and Y-axis. (50,000hrs &ndash; MTBF (Mean Time between Failures)). The MCU-200BN is rated for operating temperatures up to 50&deg;C with no cooling required and features a cable entry seal for power, marking head, serial and I\/O and Ethernet connections. The function of USB and SD card help you back-up and restore the data easily.\",\"breadcrumb\":{\"@id\":\"https:\/\/tecnigrav.com\/en\/product\/marksman-mk-200bn-115-2\/#breadcrumb\"},\"inLanguage\":\"en-US\",\"potentialAction\":[{\"@type\":\"ReadAction\",\"target\":[\"https:\/\/tecnigrav.com\/en\/product\/marksman-mk-200bn-115-2\/\"]}]},{\"@type\":\"BreadcrumbList\",\"@id\":\"https:\/\/tecnigrav.com\/en\/product\/marksman-mk-200bn-115-2\/#breadcrumb\",\"itemListElement\":[{\"@type\":\"ListItem\",\"position\":1,\"name\":\"In\u00edcio\",\"item\":\"https:\/\/tecnigrav.com\/en\/\"},{\"@type\":\"ListItem\",\"position\":2,\"name\":\"Equipamentos de grava\u00e7\u00e3o\",\"item\":\"https:\/\/tecnigrav.com\/equipamentos-de-gravacao\/\"},{\"@type\":\"ListItem\",\"position\":3,\"name\":\"Micro percussion\",\"item\":\"https:\/\/tecnigrav.com\/en\/sistemas-de-gravacao\/micro-percussion\/\"},{\"@type\":\"ListItem\",\"position\":4,\"name\":\"Micro percussion machine\",\"item\":\"https:\/\/tecnigrav.com\/en\/sistemas-de-gravacao\/micro-percussion\/micro-percussion-machine\/\"},{\"@type\":\"ListItem\",\"position\":5,\"name\":\"Marksman MK-200BN-115\"}]},{\"@type\":\"WebSite\",\"@id\":\"https:\/\/tecnigrav.com\/#website\",\"url\":\"https:\/\/tecnigrav.com\/\",\"name\":\"Tecnigrav Gravadores de Metais\",\"description\":\"Gravadores de Metais | Grava\u00e7\u00e3o em Metais | Micropuncionamento | Micropercuss\u00e3o | Grava\u00e7\u00e3o Eletroqu\u00edmica | Marca\u00e7\u00e3o de Pe\u00e7as | Grava\u00e7\u00e3o de Pe\u00e7as | Grava\u00e7\u00e3o de Ferramentas | Codifica\u00e7\u00e3o | Marca\u00e7\u00e3o em Metais | L\u00e1pis El\u00e9trico | Caneta El\u00e9trica | Caneta Rotativa | L\u00e1pis Rotativo | Grava\u00e7\u00e3o Eletrol\u00edtica | Gravador Eletrol\u00edtico | Riscagem | CNC | Laser de Grava\u00e7\u00e3o | Laser de Marca\u00e7\u00e3o | Maquinas para Grava\u00e7\u00e3o | Maquinas Eletroqu\u00edmicas | Maquinas de Micropuncionamento | Maquinas Laser | Grava\u00e7\u00e3o a Laser | Tipo | Grava\u00e7\u00e3o por Pontos | Gravador de Bancada | Gravador Port\u00e1til | Gravador Manual| Grava\u00e7\u00e3o escrita a punho | Micropuncionamento de Bancada | Micropuncionamento Port\u00e1til | Limpeza de Solda | Limpador de Solda | Datamatrix | Integra\u00e7\u00e3o | Grava\u00e7\u00e3o Permanente | Marca\u00e7\u00e3o Permanente | Datadores | Codificadores | tecnograv | Carimbos | Sistema de identifica\u00e7\u00e3o | Pirografo | Tampografia | Rastreabilidade | Gravador de metal | Gravador de metais | Gravador Eletroqu\u00edmico | Liquido de Grava\u00e7\u00e3o | Liquidos Gravadores | Matriz de Grava\u00e7\u00e3o | Papel de Grava\u00e7\u00e3o | Tela de Grava\u00e7\u00e3o | Tela de Silkscreen | Est\u00eancil de grava\u00e7\u00e3o | Stencil de Grava\u00e7\u00e3o | Micropontos | Puncionamento | Puncionadeira | Pun\u00e7\u00e3o | Numerador | Sinete | Micropuncionadeira | DOT PEEN\",\"potentialAction\":[{\"@type\":\"SearchAction\",\"target\":{\"@type\":\"EntryPoint\",\"urlTemplate\":\"https:\/\/tecnigrav.com\/?s={search_term_string}\"},\"query-input\":\"required name=search_term_string\"}],\"inLanguage\":\"en-US\"}]}<\/script>\n<!-- \/ Yoast SEO plugin. -->","yoast_head_json":{"title":"Marksman MK-200BN-115 - Tecnigrav Gravadores de Metais","description":"CODE: MK200BN-115 Marking area: &nbsp;&nbsp; 115 x 105mm Speed: 5 characters per sec. (2mm)  Function: Linear, circular, oblique-line, angle, 2D, Automatic serialization, date coding, Julian calendar, special date coding, day &amp; night. Embedded four kind of standard fonts (Std1, Std2, Std3, Dot, User font 1~4). Autocad PLT file marking and 4 special logo marking  This machine can be pneumatic or electric. Guarantee: 01 year Features The MH-115 Print Head is design for industrial production line. The &ldquo;Cast Aluminum&rdquo; Print Head provides protection from impact; reduce noise yet with a weight of just 12 lbs. The LM (Liner Module)-Guide provides a longer lifetime of X-axis and Y-axis. (50,000hrs &ndash; MTBF (Mean Time between Failures)). The MCU-200BN is rated for operating temperatures up to 50&deg;C with no cooling required and features a cable entry seal for power, marking head, serial and I\/O and Ethernet connections. The function of USB and SD card help you back-up and restore the data easily.","robots":{"index":"index","follow":"follow","max-snippet":"max-snippet:-1","max-image-preview":"max-image-preview:large","max-video-preview":"max-video-preview:-1"},"canonical":"https:\/\/tecnigrav.com\/en\/product\/marksman-mk-200bn-115-2\/","og_locale":"en_US","og_type":"article","og_title":"Marksman MK-200BN-115 - Tecnigrav Gravadores de Metais","og_description":"CODE: MK200BN-115 Marking area: &nbsp;&nbsp; 115 x 105mm Speed: 5 characters per sec. (2mm)  Function: Linear, circular, oblique-line, angle, 2D, Automatic serialization, date coding, Julian calendar, special date coding, day &amp; night. Embedded four kind of standard fonts (Std1, Std2, Std3, Dot, User font 1~4). Autocad PLT file marking and 4 special logo marking  This machine can be pneumatic or electric. Guarantee: 01 year Features The MH-115 Print Head is design for industrial production line. The &ldquo;Cast Aluminum&rdquo; Print Head provides protection from impact; reduce noise yet with a weight of just 12 lbs. The LM (Liner Module)-Guide provides a longer lifetime of X-axis and Y-axis. (50,000hrs &ndash; MTBF (Mean Time between Failures)). The MCU-200BN is rated for operating temperatures up to 50&deg;C with no cooling required and features a cable entry seal for power, marking head, serial and I\/O and Ethernet connections. The function of USB and SD card help you back-up and restore the data easily.","og_url":"https:\/\/tecnigrav.com\/en\/product\/marksman-mk-200bn-115-2\/","og_site_name":"Tecnigrav Gravadores de Metais","article_publisher":"https:\/\/www.facebook.com\/Tecnigrav-Ind%c3%bastria-e-Com%c3%a9rcio-Ltda-151617301618854\/","article_modified_time":"2016-02-17T21:07:50+00:00","og_image":[{"width":560,"height":420,"url":"https:\/\/tecnigrav.com\/wp-content\/uploads\/2015\/08\/MK-200BN-115-43-e1479748364289.jpg","type":"image\/jpeg"}],"twitter_card":"summary_large_image","schema":{"@context":"https:\/\/schema.org","@graph":[{"@type":"WebPage","@id":"https:\/\/tecnigrav.com\/en\/product\/marksman-mk-200bn-115-2\/","url":"https:\/\/tecnigrav.com\/en\/product\/marksman-mk-200bn-115-2\/","name":"Marksman MK-200BN-115 - Tecnigrav Gravadores de Metais","isPartOf":{"@id":"https:\/\/tecnigrav.com\/#website"},"datePublished":"2015-08-13T13:00:19+00:00","dateModified":"2016-02-17T21:07:50+00:00","description":"CODE: MK200BN-115 Marking area: &nbsp;&nbsp; 115 x 105mm Speed: 5 characters per sec. (2mm) Function: Linear, circular, oblique-line, angle, 2D, Automatic serialization, date coding, Julian calendar, special date coding, day &amp; night. Embedded four kind of standard fonts (Std1, Std2, Std3, Dot, User font 1~4). Autocad PLT file marking and 4 special logo marking This machine can be pneumatic or electric. Guarantee: 01 year Features The MH-115 Print Head is design for industrial production line. The &ldquo;Cast Aluminum&rdquo; Print Head provides protection from impact; reduce noise yet with a weight of just 12 lbs. The LM (Liner Module)-Guide provides a longer lifetime of X-axis and Y-axis. (50,000hrs &ndash; MTBF (Mean Time between Failures)). The MCU-200BN is rated for operating temperatures up to 50&deg;C with no cooling required and features a cable entry seal for power, marking head, serial and I\/O and Ethernet connections. The function of USB and SD card help you back-up and restore the data easily.","breadcrumb":{"@id":"https:\/\/tecnigrav.com\/en\/product\/marksman-mk-200bn-115-2\/#breadcrumb"},"inLanguage":"en-US","potentialAction":[{"@type":"ReadAction","target":["https:\/\/tecnigrav.com\/en\/product\/marksman-mk-200bn-115-2\/"]}]},{"@type":"BreadcrumbList","@id":"https:\/\/tecnigrav.com\/en\/product\/marksman-mk-200bn-115-2\/#breadcrumb","itemListElement":[{"@type":"ListItem","position":1,"name":"In\u00edcio","item":"https:\/\/tecnigrav.com\/en\/"},{"@type":"ListItem","position":2,"name":"Equipamentos de grava\u00e7\u00e3o","item":"https:\/\/tecnigrav.com\/equipamentos-de-gravacao\/"},{"@type":"ListItem","position":3,"name":"Micro percussion","item":"https:\/\/tecnigrav.com\/en\/sistemas-de-gravacao\/micro-percussion\/"},{"@type":"ListItem","position":4,"name":"Micro percussion machine","item":"https:\/\/tecnigrav.com\/en\/sistemas-de-gravacao\/micro-percussion\/micro-percussion-machine\/"},{"@type":"ListItem","position":5,"name":"Marksman MK-200BN-115"}]},{"@type":"WebSite","@id":"https:\/\/tecnigrav.com\/#website","url":"https:\/\/tecnigrav.com\/","name":"Tecnigrav Gravadores de Metais","description":"Gravadores de Metais | Grava\u00e7\u00e3o em Metais | Micropuncionamento | Micropercuss\u00e3o | Grava\u00e7\u00e3o Eletroqu\u00edmica | Marca\u00e7\u00e3o de Pe\u00e7as | Grava\u00e7\u00e3o de Pe\u00e7as | Grava\u00e7\u00e3o de Ferramentas | Codifica\u00e7\u00e3o | Marca\u00e7\u00e3o em Metais | L\u00e1pis El\u00e9trico | Caneta El\u00e9trica | Caneta Rotativa | L\u00e1pis Rotativo | Grava\u00e7\u00e3o Eletrol\u00edtica | Gravador Eletrol\u00edtico | Riscagem | CNC | Laser de Grava\u00e7\u00e3o | Laser de Marca\u00e7\u00e3o | Maquinas para Grava\u00e7\u00e3o | Maquinas Eletroqu\u00edmicas | Maquinas de Micropuncionamento | Maquinas Laser | Grava\u00e7\u00e3o a Laser | Tipo | Grava\u00e7\u00e3o por Pontos | Gravador de Bancada | Gravador Port\u00e1til | Gravador Manual| Grava\u00e7\u00e3o escrita a punho | Micropuncionamento de Bancada | Micropuncionamento Port\u00e1til | Limpeza de Solda | Limpador de Solda | Datamatrix | Integra\u00e7\u00e3o | Grava\u00e7\u00e3o Permanente | Marca\u00e7\u00e3o Permanente | Datadores | Codificadores | tecnograv | Carimbos | Sistema de identifica\u00e7\u00e3o | Pirografo | Tampografia | Rastreabilidade | Gravador de metal | Gravador de metais | Gravador Eletroqu\u00edmico | Liquido de Grava\u00e7\u00e3o | Liquidos Gravadores | Matriz de Grava\u00e7\u00e3o | Papel de Grava\u00e7\u00e3o | Tela de Grava\u00e7\u00e3o | Tela de Silkscreen | Est\u00eancil de grava\u00e7\u00e3o | Stencil de Grava\u00e7\u00e3o | Micropontos | Puncionamento | Puncionadeira | Pun\u00e7\u00e3o | Numerador | Sinete | Micropuncionadeira | DOT PEEN","potentialAction":[{"@type":"SearchAction","target":{"@type":"EntryPoint","urlTemplate":"https:\/\/tecnigrav.com\/?s={search_term_string}"},"query-input":"required name=search_term_string"}],"inLanguage":"en-US"}]}},"_links":{"self":[{"href":"https:\/\/tecnigrav.com\/en\/wp-json\/wp\/v2\/product\/4542"}],"collection":[{"href":"https:\/\/tecnigrav.com\/en\/wp-json\/wp\/v2\/product"}],"about":[{"href":"https:\/\/tecnigrav.com\/en\/wp-json\/wp\/v2\/types\/product"}],"replies":[{"embeddable":true,"href":"https:\/\/tecnigrav.com\/en\/wp-json\/wp\/v2\/comments?post=4542"}],"wp:featuredmedia":[{"embeddable":true,"href":"https:\/\/tecnigrav.com\/en\/wp-json\/wp\/v2\/media\/4809"}],"wp:attachment":[{"href":"https:\/\/tecnigrav.com\/en\/wp-json\/wp\/v2\/media?parent=4542"}],"wp:term":[{"taxonomy":"product_cat","embeddable":true,"href":"https:\/\/tecnigrav.com\/en\/wp-json\/wp\/v2\/product_cat?post=4542"},{"taxonomy":"product_tag","embeddable":true,"href":"https:\/\/tecnigrav.com\/en\/wp-json\/wp\/v2\/product_tag?post=4542"}],"curies":[{"name":"wp","href":"https:\/\/api.w.org\/{rel}","templated":true}]}}