{"id":4544,"date":"2015-08-13T11:00:51","date_gmt":"2015-08-13T14:00:51","guid":{"rendered":"http:\/\/tecnigrav.com\/produto\/marksman-mk-300-2\/"},"modified":"2016-02-17T19:06:59","modified_gmt":"2016-02-17T21:06:59","slug":"marksman-mk-300-2","status":"publish","type":"product","link":"https:\/\/tecnigrav.com\/en\/product\/marksman-mk-300-2\/","title":{"rendered":"Marksman MK-300"},"content":{"rendered":"<p><iframe title=\"GRAVADOR EM METAIS MARKSMAN MK-300 - TECNIGRAV\" width=\"1140\" height=\"641\" src=\"https:\/\/www.youtube.com\/embed\/bwb0rmUsyjo?feature=oembed\" frameborder=\"0\" allow=\"accelerometer; autoplay; clipboard-write; encrypted-media; gyroscope; picture-in-picture; web-share\" allowfullscreen><\/iframe><\/p>\n","protected":false},"excerpt":{"rendered":"<\/p>\n<p class=\"MsoNormal\"><span lang=\"EN-US\">CODE: MK300<\/span><\/p>\n<p class=\"MsoNormal\"><span lang=\"EN-US\">Marking area: <span style=\"mso-tab-count: 1;\">&nbsp;&nbsp; <\/span>95 x 75mm<\/span><\/p>\n<p class=\"MsoNormal\"><span lang=\"EN-US\">Speed: 3 characters per sec. (3mm) <\/span><\/p>\n<p class=\"MsoNormal\"><span lang=\"EN-US\">Function: Linear, circular, oblique-line, angle, 2D, Automatic serialization, date coding, Julian calendar, special date coding, day &amp; night. Embedded three kind of standard fonts (Std1, Std2, Dot). Autocad PLT file marking and 1 special logo marking <\/span><\/p>\n<p class=\"MsoNormal\"><span lang=\"EN-US\">This machine can be pneumatic or electric.<\/span><\/p>\n<p class=\"MsoNormal\"><span lang=\"EN-US\">Guarantee: 01 year<\/span><\/p>\n<p class=\"MsoNormal\"><strong><span lang=\"EN-US\">&nbsp;<\/span><\/strong><\/p>\n<p class=\"MsoNormal\"><strong><span lang=\"EN-US\">Features<\/span><\/strong><\/p>\n<p class=\"MsoNormal\"><span lang=\"EN-US\">Stand alone Dot peen marking machine &ldquo;MK-300&rdquo; are designed for small quantity and various kinds of marking. Tungsten carbide marking pin let you have permanent marking to many type of material from plastic to hardened steel up to 62 Hrc. <\/span><\/p>\n<p class=\"MsoNormal\"><span lang=\"EN-US\">The &ldquo;MK-300&rdquo; has built in controller inside of marking head as stand alone marking machine.<\/span><\/p>\n<p class=\"MsoNormal\"><span lang=\"EN-US\">It makes you have permanent marking on your parts without P.C. These type of marking (text, digits) are made of a succession of dots. It can be made of 2D data matrix and logo marking when it is connected with JS-2000 s\/w on the p.c.<\/span><\/p>\n<p class=\"MsoNormal\"><span lang=\"EN-US\">MK-300 works with parts of various shapes and surface conditions (flat and irregular surfaces, concave, convex, circular, raw material etc&#8230;) Also, It has an external switch &ldquo;Stop, Start and Reset&rdquo; button for more convenience. All of these products are designed for user friendly.<\/span><\/p>\n","protected":false},"featured_media":4821,"comment_status":"closed","ping_status":"closed","template":"","meta":[],"product_cat":[38,75],"product_tag":[],"yoast_head":"<!-- This site is optimized with the Yoast SEO plugin v20.6 - https:\/\/yoast.com\/wordpress\/plugins\/seo\/ -->\n<title>Marksman MK-300 - Tecnigrav Gravadores de Metais<\/title>\n<meta name=\"description\" content=\"CODE: MK300 Marking area: &nbsp;&nbsp; 95 x 75mm Speed: 3 characters per sec. (3mm)  Function: Linear, circular, oblique-line, angle, 2D, Automatic serialization, date coding, Julian calendar, special date coding, day &amp; night. Embedded three kind of standard fonts (Std1, Std2, Dot). Autocad PLT file marking and 1 special logo marking  This machine can be pneumatic or electric. Guarantee: 01 year &nbsp; Features Stand alone Dot peen marking machine &ldquo;MK-300&rdquo; are designed for small quantity and various kinds of marking. Tungsten carbide marking pin let you have permanent marking to many type of material from plastic to hardened steel up to 62 Hrc.  The &ldquo;MK-300&rdquo; has built in controller inside of marking head as stand alone marking machine. It makes you have permanent marking on your parts without P.C. These type of marking (text, digits) are made of a succession of dots. It can be made of 2D data matrix and logo marking when it is connected with JS-2000 s\/w on the p.c. MK-300 works with parts of various shapes and surface conditions (flat and irregular surfaces, concave, convex, circular, raw material etc...) Also, It has an external switch &ldquo;Stop, Start and Reset&rdquo; button for more convenience. All of these products are designed for user friendly.\" \/>\n<meta name=\"robots\" content=\"index, follow, max-snippet:-1, max-image-preview:large, max-video-preview:-1\" \/>\n<link rel=\"canonical\" href=\"https:\/\/tecnigrav.com\/en\/product\/marksman-mk-300-2\/\" \/>\n<meta property=\"og:locale\" content=\"en_US\" \/>\n<meta property=\"og:type\" content=\"article\" \/>\n<meta property=\"og:title\" content=\"Marksman MK-300 - Tecnigrav Gravadores de Metais\" \/>\n<meta property=\"og:description\" content=\"CODE: MK300 Marking area: &nbsp;&nbsp; 95 x 75mm Speed: 3 characters per sec. (3mm)  Function: Linear, circular, oblique-line, angle, 2D, Automatic serialization, date coding, Julian calendar, special date coding, day &amp; night. Embedded three kind of standard fonts (Std1, Std2, Dot). Autocad PLT file marking and 1 special logo marking  This machine can be pneumatic or electric. Guarantee: 01 year &nbsp; Features Stand alone Dot peen marking machine &ldquo;MK-300&rdquo; are designed for small quantity and various kinds of marking. Tungsten carbide marking pin let you have permanent marking to many type of material from plastic to hardened steel up to 62 Hrc.  The &ldquo;MK-300&rdquo; has built in controller inside of marking head as stand alone marking machine. It makes you have permanent marking on your parts without P.C. These type of marking (text, digits) are made of a succession of dots. It can be made of 2D data matrix and logo marking when it is connected with JS-2000 s\/w on the p.c. MK-300 works with parts of various shapes and surface conditions (flat and irregular surfaces, concave, convex, circular, raw material etc...) Also, It has an external switch &ldquo;Stop, Start and Reset&rdquo; button for more convenience. All of these products are designed for user friendly.\" \/>\n<meta property=\"og:url\" content=\"https:\/\/tecnigrav.com\/en\/product\/marksman-mk-300-2\/\" \/>\n<meta property=\"og:site_name\" content=\"Tecnigrav Gravadores de Metais\" \/>\n<meta property=\"article:publisher\" content=\"https:\/\/www.facebook.com\/Tecnigrav-Ind%c3%bastria-e-Com%c3%a9rcio-Ltda-151617301618854\/\" \/>\n<meta property=\"article:modified_time\" content=\"2016-02-17T21:06:59+00:00\" \/>\n<meta property=\"og:image\" content=\"https:\/\/tecnigrav.com\/wp-content\/uploads\/2015\/08\/MK-300-4-3-e1479818306439.jpg\" \/>\n\t<meta property=\"og:image:width\" content=\"560\" \/>\n\t<meta property=\"og:image:height\" content=\"420\" \/>\n\t<meta property=\"og:image:type\" content=\"image\/jpeg\" \/>\n<meta name=\"twitter:card\" content=\"summary_large_image\" \/>\n<script type=\"application\/ld+json\" class=\"yoast-schema-graph\">{\"@context\":\"https:\/\/schema.org\",\"@graph\":[{\"@type\":\"WebPage\",\"@id\":\"https:\/\/tecnigrav.com\/en\/product\/marksman-mk-300-2\/\",\"url\":\"https:\/\/tecnigrav.com\/en\/product\/marksman-mk-300-2\/\",\"name\":\"Marksman MK-300 - Tecnigrav Gravadores de Metais\",\"isPartOf\":{\"@id\":\"https:\/\/tecnigrav.com\/#website\"},\"datePublished\":\"2015-08-13T14:00:51+00:00\",\"dateModified\":\"2016-02-17T21:06:59+00:00\",\"description\":\"CODE: MK300 Marking area: &nbsp;&nbsp; 95 x 75mm Speed: 3 characters per sec. (3mm) Function: Linear, circular, oblique-line, angle, 2D, Automatic serialization, date coding, Julian calendar, special date coding, day &amp; night. Embedded three kind of standard fonts (Std1, Std2, Dot). Autocad PLT file marking and 1 special logo marking This machine can be pneumatic or electric. Guarantee: 01 year &nbsp; Features Stand alone Dot peen marking machine &ldquo;MK-300&rdquo; are designed for small quantity and various kinds of marking. Tungsten carbide marking pin let you have permanent marking to many type of material from plastic to hardened steel up to 62 Hrc. The &ldquo;MK-300&rdquo; has built in controller inside of marking head as stand alone marking machine. It makes you have permanent marking on your parts without P.C. These type of marking (text, digits) are made of a succession of dots. It can be made of 2D data matrix and logo marking when it is connected with JS-2000 s\/w on the p.c. MK-300 works with parts of various shapes and surface conditions (flat and irregular surfaces, concave, convex, circular, raw material etc...) Also, It has an external switch &ldquo;Stop, Start and Reset&rdquo; button for more convenience. All of these products are designed for user friendly.\",\"breadcrumb\":{\"@id\":\"https:\/\/tecnigrav.com\/en\/product\/marksman-mk-300-2\/#breadcrumb\"},\"inLanguage\":\"en-US\",\"potentialAction\":[{\"@type\":\"ReadAction\",\"target\":[\"https:\/\/tecnigrav.com\/en\/product\/marksman-mk-300-2\/\"]}]},{\"@type\":\"BreadcrumbList\",\"@id\":\"https:\/\/tecnigrav.com\/en\/product\/marksman-mk-300-2\/#breadcrumb\",\"itemListElement\":[{\"@type\":\"ListItem\",\"position\":1,\"name\":\"In\u00edcio\",\"item\":\"https:\/\/tecnigrav.com\/en\/\"},{\"@type\":\"ListItem\",\"position\":2,\"name\":\"Equipamentos de grava\u00e7\u00e3o\",\"item\":\"https:\/\/tecnigrav.com\/equipamentos-de-gravacao\/\"},{\"@type\":\"ListItem\",\"position\":3,\"name\":\"Marksman MK-300\"}]},{\"@type\":\"WebSite\",\"@id\":\"https:\/\/tecnigrav.com\/#website\",\"url\":\"https:\/\/tecnigrav.com\/\",\"name\":\"Tecnigrav Gravadores de Metais\",\"description\":\"Gravadores de Metais | Grava\u00e7\u00e3o em Metais | Micropuncionamento | Micropercuss\u00e3o | Grava\u00e7\u00e3o Eletroqu\u00edmica | Marca\u00e7\u00e3o de Pe\u00e7as | Grava\u00e7\u00e3o de Pe\u00e7as | Grava\u00e7\u00e3o de Ferramentas | Codifica\u00e7\u00e3o | Marca\u00e7\u00e3o em Metais | L\u00e1pis El\u00e9trico | Caneta El\u00e9trica | Caneta Rotativa | L\u00e1pis Rotativo | Grava\u00e7\u00e3o Eletrol\u00edtica | Gravador Eletrol\u00edtico | Riscagem | CNC | Laser de Grava\u00e7\u00e3o | Laser de Marca\u00e7\u00e3o | Maquinas para Grava\u00e7\u00e3o | Maquinas Eletroqu\u00edmicas | Maquinas de Micropuncionamento | Maquinas Laser | Grava\u00e7\u00e3o a Laser | Tipo | Grava\u00e7\u00e3o por Pontos | Gravador de Bancada | Gravador Port\u00e1til | Gravador Manual| Grava\u00e7\u00e3o escrita a punho | Micropuncionamento de Bancada | Micropuncionamento Port\u00e1til | Limpeza de Solda | Limpador de Solda | Datamatrix | Integra\u00e7\u00e3o | Grava\u00e7\u00e3o Permanente | Marca\u00e7\u00e3o Permanente | Datadores | Codificadores | tecnograv | Carimbos | Sistema de identifica\u00e7\u00e3o | Pirografo | Tampografia | Rastreabilidade | Gravador de metal | Gravador de metais | Gravador Eletroqu\u00edmico | Liquido de Grava\u00e7\u00e3o | Liquidos Gravadores | Matriz de Grava\u00e7\u00e3o | Papel de Grava\u00e7\u00e3o | Tela de Grava\u00e7\u00e3o | Tela de Silkscreen | Est\u00eancil de grava\u00e7\u00e3o | Stencil de Grava\u00e7\u00e3o | Micropontos | Puncionamento | Puncionadeira | Pun\u00e7\u00e3o | Numerador | Sinete | Micropuncionadeira | DOT PEEN\",\"potentialAction\":[{\"@type\":\"SearchAction\",\"target\":{\"@type\":\"EntryPoint\",\"urlTemplate\":\"https:\/\/tecnigrav.com\/?s={search_term_string}\"},\"query-input\":\"required name=search_term_string\"}],\"inLanguage\":\"en-US\"}]}<\/script>\n<!-- \/ Yoast SEO plugin. -->","yoast_head_json":{"title":"Marksman MK-300 - Tecnigrav Gravadores de Metais","description":"CODE: MK300 Marking area: &nbsp;&nbsp; 95 x 75mm Speed: 3 characters per sec. (3mm)  Function: Linear, circular, oblique-line, angle, 2D, Automatic serialization, date coding, Julian calendar, special date coding, day &amp; night. Embedded three kind of standard fonts (Std1, Std2, Dot). Autocad PLT file marking and 1 special logo marking  This machine can be pneumatic or electric. Guarantee: 01 year &nbsp; Features Stand alone Dot peen marking machine &ldquo;MK-300&rdquo; are designed for small quantity and various kinds of marking. Tungsten carbide marking pin let you have permanent marking to many type of material from plastic to hardened steel up to 62 Hrc.  The &ldquo;MK-300&rdquo; has built in controller inside of marking head as stand alone marking machine. It makes you have permanent marking on your parts without P.C. These type of marking (text, digits) are made of a succession of dots. It can be made of 2D data matrix and logo marking when it is connected with JS-2000 s\/w on the p.c. MK-300 works with parts of various shapes and surface conditions (flat and irregular surfaces, concave, convex, circular, raw material etc...) Also, It has an external switch &ldquo;Stop, Start and Reset&rdquo; button for more convenience. All of these products are designed for user friendly.","robots":{"index":"index","follow":"follow","max-snippet":"max-snippet:-1","max-image-preview":"max-image-preview:large","max-video-preview":"max-video-preview:-1"},"canonical":"https:\/\/tecnigrav.com\/en\/product\/marksman-mk-300-2\/","og_locale":"en_US","og_type":"article","og_title":"Marksman MK-300 - Tecnigrav Gravadores de Metais","og_description":"CODE: MK300 Marking area: &nbsp;&nbsp; 95 x 75mm Speed: 3 characters per sec. (3mm)  Function: Linear, circular, oblique-line, angle, 2D, Automatic serialization, date coding, Julian calendar, special date coding, day &amp; night. Embedded three kind of standard fonts (Std1, Std2, Dot). Autocad PLT file marking and 1 special logo marking  This machine can be pneumatic or electric. Guarantee: 01 year &nbsp; Features Stand alone Dot peen marking machine &ldquo;MK-300&rdquo; are designed for small quantity and various kinds of marking. Tungsten carbide marking pin let you have permanent marking to many type of material from plastic to hardened steel up to 62 Hrc.  The &ldquo;MK-300&rdquo; has built in controller inside of marking head as stand alone marking machine. It makes you have permanent marking on your parts without P.C. These type of marking (text, digits) are made of a succession of dots. It can be made of 2D data matrix and logo marking when it is connected with JS-2000 s\/w on the p.c. MK-300 works with parts of various shapes and surface conditions (flat and irregular surfaces, concave, convex, circular, raw material etc...) Also, It has an external switch &ldquo;Stop, Start and Reset&rdquo; button for more convenience. All of these products are designed for user friendly.","og_url":"https:\/\/tecnigrav.com\/en\/product\/marksman-mk-300-2\/","og_site_name":"Tecnigrav Gravadores de Metais","article_publisher":"https:\/\/www.facebook.com\/Tecnigrav-Ind%c3%bastria-e-Com%c3%a9rcio-Ltda-151617301618854\/","article_modified_time":"2016-02-17T21:06:59+00:00","og_image":[{"width":560,"height":420,"url":"https:\/\/tecnigrav.com\/wp-content\/uploads\/2015\/08\/MK-300-4-3-e1479818306439.jpg","type":"image\/jpeg"}],"twitter_card":"summary_large_image","schema":{"@context":"https:\/\/schema.org","@graph":[{"@type":"WebPage","@id":"https:\/\/tecnigrav.com\/en\/product\/marksman-mk-300-2\/","url":"https:\/\/tecnigrav.com\/en\/product\/marksman-mk-300-2\/","name":"Marksman MK-300 - Tecnigrav Gravadores de Metais","isPartOf":{"@id":"https:\/\/tecnigrav.com\/#website"},"datePublished":"2015-08-13T14:00:51+00:00","dateModified":"2016-02-17T21:06:59+00:00","description":"CODE: MK300 Marking area: &nbsp;&nbsp; 95 x 75mm Speed: 3 characters per sec. (3mm) Function: Linear, circular, oblique-line, angle, 2D, Automatic serialization, date coding, Julian calendar, special date coding, day &amp; night. Embedded three kind of standard fonts (Std1, Std2, Dot). Autocad PLT file marking and 1 special logo marking This machine can be pneumatic or electric. Guarantee: 01 year &nbsp; Features Stand alone Dot peen marking machine &ldquo;MK-300&rdquo; are designed for small quantity and various kinds of marking. Tungsten carbide marking pin let you have permanent marking to many type of material from plastic to hardened steel up to 62 Hrc. The &ldquo;MK-300&rdquo; has built in controller inside of marking head as stand alone marking machine. It makes you have permanent marking on your parts without P.C. These type of marking (text, digits) are made of a succession of dots. It can be made of 2D data matrix and logo marking when it is connected with JS-2000 s\/w on the p.c. MK-300 works with parts of various shapes and surface conditions (flat and irregular surfaces, concave, convex, circular, raw material etc...) Also, It has an external switch &ldquo;Stop, Start and Reset&rdquo; button for more convenience. All of these products are designed for user friendly.","breadcrumb":{"@id":"https:\/\/tecnigrav.com\/en\/product\/marksman-mk-300-2\/#breadcrumb"},"inLanguage":"en-US","potentialAction":[{"@type":"ReadAction","target":["https:\/\/tecnigrav.com\/en\/product\/marksman-mk-300-2\/"]}]},{"@type":"BreadcrumbList","@id":"https:\/\/tecnigrav.com\/en\/product\/marksman-mk-300-2\/#breadcrumb","itemListElement":[{"@type":"ListItem","position":1,"name":"In\u00edcio","item":"https:\/\/tecnigrav.com\/en\/"},{"@type":"ListItem","position":2,"name":"Equipamentos de grava\u00e7\u00e3o","item":"https:\/\/tecnigrav.com\/equipamentos-de-gravacao\/"},{"@type":"ListItem","position":3,"name":"Marksman MK-300"}]},{"@type":"WebSite","@id":"https:\/\/tecnigrav.com\/#website","url":"https:\/\/tecnigrav.com\/","name":"Tecnigrav Gravadores de Metais","description":"Gravadores de Metais | Grava\u00e7\u00e3o em Metais | Micropuncionamento | Micropercuss\u00e3o | Grava\u00e7\u00e3o Eletroqu\u00edmica | Marca\u00e7\u00e3o de Pe\u00e7as | Grava\u00e7\u00e3o de Pe\u00e7as | Grava\u00e7\u00e3o de Ferramentas | Codifica\u00e7\u00e3o | Marca\u00e7\u00e3o em Metais | L\u00e1pis El\u00e9trico | Caneta El\u00e9trica | Caneta Rotativa | L\u00e1pis Rotativo | Grava\u00e7\u00e3o Eletrol\u00edtica | Gravador Eletrol\u00edtico | Riscagem | CNC | Laser de Grava\u00e7\u00e3o | Laser de Marca\u00e7\u00e3o | Maquinas para Grava\u00e7\u00e3o | Maquinas Eletroqu\u00edmicas | Maquinas de Micropuncionamento | Maquinas Laser | Grava\u00e7\u00e3o a Laser | Tipo | Grava\u00e7\u00e3o por Pontos | Gravador de Bancada | Gravador Port\u00e1til | Gravador Manual| Grava\u00e7\u00e3o escrita a punho | Micropuncionamento de Bancada | Micropuncionamento Port\u00e1til | Limpeza de Solda | Limpador de Solda | Datamatrix | Integra\u00e7\u00e3o | Grava\u00e7\u00e3o Permanente | Marca\u00e7\u00e3o Permanente | Datadores | Codificadores | tecnograv | Carimbos | Sistema de identifica\u00e7\u00e3o | Pirografo | Tampografia | Rastreabilidade | Gravador de metal | Gravador de metais | Gravador Eletroqu\u00edmico | Liquido de Grava\u00e7\u00e3o | Liquidos Gravadores | Matriz de Grava\u00e7\u00e3o | Papel de Grava\u00e7\u00e3o | Tela de Grava\u00e7\u00e3o | Tela de Silkscreen | Est\u00eancil de grava\u00e7\u00e3o | Stencil de Grava\u00e7\u00e3o | Micropontos | Puncionamento | Puncionadeira | Pun\u00e7\u00e3o | Numerador | Sinete | Micropuncionadeira | DOT PEEN","potentialAction":[{"@type":"SearchAction","target":{"@type":"EntryPoint","urlTemplate":"https:\/\/tecnigrav.com\/?s={search_term_string}"},"query-input":"required name=search_term_string"}],"inLanguage":"en-US"}]}},"_links":{"self":[{"href":"https:\/\/tecnigrav.com\/en\/wp-json\/wp\/v2\/product\/4544"}],"collection":[{"href":"https:\/\/tecnigrav.com\/en\/wp-json\/wp\/v2\/product"}],"about":[{"href":"https:\/\/tecnigrav.com\/en\/wp-json\/wp\/v2\/types\/product"}],"replies":[{"embeddable":true,"href":"https:\/\/tecnigrav.com\/en\/wp-json\/wp\/v2\/comments?post=4544"}],"wp:featuredmedia":[{"embeddable":true,"href":"https:\/\/tecnigrav.com\/en\/wp-json\/wp\/v2\/media\/4821"}],"wp:attachment":[{"href":"https:\/\/tecnigrav.com\/en\/wp-json\/wp\/v2\/media?parent=4544"}],"wp:term":[{"taxonomy":"product_cat","embeddable":true,"href":"https:\/\/tecnigrav.com\/en\/wp-json\/wp\/v2\/product_cat?post=4544"},{"taxonomy":"product_tag","embeddable":true,"href":"https:\/\/tecnigrav.com\/en\/wp-json\/wp\/v2\/product_tag?post=4544"}],"curies":[{"name":"wp","href":"https:\/\/api.w.org\/{rel}","templated":true}]}}