{"id":4550,"date":"2015-07-31T15:18:22","date_gmt":"2015-07-31T18:18:22","guid":{"rendered":"http:\/\/tecnigrav.com\/produto\/marksman-mk-200b-1340-2\/"},"modified":"2016-02-17T19:15:15","modified_gmt":"2016-02-17T21:15:15","slug":"marksman-mk-200b-1340-2","status":"publish","type":"product","link":"https:\/\/tecnigrav.com\/en\/product\/marksman-mk-200b-1340-2\/","title":{"rendered":"Marksman MK-200B-1340"},"content":{"rendered":"","protected":false},"excerpt":{"rendered":"<p class=\"MsoNormal\"><span lang=\"EN-US\">CODE: MK200B1340<\/span><\/p>\n<p class=\"MsoNormal\"><span lang=\"EN-US\">Marking area: <span style=\"mso-tab-count: 1;\">&nbsp;&nbsp; <\/span>130 x 40mm<\/span><\/p>\n<p class=\"MsoNormal\"><span lang=\"EN-US\">Dimensions with connectors;<span style=\"mso-tab-count: 1;\">&nbsp;&nbsp;&nbsp; <\/span>131 mm (W) X 119 mm (L) X 206 mm (H)<\/span><\/p>\n<p class=\"MsoNormal\"><span lang=\"EN-US\">Weight:<span style=\"mso-tab-count: 1;\">&nbsp;&nbsp;&nbsp;&nbsp;&nbsp;&nbsp;&nbsp;&nbsp;&nbsp;&nbsp;&nbsp;&nbsp;&nbsp;&nbsp;&nbsp;&nbsp;&nbsp; <\/span> 2.8 Kg<\/span><\/p>\n<p class=\"MsoNormal\"><span lang=\"EN-US\">Control Unit : MCU-200B<\/span><span lang=\"EN-US\">&nbsp;<\/span><\/p>\n<p class=\"MsoNormal\"><span lang=\"EN-US\">Guarantee: 01 year<\/span><\/p>\n<p class=\"MsoNormal\"><strong><span lang=\"EN-US\">Features<\/span><\/strong><\/p>\n<p class=\"MsoNormal\"><span lang=\"EN-US\">MH-1340 is a Portable dot peen marking machine(hand held dot pin marker) which is permanently connected to the any of controller by a robotic cable. This is a portable unit which is ideal for marking huge, large, bulky parts. <\/span><\/p>\n<p class=\"MsoNormal\"><span lang=\"EN-US\">It can be used for all types of materials ranging from plastic to steel. It marks on linear, angler and cylindrical surfaces and 2D Data Matrix marking . And, customer can choose pneumatic or electronic depending on their purpose.<\/span><\/p>\n<p class=\"MsoNormal\"><span lang=\"EN-US\">The MCU-200B is compact size controller for small working spaces.<span style=\"mso-spacerun: yes;\">&nbsp; <\/span>LCD on the controller makes you control easily by keyboard.<span style=\"mso-spacerun: yes;\">&nbsp; <\/span>While the MCU-200B can be integrated with JS-2000 on the computer via RS-232 cable, MCU-200B can be worked without a computer.<\/span><\/p>\n","protected":false},"featured_media":4833,"comment_status":"closed","ping_status":"closed","template":"","meta":[],"product_cat":[77,38],"product_tag":[],"yoast_head":"<!-- This site is optimized with the Yoast SEO plugin v20.6 - https:\/\/yoast.com\/wordpress\/plugins\/seo\/ -->\n<title>Marksman MK-200B-1340 - Tecnigrav Gravadores de Metais<\/title>\n<meta name=\"description\" content=\"CODE: MK200B1340 Marking area: &nbsp;&nbsp; 130 x 40mm Dimensions with connectors;&nbsp;&nbsp;&nbsp; 131 mm (W) X 119 mm (L) X 206 mm (H) Weight:&nbsp;&nbsp;&nbsp;&nbsp;&nbsp;&nbsp;&nbsp;&nbsp;&nbsp;&nbsp;&nbsp;&nbsp;&nbsp;&nbsp;&nbsp;&nbsp;&nbsp; 2.8 Kg Control Unit : MCU-200B&nbsp; Guarantee: 01 year Features MH-1340 is a Portable dot peen marking machine(hand held dot pin marker) which is permanently connected to the any of controller by a robotic cable. This is a portable unit which is ideal for marking huge, large, bulky parts.  It can be used for all types of materials ranging from plastic to steel. It marks on linear, angler and cylindrical surfaces and 2D Data Matrix marking . And, customer can choose pneumatic or electronic depending on their purpose. The MCU-200B is compact size controller for small working spaces.&nbsp; LCD on the controller makes you control easily by keyboard.&nbsp; While the MCU-200B can be integrated with JS-2000 on the computer via RS-232 cable, MCU-200B can be worked without a computer.\" \/>\n<meta name=\"robots\" content=\"index, follow, max-snippet:-1, max-image-preview:large, max-video-preview:-1\" \/>\n<link rel=\"canonical\" href=\"https:\/\/tecnigrav.com\/en\/product\/marksman-mk-200b-1340-2\/\" \/>\n<meta property=\"og:locale\" content=\"en_US\" \/>\n<meta property=\"og:type\" content=\"article\" \/>\n<meta property=\"og:title\" content=\"Marksman MK-200B-1340 - Tecnigrav Gravadores de Metais\" \/>\n<meta property=\"og:description\" content=\"CODE: MK200B1340 Marking area: &nbsp;&nbsp; 130 x 40mm Dimensions with connectors;&nbsp;&nbsp;&nbsp; 131 mm (W) X 119 mm (L) X 206 mm (H) Weight:&nbsp;&nbsp;&nbsp;&nbsp;&nbsp;&nbsp;&nbsp;&nbsp;&nbsp;&nbsp;&nbsp;&nbsp;&nbsp;&nbsp;&nbsp;&nbsp;&nbsp; 2.8 Kg Control Unit : MCU-200B&nbsp; Guarantee: 01 year Features MH-1340 is a Portable dot peen marking machine(hand held dot pin marker) which is permanently connected to the any of controller by a robotic cable. This is a portable unit which is ideal for marking huge, large, bulky parts.  It can be used for all types of materials ranging from plastic to steel. It marks on linear, angler and cylindrical surfaces and 2D Data Matrix marking . And, customer can choose pneumatic or electronic depending on their purpose. The MCU-200B is compact size controller for small working spaces.&nbsp; LCD on the controller makes you control easily by keyboard.&nbsp; While the MCU-200B can be integrated with JS-2000 on the computer via RS-232 cable, MCU-200B can be worked without a computer.\" \/>\n<meta property=\"og:url\" content=\"https:\/\/tecnigrav.com\/en\/product\/marksman-mk-200b-1340-2\/\" \/>\n<meta property=\"og:site_name\" content=\"Tecnigrav Gravadores de Metais\" \/>\n<meta property=\"article:publisher\" content=\"https:\/\/www.facebook.com\/Tecnigrav-Ind%c3%bastria-e-Com%c3%a9rcio-Ltda-151617301618854\/\" \/>\n<meta property=\"article:modified_time\" content=\"2016-02-17T21:15:15+00:00\" \/>\n<meta property=\"og:image\" content=\"https:\/\/tecnigrav.com\/wp-content\/uploads\/2015\/07\/MK-200B-1340-e1479832526741.jpg\" \/>\n\t<meta property=\"og:image:width\" content=\"560\" \/>\n\t<meta property=\"og:image:height\" content=\"420\" \/>\n\t<meta property=\"og:image:type\" content=\"image\/jpeg\" \/>\n<meta name=\"twitter:card\" content=\"summary_large_image\" \/>\n<script type=\"application\/ld+json\" class=\"yoast-schema-graph\">{\"@context\":\"https:\/\/schema.org\",\"@graph\":[{\"@type\":\"WebPage\",\"@id\":\"https:\/\/tecnigrav.com\/en\/product\/marksman-mk-200b-1340-2\/\",\"url\":\"https:\/\/tecnigrav.com\/en\/product\/marksman-mk-200b-1340-2\/\",\"name\":\"Marksman MK-200B-1340 - Tecnigrav Gravadores de Metais\",\"isPartOf\":{\"@id\":\"https:\/\/tecnigrav.com\/#website\"},\"datePublished\":\"2015-07-31T18:18:22+00:00\",\"dateModified\":\"2016-02-17T21:15:15+00:00\",\"description\":\"CODE: MK200B1340 Marking area: &nbsp;&nbsp; 130 x 40mm Dimensions with connectors;&nbsp;&nbsp;&nbsp; 131 mm (W) X 119 mm (L) X 206 mm (H) Weight:&nbsp;&nbsp;&nbsp;&nbsp;&nbsp;&nbsp;&nbsp;&nbsp;&nbsp;&nbsp;&nbsp;&nbsp;&nbsp;&nbsp;&nbsp;&nbsp;&nbsp; 2.8 Kg Control Unit : MCU-200B&nbsp; Guarantee: 01 year Features MH-1340 is a Portable dot peen marking machine(hand held dot pin marker) which is permanently connected to the any of controller by a robotic cable. This is a portable unit which is ideal for marking huge, large, bulky parts. It can be used for all types of materials ranging from plastic to steel. It marks on linear, angler and cylindrical surfaces and 2D Data Matrix marking . And, customer can choose pneumatic or electronic depending on their purpose. The MCU-200B is compact size controller for small working spaces.&nbsp; LCD on the controller makes you control easily by keyboard.&nbsp; While the MCU-200B can be integrated with JS-2000 on the computer via RS-232 cable, MCU-200B can be worked without a computer.\",\"breadcrumb\":{\"@id\":\"https:\/\/tecnigrav.com\/en\/product\/marksman-mk-200b-1340-2\/#breadcrumb\"},\"inLanguage\":\"en-US\",\"potentialAction\":[{\"@type\":\"ReadAction\",\"target\":[\"https:\/\/tecnigrav.com\/en\/product\/marksman-mk-200b-1340-2\/\"]}]},{\"@type\":\"BreadcrumbList\",\"@id\":\"https:\/\/tecnigrav.com\/en\/product\/marksman-mk-200b-1340-2\/#breadcrumb\",\"itemListElement\":[{\"@type\":\"ListItem\",\"position\":1,\"name\":\"In\u00edcio\",\"item\":\"https:\/\/tecnigrav.com\/en\/\"},{\"@type\":\"ListItem\",\"position\":2,\"name\":\"Equipamentos de grava\u00e7\u00e3o\",\"item\":\"https:\/\/tecnigrav.com\/equipamentos-de-gravacao\/\"},{\"@type\":\"ListItem\",\"position\":3,\"name\":\"Micro percussion\",\"item\":\"https:\/\/tecnigrav.com\/en\/sistemas-de-gravacao\/micro-percussion\/\"},{\"@type\":\"ListItem\",\"position\":4,\"name\":\"Micro percurssion portable machine\",\"item\":\"https:\/\/tecnigrav.com\/en\/sistemas-de-gravacao\/micro-percussion\/micro-percurssion-portable-machine\/\"},{\"@type\":\"ListItem\",\"position\":5,\"name\":\"Marksman MK-200B-1340\"}]},{\"@type\":\"WebSite\",\"@id\":\"https:\/\/tecnigrav.com\/#website\",\"url\":\"https:\/\/tecnigrav.com\/\",\"name\":\"Tecnigrav Gravadores de Metais\",\"description\":\"Gravadores de Metais | Grava\u00e7\u00e3o em Metais | Micropuncionamento | Micropercuss\u00e3o | Grava\u00e7\u00e3o Eletroqu\u00edmica | Marca\u00e7\u00e3o de Pe\u00e7as | Grava\u00e7\u00e3o de Pe\u00e7as | Grava\u00e7\u00e3o de Ferramentas | Codifica\u00e7\u00e3o | Marca\u00e7\u00e3o em Metais | L\u00e1pis El\u00e9trico | Caneta El\u00e9trica | Caneta Rotativa | L\u00e1pis Rotativo | Grava\u00e7\u00e3o Eletrol\u00edtica | Gravador Eletrol\u00edtico | Riscagem | CNC | Laser de Grava\u00e7\u00e3o | Laser de Marca\u00e7\u00e3o | Maquinas para Grava\u00e7\u00e3o | Maquinas Eletroqu\u00edmicas | Maquinas de Micropuncionamento | Maquinas Laser | Grava\u00e7\u00e3o a Laser | Tipo | Grava\u00e7\u00e3o por Pontos | Gravador de Bancada | Gravador Port\u00e1til | Gravador Manual| Grava\u00e7\u00e3o escrita a punho | Micropuncionamento de Bancada | Micropuncionamento Port\u00e1til | Limpeza de Solda | Limpador de Solda | Datamatrix | Integra\u00e7\u00e3o | Grava\u00e7\u00e3o Permanente | Marca\u00e7\u00e3o Permanente | Datadores | Codificadores | tecnograv | Carimbos | Sistema de identifica\u00e7\u00e3o | Pirografo | Tampografia | Rastreabilidade | Gravador de metal | Gravador de metais | Gravador Eletroqu\u00edmico | Liquido de Grava\u00e7\u00e3o | Liquidos Gravadores | Matriz de Grava\u00e7\u00e3o | Papel de Grava\u00e7\u00e3o | Tela de Grava\u00e7\u00e3o | Tela de Silkscreen | Est\u00eancil de grava\u00e7\u00e3o | Stencil de Grava\u00e7\u00e3o | Micropontos | Puncionamento | Puncionadeira | Pun\u00e7\u00e3o | Numerador | Sinete | Micropuncionadeira | DOT PEEN\",\"potentialAction\":[{\"@type\":\"SearchAction\",\"target\":{\"@type\":\"EntryPoint\",\"urlTemplate\":\"https:\/\/tecnigrav.com\/?s={search_term_string}\"},\"query-input\":\"required name=search_term_string\"}],\"inLanguage\":\"en-US\"}]}<\/script>\n<!-- \/ Yoast SEO plugin. -->","yoast_head_json":{"title":"Marksman MK-200B-1340 - Tecnigrav Gravadores de Metais","description":"CODE: MK200B1340 Marking area: &nbsp;&nbsp; 130 x 40mm Dimensions with connectors;&nbsp;&nbsp;&nbsp; 131 mm (W) X 119 mm (L) X 206 mm (H) Weight:&nbsp;&nbsp;&nbsp;&nbsp;&nbsp;&nbsp;&nbsp;&nbsp;&nbsp;&nbsp;&nbsp;&nbsp;&nbsp;&nbsp;&nbsp;&nbsp;&nbsp; 2.8 Kg Control Unit : MCU-200B&nbsp; Guarantee: 01 year Features MH-1340 is a Portable dot peen marking machine(hand held dot pin marker) which is permanently connected to the any of controller by a robotic cable. This is a portable unit which is ideal for marking huge, large, bulky parts.  It can be used for all types of materials ranging from plastic to steel. It marks on linear, angler and cylindrical surfaces and 2D Data Matrix marking . And, customer can choose pneumatic or electronic depending on their purpose. The MCU-200B is compact size controller for small working spaces.&nbsp; LCD on the controller makes you control easily by keyboard.&nbsp; While the MCU-200B can be integrated with JS-2000 on the computer via RS-232 cable, MCU-200B can be worked without a computer.","robots":{"index":"index","follow":"follow","max-snippet":"max-snippet:-1","max-image-preview":"max-image-preview:large","max-video-preview":"max-video-preview:-1"},"canonical":"https:\/\/tecnigrav.com\/en\/product\/marksman-mk-200b-1340-2\/","og_locale":"en_US","og_type":"article","og_title":"Marksman MK-200B-1340 - Tecnigrav Gravadores de Metais","og_description":"CODE: MK200B1340 Marking area: &nbsp;&nbsp; 130 x 40mm Dimensions with connectors;&nbsp;&nbsp;&nbsp; 131 mm (W) X 119 mm (L) X 206 mm (H) Weight:&nbsp;&nbsp;&nbsp;&nbsp;&nbsp;&nbsp;&nbsp;&nbsp;&nbsp;&nbsp;&nbsp;&nbsp;&nbsp;&nbsp;&nbsp;&nbsp;&nbsp; 2.8 Kg Control Unit : MCU-200B&nbsp; Guarantee: 01 year Features MH-1340 is a Portable dot peen marking machine(hand held dot pin marker) which is permanently connected to the any of controller by a robotic cable. This is a portable unit which is ideal for marking huge, large, bulky parts.  It can be used for all types of materials ranging from plastic to steel. It marks on linear, angler and cylindrical surfaces and 2D Data Matrix marking . And, customer can choose pneumatic or electronic depending on their purpose. The MCU-200B is compact size controller for small working spaces.&nbsp; LCD on the controller makes you control easily by keyboard.&nbsp; While the MCU-200B can be integrated with JS-2000 on the computer via RS-232 cable, MCU-200B can be worked without a computer.","og_url":"https:\/\/tecnigrav.com\/en\/product\/marksman-mk-200b-1340-2\/","og_site_name":"Tecnigrav Gravadores de Metais","article_publisher":"https:\/\/www.facebook.com\/Tecnigrav-Ind%c3%bastria-e-Com%c3%a9rcio-Ltda-151617301618854\/","article_modified_time":"2016-02-17T21:15:15+00:00","og_image":[{"width":560,"height":420,"url":"https:\/\/tecnigrav.com\/wp-content\/uploads\/2015\/07\/MK-200B-1340-e1479832526741.jpg","type":"image\/jpeg"}],"twitter_card":"summary_large_image","schema":{"@context":"https:\/\/schema.org","@graph":[{"@type":"WebPage","@id":"https:\/\/tecnigrav.com\/en\/product\/marksman-mk-200b-1340-2\/","url":"https:\/\/tecnigrav.com\/en\/product\/marksman-mk-200b-1340-2\/","name":"Marksman MK-200B-1340 - Tecnigrav Gravadores de Metais","isPartOf":{"@id":"https:\/\/tecnigrav.com\/#website"},"datePublished":"2015-07-31T18:18:22+00:00","dateModified":"2016-02-17T21:15:15+00:00","description":"CODE: MK200B1340 Marking area: &nbsp;&nbsp; 130 x 40mm Dimensions with connectors;&nbsp;&nbsp;&nbsp; 131 mm (W) X 119 mm (L) X 206 mm (H) Weight:&nbsp;&nbsp;&nbsp;&nbsp;&nbsp;&nbsp;&nbsp;&nbsp;&nbsp;&nbsp;&nbsp;&nbsp;&nbsp;&nbsp;&nbsp;&nbsp;&nbsp; 2.8 Kg Control Unit : MCU-200B&nbsp; Guarantee: 01 year Features MH-1340 is a Portable dot peen marking machine(hand held dot pin marker) which is permanently connected to the any of controller by a robotic cable. This is a portable unit which is ideal for marking huge, large, bulky parts. It can be used for all types of materials ranging from plastic to steel. It marks on linear, angler and cylindrical surfaces and 2D Data Matrix marking . And, customer can choose pneumatic or electronic depending on their purpose. The MCU-200B is compact size controller for small working spaces.&nbsp; LCD on the controller makes you control easily by keyboard.&nbsp; While the MCU-200B can be integrated with JS-2000 on the computer via RS-232 cable, MCU-200B can be worked without a computer.","breadcrumb":{"@id":"https:\/\/tecnigrav.com\/en\/product\/marksman-mk-200b-1340-2\/#breadcrumb"},"inLanguage":"en-US","potentialAction":[{"@type":"ReadAction","target":["https:\/\/tecnigrav.com\/en\/product\/marksman-mk-200b-1340-2\/"]}]},{"@type":"BreadcrumbList","@id":"https:\/\/tecnigrav.com\/en\/product\/marksman-mk-200b-1340-2\/#breadcrumb","itemListElement":[{"@type":"ListItem","position":1,"name":"In\u00edcio","item":"https:\/\/tecnigrav.com\/en\/"},{"@type":"ListItem","position":2,"name":"Equipamentos de grava\u00e7\u00e3o","item":"https:\/\/tecnigrav.com\/equipamentos-de-gravacao\/"},{"@type":"ListItem","position":3,"name":"Micro percussion","item":"https:\/\/tecnigrav.com\/en\/sistemas-de-gravacao\/micro-percussion\/"},{"@type":"ListItem","position":4,"name":"Micro percurssion portable machine","item":"https:\/\/tecnigrav.com\/en\/sistemas-de-gravacao\/micro-percussion\/micro-percurssion-portable-machine\/"},{"@type":"ListItem","position":5,"name":"Marksman MK-200B-1340"}]},{"@type":"WebSite","@id":"https:\/\/tecnigrav.com\/#website","url":"https:\/\/tecnigrav.com\/","name":"Tecnigrav Gravadores de Metais","description":"Gravadores de Metais | Grava\u00e7\u00e3o em Metais | Micropuncionamento | Micropercuss\u00e3o | Grava\u00e7\u00e3o Eletroqu\u00edmica | Marca\u00e7\u00e3o de Pe\u00e7as | Grava\u00e7\u00e3o de Pe\u00e7as | Grava\u00e7\u00e3o de Ferramentas | Codifica\u00e7\u00e3o | Marca\u00e7\u00e3o em Metais | L\u00e1pis El\u00e9trico | Caneta El\u00e9trica | Caneta Rotativa | L\u00e1pis Rotativo | Grava\u00e7\u00e3o Eletrol\u00edtica | Gravador Eletrol\u00edtico | Riscagem | CNC | Laser de Grava\u00e7\u00e3o | Laser de Marca\u00e7\u00e3o | Maquinas para Grava\u00e7\u00e3o | Maquinas Eletroqu\u00edmicas | Maquinas de Micropuncionamento | Maquinas Laser | Grava\u00e7\u00e3o a Laser | Tipo | Grava\u00e7\u00e3o por Pontos | Gravador de Bancada | Gravador Port\u00e1til | Gravador Manual| Grava\u00e7\u00e3o escrita a punho | Micropuncionamento de Bancada | Micropuncionamento Port\u00e1til | Limpeza de Solda | Limpador de Solda | Datamatrix | Integra\u00e7\u00e3o | Grava\u00e7\u00e3o Permanente | Marca\u00e7\u00e3o Permanente | Datadores | Codificadores | tecnograv | Carimbos | Sistema de identifica\u00e7\u00e3o | Pirografo | Tampografia | Rastreabilidade | Gravador de metal | Gravador de metais | Gravador Eletroqu\u00edmico | Liquido de Grava\u00e7\u00e3o | Liquidos Gravadores | Matriz de Grava\u00e7\u00e3o | Papel de Grava\u00e7\u00e3o | Tela de Grava\u00e7\u00e3o | Tela de Silkscreen | Est\u00eancil de grava\u00e7\u00e3o | Stencil de Grava\u00e7\u00e3o | Micropontos | Puncionamento | Puncionadeira | Pun\u00e7\u00e3o | Numerador | Sinete | Micropuncionadeira | DOT PEEN","potentialAction":[{"@type":"SearchAction","target":{"@type":"EntryPoint","urlTemplate":"https:\/\/tecnigrav.com\/?s={search_term_string}"},"query-input":"required name=search_term_string"}],"inLanguage":"en-US"}]}},"_links":{"self":[{"href":"https:\/\/tecnigrav.com\/en\/wp-json\/wp\/v2\/product\/4550"}],"collection":[{"href":"https:\/\/tecnigrav.com\/en\/wp-json\/wp\/v2\/product"}],"about":[{"href":"https:\/\/tecnigrav.com\/en\/wp-json\/wp\/v2\/types\/product"}],"replies":[{"embeddable":true,"href":"https:\/\/tecnigrav.com\/en\/wp-json\/wp\/v2\/comments?post=4550"}],"wp:featuredmedia":[{"embeddable":true,"href":"https:\/\/tecnigrav.com\/en\/wp-json\/wp\/v2\/media\/4833"}],"wp:attachment":[{"href":"https:\/\/tecnigrav.com\/en\/wp-json\/wp\/v2\/media?parent=4550"}],"wp:term":[{"taxonomy":"product_cat","embeddable":true,"href":"https:\/\/tecnigrav.com\/en\/wp-json\/wp\/v2\/product_cat?post=4550"},{"taxonomy":"product_tag","embeddable":true,"href":"https:\/\/tecnigrav.com\/en\/wp-json\/wp\/v2\/product_tag?post=4550"}],"curies":[{"name":"wp","href":"https:\/\/api.w.org\/{rel}","templated":true}]}}