{"id":4571,"date":"2015-07-31T16:02:03","date_gmt":"2015-07-31T19:02:03","guid":{"rendered":"http:\/\/tecnigrav.com\/produto\/marksman-mh-95j-2\/"},"modified":"2015-07-31T16:02:03","modified_gmt":"2015-07-31T19:02:03","slug":"marksman-mh-95j-2","status":"publish","type":"product","link":"https:\/\/tecnigrav.com\/en\/product\/marksman-mh-95j-2\/","title":{"rendered":"Marksman MH-95J"},"content":{"rendered":"","protected":false},"excerpt":{"rendered":"<\/p>\n<p class=\"MsoNormal\"><span lang=\"EN-US\">CODE: MH95J<\/span><\/p>\n<p class=\"MsoNormal\"><span lang=\"EN-US\">Marking area: <span style=\"mso-tab-count: 1;\">&nbsp;&nbsp; <\/span>95X80 mm<\/span><\/p>\n<p class=\"MsoNormal\"><span lang=\"EN-US\">Dimensions with connectors;<span style=\"mso-tab-count: 1;\">&nbsp;&nbsp;&nbsp; <\/span>23cm(W) X 21cm(L) X 18cm(H)<\/span><\/p>\n<p class=\"MsoNormal\"><span lang=\"EN-US\">Weight:<span style=\"mso-tab-count: 1;\">&nbsp;&nbsp;&nbsp;&nbsp;&nbsp;&nbsp;&nbsp;&nbsp;&nbsp;&nbsp;&nbsp;&nbsp;&nbsp;&nbsp;&nbsp;&nbsp;&nbsp; <\/span> 15 Kg<\/span><\/p>\n<p class=\"MsoNormal\"><span lang=\"EN-US\">Control Unit : All available controllers<\/span><\/p>\n<p class=\"MsoNormal\"><span lang=\"EN-US\">Guarantee: 01 year<\/span><\/p>\n<p class=\"MsoNormal\"><strong><span lang=\"EN-US\">Features<\/span><\/strong><\/p>\n<p class=\"MsoNormal\"><span lang=\"EN-US\">Dot peen machines are capable of being integrated systems for production lines. These marking pins of systems are dedicated for integrators, who appreciate their compact design, reliability and speed of marking.<\/span><\/p>\n<p class=\"MsoNormal\"><span lang=\"EN-US\">These MH-95J machine are compact and was designed to be easily integrated on automated lines in whatever position you choose.<\/span><\/p>\n<p class=\"MsoNormal\"><span lang=\"EN-US\">It is easy to use and is suitable to mark parts of various shapes, irregular surfaces and materials.<\/span><\/p>\n<p class=\"MsoNormal\"><span lang=\"EN-US\">The internal components are protected by a cast aluminium and sliding bellows allowing continuous industrial use. It allows quick dot peen marking on all types of materials, from plastic to hardest steel (up to 65Hrc).<\/span><\/p>\n","protected":false},"featured_media":4372,"comment_status":"closed","ping_status":"closed","template":"","meta":[],"product_cat":[38,51],"product_tag":[],"yoast_head":"<!-- This site is optimized with the Yoast SEO plugin v20.6 - https:\/\/yoast.com\/wordpress\/plugins\/seo\/ -->\n<title>Marksman MH-95J - Tecnigrav Gravadores de Metais<\/title>\n<meta name=\"description\" content=\"CODE: MH95J Marking area: &nbsp;&nbsp; 95X80 mm Dimensions with connectors;&nbsp;&nbsp;&nbsp; 23cm(W) X 21cm(L) X 18cm(H) Weight:&nbsp;&nbsp;&nbsp;&nbsp;&nbsp;&nbsp;&nbsp;&nbsp;&nbsp;&nbsp;&nbsp;&nbsp;&nbsp;&nbsp;&nbsp;&nbsp;&nbsp; 15 Kg Control Unit : All available controllers Guarantee: 01 year Features Dot peen machines are capable of being integrated systems for production lines. These marking pins of systems are dedicated for integrators, who appreciate their compact design, reliability and speed of marking. These MH-95J machine are compact and was designed to be easily integrated on automated lines in whatever position you choose. It is easy to use and is suitable to mark parts of various shapes, irregular surfaces and materials. The internal components are protected by a cast aluminium and sliding bellows allowing continuous industrial use. It allows quick dot peen marking on all types of materials, from plastic to hardest steel (up to 65Hrc).\" \/>\n<meta name=\"robots\" content=\"index, follow, max-snippet:-1, max-image-preview:large, max-video-preview:-1\" \/>\n<link rel=\"canonical\" href=\"https:\/\/tecnigrav.com\/en\/product\/marksman-mh-95j-2\/\" \/>\n<meta property=\"og:locale\" content=\"en_US\" \/>\n<meta property=\"og:type\" content=\"article\" \/>\n<meta property=\"og:title\" content=\"Marksman MH-95J - Tecnigrav Gravadores de Metais\" \/>\n<meta property=\"og:description\" content=\"CODE: MH95J Marking area: &nbsp;&nbsp; 95X80 mm Dimensions with connectors;&nbsp;&nbsp;&nbsp; 23cm(W) X 21cm(L) X 18cm(H) Weight:&nbsp;&nbsp;&nbsp;&nbsp;&nbsp;&nbsp;&nbsp;&nbsp;&nbsp;&nbsp;&nbsp;&nbsp;&nbsp;&nbsp;&nbsp;&nbsp;&nbsp; 15 Kg Control Unit : All available controllers Guarantee: 01 year Features Dot peen machines are capable of being integrated systems for production lines. These marking pins of systems are dedicated for integrators, who appreciate their compact design, reliability and speed of marking. These MH-95J machine are compact and was designed to be easily integrated on automated lines in whatever position you choose. It is easy to use and is suitable to mark parts of various shapes, irregular surfaces and materials. The internal components are protected by a cast aluminium and sliding bellows allowing continuous industrial use. It allows quick dot peen marking on all types of materials, from plastic to hardest steel (up to 65Hrc).\" \/>\n<meta property=\"og:url\" content=\"https:\/\/tecnigrav.com\/en\/product\/marksman-mh-95j-2\/\" \/>\n<meta property=\"og:site_name\" content=\"Tecnigrav Gravadores de Metais\" \/>\n<meta property=\"article:publisher\" content=\"https:\/\/www.facebook.com\/Tecnigrav-Ind%c3%bastria-e-Com%c3%a9rcio-Ltda-151617301618854\/\" \/>\n<meta property=\"og:image\" content=\"https:\/\/tecnigrav.com\/wp-content\/uploads\/2015\/07\/marksman-mh-95j.jpg\" \/>\n\t<meta property=\"og:image:width\" content=\"800\" \/>\n\t<meta property=\"og:image:height\" content=\"451\" \/>\n\t<meta property=\"og:image:type\" content=\"image\/jpeg\" \/>\n<meta name=\"twitter:card\" content=\"summary_large_image\" \/>\n<script type=\"application\/ld+json\" class=\"yoast-schema-graph\">{\"@context\":\"https:\/\/schema.org\",\"@graph\":[{\"@type\":\"WebPage\",\"@id\":\"https:\/\/tecnigrav.com\/en\/product\/marksman-mh-95j-2\/\",\"url\":\"https:\/\/tecnigrav.com\/en\/product\/marksman-mh-95j-2\/\",\"name\":\"Marksman MH-95J - Tecnigrav Gravadores de Metais\",\"isPartOf\":{\"@id\":\"https:\/\/tecnigrav.com\/#website\"},\"datePublished\":\"2015-07-31T19:02:03+00:00\",\"dateModified\":\"2015-07-31T19:02:03+00:00\",\"description\":\"CODE: MH95J Marking area: &nbsp;&nbsp; 95X80 mm Dimensions with connectors;&nbsp;&nbsp;&nbsp; 23cm(W) X 21cm(L) X 18cm(H) Weight:&nbsp;&nbsp;&nbsp;&nbsp;&nbsp;&nbsp;&nbsp;&nbsp;&nbsp;&nbsp;&nbsp;&nbsp;&nbsp;&nbsp;&nbsp;&nbsp;&nbsp; 15 Kg Control Unit : All available controllers Guarantee: 01 year Features Dot peen machines are capable of being integrated systems for production lines. These marking pins of systems are dedicated for integrators, who appreciate their compact design, reliability and speed of marking. These MH-95J machine are compact and was designed to be easily integrated on automated lines in whatever position you choose. It is easy to use and is suitable to mark parts of various shapes, irregular surfaces and materials. The internal components are protected by a cast aluminium and sliding bellows allowing continuous industrial use. It allows quick dot peen marking on all types of materials, from plastic to hardest steel (up to 65Hrc).\",\"breadcrumb\":{\"@id\":\"https:\/\/tecnigrav.com\/en\/product\/marksman-mh-95j-2\/#breadcrumb\"},\"inLanguage\":\"en-US\",\"potentialAction\":[{\"@type\":\"ReadAction\",\"target\":[\"https:\/\/tecnigrav.com\/en\/product\/marksman-mh-95j-2\/\"]}]},{\"@type\":\"BreadcrumbList\",\"@id\":\"https:\/\/tecnigrav.com\/en\/product\/marksman-mh-95j-2\/#breadcrumb\",\"itemListElement\":[{\"@type\":\"ListItem\",\"position\":1,\"name\":\"In\u00edcio\",\"item\":\"https:\/\/tecnigrav.com\/en\/\"},{\"@type\":\"ListItem\",\"position\":2,\"name\":\"Equipamentos de grava\u00e7\u00e3o\",\"item\":\"https:\/\/tecnigrav.com\/equipamentos-de-gravacao\/\"},{\"@type\":\"ListItem\",\"position\":3,\"name\":\"Micro percussion\",\"item\":\"https:\/\/tecnigrav.com\/en\/sistemas-de-gravacao\/micro-percussion\/\"},{\"@type\":\"ListItem\",\"position\":4,\"name\":\"Micro percussion Integrable machines\",\"item\":\"https:\/\/tecnigrav.com\/en\/sistemas-de-gravacao\/micro-percussion\/integrable-machines\/\"},{\"@type\":\"ListItem\",\"position\":5,\"name\":\"Marksman MH-95J\"}]},{\"@type\":\"WebSite\",\"@id\":\"https:\/\/tecnigrav.com\/#website\",\"url\":\"https:\/\/tecnigrav.com\/\",\"name\":\"Tecnigrav Gravadores de Metais\",\"description\":\"Gravadores de Metais | Grava\u00e7\u00e3o em Metais | Micropuncionamento | Micropercuss\u00e3o | Grava\u00e7\u00e3o Eletroqu\u00edmica | Marca\u00e7\u00e3o de Pe\u00e7as | Grava\u00e7\u00e3o de Pe\u00e7as | Grava\u00e7\u00e3o de Ferramentas | Codifica\u00e7\u00e3o | Marca\u00e7\u00e3o em Metais | L\u00e1pis El\u00e9trico | Caneta El\u00e9trica | Caneta Rotativa | L\u00e1pis Rotativo | Grava\u00e7\u00e3o Eletrol\u00edtica | Gravador Eletrol\u00edtico | Riscagem | CNC | Laser de Grava\u00e7\u00e3o | Laser de Marca\u00e7\u00e3o | Maquinas para Grava\u00e7\u00e3o | Maquinas Eletroqu\u00edmicas | Maquinas de Micropuncionamento | Maquinas Laser | Grava\u00e7\u00e3o a Laser | Tipo | Grava\u00e7\u00e3o por Pontos | Gravador de Bancada | Gravador Port\u00e1til | Gravador Manual| Grava\u00e7\u00e3o escrita a punho | Micropuncionamento de Bancada | Micropuncionamento Port\u00e1til | Limpeza de Solda | Limpador de Solda | Datamatrix | Integra\u00e7\u00e3o | Grava\u00e7\u00e3o Permanente | Marca\u00e7\u00e3o Permanente | Datadores | Codificadores | tecnograv | Carimbos | Sistema de identifica\u00e7\u00e3o | Pirografo | Tampografia | Rastreabilidade | Gravador de metal | Gravador de metais | Gravador Eletroqu\u00edmico | Liquido de Grava\u00e7\u00e3o | Liquidos Gravadores | Matriz de Grava\u00e7\u00e3o | Papel de Grava\u00e7\u00e3o | Tela de Grava\u00e7\u00e3o | Tela de Silkscreen | Est\u00eancil de grava\u00e7\u00e3o | Stencil de Grava\u00e7\u00e3o | Micropontos | Puncionamento | Puncionadeira | Pun\u00e7\u00e3o | Numerador | Sinete | Micropuncionadeira | DOT PEEN\",\"potentialAction\":[{\"@type\":\"SearchAction\",\"target\":{\"@type\":\"EntryPoint\",\"urlTemplate\":\"https:\/\/tecnigrav.com\/?s={search_term_string}\"},\"query-input\":\"required name=search_term_string\"}],\"inLanguage\":\"en-US\"}]}<\/script>\n<!-- \/ Yoast SEO plugin. -->","yoast_head_json":{"title":"Marksman MH-95J - Tecnigrav Gravadores de Metais","description":"CODE: MH95J Marking area: &nbsp;&nbsp; 95X80 mm Dimensions with connectors;&nbsp;&nbsp;&nbsp; 23cm(W) X 21cm(L) X 18cm(H) Weight:&nbsp;&nbsp;&nbsp;&nbsp;&nbsp;&nbsp;&nbsp;&nbsp;&nbsp;&nbsp;&nbsp;&nbsp;&nbsp;&nbsp;&nbsp;&nbsp;&nbsp; 15 Kg Control Unit : All available controllers Guarantee: 01 year Features Dot peen machines are capable of being integrated systems for production lines. These marking pins of systems are dedicated for integrators, who appreciate their compact design, reliability and speed of marking. These MH-95J machine are compact and was designed to be easily integrated on automated lines in whatever position you choose. It is easy to use and is suitable to mark parts of various shapes, irregular surfaces and materials. The internal components are protected by a cast aluminium and sliding bellows allowing continuous industrial use. It allows quick dot peen marking on all types of materials, from plastic to hardest steel (up to 65Hrc).","robots":{"index":"index","follow":"follow","max-snippet":"max-snippet:-1","max-image-preview":"max-image-preview:large","max-video-preview":"max-video-preview:-1"},"canonical":"https:\/\/tecnigrav.com\/en\/product\/marksman-mh-95j-2\/","og_locale":"en_US","og_type":"article","og_title":"Marksman MH-95J - Tecnigrav Gravadores de Metais","og_description":"CODE: MH95J Marking area: &nbsp;&nbsp; 95X80 mm Dimensions with connectors;&nbsp;&nbsp;&nbsp; 23cm(W) X 21cm(L) X 18cm(H) Weight:&nbsp;&nbsp;&nbsp;&nbsp;&nbsp;&nbsp;&nbsp;&nbsp;&nbsp;&nbsp;&nbsp;&nbsp;&nbsp;&nbsp;&nbsp;&nbsp;&nbsp; 15 Kg Control Unit : All available controllers Guarantee: 01 year Features Dot peen machines are capable of being integrated systems for production lines. These marking pins of systems are dedicated for integrators, who appreciate their compact design, reliability and speed of marking. These MH-95J machine are compact and was designed to be easily integrated on automated lines in whatever position you choose. It is easy to use and is suitable to mark parts of various shapes, irregular surfaces and materials. The internal components are protected by a cast aluminium and sliding bellows allowing continuous industrial use. It allows quick dot peen marking on all types of materials, from plastic to hardest steel (up to 65Hrc).","og_url":"https:\/\/tecnigrav.com\/en\/product\/marksman-mh-95j-2\/","og_site_name":"Tecnigrav Gravadores de Metais","article_publisher":"https:\/\/www.facebook.com\/Tecnigrav-Ind%c3%bastria-e-Com%c3%a9rcio-Ltda-151617301618854\/","og_image":[{"width":800,"height":451,"url":"https:\/\/tecnigrav.com\/wp-content\/uploads\/2015\/07\/marksman-mh-95j.jpg","type":"image\/jpeg"}],"twitter_card":"summary_large_image","schema":{"@context":"https:\/\/schema.org","@graph":[{"@type":"WebPage","@id":"https:\/\/tecnigrav.com\/en\/product\/marksman-mh-95j-2\/","url":"https:\/\/tecnigrav.com\/en\/product\/marksman-mh-95j-2\/","name":"Marksman MH-95J - Tecnigrav Gravadores de Metais","isPartOf":{"@id":"https:\/\/tecnigrav.com\/#website"},"datePublished":"2015-07-31T19:02:03+00:00","dateModified":"2015-07-31T19:02:03+00:00","description":"CODE: MH95J Marking area: &nbsp;&nbsp; 95X80 mm Dimensions with connectors;&nbsp;&nbsp;&nbsp; 23cm(W) X 21cm(L) X 18cm(H) Weight:&nbsp;&nbsp;&nbsp;&nbsp;&nbsp;&nbsp;&nbsp;&nbsp;&nbsp;&nbsp;&nbsp;&nbsp;&nbsp;&nbsp;&nbsp;&nbsp;&nbsp; 15 Kg Control Unit : All available controllers Guarantee: 01 year Features Dot peen machines are capable of being integrated systems for production lines. These marking pins of systems are dedicated for integrators, who appreciate their compact design, reliability and speed of marking. These MH-95J machine are compact and was designed to be easily integrated on automated lines in whatever position you choose. It is easy to use and is suitable to mark parts of various shapes, irregular surfaces and materials. The internal components are protected by a cast aluminium and sliding bellows allowing continuous industrial use. It allows quick dot peen marking on all types of materials, from plastic to hardest steel (up to 65Hrc).","breadcrumb":{"@id":"https:\/\/tecnigrav.com\/en\/product\/marksman-mh-95j-2\/#breadcrumb"},"inLanguage":"en-US","potentialAction":[{"@type":"ReadAction","target":["https:\/\/tecnigrav.com\/en\/product\/marksman-mh-95j-2\/"]}]},{"@type":"BreadcrumbList","@id":"https:\/\/tecnigrav.com\/en\/product\/marksman-mh-95j-2\/#breadcrumb","itemListElement":[{"@type":"ListItem","position":1,"name":"In\u00edcio","item":"https:\/\/tecnigrav.com\/en\/"},{"@type":"ListItem","position":2,"name":"Equipamentos de grava\u00e7\u00e3o","item":"https:\/\/tecnigrav.com\/equipamentos-de-gravacao\/"},{"@type":"ListItem","position":3,"name":"Micro percussion","item":"https:\/\/tecnigrav.com\/en\/sistemas-de-gravacao\/micro-percussion\/"},{"@type":"ListItem","position":4,"name":"Micro percussion Integrable machines","item":"https:\/\/tecnigrav.com\/en\/sistemas-de-gravacao\/micro-percussion\/integrable-machines\/"},{"@type":"ListItem","position":5,"name":"Marksman MH-95J"}]},{"@type":"WebSite","@id":"https:\/\/tecnigrav.com\/#website","url":"https:\/\/tecnigrav.com\/","name":"Tecnigrav Gravadores de Metais","description":"Gravadores de Metais | Grava\u00e7\u00e3o em Metais | Micropuncionamento | Micropercuss\u00e3o | Grava\u00e7\u00e3o Eletroqu\u00edmica | Marca\u00e7\u00e3o de Pe\u00e7as | Grava\u00e7\u00e3o de Pe\u00e7as | Grava\u00e7\u00e3o de Ferramentas | Codifica\u00e7\u00e3o | Marca\u00e7\u00e3o em Metais | L\u00e1pis El\u00e9trico | Caneta El\u00e9trica | Caneta Rotativa | L\u00e1pis Rotativo | Grava\u00e7\u00e3o Eletrol\u00edtica | Gravador Eletrol\u00edtico | Riscagem | CNC | Laser de Grava\u00e7\u00e3o | Laser de Marca\u00e7\u00e3o | Maquinas para Grava\u00e7\u00e3o | Maquinas Eletroqu\u00edmicas | Maquinas de Micropuncionamento | Maquinas Laser | Grava\u00e7\u00e3o a Laser | Tipo | Grava\u00e7\u00e3o por Pontos | Gravador de Bancada | Gravador Port\u00e1til | Gravador Manual| Grava\u00e7\u00e3o escrita a punho | Micropuncionamento de Bancada | Micropuncionamento Port\u00e1til | Limpeza de Solda | Limpador de Solda | Datamatrix | Integra\u00e7\u00e3o | Grava\u00e7\u00e3o Permanente | Marca\u00e7\u00e3o Permanente | Datadores | Codificadores | tecnograv | Carimbos | Sistema de identifica\u00e7\u00e3o | Pirografo | Tampografia | Rastreabilidade | Gravador de metal | Gravador de metais | Gravador Eletroqu\u00edmico | Liquido de Grava\u00e7\u00e3o | Liquidos Gravadores | Matriz de Grava\u00e7\u00e3o | Papel de Grava\u00e7\u00e3o | Tela de Grava\u00e7\u00e3o | Tela de Silkscreen | Est\u00eancil de grava\u00e7\u00e3o | Stencil de Grava\u00e7\u00e3o | Micropontos | Puncionamento | Puncionadeira | Pun\u00e7\u00e3o | Numerador | Sinete | Micropuncionadeira | DOT PEEN","potentialAction":[{"@type":"SearchAction","target":{"@type":"EntryPoint","urlTemplate":"https:\/\/tecnigrav.com\/?s={search_term_string}"},"query-input":"required name=search_term_string"}],"inLanguage":"en-US"}]}},"_links":{"self":[{"href":"https:\/\/tecnigrav.com\/en\/wp-json\/wp\/v2\/product\/4571"}],"collection":[{"href":"https:\/\/tecnigrav.com\/en\/wp-json\/wp\/v2\/product"}],"about":[{"href":"https:\/\/tecnigrav.com\/en\/wp-json\/wp\/v2\/types\/product"}],"replies":[{"embeddable":true,"href":"https:\/\/tecnigrav.com\/en\/wp-json\/wp\/v2\/comments?post=4571"}],"wp:featuredmedia":[{"embeddable":true,"href":"https:\/\/tecnigrav.com\/en\/wp-json\/wp\/v2\/media\/4372"}],"wp:attachment":[{"href":"https:\/\/tecnigrav.com\/en\/wp-json\/wp\/v2\/media?parent=4571"}],"wp:term":[{"taxonomy":"product_cat","embeddable":true,"href":"https:\/\/tecnigrav.com\/en\/wp-json\/wp\/v2\/product_cat?post=4571"},{"taxonomy":"product_tag","embeddable":true,"href":"https:\/\/tecnigrav.com\/en\/wp-json\/wp\/v2\/product_tag?post=4571"}],"curies":[{"name":"wp","href":"https:\/\/api.w.org\/{rel}","templated":true}]}}