{"id":4575,"date":"2015-07-31T16:30:16","date_gmt":"2015-07-31T19:30:16","guid":{"rendered":"http:\/\/tecnigrav.com\/produto\/marksman-si-120-2\/"},"modified":"2015-07-31T16:30:16","modified_gmt":"2015-07-31T19:30:16","slug":"marksman-si-120-2","status":"publish","type":"product","link":"https:\/\/tecnigrav.com\/en\/product\/marksman-si-120-2\/","title":{"rendered":"Marksman SI-120"},"content":{"rendered":"","protected":false},"excerpt":{"rendered":"<\/p>\n<p class=\"MsoNormal\"><span lang=\"EN-US\">CODE: SI120<\/span><\/p>\n<p class=\"MsoNormal\"><span lang=\"EN-US\">Marking area: <span style=\"mso-tab-count: 1;\">&nbsp;&nbsp; <\/span>90&#215;80 mm<\/span><\/p>\n<p class=\"MsoNormal\"><span lang=\"EN-US\">Dimensions with connectors;<span style=\"mso-tab-count: 1;\">&nbsp;&nbsp;&nbsp; <\/span>28cm(width) X 22.5cm(Length) X 15.5cm(Height)<\/span><\/p>\n<p class=\"MsoNormal\"><span lang=\"EN-US\">Weight:<span style=\"mso-tab-count: 1;\">&nbsp;&nbsp;&nbsp;&nbsp;&nbsp;&nbsp;&nbsp;&nbsp;&nbsp;&nbsp;&nbsp;&nbsp;&nbsp;&nbsp;&nbsp;&nbsp;&nbsp; <\/span> 15 Kg<\/span><\/p>\n<p class=\"MsoNormal\"><span lang=\"EN-US\">Control Unit : All available controllers<\/span><span lang=\"EN-US\">&nbsp;<\/span><\/p>\n<p class=\"MsoNormal\"><span lang=\"EN-US\">Guarantee: 01 year<\/span><\/p>\n<p class=\"MsoNormal\"><strong><span lang=\"EN-US\">Features<\/span><\/strong><\/p>\n<p class=\"MsoNormal\"><span lang=\"EN-US\">SI-120 marked directly into the material-even the hardest steels-, the mark (text,digit, logo and 2D data matrix) is produced by a tungsten-carbide pin that penetrates and indents the surface. These scribers produce deep grooves to form continuous lines.<\/span><\/p>\n<p class=\"MsoNormal\"><span lang=\"EN-US\">Scribing marking machine is selected mostly for applications when noise level limitations are imposed.<\/span><\/p>\n<p class=\"MsoNormal\"><span lang=\"EN-US\">Deep marking of its marking depth is between 0.3mm upto 0.5 mm depending on the material of surface.<\/span><\/p>\n<p class=\"MsoNormal\"><span lang=\"EN-US\">For example, chassis marking on frame of vehicle could be considered noisy with a dot peen machine, whereas a pneumatic scribing machine could mark with less noise. It guarantees a permanent mark with the highest quality.<\/span><\/p>\n","protected":false},"featured_media":4356,"comment_status":"closed","ping_status":"closed","template":"","meta":[],"product_cat":[38,52],"product_tag":[],"yoast_head":"<!-- This site is optimized with the Yoast SEO plugin v20.6 - https:\/\/yoast.com\/wordpress\/plugins\/seo\/ -->\n<title>Marksman SI-120 - Tecnigrav Gravadores de Metais<\/title>\n<meta name=\"description\" content=\"CODE: SI120 Marking area: &nbsp;&nbsp; 90x80 mm Dimensions with connectors;&nbsp;&nbsp;&nbsp; 28cm(width) X 22.5cm(Length) X 15.5cm(Height) Weight:&nbsp;&nbsp;&nbsp;&nbsp;&nbsp;&nbsp;&nbsp;&nbsp;&nbsp;&nbsp;&nbsp;&nbsp;&nbsp;&nbsp;&nbsp;&nbsp;&nbsp; 15 Kg Control Unit : All available controllers&nbsp; Guarantee: 01 year Features SI-120 marked directly into the material-even the hardest steels-, the mark (text,digit, logo and 2D data matrix) is produced by a tungsten-carbide pin that penetrates and indents the surface. These scribers produce deep grooves to form continuous lines. Scribing marking machine is selected mostly for applications when noise level limitations are imposed. Deep marking of its marking depth is between 0.3mm upto 0.5 mm depending on the material of surface. For example, chassis marking on frame of vehicle could be considered noisy with a dot peen machine, whereas a pneumatic scribing machine could mark with less noise. It guarantees a permanent mark with the highest quality.\" \/>\n<meta name=\"robots\" content=\"index, follow, max-snippet:-1, max-image-preview:large, max-video-preview:-1\" \/>\n<link rel=\"canonical\" href=\"https:\/\/tecnigrav.com\/en\/product\/marksman-si-120-2\/\" \/>\n<meta property=\"og:locale\" content=\"en_US\" \/>\n<meta property=\"og:type\" content=\"article\" \/>\n<meta property=\"og:title\" content=\"Marksman SI-120 - Tecnigrav Gravadores de Metais\" \/>\n<meta property=\"og:description\" content=\"CODE: SI120 Marking area: &nbsp;&nbsp; 90x80 mm Dimensions with connectors;&nbsp;&nbsp;&nbsp; 28cm(width) X 22.5cm(Length) X 15.5cm(Height) Weight:&nbsp;&nbsp;&nbsp;&nbsp;&nbsp;&nbsp;&nbsp;&nbsp;&nbsp;&nbsp;&nbsp;&nbsp;&nbsp;&nbsp;&nbsp;&nbsp;&nbsp; 15 Kg Control Unit : All available controllers&nbsp; Guarantee: 01 year Features SI-120 marked directly into the material-even the hardest steels-, the mark (text,digit, logo and 2D data matrix) is produced by a tungsten-carbide pin that penetrates and indents the surface. These scribers produce deep grooves to form continuous lines. Scribing marking machine is selected mostly for applications when noise level limitations are imposed. Deep marking of its marking depth is between 0.3mm upto 0.5 mm depending on the material of surface. For example, chassis marking on frame of vehicle could be considered noisy with a dot peen machine, whereas a pneumatic scribing machine could mark with less noise. It guarantees a permanent mark with the highest quality.\" \/>\n<meta property=\"og:url\" content=\"https:\/\/tecnigrav.com\/en\/product\/marksman-si-120-2\/\" \/>\n<meta property=\"og:site_name\" content=\"Tecnigrav Gravadores de Metais\" \/>\n<meta property=\"article:publisher\" content=\"https:\/\/www.facebook.com\/Tecnigrav-Ind%c3%bastria-e-Com%c3%a9rcio-Ltda-151617301618854\/\" \/>\n<meta property=\"og:image\" content=\"https:\/\/tecnigrav.com\/wp-content\/uploads\/2015\/07\/marksman-si-120.jpg\" \/>\n\t<meta property=\"og:image:width\" content=\"800\" \/>\n\t<meta property=\"og:image:height\" content=\"457\" \/>\n\t<meta property=\"og:image:type\" content=\"image\/jpeg\" \/>\n<meta name=\"twitter:card\" content=\"summary_large_image\" \/>\n<script type=\"application\/ld+json\" class=\"yoast-schema-graph\">{\"@context\":\"https:\/\/schema.org\",\"@graph\":[{\"@type\":\"WebPage\",\"@id\":\"https:\/\/tecnigrav.com\/en\/product\/marksman-si-120-2\/\",\"url\":\"https:\/\/tecnigrav.com\/en\/product\/marksman-si-120-2\/\",\"name\":\"Marksman SI-120 - Tecnigrav Gravadores de Metais\",\"isPartOf\":{\"@id\":\"https:\/\/tecnigrav.com\/#website\"},\"datePublished\":\"2015-07-31T19:30:16+00:00\",\"dateModified\":\"2015-07-31T19:30:16+00:00\",\"description\":\"CODE: SI120 Marking area: &nbsp;&nbsp; 90x80 mm Dimensions with connectors;&nbsp;&nbsp;&nbsp; 28cm(width) X 22.5cm(Length) X 15.5cm(Height) Weight:&nbsp;&nbsp;&nbsp;&nbsp;&nbsp;&nbsp;&nbsp;&nbsp;&nbsp;&nbsp;&nbsp;&nbsp;&nbsp;&nbsp;&nbsp;&nbsp;&nbsp; 15 Kg Control Unit : All available controllers&nbsp; Guarantee: 01 year Features SI-120 marked directly into the material-even the hardest steels-, the mark (text,digit, logo and 2D data matrix) is produced by a tungsten-carbide pin that penetrates and indents the surface. These scribers produce deep grooves to form continuous lines. Scribing marking machine is selected mostly for applications when noise level limitations are imposed. Deep marking of its marking depth is between 0.3mm upto 0.5 mm depending on the material of surface. For example, chassis marking on frame of vehicle could be considered noisy with a dot peen machine, whereas a pneumatic scribing machine could mark with less noise. It guarantees a permanent mark with the highest quality.\",\"breadcrumb\":{\"@id\":\"https:\/\/tecnigrav.com\/en\/product\/marksman-si-120-2\/#breadcrumb\"},\"inLanguage\":\"en-US\",\"potentialAction\":[{\"@type\":\"ReadAction\",\"target\":[\"https:\/\/tecnigrav.com\/en\/product\/marksman-si-120-2\/\"]}]},{\"@type\":\"BreadcrumbList\",\"@id\":\"https:\/\/tecnigrav.com\/en\/product\/marksman-si-120-2\/#breadcrumb\",\"itemListElement\":[{\"@type\":\"ListItem\",\"position\":1,\"name\":\"In\u00edcio\",\"item\":\"https:\/\/tecnigrav.com\/en\/\"},{\"@type\":\"ListItem\",\"position\":2,\"name\":\"Equipamentos de grava\u00e7\u00e3o\",\"item\":\"https:\/\/tecnigrav.com\/equipamentos-de-gravacao\/\"},{\"@type\":\"ListItem\",\"position\":3,\"name\":\"Micro percussion\",\"item\":\"https:\/\/tecnigrav.com\/en\/sistemas-de-gravacao\/micro-percussion\/\"},{\"@type\":\"ListItem\",\"position\":4,\"name\":\"Micro percussion Scribing machines\",\"item\":\"https:\/\/tecnigrav.com\/en\/sistemas-de-gravacao\/micro-percussion\/scribing-machines\/\"},{\"@type\":\"ListItem\",\"position\":5,\"name\":\"Marksman SI-120\"}]},{\"@type\":\"WebSite\",\"@id\":\"https:\/\/tecnigrav.com\/#website\",\"url\":\"https:\/\/tecnigrav.com\/\",\"name\":\"Tecnigrav Gravadores de Metais\",\"description\":\"Gravadores de Metais | Grava\u00e7\u00e3o em Metais | Micropuncionamento | Micropercuss\u00e3o | Grava\u00e7\u00e3o Eletroqu\u00edmica | Marca\u00e7\u00e3o de Pe\u00e7as | Grava\u00e7\u00e3o de Pe\u00e7as | Grava\u00e7\u00e3o de Ferramentas | Codifica\u00e7\u00e3o | Marca\u00e7\u00e3o em Metais | L\u00e1pis El\u00e9trico | Caneta El\u00e9trica | Caneta Rotativa | L\u00e1pis Rotativo | Grava\u00e7\u00e3o Eletrol\u00edtica | Gravador Eletrol\u00edtico | Riscagem | CNC | Laser de Grava\u00e7\u00e3o | Laser de Marca\u00e7\u00e3o | Maquinas para Grava\u00e7\u00e3o | Maquinas Eletroqu\u00edmicas | Maquinas de Micropuncionamento | Maquinas Laser | Grava\u00e7\u00e3o a Laser | Tipo | Grava\u00e7\u00e3o por Pontos | Gravador de Bancada | Gravador Port\u00e1til | Gravador Manual| Grava\u00e7\u00e3o escrita a punho | Micropuncionamento de Bancada | Micropuncionamento Port\u00e1til | Limpeza de Solda | Limpador de Solda | Datamatrix | Integra\u00e7\u00e3o | Grava\u00e7\u00e3o Permanente | Marca\u00e7\u00e3o Permanente | Datadores | Codificadores | tecnograv | Carimbos | Sistema de identifica\u00e7\u00e3o | Pirografo | Tampografia | Rastreabilidade | Gravador de metal | Gravador de metais | Gravador Eletroqu\u00edmico | Liquido de Grava\u00e7\u00e3o | Liquidos Gravadores | Matriz de Grava\u00e7\u00e3o | Papel de Grava\u00e7\u00e3o | Tela de Grava\u00e7\u00e3o | Tela de Silkscreen | Est\u00eancil de grava\u00e7\u00e3o | Stencil de Grava\u00e7\u00e3o | Micropontos | Puncionamento | Puncionadeira | Pun\u00e7\u00e3o | Numerador | Sinete | Micropuncionadeira | DOT PEEN\",\"potentialAction\":[{\"@type\":\"SearchAction\",\"target\":{\"@type\":\"EntryPoint\",\"urlTemplate\":\"https:\/\/tecnigrav.com\/?s={search_term_string}\"},\"query-input\":\"required name=search_term_string\"}],\"inLanguage\":\"en-US\"}]}<\/script>\n<!-- \/ Yoast SEO plugin. -->","yoast_head_json":{"title":"Marksman SI-120 - Tecnigrav Gravadores de Metais","description":"CODE: SI120 Marking area: &nbsp;&nbsp; 90x80 mm Dimensions with connectors;&nbsp;&nbsp;&nbsp; 28cm(width) X 22.5cm(Length) X 15.5cm(Height) Weight:&nbsp;&nbsp;&nbsp;&nbsp;&nbsp;&nbsp;&nbsp;&nbsp;&nbsp;&nbsp;&nbsp;&nbsp;&nbsp;&nbsp;&nbsp;&nbsp;&nbsp; 15 Kg Control Unit : All available controllers&nbsp; Guarantee: 01 year Features SI-120 marked directly into the material-even the hardest steels-, the mark (text,digit, logo and 2D data matrix) is produced by a tungsten-carbide pin that penetrates and indents the surface. These scribers produce deep grooves to form continuous lines. Scribing marking machine is selected mostly for applications when noise level limitations are imposed. Deep marking of its marking depth is between 0.3mm upto 0.5 mm depending on the material of surface. For example, chassis marking on frame of vehicle could be considered noisy with a dot peen machine, whereas a pneumatic scribing machine could mark with less noise. It guarantees a permanent mark with the highest quality.","robots":{"index":"index","follow":"follow","max-snippet":"max-snippet:-1","max-image-preview":"max-image-preview:large","max-video-preview":"max-video-preview:-1"},"canonical":"https:\/\/tecnigrav.com\/en\/product\/marksman-si-120-2\/","og_locale":"en_US","og_type":"article","og_title":"Marksman SI-120 - Tecnigrav Gravadores de Metais","og_description":"CODE: SI120 Marking area: &nbsp;&nbsp; 90x80 mm Dimensions with connectors;&nbsp;&nbsp;&nbsp; 28cm(width) X 22.5cm(Length) X 15.5cm(Height) Weight:&nbsp;&nbsp;&nbsp;&nbsp;&nbsp;&nbsp;&nbsp;&nbsp;&nbsp;&nbsp;&nbsp;&nbsp;&nbsp;&nbsp;&nbsp;&nbsp;&nbsp; 15 Kg Control Unit : All available controllers&nbsp; Guarantee: 01 year Features SI-120 marked directly into the material-even the hardest steels-, the mark (text,digit, logo and 2D data matrix) is produced by a tungsten-carbide pin that penetrates and indents the surface. These scribers produce deep grooves to form continuous lines. Scribing marking machine is selected mostly for applications when noise level limitations are imposed. Deep marking of its marking depth is between 0.3mm upto 0.5 mm depending on the material of surface. For example, chassis marking on frame of vehicle could be considered noisy with a dot peen machine, whereas a pneumatic scribing machine could mark with less noise. It guarantees a permanent mark with the highest quality.","og_url":"https:\/\/tecnigrav.com\/en\/product\/marksman-si-120-2\/","og_site_name":"Tecnigrav Gravadores de Metais","article_publisher":"https:\/\/www.facebook.com\/Tecnigrav-Ind%c3%bastria-e-Com%c3%a9rcio-Ltda-151617301618854\/","og_image":[{"width":800,"height":457,"url":"https:\/\/tecnigrav.com\/wp-content\/uploads\/2015\/07\/marksman-si-120.jpg","type":"image\/jpeg"}],"twitter_card":"summary_large_image","schema":{"@context":"https:\/\/schema.org","@graph":[{"@type":"WebPage","@id":"https:\/\/tecnigrav.com\/en\/product\/marksman-si-120-2\/","url":"https:\/\/tecnigrav.com\/en\/product\/marksman-si-120-2\/","name":"Marksman SI-120 - Tecnigrav Gravadores de Metais","isPartOf":{"@id":"https:\/\/tecnigrav.com\/#website"},"datePublished":"2015-07-31T19:30:16+00:00","dateModified":"2015-07-31T19:30:16+00:00","description":"CODE: SI120 Marking area: &nbsp;&nbsp; 90x80 mm Dimensions with connectors;&nbsp;&nbsp;&nbsp; 28cm(width) X 22.5cm(Length) X 15.5cm(Height) Weight:&nbsp;&nbsp;&nbsp;&nbsp;&nbsp;&nbsp;&nbsp;&nbsp;&nbsp;&nbsp;&nbsp;&nbsp;&nbsp;&nbsp;&nbsp;&nbsp;&nbsp; 15 Kg Control Unit : All available controllers&nbsp; Guarantee: 01 year Features SI-120 marked directly into the material-even the hardest steels-, the mark (text,digit, logo and 2D data matrix) is produced by a tungsten-carbide pin that penetrates and indents the surface. These scribers produce deep grooves to form continuous lines. Scribing marking machine is selected mostly for applications when noise level limitations are imposed. Deep marking of its marking depth is between 0.3mm upto 0.5 mm depending on the material of surface. For example, chassis marking on frame of vehicle could be considered noisy with a dot peen machine, whereas a pneumatic scribing machine could mark with less noise. It guarantees a permanent mark with the highest quality.","breadcrumb":{"@id":"https:\/\/tecnigrav.com\/en\/product\/marksman-si-120-2\/#breadcrumb"},"inLanguage":"en-US","potentialAction":[{"@type":"ReadAction","target":["https:\/\/tecnigrav.com\/en\/product\/marksman-si-120-2\/"]}]},{"@type":"BreadcrumbList","@id":"https:\/\/tecnigrav.com\/en\/product\/marksman-si-120-2\/#breadcrumb","itemListElement":[{"@type":"ListItem","position":1,"name":"In\u00edcio","item":"https:\/\/tecnigrav.com\/en\/"},{"@type":"ListItem","position":2,"name":"Equipamentos de grava\u00e7\u00e3o","item":"https:\/\/tecnigrav.com\/equipamentos-de-gravacao\/"},{"@type":"ListItem","position":3,"name":"Micro percussion","item":"https:\/\/tecnigrav.com\/en\/sistemas-de-gravacao\/micro-percussion\/"},{"@type":"ListItem","position":4,"name":"Micro percussion Scribing machines","item":"https:\/\/tecnigrav.com\/en\/sistemas-de-gravacao\/micro-percussion\/scribing-machines\/"},{"@type":"ListItem","position":5,"name":"Marksman SI-120"}]},{"@type":"WebSite","@id":"https:\/\/tecnigrav.com\/#website","url":"https:\/\/tecnigrav.com\/","name":"Tecnigrav Gravadores de Metais","description":"Gravadores de Metais | Grava\u00e7\u00e3o em Metais | Micropuncionamento | Micropercuss\u00e3o | Grava\u00e7\u00e3o Eletroqu\u00edmica | Marca\u00e7\u00e3o de Pe\u00e7as | Grava\u00e7\u00e3o de Pe\u00e7as | Grava\u00e7\u00e3o de Ferramentas | Codifica\u00e7\u00e3o | Marca\u00e7\u00e3o em Metais | L\u00e1pis El\u00e9trico | Caneta El\u00e9trica | Caneta Rotativa | L\u00e1pis Rotativo | Grava\u00e7\u00e3o Eletrol\u00edtica | Gravador Eletrol\u00edtico | Riscagem | CNC | Laser de Grava\u00e7\u00e3o | Laser de Marca\u00e7\u00e3o | Maquinas para Grava\u00e7\u00e3o | Maquinas Eletroqu\u00edmicas | Maquinas de Micropuncionamento | Maquinas Laser | Grava\u00e7\u00e3o a Laser | Tipo | Grava\u00e7\u00e3o por Pontos | Gravador de Bancada | Gravador Port\u00e1til | Gravador Manual| Grava\u00e7\u00e3o escrita a punho | Micropuncionamento de Bancada | Micropuncionamento Port\u00e1til | Limpeza de Solda | Limpador de Solda | Datamatrix | Integra\u00e7\u00e3o | Grava\u00e7\u00e3o Permanente | Marca\u00e7\u00e3o Permanente | Datadores | Codificadores | tecnograv | Carimbos | Sistema de identifica\u00e7\u00e3o | Pirografo | Tampografia | Rastreabilidade | Gravador de metal | Gravador de metais | Gravador Eletroqu\u00edmico | Liquido de Grava\u00e7\u00e3o | Liquidos Gravadores | Matriz de Grava\u00e7\u00e3o | Papel de Grava\u00e7\u00e3o | Tela de Grava\u00e7\u00e3o | Tela de Silkscreen | Est\u00eancil de grava\u00e7\u00e3o | Stencil de Grava\u00e7\u00e3o | Micropontos | Puncionamento | Puncionadeira | Pun\u00e7\u00e3o | Numerador | Sinete | Micropuncionadeira | DOT PEEN","potentialAction":[{"@type":"SearchAction","target":{"@type":"EntryPoint","urlTemplate":"https:\/\/tecnigrav.com\/?s={search_term_string}"},"query-input":"required name=search_term_string"}],"inLanguage":"en-US"}]}},"_links":{"self":[{"href":"https:\/\/tecnigrav.com\/en\/wp-json\/wp\/v2\/product\/4575"}],"collection":[{"href":"https:\/\/tecnigrav.com\/en\/wp-json\/wp\/v2\/product"}],"about":[{"href":"https:\/\/tecnigrav.com\/en\/wp-json\/wp\/v2\/types\/product"}],"replies":[{"embeddable":true,"href":"https:\/\/tecnigrav.com\/en\/wp-json\/wp\/v2\/comments?post=4575"}],"wp:featuredmedia":[{"embeddable":true,"href":"https:\/\/tecnigrav.com\/en\/wp-json\/wp\/v2\/media\/4356"}],"wp:attachment":[{"href":"https:\/\/tecnigrav.com\/en\/wp-json\/wp\/v2\/media?parent=4575"}],"wp:term":[{"taxonomy":"product_cat","embeddable":true,"href":"https:\/\/tecnigrav.com\/en\/wp-json\/wp\/v2\/product_cat?post=4575"},{"taxonomy":"product_tag","embeddable":true,"href":"https:\/\/tecnigrav.com\/en\/wp-json\/wp\/v2\/product_tag?post=4575"}],"curies":[{"name":"wp","href":"https:\/\/api.w.org\/{rel}","templated":true}]}}