{"id":4593,"date":"2015-08-13T09:00:00","date_gmt":"2015-08-13T12:00:00","guid":{"rendered":"http:\/\/tecnigrav.com\/produto\/msm-lp-marking-kit\/"},"modified":"2016-01-13T21:32:53","modified_gmt":"2016-01-13T23:32:53","slug":"msm-lp-marking-kit","status":"publish","type":"product","link":"https:\/\/tecnigrav.com\/en\/product\/msm-lp-marking-kit\/","title":{"rendered":"MSM LP \u2013 MARKING KIT"},"content":{"rendered":"","protected":false},"excerpt":{"rendered":"<p>&nbsp;<\/p>\n<p class=\"MsoNormal\"><span lang=\"EN-US\">CODE: LP<\/span><\/p>\n<p class=\"MsoNormal\"><span lang=\"EN-US\">One hand holding the same as writing marked on any metals ( temperate or not, hard metal, steel) for induction<\/span><\/p>\n<p class=\"MsoNormal\"><span lang=\"EN-US\">Input Voltage 110 or 230V AC<\/span><\/p>\n<p class=\"MsoNormal\"><span lang=\"EN-US\">Guarantee: 2 Years<\/span><\/p>\n<p class=\"MsoNormal\"><strong><span lang=\"EN-US\">Features<\/span><\/strong><\/p>\n<p><span lang=\"EN-US\" style=\"font-size: 11.0pt; line-height: 115%; font-family: Calibri; mso-ascii-theme-font: minor-latin; mso-fareast-font-family: Calibri; mso-fareast-theme-font: minor-latin; mso-hansi-theme-font: minor-latin; mso-bidi-font-family: 'Times New Roman'; mso-bidi-theme-font: minor-bidi; mso-ansi-language: EN-US; mso-fareast-language: EN-US; mso-bidi-language: AR-SA;\">Writes on any metals ( temperate or not, hard metal, steel) <br \/><\/span><\/p>\n<\/p>\n<p class=\"MsoNormal\"><span lang=\"EN-US\">KIT CONTAINS<\/span><\/p>\n<p class=\"MsoNormal\"><span lang=\"EN-US\">&#8211; MSM LP Power Unit: 1 unit<\/span><\/p>\n<p class=\"MsoNormal\"><span lang=\"EN-US\">&#8211; LP(pen): 1 unit<\/span><\/p>\n<p class=\"MsoNormal\"><span lang=\"EN-US\">&#8211; Ground Plate<span style=\"mso-tab-count: 4;\">: <\/span>1 unit<\/span><\/p>\n","protected":false},"featured_media":4784,"comment_status":"closed","ping_status":"closed","template":"","meta":[],"product_cat":[46,39],"product_tag":[],"yoast_head":"<!-- This site is optimized with the Yoast SEO plugin v20.6 - https:\/\/yoast.com\/wordpress\/plugins\/seo\/ -->\n<title>MSM LP \u2013 MARKING KIT - Tecnigrav Gravadores de Metais<\/title>\n<meta name=\"description\" content=\"&nbsp; CODE: LP One hand holding the same as writing marked on any metals ( temperate or not, hard metal, steel) for induction Input Voltage 110 or 230V AC Guarantee: 2 Years Features Writes on any metals ( temperate or not, hard metal, steel)   KIT CONTAINS - MSM LP Power Unit: 1 unit - LP(pen): 1 unit - Ground Plate: 1 unit\" \/>\n<meta name=\"robots\" content=\"index, follow, max-snippet:-1, max-image-preview:large, max-video-preview:-1\" \/>\n<link rel=\"canonical\" href=\"https:\/\/tecnigrav.com\/en\/product\/msm-lp-marking-kit\/\" \/>\n<meta property=\"og:locale\" content=\"en_US\" \/>\n<meta property=\"og:type\" content=\"article\" \/>\n<meta property=\"og:title\" content=\"MSM LP \u2013 MARKING KIT - Tecnigrav Gravadores de Metais\" \/>\n<meta property=\"og:description\" content=\"&nbsp; CODE: LP One hand holding the same as writing marked on any metals ( temperate or not, hard metal, steel) for induction Input Voltage 110 or 230V AC Guarantee: 2 Years Features Writes on any metals ( temperate or not, hard metal, steel)   KIT CONTAINS - MSM LP Power Unit: 1 unit - LP(pen): 1 unit - Ground Plate: 1 unit\" \/>\n<meta property=\"og:url\" content=\"https:\/\/tecnigrav.com\/en\/product\/msm-lp-marking-kit\/\" \/>\n<meta property=\"og:site_name\" content=\"Tecnigrav Gravadores de Metais\" \/>\n<meta property=\"article:publisher\" content=\"https:\/\/www.facebook.com\/Tecnigrav-Ind%c3%bastria-e-Com%c3%a9rcio-Ltda-151617301618854\/\" \/>\n<meta property=\"article:modified_time\" content=\"2016-01-13T23:32:53+00:00\" \/>\n<meta property=\"og:image\" content=\"https:\/\/tecnigrav.com\/wp-content\/uploads\/2015\/08\/KIT-MSM-LP-e1478626946198.jpg\" \/>\n\t<meta property=\"og:image:width\" content=\"560\" \/>\n\t<meta property=\"og:image:height\" content=\"420\" \/>\n\t<meta property=\"og:image:type\" content=\"image\/jpeg\" \/>\n<meta name=\"twitter:card\" content=\"summary_large_image\" \/>\n<script type=\"application\/ld+json\" class=\"yoast-schema-graph\">{\"@context\":\"https:\/\/schema.org\",\"@graph\":[{\"@type\":\"WebPage\",\"@id\":\"https:\/\/tecnigrav.com\/en\/product\/msm-lp-marking-kit\/\",\"url\":\"https:\/\/tecnigrav.com\/en\/product\/msm-lp-marking-kit\/\",\"name\":\"MSM LP \u2013 MARKING KIT - Tecnigrav Gravadores de Metais\",\"isPartOf\":{\"@id\":\"https:\/\/tecnigrav.com\/#website\"},\"datePublished\":\"2015-08-13T12:00:00+00:00\",\"dateModified\":\"2016-01-13T23:32:53+00:00\",\"description\":\"&nbsp; CODE: LP One hand holding the same as writing marked on any metals ( temperate or not, hard metal, steel) for induction Input Voltage 110 or 230V AC Guarantee: 2 Years Features Writes on any metals ( temperate or not, hard metal, steel) KIT CONTAINS - MSM LP Power Unit: 1 unit - LP(pen): 1 unit - Ground Plate: 1 unit\",\"breadcrumb\":{\"@id\":\"https:\/\/tecnigrav.com\/en\/product\/msm-lp-marking-kit\/#breadcrumb\"},\"inLanguage\":\"en-US\",\"potentialAction\":[{\"@type\":\"ReadAction\",\"target\":[\"https:\/\/tecnigrav.com\/en\/product\/msm-lp-marking-kit\/\"]}]},{\"@type\":\"BreadcrumbList\",\"@id\":\"https:\/\/tecnigrav.com\/en\/product\/msm-lp-marking-kit\/#breadcrumb\",\"itemListElement\":[{\"@type\":\"ListItem\",\"position\":1,\"name\":\"In\u00edcio\",\"item\":\"https:\/\/tecnigrav.com\/en\/\"},{\"@type\":\"ListItem\",\"position\":2,\"name\":\"Equipamentos de grava\u00e7\u00e3o\",\"item\":\"https:\/\/tecnigrav.com\/equipamentos-de-gravacao\/\"},{\"@type\":\"ListItem\",\"position\":3,\"name\":\"Pencil Etching\",\"item\":\"https:\/\/tecnigrav.com\/en\/sistemas-de-gravacao\/pencil-etching\/\"},{\"@type\":\"ListItem\",\"position\":4,\"name\":\"Pencil\",\"item\":\"https:\/\/tecnigrav.com\/en\/sistemas-de-gravacao\/pencil-etching\/pencil\/\"},{\"@type\":\"ListItem\",\"position\":5,\"name\":\"MSM LP \u2013 MARKING KIT\"}]},{\"@type\":\"WebSite\",\"@id\":\"https:\/\/tecnigrav.com\/#website\",\"url\":\"https:\/\/tecnigrav.com\/\",\"name\":\"Tecnigrav Gravadores de Metais\",\"description\":\"Gravadores de Metais | Grava\u00e7\u00e3o em Metais | Micropuncionamento | Micropercuss\u00e3o | Grava\u00e7\u00e3o Eletroqu\u00edmica | Marca\u00e7\u00e3o de Pe\u00e7as | Grava\u00e7\u00e3o de Pe\u00e7as | Grava\u00e7\u00e3o de Ferramentas | Codifica\u00e7\u00e3o | Marca\u00e7\u00e3o em Metais | L\u00e1pis El\u00e9trico | Caneta El\u00e9trica | Caneta Rotativa | L\u00e1pis Rotativo | Grava\u00e7\u00e3o Eletrol\u00edtica | Gravador Eletrol\u00edtico | Riscagem | CNC | Laser de Grava\u00e7\u00e3o | Laser de Marca\u00e7\u00e3o | Maquinas para Grava\u00e7\u00e3o | Maquinas Eletroqu\u00edmicas | Maquinas de Micropuncionamento | Maquinas Laser | Grava\u00e7\u00e3o a Laser | Tipo | Grava\u00e7\u00e3o por Pontos | Gravador de Bancada | Gravador Port\u00e1til | Gravador Manual| Grava\u00e7\u00e3o escrita a punho | Micropuncionamento de Bancada | Micropuncionamento Port\u00e1til | Limpeza de Solda | Limpador de Solda | Datamatrix | Integra\u00e7\u00e3o | Grava\u00e7\u00e3o Permanente | Marca\u00e7\u00e3o Permanente | Datadores | Codificadores | tecnograv | Carimbos | Sistema de identifica\u00e7\u00e3o | Pirografo | Tampografia | Rastreabilidade | Gravador de metal | Gravador de metais | Gravador Eletroqu\u00edmico | Liquido de Grava\u00e7\u00e3o | Liquidos Gravadores | Matriz de Grava\u00e7\u00e3o | Papel de Grava\u00e7\u00e3o | Tela de Grava\u00e7\u00e3o | Tela de Silkscreen | Est\u00eancil de grava\u00e7\u00e3o | Stencil de Grava\u00e7\u00e3o | Micropontos | Puncionamento | Puncionadeira | Pun\u00e7\u00e3o | Numerador | Sinete | Micropuncionadeira | DOT PEEN\",\"potentialAction\":[{\"@type\":\"SearchAction\",\"target\":{\"@type\":\"EntryPoint\",\"urlTemplate\":\"https:\/\/tecnigrav.com\/?s={search_term_string}\"},\"query-input\":\"required name=search_term_string\"}],\"inLanguage\":\"en-US\"}]}<\/script>\n<!-- \/ Yoast SEO plugin. -->","yoast_head_json":{"title":"MSM LP \u2013 MARKING KIT - Tecnigrav Gravadores de Metais","description":"&nbsp; CODE: LP One hand holding the same as writing marked on any metals ( temperate or not, hard metal, steel) for induction Input Voltage 110 or 230V AC Guarantee: 2 Years Features Writes on any metals ( temperate or not, hard metal, steel)   KIT CONTAINS - MSM LP Power Unit: 1 unit - LP(pen): 1 unit - Ground Plate: 1 unit","robots":{"index":"index","follow":"follow","max-snippet":"max-snippet:-1","max-image-preview":"max-image-preview:large","max-video-preview":"max-video-preview:-1"},"canonical":"https:\/\/tecnigrav.com\/en\/product\/msm-lp-marking-kit\/","og_locale":"en_US","og_type":"article","og_title":"MSM LP \u2013 MARKING KIT - Tecnigrav Gravadores de Metais","og_description":"&nbsp; CODE: LP One hand holding the same as writing marked on any metals ( temperate or not, hard metal, steel) for induction Input Voltage 110 or 230V AC Guarantee: 2 Years Features Writes on any metals ( temperate or not, hard metal, steel)   KIT CONTAINS - MSM LP Power Unit: 1 unit - LP(pen): 1 unit - Ground Plate: 1 unit","og_url":"https:\/\/tecnigrav.com\/en\/product\/msm-lp-marking-kit\/","og_site_name":"Tecnigrav Gravadores de Metais","article_publisher":"https:\/\/www.facebook.com\/Tecnigrav-Ind%c3%bastria-e-Com%c3%a9rcio-Ltda-151617301618854\/","article_modified_time":"2016-01-13T23:32:53+00:00","og_image":[{"width":560,"height":420,"url":"https:\/\/tecnigrav.com\/wp-content\/uploads\/2015\/08\/KIT-MSM-LP-e1478626946198.jpg","type":"image\/jpeg"}],"twitter_card":"summary_large_image","schema":{"@context":"https:\/\/schema.org","@graph":[{"@type":"WebPage","@id":"https:\/\/tecnigrav.com\/en\/product\/msm-lp-marking-kit\/","url":"https:\/\/tecnigrav.com\/en\/product\/msm-lp-marking-kit\/","name":"MSM LP \u2013 MARKING KIT - Tecnigrav Gravadores de Metais","isPartOf":{"@id":"https:\/\/tecnigrav.com\/#website"},"datePublished":"2015-08-13T12:00:00+00:00","dateModified":"2016-01-13T23:32:53+00:00","description":"&nbsp; CODE: LP One hand holding the same as writing marked on any metals ( temperate or not, hard metal, steel) for induction Input Voltage 110 or 230V AC Guarantee: 2 Years Features Writes on any metals ( temperate or not, hard metal, steel) KIT CONTAINS - MSM LP Power Unit: 1 unit - LP(pen): 1 unit - Ground Plate: 1 unit","breadcrumb":{"@id":"https:\/\/tecnigrav.com\/en\/product\/msm-lp-marking-kit\/#breadcrumb"},"inLanguage":"en-US","potentialAction":[{"@type":"ReadAction","target":["https:\/\/tecnigrav.com\/en\/product\/msm-lp-marking-kit\/"]}]},{"@type":"BreadcrumbList","@id":"https:\/\/tecnigrav.com\/en\/product\/msm-lp-marking-kit\/#breadcrumb","itemListElement":[{"@type":"ListItem","position":1,"name":"In\u00edcio","item":"https:\/\/tecnigrav.com\/en\/"},{"@type":"ListItem","position":2,"name":"Equipamentos de grava\u00e7\u00e3o","item":"https:\/\/tecnigrav.com\/equipamentos-de-gravacao\/"},{"@type":"ListItem","position":3,"name":"Pencil Etching","item":"https:\/\/tecnigrav.com\/en\/sistemas-de-gravacao\/pencil-etching\/"},{"@type":"ListItem","position":4,"name":"Pencil","item":"https:\/\/tecnigrav.com\/en\/sistemas-de-gravacao\/pencil-etching\/pencil\/"},{"@type":"ListItem","position":5,"name":"MSM LP \u2013 MARKING KIT"}]},{"@type":"WebSite","@id":"https:\/\/tecnigrav.com\/#website","url":"https:\/\/tecnigrav.com\/","name":"Tecnigrav Gravadores de Metais","description":"Gravadores de Metais | Grava\u00e7\u00e3o em Metais | Micropuncionamento | Micropercuss\u00e3o | Grava\u00e7\u00e3o Eletroqu\u00edmica | Marca\u00e7\u00e3o de Pe\u00e7as | Grava\u00e7\u00e3o de Pe\u00e7as | Grava\u00e7\u00e3o de Ferramentas | Codifica\u00e7\u00e3o | Marca\u00e7\u00e3o em Metais | L\u00e1pis El\u00e9trico | Caneta El\u00e9trica | Caneta Rotativa | L\u00e1pis Rotativo | Grava\u00e7\u00e3o Eletrol\u00edtica | Gravador Eletrol\u00edtico | Riscagem | CNC | Laser de Grava\u00e7\u00e3o | Laser de Marca\u00e7\u00e3o | Maquinas para Grava\u00e7\u00e3o | Maquinas Eletroqu\u00edmicas | Maquinas de Micropuncionamento | Maquinas Laser | Grava\u00e7\u00e3o a Laser | Tipo | Grava\u00e7\u00e3o por Pontos | Gravador de Bancada | Gravador Port\u00e1til | Gravador Manual| Grava\u00e7\u00e3o escrita a punho | Micropuncionamento de Bancada | Micropuncionamento Port\u00e1til | Limpeza de Solda | Limpador de Solda | Datamatrix | Integra\u00e7\u00e3o | Grava\u00e7\u00e3o Permanente | Marca\u00e7\u00e3o Permanente | Datadores | Codificadores | tecnograv | Carimbos | Sistema de identifica\u00e7\u00e3o | Pirografo | Tampografia | Rastreabilidade | Gravador de metal | Gravador de metais | Gravador Eletroqu\u00edmico | Liquido de Grava\u00e7\u00e3o | Liquidos Gravadores | Matriz de Grava\u00e7\u00e3o | Papel de Grava\u00e7\u00e3o | Tela de Grava\u00e7\u00e3o | Tela de Silkscreen | Est\u00eancil de grava\u00e7\u00e3o | Stencil de Grava\u00e7\u00e3o | Micropontos | Puncionamento | Puncionadeira | Pun\u00e7\u00e3o | Numerador | Sinete | Micropuncionadeira | DOT PEEN","potentialAction":[{"@type":"SearchAction","target":{"@type":"EntryPoint","urlTemplate":"https:\/\/tecnigrav.com\/?s={search_term_string}"},"query-input":"required name=search_term_string"}],"inLanguage":"en-US"}]}},"_links":{"self":[{"href":"https:\/\/tecnigrav.com\/en\/wp-json\/wp\/v2\/product\/4593"}],"collection":[{"href":"https:\/\/tecnigrav.com\/en\/wp-json\/wp\/v2\/product"}],"about":[{"href":"https:\/\/tecnigrav.com\/en\/wp-json\/wp\/v2\/types\/product"}],"replies":[{"embeddable":true,"href":"https:\/\/tecnigrav.com\/en\/wp-json\/wp\/v2\/comments?post=4593"}],"wp:featuredmedia":[{"embeddable":true,"href":"https:\/\/tecnigrav.com\/en\/wp-json\/wp\/v2\/media\/4784"}],"wp:attachment":[{"href":"https:\/\/tecnigrav.com\/en\/wp-json\/wp\/v2\/media?parent=4593"}],"wp:term":[{"taxonomy":"product_cat","embeddable":true,"href":"https:\/\/tecnigrav.com\/en\/wp-json\/wp\/v2\/product_cat?post=4593"},{"taxonomy":"product_tag","embeddable":true,"href":"https:\/\/tecnigrav.com\/en\/wp-json\/wp\/v2\/product_tag?post=4593"}],"curies":[{"name":"wp","href":"https:\/\/api.w.org\/{rel}","templated":true}]}}