{"id":5068,"date":"2015-07-30T20:56:29","date_gmt":"2015-07-30T23:56:29","guid":{"rendered":"http:\/\/tecnigrav.com\/en\/?post_type=product&#038;p=5068"},"modified":"2019-09-04T15:29:15","modified_gmt":"2019-09-04T18:29:15","slug":"impress-paper","status":"publish","type":"product","link":"https:\/\/tecnigrav.com\/en\/product\/impress-paper\/","title":{"rendered":"Impress Paper"},"content":{"rendered":"","protected":false},"excerpt":{"rendered":"<h3>Code: T033 T050<\/h3>\n<p>This is an innovation in the marking system because<br \/>\nreplace white or blue stencil paper.<\/p>\n<p>Used in a specially adapted printer sold by Tecnigrav, it allows reproduction of Logos and Texts with good definition.<\/p>\n<p>Supplied in rolls:<br \/>\n58mm x 33mts<br \/>\n80mm x 50mts<\/p>\n<p>WARRANTY:<\/p>\n<h2 class=\"titulo3\">APPLICATIONS<\/h2>\n<p>Impress Paper used in all Portable Electrochemical Kit&#8217;s. Great for those who need to mark with logo and codes in small batches or unitary pieces. It can only be printed through the Impress System, which allows good definition.<\/p>\n<p>&nbsp;<\/p>\n","protected":false},"featured_media":4228,"comment_status":"closed","ping_status":"closed","template":"","meta":[],"product_cat":[43],"product_tag":[],"yoast_head":"<!-- This site is optimized with the Yoast SEO plugin v20.6 - https:\/\/yoast.com\/wordpress\/plugins\/seo\/ -->\n<title>Impress Paper - Tecnigrav Gravadores de Metais<\/title>\n<meta name=\"description\" content=\"Code: T033 T050 This is an innovation in the marking system because replace white or blue stencil paper.  Used in a specially adapted printer sold by Tecnigrav, it allows reproduction of Logos and Texts with good definition.  Supplied in rolls: 58mm x 33mts 80mm x 50mts  WARRANTY: APPLICATIONS Impress Paper used in all Portable Electrochemical Kit&#039;s. Great for those who need to mark with logo and codes in small batches or unitary pieces. It can only be printed through the Impress System, which allows good definition.  &nbsp;\" \/>\n<meta name=\"robots\" content=\"index, follow, max-snippet:-1, max-image-preview:large, max-video-preview:-1\" \/>\n<link rel=\"canonical\" href=\"https:\/\/tecnigrav.com\/en\/product\/impress-paper\/\" \/>\n<meta property=\"og:locale\" content=\"en_US\" \/>\n<meta property=\"og:type\" content=\"article\" \/>\n<meta property=\"og:title\" content=\"Impress Paper - Tecnigrav Gravadores de Metais\" \/>\n<meta property=\"og:description\" content=\"Code: T033 T050 This is an innovation in the marking system because replace white or blue stencil paper.  Used in a specially adapted printer sold by Tecnigrav, it allows reproduction of Logos and Texts with good definition.  Supplied in rolls: 58mm x 33mts 80mm x 50mts  WARRANTY: APPLICATIONS Impress Paper used in all Portable Electrochemical Kit&#039;s. Great for those who need to mark with logo and codes in small batches or unitary pieces. It can only be printed through the Impress System, which allows good definition.  &nbsp;\" \/>\n<meta property=\"og:url\" content=\"https:\/\/tecnigrav.com\/en\/product\/impress-paper\/\" \/>\n<meta property=\"og:site_name\" content=\"Tecnigrav Gravadores de Metais\" \/>\n<meta property=\"article:publisher\" content=\"https:\/\/www.facebook.com\/Tecnigrav-Ind%c3%bastria-e-Com%c3%a9rcio-Ltda-151617301618854\/\" \/>\n<meta property=\"article:modified_time\" content=\"2019-09-04T18:29:15+00:00\" \/>\n<meta property=\"og:image\" content=\"https:\/\/tecnigrav.com\/wp-content\/uploads\/2015\/07\/papel-de-grava\u00e7\u00e3o-impressa.jpg\" \/>\n\t<meta property=\"og:image:width\" content=\"320\" \/>\n\t<meta property=\"og:image:height\" content=\"239\" \/>\n\t<meta property=\"og:image:type\" content=\"image\/jpeg\" \/>\n<meta name=\"twitter:card\" content=\"summary_large_image\" \/>\n<script type=\"application\/ld+json\" class=\"yoast-schema-graph\">{\"@context\":\"https:\/\/schema.org\",\"@graph\":[{\"@type\":\"WebPage\",\"@id\":\"https:\/\/tecnigrav.com\/en\/product\/impress-paper\/\",\"url\":\"https:\/\/tecnigrav.com\/en\/product\/impress-paper\/\",\"name\":\"Impress Paper - Tecnigrav Gravadores de Metais\",\"isPartOf\":{\"@id\":\"https:\/\/tecnigrav.com\/#website\"},\"datePublished\":\"2015-07-30T23:56:29+00:00\",\"dateModified\":\"2019-09-04T18:29:15+00:00\",\"description\":\"Code: T033 T050 This is an innovation in the marking system because replace white or blue stencil paper. Used in a specially adapted printer sold by Tecnigrav, it allows reproduction of Logos and Texts with good definition. Supplied in rolls: 58mm x 33mts 80mm x 50mts WARRANTY: APPLICATIONS Impress Paper used in all Portable Electrochemical Kit's. Great for those who need to mark with logo and codes in small batches or unitary pieces. It can only be printed through the Impress System, which allows good definition. &nbsp;\",\"breadcrumb\":{\"@id\":\"https:\/\/tecnigrav.com\/en\/product\/impress-paper\/#breadcrumb\"},\"inLanguage\":\"en-US\",\"potentialAction\":[{\"@type\":\"ReadAction\",\"target\":[\"https:\/\/tecnigrav.com\/en\/product\/impress-paper\/\"]}]},{\"@type\":\"BreadcrumbList\",\"@id\":\"https:\/\/tecnigrav.com\/en\/product\/impress-paper\/#breadcrumb\",\"itemListElement\":[{\"@type\":\"ListItem\",\"position\":1,\"name\":\"In\u00edcio\",\"item\":\"https:\/\/tecnigrav.com\/en\/\"},{\"@type\":\"ListItem\",\"position\":2,\"name\":\"Equipamentos de grava\u00e7\u00e3o\",\"item\":\"https:\/\/tecnigrav.com\/equipamentos-de-gravacao\/\"},{\"@type\":\"ListItem\",\"position\":3,\"name\":\"Electro Chemical Etch\",\"item\":\"https:\/\/tecnigrav.com\/en\/sistemas-de-gravacao\/electro-chemical-etch\/\"},{\"@type\":\"ListItem\",\"position\":4,\"name\":\"Stencils\",\"item\":\"https:\/\/tecnigrav.com\/en\/sistemas-de-gravacao\/electro-chemical-etch\/stencils\/\"},{\"@type\":\"ListItem\",\"position\":5,\"name\":\"Impress Paper\"}]},{\"@type\":\"WebSite\",\"@id\":\"https:\/\/tecnigrav.com\/#website\",\"url\":\"https:\/\/tecnigrav.com\/\",\"name\":\"Tecnigrav Gravadores de Metais\",\"description\":\"Gravadores de Metais | Grava\u00e7\u00e3o em Metais | Micropuncionamento | Micropercuss\u00e3o | Grava\u00e7\u00e3o Eletroqu\u00edmica | Marca\u00e7\u00e3o de Pe\u00e7as | Grava\u00e7\u00e3o de Pe\u00e7as | Grava\u00e7\u00e3o de Ferramentas | Codifica\u00e7\u00e3o | Marca\u00e7\u00e3o em Metais | L\u00e1pis El\u00e9trico | Caneta El\u00e9trica | Caneta Rotativa | L\u00e1pis Rotativo | Grava\u00e7\u00e3o Eletrol\u00edtica | Gravador Eletrol\u00edtico | Riscagem | CNC | Laser de Grava\u00e7\u00e3o | Laser de Marca\u00e7\u00e3o | Maquinas para Grava\u00e7\u00e3o | Maquinas Eletroqu\u00edmicas | Maquinas de Micropuncionamento | Maquinas Laser | Grava\u00e7\u00e3o a Laser | Tipo | Grava\u00e7\u00e3o por Pontos | Gravador de Bancada | Gravador Port\u00e1til | Gravador Manual| Grava\u00e7\u00e3o escrita a punho | Micropuncionamento de Bancada | Micropuncionamento Port\u00e1til | Limpeza de Solda | Limpador de Solda | Datamatrix | Integra\u00e7\u00e3o | Grava\u00e7\u00e3o Permanente | Marca\u00e7\u00e3o Permanente | Datadores | Codificadores | tecnograv | Carimbos | Sistema de identifica\u00e7\u00e3o | Pirografo | Tampografia | Rastreabilidade | Gravador de metal | Gravador de metais | Gravador Eletroqu\u00edmico | Liquido de Grava\u00e7\u00e3o | Liquidos Gravadores | Matriz de Grava\u00e7\u00e3o | Papel de Grava\u00e7\u00e3o | Tela de Grava\u00e7\u00e3o | Tela de Silkscreen | Est\u00eancil de grava\u00e7\u00e3o | Stencil de Grava\u00e7\u00e3o | Micropontos | Puncionamento | Puncionadeira | Pun\u00e7\u00e3o | Numerador | Sinete | Micropuncionadeira | DOT PEEN\",\"potentialAction\":[{\"@type\":\"SearchAction\",\"target\":{\"@type\":\"EntryPoint\",\"urlTemplate\":\"https:\/\/tecnigrav.com\/?s={search_term_string}\"},\"query-input\":\"required name=search_term_string\"}],\"inLanguage\":\"en-US\"}]}<\/script>\n<!-- \/ Yoast SEO plugin. -->","yoast_head_json":{"title":"Impress Paper - Tecnigrav Gravadores de Metais","description":"Code: T033 T050 This is an innovation in the marking system because replace white or blue stencil paper.  Used in a specially adapted printer sold by Tecnigrav, it allows reproduction of Logos and Texts with good definition.  Supplied in rolls: 58mm x 33mts 80mm x 50mts  WARRANTY: APPLICATIONS Impress Paper used in all Portable Electrochemical Kit's. Great for those who need to mark with logo and codes in small batches or unitary pieces. It can only be printed through the Impress System, which allows good definition.  &nbsp;","robots":{"index":"index","follow":"follow","max-snippet":"max-snippet:-1","max-image-preview":"max-image-preview:large","max-video-preview":"max-video-preview:-1"},"canonical":"https:\/\/tecnigrav.com\/en\/product\/impress-paper\/","og_locale":"en_US","og_type":"article","og_title":"Impress Paper - Tecnigrav Gravadores de Metais","og_description":"Code: T033 T050 This is an innovation in the marking system because replace white or blue stencil paper.  Used in a specially adapted printer sold by Tecnigrav, it allows reproduction of Logos and Texts with good definition.  Supplied in rolls: 58mm x 33mts 80mm x 50mts  WARRANTY: APPLICATIONS Impress Paper used in all Portable Electrochemical Kit's. Great for those who need to mark with logo and codes in small batches or unitary pieces. It can only be printed through the Impress System, which allows good definition.  &nbsp;","og_url":"https:\/\/tecnigrav.com\/en\/product\/impress-paper\/","og_site_name":"Tecnigrav Gravadores de Metais","article_publisher":"https:\/\/www.facebook.com\/Tecnigrav-Ind%c3%bastria-e-Com%c3%a9rcio-Ltda-151617301618854\/","article_modified_time":"2019-09-04T18:29:15+00:00","og_image":[{"width":320,"height":239,"url":"https:\/\/tecnigrav.com\/wp-content\/uploads\/2015\/07\/papel-de-grava\u00e7\u00e3o-impressa.jpg","type":"image\/jpeg"}],"twitter_card":"summary_large_image","schema":{"@context":"https:\/\/schema.org","@graph":[{"@type":"WebPage","@id":"https:\/\/tecnigrav.com\/en\/product\/impress-paper\/","url":"https:\/\/tecnigrav.com\/en\/product\/impress-paper\/","name":"Impress Paper - Tecnigrav Gravadores de Metais","isPartOf":{"@id":"https:\/\/tecnigrav.com\/#website"},"datePublished":"2015-07-30T23:56:29+00:00","dateModified":"2019-09-04T18:29:15+00:00","description":"Code: T033 T050 This is an innovation in the marking system because replace white or blue stencil paper. Used in a specially adapted printer sold by Tecnigrav, it allows reproduction of Logos and Texts with good definition. Supplied in rolls: 58mm x 33mts 80mm x 50mts WARRANTY: APPLICATIONS Impress Paper used in all Portable Electrochemical Kit's. Great for those who need to mark with logo and codes in small batches or unitary pieces. It can only be printed through the Impress System, which allows good definition. &nbsp;","breadcrumb":{"@id":"https:\/\/tecnigrav.com\/en\/product\/impress-paper\/#breadcrumb"},"inLanguage":"en-US","potentialAction":[{"@type":"ReadAction","target":["https:\/\/tecnigrav.com\/en\/product\/impress-paper\/"]}]},{"@type":"BreadcrumbList","@id":"https:\/\/tecnigrav.com\/en\/product\/impress-paper\/#breadcrumb","itemListElement":[{"@type":"ListItem","position":1,"name":"In\u00edcio","item":"https:\/\/tecnigrav.com\/en\/"},{"@type":"ListItem","position":2,"name":"Equipamentos de grava\u00e7\u00e3o","item":"https:\/\/tecnigrav.com\/equipamentos-de-gravacao\/"},{"@type":"ListItem","position":3,"name":"Electro Chemical Etch","item":"https:\/\/tecnigrav.com\/en\/sistemas-de-gravacao\/electro-chemical-etch\/"},{"@type":"ListItem","position":4,"name":"Stencils","item":"https:\/\/tecnigrav.com\/en\/sistemas-de-gravacao\/electro-chemical-etch\/stencils\/"},{"@type":"ListItem","position":5,"name":"Impress Paper"}]},{"@type":"WebSite","@id":"https:\/\/tecnigrav.com\/#website","url":"https:\/\/tecnigrav.com\/","name":"Tecnigrav Gravadores de Metais","description":"Gravadores de Metais | Grava\u00e7\u00e3o em Metais | Micropuncionamento | Micropercuss\u00e3o | Grava\u00e7\u00e3o Eletroqu\u00edmica | Marca\u00e7\u00e3o de Pe\u00e7as | Grava\u00e7\u00e3o de Pe\u00e7as | Grava\u00e7\u00e3o de Ferramentas | Codifica\u00e7\u00e3o | Marca\u00e7\u00e3o em Metais | L\u00e1pis El\u00e9trico | Caneta El\u00e9trica | Caneta Rotativa | L\u00e1pis Rotativo | Grava\u00e7\u00e3o Eletrol\u00edtica | Gravador Eletrol\u00edtico | Riscagem | CNC | Laser de Grava\u00e7\u00e3o | Laser de Marca\u00e7\u00e3o | Maquinas para Grava\u00e7\u00e3o | Maquinas Eletroqu\u00edmicas | Maquinas de Micropuncionamento | Maquinas Laser | Grava\u00e7\u00e3o a Laser | Tipo | Grava\u00e7\u00e3o por Pontos | Gravador de Bancada | Gravador Port\u00e1til | Gravador Manual| Grava\u00e7\u00e3o escrita a punho | Micropuncionamento de Bancada | Micropuncionamento Port\u00e1til | Limpeza de Solda | Limpador de Solda | Datamatrix | Integra\u00e7\u00e3o | Grava\u00e7\u00e3o Permanente | Marca\u00e7\u00e3o Permanente | Datadores | Codificadores | tecnograv | Carimbos | Sistema de identifica\u00e7\u00e3o | Pirografo | Tampografia | Rastreabilidade | Gravador de metal | Gravador de metais | Gravador Eletroqu\u00edmico | Liquido de Grava\u00e7\u00e3o | Liquidos Gravadores | Matriz de Grava\u00e7\u00e3o | Papel de Grava\u00e7\u00e3o | Tela de Grava\u00e7\u00e3o | Tela de Silkscreen | Est\u00eancil de grava\u00e7\u00e3o | Stencil de Grava\u00e7\u00e3o | Micropontos | Puncionamento | Puncionadeira | Pun\u00e7\u00e3o | Numerador | Sinete | Micropuncionadeira | DOT PEEN","potentialAction":[{"@type":"SearchAction","target":{"@type":"EntryPoint","urlTemplate":"https:\/\/tecnigrav.com\/?s={search_term_string}"},"query-input":"required name=search_term_string"}],"inLanguage":"en-US"}]}},"_links":{"self":[{"href":"https:\/\/tecnigrav.com\/en\/wp-json\/wp\/v2\/product\/5068"}],"collection":[{"href":"https:\/\/tecnigrav.com\/en\/wp-json\/wp\/v2\/product"}],"about":[{"href":"https:\/\/tecnigrav.com\/en\/wp-json\/wp\/v2\/types\/product"}],"replies":[{"embeddable":true,"href":"https:\/\/tecnigrav.com\/en\/wp-json\/wp\/v2\/comments?post=5068"}],"wp:featuredmedia":[{"embeddable":true,"href":"https:\/\/tecnigrav.com\/en\/wp-json\/wp\/v2\/media\/4228"}],"wp:attachment":[{"href":"https:\/\/tecnigrav.com\/en\/wp-json\/wp\/v2\/media?parent=5068"}],"wp:term":[{"taxonomy":"product_cat","embeddable":true,"href":"https:\/\/tecnigrav.com\/en\/wp-json\/wp\/v2\/product_cat?post=5068"},{"taxonomy":"product_tag","embeddable":true,"href":"https:\/\/tecnigrav.com\/en\/wp-json\/wp\/v2\/product_tag?post=5068"}],"curies":[{"name":"wp","href":"https:\/\/api.w.org\/{rel}","templated":true}]}}