{"id":4147,"date":"2014-07-09T21:26:36","date_gmt":"2014-07-10T00:26:36","guid":{"rendered":"http:\/\/tecnigrav.com\/es\/?page_id=4147"},"modified":"2021-06-08T16:59:53","modified_gmt":"2021-06-08T19:59:53","slug":"homepage","status":"publish","type":"page","link":"https:\/\/tecnigrav.com\/es\/","title":{"rendered":"Homepage"},"content":{"rendered":"<p>[special_heading type=&#8221;h2&#8243;]NUESTROS PRODUCTOS[\/special_heading]<\/p>\n<p>[wpb-product-slider theme=&#8221;ben-box&#8221; title=&#8221;&#8221; autoplay=&#8221;false&#8221; orderby=&#8221;menu_order&#8221; order=&#8221;ASC&#8221; items=&#8221;3&#8243; product_type=&#8221;id&#8221; nav=&#8221;true&#8221; pagination=&#8221;false&#8221; posts=&#8221;6&#8243; id=&#8221;3624,3630,3636,3622,3761,3765&#8243; items_desktop=&#8221;3&#8243; items_desktop_small=&#8221;3&#8243; items_tablet=&#8221;2&#8243; items_mobile=&#8221;1&#8243; ]<\/p>\n<p>[gap size=&#8221;10px&#8221;]<\/p>\n<p>[wpb-product-slider theme=&#8221;ben-box&#8221; title=&#8221;&#8221; autoplay=&#8221;false&#8221; orderby=&#8221;menu_order&#8221; order=&#8221;ASC&#8221; items=&#8221;3&#8243; product_type=&#8221;id&#8221; nav=&#8221;true&#8221; pagination=&#8221;false&#8221; posts=&#8221;6&#8243; id=&#8221;5212,4892,5214,5213&#8243; items_desktop=&#8221;3&#8243; items_desktop_small=&#8221;3&#8243; items_tablet=&#8221;2&#8243; items_mobile=&#8221;1&#8243; ]<\/p>\n<p>[fullwidth background_color=&#8221;#f5f5f5&#8243; top_border=&#8221;yes&#8221; shadow=&#8221;no&#8221; parallax=&#8221;no&#8221; bottom_margin=&#8221;yes&#8221; padding_top=&#8221;20&#8243; padding_bottom=&#8221;19&#8243;]<br \/>\n[columns class=&#8221;center&#8221;]<\/p>\n<p>[columns]<br \/>\n[one_third]<\/p>\n<p>[icon size=&#8221;5&#8243; name=&#8221;fa-usd&#8221; color=&#8221;#2f69aa&#8221; background_color=&#8221;&#8221; color_on_hover=&#8221;#f47d71&#8243; background_color_on_hover=&#8221;&#8221; circled_background=&#8221;yes&#8221;]<\/p>\n<h4>Mejor Costo Beneficio<\/h4>\n<p>Ofrecemos alta calidad y bajo costo para servir a los mercados que requieren marcar sus productos, la reducci\u00f3n de los costos de producci\u00f3n del cliente<br \/>\n[\/one_third]<\/p>\n<p>[one_third]<\/p>\n<p>[icon size=&#8221;5&#8243; name=&#8221;fa-shield&#8221; color=&#8221;#2f69aa&#8221; background_color=&#8221;&#8221; color_on_hover=&#8221;#f47d71&#8243; background_color_on_hover=&#8221;&#8221; circled_background=&#8221;no&#8221;]<\/p>\n<h4>Alta precisi\u00f3n y calidad<\/h4>\n<p>La calidad Tecnigrav es reconocido por miles de usuarios , es tambi\u00e9n el resultado de la inversi\u00f3n en equipos de fabricaci\u00f3n y control de vanguardia<br \/>\n[\/one_third]<\/p>\n<p>[one_third]<\/p>\n<p>[icon size=&#8221;5&#8243; name=&#8221;fa-rocket&#8221; color=&#8221;#2f69aa&#8221; background_color=&#8221;&#8221; color_on_hover=&#8221;#f47d71&#8243; background_color_on_hover=&#8221;&#8221; circled_background=&#8221;no&#8221;]<\/p>\n<h4>100 % empresa brasile\u00f1a<\/h4>\n<p>Con m\u00e1s de 26 a\u00f1os en el sector de equipos para disparar metales, TECNIGRAV, una compa\u00f1\u00eda privada 100% brasile\u00f1a.<\/p>\n<p>[\/one_third]<br \/>\n[\/columns]<br \/>\n[\/columns]<br \/>\n[\/fullwidth]<\/p>\n<p>[fullwidth padding_top=&#8221;48&#8243; padding_bottom=&#8221;11&#8243; background_color=&#8221;&#8221; background_image=&#8221;&#8221; background_class=&#8221;white&#8221; top_border=&#8221;no&#8221; shadow=&#8221;yes&#8221; parallax=&#8221;&#8221; bottom_margin=&#8221;no&#8221;]<\/p>\n<p>[columns]<br \/>\n[clients title=&#8221;Nuestros clientes&#8221; title_size=&#8221;3&#8243;]<br \/>\n[one_fifth][client link=&#8221;&#8221; image_alt=&#8221;Image&#8221; image_url=&#8221;http:\/\/tecnigrav.com\/wp-content\/uploads\/2015\/08\/LOGO-PEPSICO.jpg&#8221;][\/client][\/one_fifth]<br \/>\n[one_fifth][client link=&#8221;&#8221; image_alt=&#8221;Image&#8221; image_url=&#8221;http:\/\/tecnigrav.com\/wp-content\/uploads\/2014\/07\/usiminas.png&#8221;][\/client][\/one_fifth]<br \/>\n[one_fifth][client link=&#8221;&#8221; image_alt=&#8221;Image&#8221; image_url=&#8221;http:\/\/tecnigrav.com\/wp-content\/uploads\/2015\/08\/LOGO-TRAMONTINA.jpg&#8221;][\/client][\/one_fifth]<br \/>\n[one_fifth][client link=&#8221;&#8221; image_alt=&#8221;Image&#8221; image_url=&#8221;http:\/\/tecnigrav.com\/wp-content\/uploads\/2015\/08\/LOGO-WHIRPOOL.jpg&#8221;][\/client][\/one_fifth]<br \/>\n[one_fifth][client link=&#8221;&#8221; image_alt=&#8221;Image&#8221; image_url=&#8221;http:\/\/tecnigrav.com\/wp-content\/uploads\/2015\/08\/logo-gm-tecnigrav-clientes.jpg&#8221;][\/client][\/one_fifth]<br \/>\n[\/columns]<br \/>\n[\/fullwidth]<br \/>\n[fullwidth padding_top=&#8221;e.g. 0&#8243; padding_bottom=&#8221;e.g. 0&#8243; background_color=&#8221;e.g. #fff&#8221; background_image=&#8221;Put Image Url&#8221; background_class=&#8221;e.g. white, brown, purple&#8221; top_border=&#8221;e.g. yes, no&#8221; shadow=&#8221;e.g. yes, no&#8221; parallax=&#8221;e.g. yes\/no&#8221; bottom_margin=&#8221;yes or no&#8221; background_position=&#8221;e.g. left top, left center, left bottom, right top, right center, right bottom, center top, center center, center bottom&#8221; background_repeat=&#8221;e.g. repeat, no-repeat, repeat-x, repeat-y&#8221; pattern=&#8221;e.g. 01, 02, 03, 04, 05, 06, 07, 08, 09, 10&#8243; opacity=&#8221;e.g. 0.10&#8243;]<br \/>\n[promobox pattern=&#8221;01&#8243; background_color=&#8221;#ff7200&#8243; fullwidth=&#8221;yes&#8221; bottom_margin=&#8221;no&#8221; top_margin=&#8221;yes&#8221;]<br \/>\n[slogan color=&#8221;#fff&#8221; size=&#8221;small&#8221;]Ofrecer los mejores productos para la marcaci\u00f3n de metal desde 1989.[\/slogan]<br \/>\n[button background=&#8221;#f5f5f5&#8243; color=&#8221;#28166f&#8221; size=&#8221;large&#8221; light=&#8221;yes&#8221; icon=&#8221;&#8221; open_in_new_window=&#8221;no&#8221; link=&#8221;https:\/\/tecnigrav.com\/es\/contacto\/&#8221;]Haga una cita[\/button]<br \/>\n[\/promobox]<br \/>\n[\/fullwidth]<\/p>\n","protected":false},"excerpt":{"rendered":"<p>[special_heading type=&#8221;h2&#8243;]NUESTROS PRODUCTOS[\/special_heading] [wpb-product-slider theme=&#8221;ben-box&#8221; title=&#8221;&#8221; autoplay=&#8221;false&#8221; orderby=&#8221;menu_order&#8221; order=&#8221;ASC&#8221; items=&#8221;3&#8243; product_type=&#8221;id&#8221; nav=&#8221;true&#8221; pagination=&#8221;false&#8221; posts=&#8221;6&#8243; id=&#8221;3624,3630,3636,3622,3761,3765&#8243; items_desktop=&#8221;3&#8243; items_desktop_small=&#8221;3&#8243; items_tablet=&#8221;2&#8243; items_mobile=&#8221;1&#8243; ] [gap size=&#8221;10px&#8221;] [wpb-product-slider theme=&#8221;ben-box&#8221; title=&#8221;&#8221; autoplay=&#8221;false&#8221; orderby=&#8221;menu_order&#8221; order=&#8221;ASC&#8221; items=&#8221;3&#8243; product_type=&#8221;id&#8221; nav=&#8221;true&#8221; pagination=&#8221;false&#8221; posts=&#8221;6&#8243; id=&#8221;5212,4892,5214,5213&#8243; items_desktop=&#8221;3&#8243; items_desktop_small=&#8221;3&#8243; items_tablet=&#8221;2&#8243; items_mobile=&#8221;1&#8243; ] [fullwidth background_color=&#8221;#f5f5f5&#8243; top_border=&#8221;yes&#8221; shadow=&#8221;no&#8221; parallax=&#8221;no&#8221; bottom_margin=&#8221;yes&#8221; padding_top=&#8221;20&#8243; padding_bottom=&#8221;19&#8243;] [columns class=&#8221;center&#8221;] [columns] [one_third] [icon size=&#8221;5&#8243; name=&#8221;fa-usd&#8221; color=&#8221;#2f69aa&#8221; [&hellip;]<\/p>\n","protected":false},"author":2,"featured_media":0,"parent":0,"menu_order":0,"comment_status":"closed","ping_status":"open","template":"","meta":[],"yoast_head":"<!-- This site is optimized with the Yoast SEO plugin v20.6 - https:\/\/yoast.com\/wordpress\/plugins\/seo\/ -->\n<title>Homepage - Tecnigrav Gravadores de Metais<\/title>\n<meta name=\"description\" content=\"NUESTROS PRODUCTOS Mejor Costo Beneficio Ofrecemos alta calidad y bajo costo para servir a los mercados que requieren marcar sus productos, la reducci\u00f3n\" \/>\n<meta name=\"robots\" content=\"index, follow, max-snippet:-1, max-image-preview:large, max-video-preview:-1\" \/>\n<link rel=\"canonical\" href=\"https:\/\/tecnigrav.com\/es\/\" \/>\n<meta property=\"og:locale\" content=\"es_ES\" \/>\n<meta property=\"og:type\" content=\"article\" \/>\n<meta property=\"og:title\" content=\"Homepage - Tecnigrav Gravadores de Metais\" \/>\n<meta property=\"og:description\" content=\"NUESTROS PRODUCTOS Mejor Costo Beneficio Ofrecemos alta calidad y bajo costo para servir a los mercados que requieren marcar sus productos, la reducci\u00f3n\" \/>\n<meta property=\"og:url\" content=\"https:\/\/tecnigrav.com\/es\/\" \/>\n<meta property=\"og:site_name\" content=\"Tecnigrav Gravadores de Metais\" \/>\n<meta property=\"article:publisher\" content=\"https:\/\/www.facebook.com\/Tecnigrav-Ind%c3%bastria-e-Com%c3%a9rcio-Ltda-151617301618854\/\" \/>\n<meta property=\"article:modified_time\" content=\"2021-06-08T19:59:53+00:00\" \/>\n<meta name=\"twitter:card\" content=\"summary_large_image\" \/>\n<meta name=\"twitter:label1\" content=\"Est. reading time\" \/>\n\t<meta name=\"twitter:data1\" content=\"3 minutes\" \/>\n<script type=\"application\/ld+json\" class=\"yoast-schema-graph\">{\"@context\":\"https:\/\/schema.org\",\"@graph\":[{\"@type\":\"WebPage\",\"@id\":\"https:\/\/tecnigrav.com\/es\/\",\"url\":\"https:\/\/tecnigrav.com\/es\/\",\"name\":\"Homepage - Tecnigrav Gravadores de Metais\",\"isPartOf\":{\"@id\":\"https:\/\/tecnigrav.com\/#website\"},\"datePublished\":\"2014-07-10T00:26:36+00:00\",\"dateModified\":\"2021-06-08T19:59:53+00:00\",\"description\":\"NUESTROS PRODUCTOS Mejor Costo Beneficio Ofrecemos alta calidad y bajo costo para servir a los mercados que requieren marcar sus productos, la reducci\u00f3n\",\"breadcrumb\":{\"@id\":\"https:\/\/tecnigrav.com\/es\/#breadcrumb\"},\"inLanguage\":\"es-ES\",\"potentialAction\":[{\"@type\":\"ReadAction\",\"target\":[\"https:\/\/tecnigrav.com\/es\/\"]}]},{\"@type\":\"BreadcrumbList\",\"@id\":\"https:\/\/tecnigrav.com\/es\/#breadcrumb\",\"itemListElement\":[{\"@type\":\"ListItem\",\"position\":1,\"name\":\"In\u00edcio\",\"item\":\"https:\/\/tecnigrav.com\/es\/\"},{\"@type\":\"ListItem\",\"position\":2,\"name\":\"Homepage\"}]},{\"@type\":\"WebSite\",\"@id\":\"https:\/\/tecnigrav.com\/#website\",\"url\":\"https:\/\/tecnigrav.com\/\",\"name\":\"Tecnigrav Gravadores de Metais\",\"description\":\"Gravadores de Metais | Grava\u00e7\u00e3o em Metais | Micropuncionamento | Micropercuss\u00e3o | Grava\u00e7\u00e3o Eletroqu\u00edmica | Marca\u00e7\u00e3o de Pe\u00e7as | Grava\u00e7\u00e3o de Pe\u00e7as | Grava\u00e7\u00e3o de Ferramentas | Codifica\u00e7\u00e3o | Marca\u00e7\u00e3o em Metais | L\u00e1pis El\u00e9trico | Caneta El\u00e9trica | Caneta Rotativa | L\u00e1pis Rotativo | Grava\u00e7\u00e3o Eletrol\u00edtica | Gravador Eletrol\u00edtico | Riscagem | CNC | Laser de Grava\u00e7\u00e3o | Laser de Marca\u00e7\u00e3o | Maquinas para Grava\u00e7\u00e3o | Maquinas Eletroqu\u00edmicas | Maquinas de Micropuncionamento | Maquinas Laser | Grava\u00e7\u00e3o a Laser | Tipo | Grava\u00e7\u00e3o por Pontos | Gravador de Bancada | Gravador Port\u00e1til | Gravador Manual| Grava\u00e7\u00e3o escrita a punho | Micropuncionamento de Bancada | Micropuncionamento Port\u00e1til | Limpeza de Solda | Limpador de Solda | Datamatrix | Integra\u00e7\u00e3o | Grava\u00e7\u00e3o Permanente | Marca\u00e7\u00e3o Permanente | Datadores | Codificadores | tecnograv | Carimbos | Sistema de identifica\u00e7\u00e3o | Pirografo | Tampografia | Rastreabilidade | Gravador de metal | Gravador de metais | Gravador Eletroqu\u00edmico | Liquido de Grava\u00e7\u00e3o | Liquidos Gravadores | Matriz de Grava\u00e7\u00e3o | Papel de Grava\u00e7\u00e3o | Tela de Grava\u00e7\u00e3o | Tela de Silkscreen | Est\u00eancil de grava\u00e7\u00e3o | Stencil de Grava\u00e7\u00e3o | Micropontos | Puncionamento | Puncionadeira | Pun\u00e7\u00e3o | Numerador | Sinete | Micropuncionadeira | DOT PEEN\",\"potentialAction\":[{\"@type\":\"SearchAction\",\"target\":{\"@type\":\"EntryPoint\",\"urlTemplate\":\"https:\/\/tecnigrav.com\/?s={search_term_string}\"},\"query-input\":\"required name=search_term_string\"}],\"inLanguage\":\"es-ES\"}]}<\/script>\n<!-- \/ Yoast SEO plugin. -->","yoast_head_json":{"title":"Homepage - Tecnigrav Gravadores de Metais","description":"NUESTROS PRODUCTOS Mejor Costo Beneficio Ofrecemos alta calidad y bajo costo para servir a los mercados que requieren marcar sus productos, la reducci\u00f3n","robots":{"index":"index","follow":"follow","max-snippet":"max-snippet:-1","max-image-preview":"max-image-preview:large","max-video-preview":"max-video-preview:-1"},"canonical":"https:\/\/tecnigrav.com\/es\/","og_locale":"es_ES","og_type":"article","og_title":"Homepage - Tecnigrav Gravadores de Metais","og_description":"NUESTROS PRODUCTOS Mejor Costo Beneficio Ofrecemos alta calidad y bajo costo para servir a los mercados que requieren marcar sus productos, la reducci\u00f3n","og_url":"https:\/\/tecnigrav.com\/es\/","og_site_name":"Tecnigrav Gravadores de Metais","article_publisher":"https:\/\/www.facebook.com\/Tecnigrav-Ind%c3%bastria-e-Com%c3%a9rcio-Ltda-151617301618854\/","article_modified_time":"2021-06-08T19:59:53+00:00","twitter_card":"summary_large_image","twitter_misc":{"Est. reading time":"3 minutes"},"schema":{"@context":"https:\/\/schema.org","@graph":[{"@type":"WebPage","@id":"https:\/\/tecnigrav.com\/es\/","url":"https:\/\/tecnigrav.com\/es\/","name":"Homepage - Tecnigrav Gravadores de Metais","isPartOf":{"@id":"https:\/\/tecnigrav.com\/#website"},"datePublished":"2014-07-10T00:26:36+00:00","dateModified":"2021-06-08T19:59:53+00:00","description":"NUESTROS PRODUCTOS Mejor Costo Beneficio Ofrecemos alta calidad y bajo costo para servir a los mercados que requieren marcar sus productos, la reducci\u00f3n","breadcrumb":{"@id":"https:\/\/tecnigrav.com\/es\/#breadcrumb"},"inLanguage":"es-ES","potentialAction":[{"@type":"ReadAction","target":["https:\/\/tecnigrav.com\/es\/"]}]},{"@type":"BreadcrumbList","@id":"https:\/\/tecnigrav.com\/es\/#breadcrumb","itemListElement":[{"@type":"ListItem","position":1,"name":"In\u00edcio","item":"https:\/\/tecnigrav.com\/es\/"},{"@type":"ListItem","position":2,"name":"Homepage"}]},{"@type":"WebSite","@id":"https:\/\/tecnigrav.com\/#website","url":"https:\/\/tecnigrav.com\/","name":"Tecnigrav Gravadores de Metais","description":"Gravadores de Metais | Grava\u00e7\u00e3o em Metais | Micropuncionamento | Micropercuss\u00e3o | Grava\u00e7\u00e3o Eletroqu\u00edmica | Marca\u00e7\u00e3o de Pe\u00e7as | Grava\u00e7\u00e3o de Pe\u00e7as | Grava\u00e7\u00e3o de Ferramentas | Codifica\u00e7\u00e3o | Marca\u00e7\u00e3o em Metais | L\u00e1pis El\u00e9trico | Caneta El\u00e9trica | Caneta Rotativa | L\u00e1pis Rotativo | Grava\u00e7\u00e3o Eletrol\u00edtica | Gravador Eletrol\u00edtico | Riscagem | CNC | Laser de Grava\u00e7\u00e3o | Laser de Marca\u00e7\u00e3o | Maquinas para Grava\u00e7\u00e3o | Maquinas Eletroqu\u00edmicas | Maquinas de Micropuncionamento | Maquinas Laser | Grava\u00e7\u00e3o a Laser | Tipo | Grava\u00e7\u00e3o por Pontos | Gravador de Bancada | Gravador Port\u00e1til | Gravador Manual| Grava\u00e7\u00e3o escrita a punho | Micropuncionamento de Bancada | Micropuncionamento Port\u00e1til | Limpeza de Solda | Limpador de Solda | Datamatrix | Integra\u00e7\u00e3o | Grava\u00e7\u00e3o Permanente | Marca\u00e7\u00e3o Permanente | Datadores | Codificadores | tecnograv | Carimbos | Sistema de identifica\u00e7\u00e3o | Pirografo | Tampografia | Rastreabilidade | Gravador de metal | Gravador de metais | Gravador Eletroqu\u00edmico | Liquido de Grava\u00e7\u00e3o | Liquidos Gravadores | Matriz de Grava\u00e7\u00e3o | Papel de Grava\u00e7\u00e3o | Tela de Grava\u00e7\u00e3o | Tela de Silkscreen | Est\u00eancil de grava\u00e7\u00e3o | Stencil de Grava\u00e7\u00e3o | Micropontos | Puncionamento | Puncionadeira | Pun\u00e7\u00e3o | Numerador | Sinete | Micropuncionadeira | DOT PEEN","potentialAction":[{"@type":"SearchAction","target":{"@type":"EntryPoint","urlTemplate":"https:\/\/tecnigrav.com\/?s={search_term_string}"},"query-input":"required name=search_term_string"}],"inLanguage":"es-ES"}]}},"_links":{"self":[{"href":"https:\/\/tecnigrav.com\/es\/wp-json\/wp\/v2\/pages\/4147"}],"collection":[{"href":"https:\/\/tecnigrav.com\/es\/wp-json\/wp\/v2\/pages"}],"about":[{"href":"https:\/\/tecnigrav.com\/es\/wp-json\/wp\/v2\/types\/page"}],"author":[{"embeddable":true,"href":"https:\/\/tecnigrav.com\/es\/wp-json\/wp\/v2\/users\/2"}],"replies":[{"embeddable":true,"href":"https:\/\/tecnigrav.com\/es\/wp-json\/wp\/v2\/comments?post=4147"}],"version-history":[{"count":11,"href":"https:\/\/tecnigrav.com\/es\/wp-json\/wp\/v2\/pages\/4147\/revisions"}],"predecessor-version":[{"id":5215,"href":"https:\/\/tecnigrav.com\/es\/wp-json\/wp\/v2\/pages\/4147\/revisions\/5215"}],"wp:attachment":[{"href":"https:\/\/tecnigrav.com\/es\/wp-json\/wp\/v2\/media?parent=4147"}],"curies":[{"name":"wp","href":"https:\/\/api.w.org\/{rel}","templated":true}]}}