{"id":4153,"date":"2015-08-03T14:27:48","date_gmt":"2015-08-03T17:27:48","guid":{"rendered":"http:\/\/tecnigrav.com\/es\/?page_id=4153"},"modified":"2016-02-26T17:53:36","modified_gmt":"2016-02-26T20:53:36","slug":"sistemas-de-marcado","status":"publish","type":"page","link":"https:\/\/tecnigrav.com\/es\/sistemas-de-marcado\/","title":{"rendered":"Sistemas de Marcado"},"content":{"rendered":"<p>TECNIGRAV siempre est\u00e1 dando apoyo a sus clientes en la b\u00fasqueda de la mejor relaci\u00f3n costo- efectiva en equipos en los metales y piezas generales para la identificaci\u00f3n industrial y trazabilidad que marca desde 1989.<\/p>\n<p>Ofreciendo una amplia gama de productos tales como, electroqu\u00edmicos y Micropuncionamentograbadoras, TECNIGRAV ha revolucionado marcando el directo en partes a trav\u00e9s del desarrollo de equipo de marcado , lo que simplifica la integraci\u00f3n con el fin de ahorrar tiempo y dinero en el proceso de fabricaci\u00f3n.<\/p>\n<p>El TECNIGRAV obras que buscan lo mejor para sus clientes , para determinar el mejor equipo, la mejor aplicaci\u00f3n, y el mejor software, asegur\u00e1ndose de que los productos que ofrecemos son ideales para las aplicaciones requeridas, con el fin de ahorrar tiempo, dinero y frustraci\u00f3n, es decir, pensando en el mejor valor.<\/p>\n<p>[one_fourth]<center><img decoding=\"async\" src=\"http:\/\/tecnigrav.com\/wp-content\/uploads\/2015\/07\/kit-msm-compact-100-img-product1-150x150.jpg\" alt=\"kit-msm-compact-100-img-product1\" width=\"150\" height=\"150\" class=\"alignnone size-thumbnail wp-image-3904\" \/><br \/>[button color=&#8221;e.g. green, turquoise, light-blue, blue, purple, pink, red, orange, yellow, brown, custom&#8221; size=&#8221;e.g. default, small, large&#8221; light=&#8221;e.g. yes, no&#8221;  link=&#8221;https:\/\/tecnigrav.com\/es\/sistemas-de-marcado\/electro-chemical-etch\/&#8221;]Grabado electrol\u00edtico Etch[\/button]<\/center>[\/one_fourth][one_fourth]<center><img decoding=\"async\" src=\"http:\/\/tecnigrav.com\/wp-content\/uploads\/2015\/07\/marksman-mk-200b2-054-produto-img-150x150.jpg\" alt=\"marksman-mk-200b2-054-produto-img\" width=\"150\" height=\"150\" class=\"alignnone size-thumbnail wp-image-3970\" \/><br \/>[button color=&#8221;e.g. green, turquoise, light-blue, blue, purple, pink, red, orange, yellow, brown, custom&#8221; size=&#8221;e.g. default, small, large&#8221; light=&#8221;e.g. yes, no&#8221;  link=&#8221;https:\/\/tecnigrav.com\/es\/sistemas-de-marcado\/micro-percussion\/&#8221;]Micropercusi\u00f3n[\/button]<\/center>[\/one_fourth][one_fourth]<center><img decoding=\"async\" src=\"http:\/\/tecnigrav.com\/wp-content\/uploads\/2015\/07\/kit-lapis-microtec-tecnigrav-produtos11-150x150.jpg\" alt=\"kit-lapis-microtec-tecnigrav-produtos1\" width=\"150\" height=\"150\" class=\"alignnone size-thumbnail wp-image-3923\" \/><br \/>[button color=&#8221;e.g. green, turquoise, light-blue, blue, purple, pink, red, orange, yellow, brown, custom&#8221; size=&#8221;e.g. default, small, large&#8221; light=&#8221;e.g. yes, no&#8221;  link=&#8221;https:\/\/tecnigrav.com\/es\/sistemas-de-marcado\/pencil-etching\/&#8221;]Grabado Pluma[\/button]<\/center>[\/one_fourth][one_fourth]<center><img loading=\"lazy\" decoding=\"async\" src=\"http:\/\/tecnigrav.com\/wp-content\/uploads\/2015\/07\/kit-limpsolda-inox-tecnigrav-produto1-150x150.jpg\" alt=\"kit-limpsolda-inox-tecnigrav-produto1\" width=\"150\" height=\"150\" class=\"alignnone size-thumbnail wp-image-3936\" \/><br \/>[button color=&#8221;e.g. green, turquoise, light-blue, blue, purple, pink, red, orange, yellow, brown, custom&#8221; size=&#8221;e.g. default, small, large&#8221; light=&#8221;e.g. yes, no&#8221;  link=&#8221;https:\/\/tecnigrav.com\/es\/sistemas-de-marcado\/weld-cleaning\/&#8221;]Limpieza de soldadura[\/button]<\/center>[\/one_fourth]<\/p>\n","protected":false},"excerpt":{"rendered":"<p>TECNIGRAV siempre est\u00e1 dando apoyo a sus clientes en la b\u00fasqueda de la mejor relaci\u00f3n costo- efectiva en equipos en los metales y piezas generales para la identificaci\u00f3n industrial y trazabilidad que marca desde 1989. Ofreciendo una amplia gama de productos tales como, electroqu\u00edmicos y Micropuncionamentograbadoras, TECNIGRAV ha revolucionado marcando el directo en partes a [&hellip;]<\/p>\n","protected":false},"author":2,"featured_media":0,"parent":0,"menu_order":0,"comment_status":"closed","ping_status":"closed","template":"","meta":[],"yoast_head":"<!-- This site is optimized with the Yoast SEO plugin v20.6 - https:\/\/yoast.com\/wordpress\/plugins\/seo\/ -->\n<title>Sistemas de Marcado - Tecnigrav Gravadores de Metais<\/title>\n<meta name=\"description\" content=\"TECNIGRAV siempre est\u00e1 dando apoyo a sus clientes en la b\u00fasqueda de la mejor relaci\u00f3n costo- efectiva en equipos en los metales y piezas generales para la\" \/>\n<meta name=\"robots\" content=\"index, follow, max-snippet:-1, max-image-preview:large, max-video-preview:-1\" \/>\n<link rel=\"canonical\" href=\"https:\/\/tecnigrav.com\/es\/sistemas-de-marcado\/\" \/>\n<meta property=\"og:locale\" content=\"es_ES\" \/>\n<meta property=\"og:type\" content=\"article\" \/>\n<meta property=\"og:title\" content=\"Sistemas de Marcado - Tecnigrav Gravadores de Metais\" \/>\n<meta property=\"og:description\" content=\"TECNIGRAV siempre est\u00e1 dando apoyo a sus clientes en la b\u00fasqueda de la mejor relaci\u00f3n costo- efectiva en equipos en los metales y piezas generales para la\" \/>\n<meta property=\"og:url\" content=\"https:\/\/tecnigrav.com\/es\/sistemas-de-marcado\/\" \/>\n<meta property=\"og:site_name\" content=\"Tecnigrav Gravadores de Metais\" \/>\n<meta property=\"article:publisher\" content=\"https:\/\/www.facebook.com\/Tecnigrav-Ind%c3%bastria-e-Com%c3%a9rcio-Ltda-151617301618854\/\" \/>\n<meta property=\"article:modified_time\" content=\"2016-02-26T20:53:36+00:00\" \/>\n<meta property=\"og:image\" content=\"http:\/\/tecnigrav.com\/wp-content\/uploads\/2015\/07\/kit-msm-compact-100-img-product1-150x150.jpg\" \/>\n<meta name=\"twitter:card\" content=\"summary_large_image\" \/>\n<meta name=\"twitter:label1\" content=\"Est. reading time\" \/>\n\t<meta name=\"twitter:data1\" content=\"2 minutes\" \/>\n<script type=\"application\/ld+json\" class=\"yoast-schema-graph\">{\"@context\":\"https:\/\/schema.org\",\"@graph\":[{\"@type\":\"WebPage\",\"@id\":\"https:\/\/tecnigrav.com\/es\/sistemas-de-marcado\/\",\"url\":\"https:\/\/tecnigrav.com\/es\/sistemas-de-marcado\/\",\"name\":\"Sistemas de Marcado - Tecnigrav Gravadores de Metais\",\"isPartOf\":{\"@id\":\"https:\/\/tecnigrav.com\/#website\"},\"datePublished\":\"2015-08-03T17:27:48+00:00\",\"dateModified\":\"2016-02-26T20:53:36+00:00\",\"description\":\"TECNIGRAV siempre est\u00e1 dando apoyo a sus clientes en la b\u00fasqueda de la mejor relaci\u00f3n costo- efectiva en equipos en los metales y piezas generales para la\",\"breadcrumb\":{\"@id\":\"https:\/\/tecnigrav.com\/es\/sistemas-de-marcado\/#breadcrumb\"},\"inLanguage\":\"es-ES\",\"potentialAction\":[{\"@type\":\"ReadAction\",\"target\":[\"https:\/\/tecnigrav.com\/es\/sistemas-de-marcado\/\"]}]},{\"@type\":\"BreadcrumbList\",\"@id\":\"https:\/\/tecnigrav.com\/es\/sistemas-de-marcado\/#breadcrumb\",\"itemListElement\":[{\"@type\":\"ListItem\",\"position\":1,\"name\":\"In\u00edcio\",\"item\":\"https:\/\/tecnigrav.com\/es\/\"},{\"@type\":\"ListItem\",\"position\":2,\"name\":\"Sistemas de Marcado\"}]},{\"@type\":\"WebSite\",\"@id\":\"https:\/\/tecnigrav.com\/#website\",\"url\":\"https:\/\/tecnigrav.com\/\",\"name\":\"Tecnigrav Gravadores de Metais\",\"description\":\"Gravadores de Metais | Grava\u00e7\u00e3o em Metais | Micropuncionamento | Micropercuss\u00e3o | Grava\u00e7\u00e3o Eletroqu\u00edmica | Marca\u00e7\u00e3o de Pe\u00e7as | Grava\u00e7\u00e3o de Pe\u00e7as | Grava\u00e7\u00e3o de Ferramentas | Codifica\u00e7\u00e3o | Marca\u00e7\u00e3o em Metais | L\u00e1pis El\u00e9trico | Caneta El\u00e9trica | Caneta Rotativa | L\u00e1pis Rotativo | Grava\u00e7\u00e3o Eletrol\u00edtica | Gravador Eletrol\u00edtico | Riscagem | CNC | Laser de Grava\u00e7\u00e3o | Laser de Marca\u00e7\u00e3o | Maquinas para Grava\u00e7\u00e3o | Maquinas Eletroqu\u00edmicas | Maquinas de Micropuncionamento | Maquinas Laser | Grava\u00e7\u00e3o a Laser | Tipo | Grava\u00e7\u00e3o por Pontos | Gravador de Bancada | Gravador Port\u00e1til | Gravador Manual| Grava\u00e7\u00e3o escrita a punho | Micropuncionamento de Bancada | Micropuncionamento Port\u00e1til | Limpeza de Solda | Limpador de Solda | Datamatrix | Integra\u00e7\u00e3o | Grava\u00e7\u00e3o Permanente | Marca\u00e7\u00e3o Permanente | Datadores | Codificadores | tecnograv | Carimbos | Sistema de identifica\u00e7\u00e3o | Pirografo | Tampografia | Rastreabilidade | Gravador de metal | Gravador de metais | Gravador Eletroqu\u00edmico | Liquido de Grava\u00e7\u00e3o | Liquidos Gravadores | Matriz de Grava\u00e7\u00e3o | Papel de Grava\u00e7\u00e3o | Tela de Grava\u00e7\u00e3o | Tela de Silkscreen | Est\u00eancil de grava\u00e7\u00e3o | Stencil de Grava\u00e7\u00e3o | Micropontos | Puncionamento | Puncionadeira | Pun\u00e7\u00e3o | Numerador | Sinete | Micropuncionadeira | DOT PEEN\",\"potentialAction\":[{\"@type\":\"SearchAction\",\"target\":{\"@type\":\"EntryPoint\",\"urlTemplate\":\"https:\/\/tecnigrav.com\/?s={search_term_string}\"},\"query-input\":\"required name=search_term_string\"}],\"inLanguage\":\"es-ES\"}]}<\/script>\n<!-- \/ Yoast SEO plugin. -->","yoast_head_json":{"title":"Sistemas de Marcado - Tecnigrav Gravadores de Metais","description":"TECNIGRAV siempre est\u00e1 dando apoyo a sus clientes en la b\u00fasqueda de la mejor relaci\u00f3n costo- efectiva en equipos en los metales y piezas generales para la","robots":{"index":"index","follow":"follow","max-snippet":"max-snippet:-1","max-image-preview":"max-image-preview:large","max-video-preview":"max-video-preview:-1"},"canonical":"https:\/\/tecnigrav.com\/es\/sistemas-de-marcado\/","og_locale":"es_ES","og_type":"article","og_title":"Sistemas de Marcado - Tecnigrav Gravadores de Metais","og_description":"TECNIGRAV siempre est\u00e1 dando apoyo a sus clientes en la b\u00fasqueda de la mejor relaci\u00f3n costo- efectiva en equipos en los metales y piezas generales para la","og_url":"https:\/\/tecnigrav.com\/es\/sistemas-de-marcado\/","og_site_name":"Tecnigrav Gravadores de Metais","article_publisher":"https:\/\/www.facebook.com\/Tecnigrav-Ind%c3%bastria-e-Com%c3%a9rcio-Ltda-151617301618854\/","article_modified_time":"2016-02-26T20:53:36+00:00","og_image":[{"url":"http:\/\/tecnigrav.com\/wp-content\/uploads\/2015\/07\/kit-msm-compact-100-img-product1-150x150.jpg"}],"twitter_card":"summary_large_image","twitter_misc":{"Est. reading time":"2 minutes"},"schema":{"@context":"https:\/\/schema.org","@graph":[{"@type":"WebPage","@id":"https:\/\/tecnigrav.com\/es\/sistemas-de-marcado\/","url":"https:\/\/tecnigrav.com\/es\/sistemas-de-marcado\/","name":"Sistemas de Marcado - Tecnigrav Gravadores de Metais","isPartOf":{"@id":"https:\/\/tecnigrav.com\/#website"},"datePublished":"2015-08-03T17:27:48+00:00","dateModified":"2016-02-26T20:53:36+00:00","description":"TECNIGRAV siempre est\u00e1 dando apoyo a sus clientes en la b\u00fasqueda de la mejor relaci\u00f3n costo- efectiva en equipos en los metales y piezas generales para la","breadcrumb":{"@id":"https:\/\/tecnigrav.com\/es\/sistemas-de-marcado\/#breadcrumb"},"inLanguage":"es-ES","potentialAction":[{"@type":"ReadAction","target":["https:\/\/tecnigrav.com\/es\/sistemas-de-marcado\/"]}]},{"@type":"BreadcrumbList","@id":"https:\/\/tecnigrav.com\/es\/sistemas-de-marcado\/#breadcrumb","itemListElement":[{"@type":"ListItem","position":1,"name":"In\u00edcio","item":"https:\/\/tecnigrav.com\/es\/"},{"@type":"ListItem","position":2,"name":"Sistemas de Marcado"}]},{"@type":"WebSite","@id":"https:\/\/tecnigrav.com\/#website","url":"https:\/\/tecnigrav.com\/","name":"Tecnigrav Gravadores de Metais","description":"Gravadores de Metais | Grava\u00e7\u00e3o em Metais | Micropuncionamento | Micropercuss\u00e3o | Grava\u00e7\u00e3o Eletroqu\u00edmica | Marca\u00e7\u00e3o de Pe\u00e7as | Grava\u00e7\u00e3o de Pe\u00e7as | Grava\u00e7\u00e3o de Ferramentas | Codifica\u00e7\u00e3o | Marca\u00e7\u00e3o em Metais | L\u00e1pis El\u00e9trico | Caneta El\u00e9trica | Caneta Rotativa | L\u00e1pis Rotativo | Grava\u00e7\u00e3o Eletrol\u00edtica | Gravador Eletrol\u00edtico | Riscagem | CNC | Laser de Grava\u00e7\u00e3o | Laser de Marca\u00e7\u00e3o | Maquinas para Grava\u00e7\u00e3o | Maquinas Eletroqu\u00edmicas | Maquinas de Micropuncionamento | Maquinas Laser | Grava\u00e7\u00e3o a Laser | Tipo | Grava\u00e7\u00e3o por Pontos | Gravador de Bancada | Gravador Port\u00e1til | Gravador Manual| Grava\u00e7\u00e3o escrita a punho | Micropuncionamento de Bancada | Micropuncionamento Port\u00e1til | Limpeza de Solda | Limpador de Solda | Datamatrix | Integra\u00e7\u00e3o | Grava\u00e7\u00e3o Permanente | Marca\u00e7\u00e3o Permanente | Datadores | Codificadores | tecnograv | Carimbos | Sistema de identifica\u00e7\u00e3o | Pirografo | Tampografia | Rastreabilidade | Gravador de metal | Gravador de metais | Gravador Eletroqu\u00edmico | Liquido de Grava\u00e7\u00e3o | Liquidos Gravadores | Matriz de Grava\u00e7\u00e3o | Papel de Grava\u00e7\u00e3o | Tela de Grava\u00e7\u00e3o | Tela de Silkscreen | Est\u00eancil de grava\u00e7\u00e3o | Stencil de Grava\u00e7\u00e3o | Micropontos | Puncionamento | Puncionadeira | Pun\u00e7\u00e3o | Numerador | Sinete | Micropuncionadeira | DOT PEEN","potentialAction":[{"@type":"SearchAction","target":{"@type":"EntryPoint","urlTemplate":"https:\/\/tecnigrav.com\/?s={search_term_string}"},"query-input":"required name=search_term_string"}],"inLanguage":"es-ES"}]}},"_links":{"self":[{"href":"https:\/\/tecnigrav.com\/es\/wp-json\/wp\/v2\/pages\/4153"}],"collection":[{"href":"https:\/\/tecnigrav.com\/es\/wp-json\/wp\/v2\/pages"}],"about":[{"href":"https:\/\/tecnigrav.com\/es\/wp-json\/wp\/v2\/types\/page"}],"author":[{"embeddable":true,"href":"https:\/\/tecnigrav.com\/es\/wp-json\/wp\/v2\/users\/2"}],"replies":[{"embeddable":true,"href":"https:\/\/tecnigrav.com\/es\/wp-json\/wp\/v2\/comments?post=4153"}],"version-history":[{"count":7,"href":"https:\/\/tecnigrav.com\/es\/wp-json\/wp\/v2\/pages\/4153\/revisions"}],"predecessor-version":[{"id":4708,"href":"https:\/\/tecnigrav.com\/es\/wp-json\/wp\/v2\/pages\/4153\/revisions\/4708"}],"wp:attachment":[{"href":"https:\/\/tecnigrav.com\/es\/wp-json\/wp\/v2\/media?parent=4153"}],"curies":[{"name":"wp","href":"https:\/\/api.w.org\/{rel}","templated":true}]}}