{"id":4517,"date":"2015-08-13T11:30:21","date_gmt":"2015-08-13T14:30:21","guid":{"rendered":"http:\/\/tecnigrav.com\/produto\/msm-m3-kit\/"},"modified":"2020-07-07T17:30:29","modified_gmt":"2020-07-07T20:30:29","slug":"msm-m3-kit","status":"publish","type":"product","link":"https:\/\/tecnigrav.com\/es\/producto\/msm-m3-kit\/","title":{"rendered":"MSM M3 \u2013 KIT"},"content":{"rendered":"<p><iframe title=\"MSM M3 - TECNIGRAV\" width=\"1140\" height=\"641\" src=\"https:\/\/www.youtube.com\/embed\/DikzXG8cn4U?feature=oembed\" frameborder=\"0\" allow=\"accelerometer; autoplay; clipboard-write; encrypted-media; gyroscope; picture-in-picture; web-share\" allowfullscreen><\/iframe><\/p>\n","protected":false},"excerpt":{"rendered":"<p><strong>Ficha de datos<\/strong> MSM M3 \u2013 KIT CODIGO: M3 <strong>Tipo de grabaci\u00f3n:<\/strong> OSCURO (AC) CLARO (DC) (bajo relieve hasta 15 micrones) Potencia: 180 W Chave con 3 regulacion Tensi\u00f3n 230V AC Refrigerador incluye Garant\u00eda: 2 a\u00f1os <strong>Caracter\u00edsticas <\/strong> Esta m\u00e1quina de grabado se utiliza a menudo en muchos tipos de metal como : \u2022 Aceros con o sin templar . \u2022 lat\u00f3n , bronce y cobre \u2022 aluminio \u2022 Placa N\u00edquel Recubrimiento cromo duro. \u2022 Recubrimiento con \u00f3xidos \u2022 Carburo ( tungsteno y titanio ) \u2022 Otros metales<\/p>\n","protected":false},"featured_media":5035,"comment_status":"closed","ping_status":"closed","template":"","meta":[],"product_cat":[60,56],"product_tag":[],"yoast_head":"<!-- This site is optimized with the Yoast SEO plugin v20.6 - https:\/\/yoast.com\/wordpress\/plugins\/seo\/ -->\n<title>MSM M3 \u2013 KIT - Tecnigrav Gravadores de Metais<\/title>\n<meta name=\"description\" content=\"Ficha de datos MSM M3 \u2013 KIT CODIGO: M3 Tipo de grabaci\u00f3n: OSCURO (AC) CLARO (DC) (bajo relieve hasta 15 micrones) Potencia: 180 W Chave con 3 regulacion Tensi\u00f3n 230V AC Refrigerador incluye Garant\u00eda: 2 a\u00f1os Caracter\u00edsticas Esta m\u00e1quina de grabado se utiliza a menudo en muchos tipos de metal como : \u2022 Aceros con o sin templar . \u2022 lat\u00f3n , bronce y cobre \u2022 aluminio \u2022 Placa N\u00edquel Recubrimiento cromo duro. \u2022 Recubrimiento con \u00f3xidos \u2022 Carburo ( tungsteno y titanio ) \u2022 Otros metales\" \/>\n<meta name=\"robots\" content=\"index, follow, max-snippet:-1, max-image-preview:large, max-video-preview:-1\" \/>\n<link rel=\"canonical\" href=\"https:\/\/tecnigrav.com\/es\/producto\/msm-m3-kit\/\" \/>\n<meta property=\"og:locale\" content=\"es_ES\" \/>\n<meta property=\"og:type\" content=\"article\" \/>\n<meta property=\"og:title\" content=\"MSM M3 \u2013 KIT - Tecnigrav Gravadores de Metais\" \/>\n<meta property=\"og:description\" content=\"Ficha de datos MSM M3 \u2013 KIT CODIGO: M3 Tipo de grabaci\u00f3n: OSCURO (AC) CLARO (DC) (bajo relieve hasta 15 micrones) Potencia: 180 W Chave con 3 regulacion Tensi\u00f3n 230V AC Refrigerador incluye Garant\u00eda: 2 a\u00f1os Caracter\u00edsticas Esta m\u00e1quina de grabado se utiliza a menudo en muchos tipos de metal como : \u2022 Aceros con o sin templar . \u2022 lat\u00f3n , bronce y cobre \u2022 aluminio \u2022 Placa N\u00edquel Recubrimiento cromo duro. \u2022 Recubrimiento con \u00f3xidos \u2022 Carburo ( tungsteno y titanio ) \u2022 Otros metales\" \/>\n<meta property=\"og:url\" content=\"https:\/\/tecnigrav.com\/es\/producto\/msm-m3-kit\/\" \/>\n<meta property=\"og:site_name\" content=\"Tecnigrav Gravadores de Metais\" \/>\n<meta property=\"article:publisher\" content=\"https:\/\/www.facebook.com\/Tecnigrav-Ind%c3%bastria-e-Com%c3%a9rcio-Ltda-151617301618854\/\" \/>\n<meta property=\"article:modified_time\" content=\"2020-07-07T20:30:29+00:00\" \/>\n<meta property=\"og:image\" content=\"https:\/\/tecnigrav.com\/wp-content\/uploads\/2015\/08\/M3-E-SMART2-e1566934847404.jpg\" \/>\n\t<meta property=\"og:image:width\" content=\"560\" \/>\n\t<meta property=\"og:image:height\" content=\"420\" \/>\n\t<meta property=\"og:image:type\" content=\"image\/jpeg\" \/>\n<meta name=\"twitter:card\" content=\"summary_large_image\" \/>\n<script type=\"application\/ld+json\" class=\"yoast-schema-graph\">{\"@context\":\"https:\/\/schema.org\",\"@graph\":[{\"@type\":\"WebPage\",\"@id\":\"https:\/\/tecnigrav.com\/es\/producto\/msm-m3-kit\/\",\"url\":\"https:\/\/tecnigrav.com\/es\/producto\/msm-m3-kit\/\",\"name\":\"MSM M3 \u2013 KIT - Tecnigrav Gravadores de Metais\",\"isPartOf\":{\"@id\":\"https:\/\/tecnigrav.com\/#website\"},\"datePublished\":\"2015-08-13T14:30:21+00:00\",\"dateModified\":\"2020-07-07T20:30:29+00:00\",\"description\":\"Ficha de datos MSM M3 \u2013 KIT CODIGO: M3 Tipo de grabaci\u00f3n: OSCURO (AC) CLARO (DC) (bajo relieve hasta 15 micrones) Potencia: 180 W Chave con 3 regulacion Tensi\u00f3n 230V AC Refrigerador incluye Garant\u00eda: 2 a\u00f1os Caracter\u00edsticas Esta m\u00e1quina de grabado se utiliza a menudo en muchos tipos de metal como : \u2022 Aceros con o sin templar . \u2022 lat\u00f3n , bronce y cobre \u2022 aluminio \u2022 Placa N\u00edquel Recubrimiento cromo duro. \u2022 Recubrimiento con \u00f3xidos \u2022 Carburo ( tungsteno y titanio ) \u2022 Otros metales\",\"breadcrumb\":{\"@id\":\"https:\/\/tecnigrav.com\/es\/producto\/msm-m3-kit\/#breadcrumb\"},\"inLanguage\":\"es-ES\",\"potentialAction\":[{\"@type\":\"ReadAction\",\"target\":[\"https:\/\/tecnigrav.com\/es\/producto\/msm-m3-kit\/\"]}]},{\"@type\":\"BreadcrumbList\",\"@id\":\"https:\/\/tecnigrav.com\/es\/producto\/msm-m3-kit\/#breadcrumb\",\"itemListElement\":[{\"@type\":\"ListItem\",\"position\":1,\"name\":\"In\u00edcio\",\"item\":\"https:\/\/tecnigrav.com\/es\/\"},{\"@type\":\"ListItem\",\"position\":2,\"name\":\"Equipamentos de grava\u00e7\u00e3o\",\"item\":\"https:\/\/tecnigrav.com\/equipamentos-de-gravacao\/\"},{\"@type\":\"ListItem\",\"position\":3,\"name\":\"Grabado electrol\u00edtico\",\"item\":\"https:\/\/tecnigrav.com\/es\/sistemas-de-gravacao\/grabado-electrolitico\/\"},{\"@type\":\"ListItem\",\"position\":4,\"name\":\"Equipos de Grabado\",\"item\":\"https:\/\/tecnigrav.com\/es\/sistemas-de-gravacao\/grabado-electrolitico\/equipos-de-grabado\/\"},{\"@type\":\"ListItem\",\"position\":5,\"name\":\"MSM M3 \u2013 KIT\"}]},{\"@type\":\"WebSite\",\"@id\":\"https:\/\/tecnigrav.com\/#website\",\"url\":\"https:\/\/tecnigrav.com\/\",\"name\":\"Tecnigrav Gravadores de Metais\",\"description\":\"Gravadores de Metais | Grava\u00e7\u00e3o em Metais | Micropuncionamento | Micropercuss\u00e3o | Grava\u00e7\u00e3o Eletroqu\u00edmica | Marca\u00e7\u00e3o de Pe\u00e7as | Grava\u00e7\u00e3o de Pe\u00e7as | Grava\u00e7\u00e3o de Ferramentas | Codifica\u00e7\u00e3o | Marca\u00e7\u00e3o em Metais | L\u00e1pis El\u00e9trico | Caneta El\u00e9trica | Caneta Rotativa | L\u00e1pis Rotativo | Grava\u00e7\u00e3o Eletrol\u00edtica | Gravador Eletrol\u00edtico | Riscagem | CNC | Laser de Grava\u00e7\u00e3o | Laser de Marca\u00e7\u00e3o | Maquinas para Grava\u00e7\u00e3o | Maquinas Eletroqu\u00edmicas | Maquinas de Micropuncionamento | Maquinas Laser | Grava\u00e7\u00e3o a Laser | Tipo | Grava\u00e7\u00e3o por Pontos | Gravador de Bancada | Gravador Port\u00e1til | Gravador Manual| Grava\u00e7\u00e3o escrita a punho | Micropuncionamento de Bancada | Micropuncionamento Port\u00e1til | Limpeza de Solda | Limpador de Solda | Datamatrix | Integra\u00e7\u00e3o | Grava\u00e7\u00e3o Permanente | Marca\u00e7\u00e3o Permanente | Datadores | Codificadores | tecnograv | Carimbos | Sistema de identifica\u00e7\u00e3o | Pirografo | Tampografia | Rastreabilidade | Gravador de metal | Gravador de metais | Gravador Eletroqu\u00edmico | Liquido de Grava\u00e7\u00e3o | Liquidos Gravadores | Matriz de Grava\u00e7\u00e3o | Papel de Grava\u00e7\u00e3o | Tela de Grava\u00e7\u00e3o | Tela de Silkscreen | Est\u00eancil de grava\u00e7\u00e3o | Stencil de Grava\u00e7\u00e3o | Micropontos | Puncionamento | Puncionadeira | Pun\u00e7\u00e3o | Numerador | Sinete | Micropuncionadeira | DOT PEEN\",\"potentialAction\":[{\"@type\":\"SearchAction\",\"target\":{\"@type\":\"EntryPoint\",\"urlTemplate\":\"https:\/\/tecnigrav.com\/?s={search_term_string}\"},\"query-input\":\"required name=search_term_string\"}],\"inLanguage\":\"es-ES\"}]}<\/script>\n<!-- \/ Yoast SEO plugin. -->","yoast_head_json":{"title":"MSM M3 \u2013 KIT - Tecnigrav Gravadores de Metais","description":"Ficha de datos MSM M3 \u2013 KIT CODIGO: M3 Tipo de grabaci\u00f3n: OSCURO (AC) CLARO (DC) (bajo relieve hasta 15 micrones) Potencia: 180 W Chave con 3 regulacion Tensi\u00f3n 230V AC Refrigerador incluye Garant\u00eda: 2 a\u00f1os Caracter\u00edsticas Esta m\u00e1quina de grabado se utiliza a menudo en muchos tipos de metal como : \u2022 Aceros con o sin templar . \u2022 lat\u00f3n , bronce y cobre \u2022 aluminio \u2022 Placa N\u00edquel Recubrimiento cromo duro. \u2022 Recubrimiento con \u00f3xidos \u2022 Carburo ( tungsteno y titanio ) \u2022 Otros metales","robots":{"index":"index","follow":"follow","max-snippet":"max-snippet:-1","max-image-preview":"max-image-preview:large","max-video-preview":"max-video-preview:-1"},"canonical":"https:\/\/tecnigrav.com\/es\/producto\/msm-m3-kit\/","og_locale":"es_ES","og_type":"article","og_title":"MSM M3 \u2013 KIT - Tecnigrav Gravadores de Metais","og_description":"Ficha de datos MSM M3 \u2013 KIT CODIGO: M3 Tipo de grabaci\u00f3n: OSCURO (AC) CLARO (DC) (bajo relieve hasta 15 micrones) Potencia: 180 W Chave con 3 regulacion Tensi\u00f3n 230V AC Refrigerador incluye Garant\u00eda: 2 a\u00f1os Caracter\u00edsticas Esta m\u00e1quina de grabado se utiliza a menudo en muchos tipos de metal como : \u2022 Aceros con o sin templar . \u2022 lat\u00f3n , bronce y cobre \u2022 aluminio \u2022 Placa N\u00edquel Recubrimiento cromo duro. \u2022 Recubrimiento con \u00f3xidos \u2022 Carburo ( tungsteno y titanio ) \u2022 Otros metales","og_url":"https:\/\/tecnigrav.com\/es\/producto\/msm-m3-kit\/","og_site_name":"Tecnigrav Gravadores de Metais","article_publisher":"https:\/\/www.facebook.com\/Tecnigrav-Ind%c3%bastria-e-Com%c3%a9rcio-Ltda-151617301618854\/","article_modified_time":"2020-07-07T20:30:29+00:00","og_image":[{"width":560,"height":420,"url":"https:\/\/tecnigrav.com\/wp-content\/uploads\/2015\/08\/M3-E-SMART2-e1566934847404.jpg","type":"image\/jpeg"}],"twitter_card":"summary_large_image","schema":{"@context":"https:\/\/schema.org","@graph":[{"@type":"WebPage","@id":"https:\/\/tecnigrav.com\/es\/producto\/msm-m3-kit\/","url":"https:\/\/tecnigrav.com\/es\/producto\/msm-m3-kit\/","name":"MSM M3 \u2013 KIT - Tecnigrav Gravadores de Metais","isPartOf":{"@id":"https:\/\/tecnigrav.com\/#website"},"datePublished":"2015-08-13T14:30:21+00:00","dateModified":"2020-07-07T20:30:29+00:00","description":"Ficha de datos MSM M3 \u2013 KIT CODIGO: M3 Tipo de grabaci\u00f3n: OSCURO (AC) CLARO (DC) (bajo relieve hasta 15 micrones) Potencia: 180 W Chave con 3 regulacion Tensi\u00f3n 230V AC Refrigerador incluye Garant\u00eda: 2 a\u00f1os Caracter\u00edsticas Esta m\u00e1quina de grabado se utiliza a menudo en muchos tipos de metal como : \u2022 Aceros con o sin templar . \u2022 lat\u00f3n , bronce y cobre \u2022 aluminio \u2022 Placa N\u00edquel Recubrimiento cromo duro. \u2022 Recubrimiento con \u00f3xidos \u2022 Carburo ( tungsteno y titanio ) \u2022 Otros metales","breadcrumb":{"@id":"https:\/\/tecnigrav.com\/es\/producto\/msm-m3-kit\/#breadcrumb"},"inLanguage":"es-ES","potentialAction":[{"@type":"ReadAction","target":["https:\/\/tecnigrav.com\/es\/producto\/msm-m3-kit\/"]}]},{"@type":"BreadcrumbList","@id":"https:\/\/tecnigrav.com\/es\/producto\/msm-m3-kit\/#breadcrumb","itemListElement":[{"@type":"ListItem","position":1,"name":"In\u00edcio","item":"https:\/\/tecnigrav.com\/es\/"},{"@type":"ListItem","position":2,"name":"Equipamentos de grava\u00e7\u00e3o","item":"https:\/\/tecnigrav.com\/equipamentos-de-gravacao\/"},{"@type":"ListItem","position":3,"name":"Grabado electrol\u00edtico","item":"https:\/\/tecnigrav.com\/es\/sistemas-de-gravacao\/grabado-electrolitico\/"},{"@type":"ListItem","position":4,"name":"Equipos de Grabado","item":"https:\/\/tecnigrav.com\/es\/sistemas-de-gravacao\/grabado-electrolitico\/equipos-de-grabado\/"},{"@type":"ListItem","position":5,"name":"MSM M3 \u2013 KIT"}]},{"@type":"WebSite","@id":"https:\/\/tecnigrav.com\/#website","url":"https:\/\/tecnigrav.com\/","name":"Tecnigrav Gravadores de Metais","description":"Gravadores de Metais | Grava\u00e7\u00e3o em Metais | Micropuncionamento | Micropercuss\u00e3o | Grava\u00e7\u00e3o Eletroqu\u00edmica | Marca\u00e7\u00e3o de Pe\u00e7as | Grava\u00e7\u00e3o de Pe\u00e7as | Grava\u00e7\u00e3o de Ferramentas | Codifica\u00e7\u00e3o | Marca\u00e7\u00e3o em Metais | L\u00e1pis El\u00e9trico | Caneta El\u00e9trica | Caneta Rotativa | L\u00e1pis Rotativo | Grava\u00e7\u00e3o Eletrol\u00edtica | Gravador Eletrol\u00edtico | Riscagem | CNC | Laser de Grava\u00e7\u00e3o | Laser de Marca\u00e7\u00e3o | Maquinas para Grava\u00e7\u00e3o | Maquinas Eletroqu\u00edmicas | Maquinas de Micropuncionamento | Maquinas Laser | Grava\u00e7\u00e3o a Laser | Tipo | Grava\u00e7\u00e3o por Pontos | Gravador de Bancada | Gravador Port\u00e1til | Gravador Manual| Grava\u00e7\u00e3o escrita a punho | Micropuncionamento de Bancada | Micropuncionamento Port\u00e1til | Limpeza de Solda | Limpador de Solda | Datamatrix | Integra\u00e7\u00e3o | Grava\u00e7\u00e3o Permanente | Marca\u00e7\u00e3o Permanente | Datadores | Codificadores | tecnograv | Carimbos | Sistema de identifica\u00e7\u00e3o | Pirografo | Tampografia | Rastreabilidade | Gravador de metal | Gravador de metais | Gravador Eletroqu\u00edmico | Liquido de Grava\u00e7\u00e3o | Liquidos Gravadores | Matriz de Grava\u00e7\u00e3o | Papel de Grava\u00e7\u00e3o | Tela de Grava\u00e7\u00e3o | Tela de Silkscreen | Est\u00eancil de grava\u00e7\u00e3o | Stencil de Grava\u00e7\u00e3o | Micropontos | Puncionamento | Puncionadeira | Pun\u00e7\u00e3o | Numerador | Sinete | Micropuncionadeira | DOT PEEN","potentialAction":[{"@type":"SearchAction","target":{"@type":"EntryPoint","urlTemplate":"https:\/\/tecnigrav.com\/?s={search_term_string}"},"query-input":"required name=search_term_string"}],"inLanguage":"es-ES"}]}},"_links":{"self":[{"href":"https:\/\/tecnigrav.com\/es\/wp-json\/wp\/v2\/product\/4517"}],"collection":[{"href":"https:\/\/tecnigrav.com\/es\/wp-json\/wp\/v2\/product"}],"about":[{"href":"https:\/\/tecnigrav.com\/es\/wp-json\/wp\/v2\/types\/product"}],"replies":[{"embeddable":true,"href":"https:\/\/tecnigrav.com\/es\/wp-json\/wp\/v2\/comments?post=4517"}],"wp:featuredmedia":[{"embeddable":true,"href":"https:\/\/tecnigrav.com\/es\/wp-json\/wp\/v2\/media\/5035"}],"wp:attachment":[{"href":"https:\/\/tecnigrav.com\/es\/wp-json\/wp\/v2\/media?parent=4517"}],"wp:term":[{"taxonomy":"product_cat","embeddable":true,"href":"https:\/\/tecnigrav.com\/es\/wp-json\/wp\/v2\/product_cat?post=4517"},{"taxonomy":"product_tag","embeddable":true,"href":"https:\/\/tecnigrav.com\/es\/wp-json\/wp\/v2\/product_tag?post=4517"}],"curies":[{"name":"wp","href":"https:\/\/api.w.org\/{rel}","templated":true}]}}