{"id":4521,"date":"2024-02-29T17:42:37","date_gmt":"2024-02-29T20:42:37","guid":{"rendered":"http:\/\/tecnigrav.com\/produto\/msm-compact-100-kit\/"},"modified":"2020-07-08T14:02:52","modified_gmt":"2020-07-08T17:02:52","slug":"msm-compact-100-kit","status":"publish","type":"product","link":"https:\/\/tecnigrav.com\/es\/producto\/msm-compact-100-kit\/","title":{"rendered":"MSM COMPACT 100 \u2013 KIT"},"content":{"rendered":"<p><iframe title=\"MSM COMPACT 100 - TECNIGRAV\" width=\"1140\" height=\"641\" src=\"https:\/\/www.youtube.com\/embed\/sdBwKrEBbCk?feature=oembed\" frameborder=\"0\" allow=\"accelerometer; autoplay; clipboard-write; encrypted-media; gyroscope; picture-in-picture; web-share\" allowfullscreen><\/iframe><\/p>\n<p><iframe title=\"Smart Impress - TECNIGRAV\" width=\"1140\" height=\"641\" src=\"https:\/\/www.youtube.com\/embed\/-RTAN_eQyLo?feature=oembed\" frameborder=\"0\" allow=\"accelerometer; autoplay; clipboard-write; encrypted-media; gyroscope; picture-in-picture; web-share\" allowfullscreen><\/iframe><\/p>\n","protected":false},"excerpt":{"rendered":"<p><strong>Ficha de datos<\/strong><br \/>\nMSM COMPACT 100 \u2013 KIT<br \/>\nCODIGO: C100<\/p>\n<p>OSCURO (AC)<br \/>\nCLARO (DC) (bajo relieve hasta 5 micrones)<\/p>\n<p>Potenciar: 54 W<br \/>\nTensi\u00f3n 110 ou 230V AC<br \/>\nGarant\u00eda: 2 a\u00f1os<\/p>\n<p><strong>Caracter\u00edsticas<\/strong><br \/>\nEsta m\u00e1quina de grabado se utiliza a menudo en muchos tipos de metal como :<br \/>\n\u2022 Aceros con o sin templar .<br \/>\n\u2022 lat\u00f3n , bronce y cobre<br \/>\n\u2022 aluminio<br \/>\n\u2022 Placa N\u00edquel Recubrimiento cromo duro.<\/p>\n","protected":false},"featured_media":5273,"comment_status":"closed","ping_status":"closed","template":"","meta":[],"product_cat":[60,56],"product_tag":[],"yoast_head":"<!-- This site is optimized with the Yoast SEO plugin v20.6 - https:\/\/yoast.com\/wordpress\/plugins\/seo\/ -->\n<title>MSM COMPACT 100 \u2013 KIT - Tecnigrav Gravadores de Metais<\/title>\n<meta name=\"description\" content=\"Ficha de datos MSM COMPACT 100 \u2013 KIT CODIGO: C100  OSCURO (AC) CLARO (DC) (bajo relieve hasta 5 micrones)  Potenciar: 54 W Tensi\u00f3n 110 ou 230V AC Garant\u00eda: 2 a\u00f1os  Caracter\u00edsticas Esta m\u00e1quina de grabado se utiliza a menudo en muchos tipos de metal como : \u2022 Aceros con o sin templar . \u2022 lat\u00f3n , bronce y cobre \u2022 aluminio \u2022 Placa N\u00edquel Recubrimiento cromo duro.\" \/>\n<meta name=\"robots\" content=\"index, follow, max-snippet:-1, max-image-preview:large, max-video-preview:-1\" \/>\n<link rel=\"canonical\" href=\"https:\/\/tecnigrav.com\/es\/producto\/msm-compact-100-kit\/\" \/>\n<meta property=\"og:locale\" content=\"es_ES\" \/>\n<meta property=\"og:type\" content=\"article\" \/>\n<meta property=\"og:title\" content=\"MSM COMPACT 100 \u2013 KIT - Tecnigrav Gravadores de Metais\" \/>\n<meta property=\"og:description\" content=\"Ficha de datos MSM COMPACT 100 \u2013 KIT CODIGO: C100  OSCURO (AC) CLARO (DC) (bajo relieve hasta 5 micrones)  Potenciar: 54 W Tensi\u00f3n 110 ou 230V AC Garant\u00eda: 2 a\u00f1os  Caracter\u00edsticas Esta m\u00e1quina de grabado se utiliza a menudo en muchos tipos de metal como : \u2022 Aceros con o sin templar . \u2022 lat\u00f3n , bronce y cobre \u2022 aluminio \u2022 Placa N\u00edquel Recubrimiento cromo duro.\" \/>\n<meta property=\"og:url\" content=\"https:\/\/tecnigrav.com\/es\/producto\/msm-compact-100-kit\/\" \/>\n<meta property=\"og:site_name\" content=\"Tecnigrav Gravadores de Metais\" \/>\n<meta property=\"article:publisher\" content=\"https:\/\/www.facebook.com\/Tecnigrav-Ind%c3%bastria-e-Com%c3%a9rcio-Ltda-151617301618854\/\" \/>\n<meta property=\"article:modified_time\" content=\"2020-07-08T17:02:52+00:00\" \/>\n<meta property=\"og:image\" content=\"https:\/\/tecnigrav.com\/wp-content\/uploads\/2022\/01\/KIT-MSM-Compact-100-com-smart-4-1.jpg\" \/>\n\t<meta property=\"og:image:width\" content=\"1948\" \/>\n\t<meta property=\"og:image:height\" content=\"1384\" \/>\n\t<meta property=\"og:image:type\" content=\"image\/jpeg\" \/>\n<meta name=\"twitter:card\" content=\"summary_large_image\" \/>\n<script type=\"application\/ld+json\" class=\"yoast-schema-graph\">{\"@context\":\"https:\/\/schema.org\",\"@graph\":[{\"@type\":\"WebPage\",\"@id\":\"https:\/\/tecnigrav.com\/es\/producto\/msm-compact-100-kit\/\",\"url\":\"https:\/\/tecnigrav.com\/es\/producto\/msm-compact-100-kit\/\",\"name\":\"MSM COMPACT 100 \u2013 KIT - Tecnigrav Gravadores de Metais\",\"isPartOf\":{\"@id\":\"https:\/\/tecnigrav.com\/#website\"},\"datePublished\":\"2024-02-29T20:42:37+00:00\",\"dateModified\":\"2020-07-08T17:02:52+00:00\",\"description\":\"Ficha de datos MSM COMPACT 100 \u2013 KIT CODIGO: C100 OSCURO (AC) CLARO (DC) (bajo relieve hasta 5 micrones) Potenciar: 54 W Tensi\u00f3n 110 ou 230V AC Garant\u00eda: 2 a\u00f1os Caracter\u00edsticas Esta m\u00e1quina de grabado se utiliza a menudo en muchos tipos de metal como : \u2022 Aceros con o sin templar . \u2022 lat\u00f3n , bronce y cobre \u2022 aluminio \u2022 Placa N\u00edquel Recubrimiento cromo duro.\",\"breadcrumb\":{\"@id\":\"https:\/\/tecnigrav.com\/es\/producto\/msm-compact-100-kit\/#breadcrumb\"},\"inLanguage\":\"es-ES\",\"potentialAction\":[{\"@type\":\"ReadAction\",\"target\":[\"https:\/\/tecnigrav.com\/es\/producto\/msm-compact-100-kit\/\"]}]},{\"@type\":\"BreadcrumbList\",\"@id\":\"https:\/\/tecnigrav.com\/es\/producto\/msm-compact-100-kit\/#breadcrumb\",\"itemListElement\":[{\"@type\":\"ListItem\",\"position\":1,\"name\":\"In\u00edcio\",\"item\":\"https:\/\/tecnigrav.com\/es\/\"},{\"@type\":\"ListItem\",\"position\":2,\"name\":\"Equipamentos de grava\u00e7\u00e3o\",\"item\":\"https:\/\/tecnigrav.com\/equipamentos-de-gravacao\/\"},{\"@type\":\"ListItem\",\"position\":3,\"name\":\"Grabado electrol\u00edtico\",\"item\":\"https:\/\/tecnigrav.com\/es\/sistemas-de-gravacao\/grabado-electrolitico\/\"},{\"@type\":\"ListItem\",\"position\":4,\"name\":\"Equipos de Grabado\",\"item\":\"https:\/\/tecnigrav.com\/es\/sistemas-de-gravacao\/grabado-electrolitico\/equipos-de-grabado\/\"},{\"@type\":\"ListItem\",\"position\":5,\"name\":\"MSM COMPACT 100 \u2013 KIT\"}]},{\"@type\":\"WebSite\",\"@id\":\"https:\/\/tecnigrav.com\/#website\",\"url\":\"https:\/\/tecnigrav.com\/\",\"name\":\"Tecnigrav Gravadores de Metais\",\"description\":\"Gravadores de Metais | Grava\u00e7\u00e3o em Metais | Micropuncionamento | Micropercuss\u00e3o | Grava\u00e7\u00e3o Eletroqu\u00edmica | Marca\u00e7\u00e3o de Pe\u00e7as | Grava\u00e7\u00e3o de Pe\u00e7as | Grava\u00e7\u00e3o de Ferramentas | Codifica\u00e7\u00e3o | Marca\u00e7\u00e3o em Metais | L\u00e1pis El\u00e9trico | Caneta El\u00e9trica | Caneta Rotativa | L\u00e1pis Rotativo | Grava\u00e7\u00e3o Eletrol\u00edtica | Gravador Eletrol\u00edtico | Riscagem | CNC | Laser de Grava\u00e7\u00e3o | Laser de Marca\u00e7\u00e3o | Maquinas para Grava\u00e7\u00e3o | Maquinas Eletroqu\u00edmicas | Maquinas de Micropuncionamento | Maquinas Laser | Grava\u00e7\u00e3o a Laser | Tipo | Grava\u00e7\u00e3o por Pontos | Gravador de Bancada | Gravador Port\u00e1til | Gravador Manual| Grava\u00e7\u00e3o escrita a punho | Micropuncionamento de Bancada | Micropuncionamento Port\u00e1til | Limpeza de Solda | Limpador de Solda | Datamatrix | Integra\u00e7\u00e3o | Grava\u00e7\u00e3o Permanente | Marca\u00e7\u00e3o Permanente | Datadores | Codificadores | tecnograv | Carimbos | Sistema de identifica\u00e7\u00e3o | Pirografo | Tampografia | Rastreabilidade | Gravador de metal | Gravador de metais | Gravador Eletroqu\u00edmico | Liquido de Grava\u00e7\u00e3o | Liquidos Gravadores | Matriz de Grava\u00e7\u00e3o | Papel de Grava\u00e7\u00e3o | Tela de Grava\u00e7\u00e3o | Tela de Silkscreen | Est\u00eancil de grava\u00e7\u00e3o | Stencil de Grava\u00e7\u00e3o | Micropontos | Puncionamento | Puncionadeira | Pun\u00e7\u00e3o | Numerador | Sinete | Micropuncionadeira | DOT PEEN\",\"potentialAction\":[{\"@type\":\"SearchAction\",\"target\":{\"@type\":\"EntryPoint\",\"urlTemplate\":\"https:\/\/tecnigrav.com\/?s={search_term_string}\"},\"query-input\":\"required name=search_term_string\"}],\"inLanguage\":\"es-ES\"}]}<\/script>\n<!-- \/ Yoast SEO plugin. -->","yoast_head_json":{"title":"MSM COMPACT 100 \u2013 KIT - Tecnigrav Gravadores de Metais","description":"Ficha de datos MSM COMPACT 100 \u2013 KIT CODIGO: C100  OSCURO (AC) CLARO (DC) (bajo relieve hasta 5 micrones)  Potenciar: 54 W Tensi\u00f3n 110 ou 230V AC Garant\u00eda: 2 a\u00f1os  Caracter\u00edsticas Esta m\u00e1quina de grabado se utiliza a menudo en muchos tipos de metal como : \u2022 Aceros con o sin templar . \u2022 lat\u00f3n , bronce y cobre \u2022 aluminio \u2022 Placa N\u00edquel Recubrimiento cromo duro.","robots":{"index":"index","follow":"follow","max-snippet":"max-snippet:-1","max-image-preview":"max-image-preview:large","max-video-preview":"max-video-preview:-1"},"canonical":"https:\/\/tecnigrav.com\/es\/producto\/msm-compact-100-kit\/","og_locale":"es_ES","og_type":"article","og_title":"MSM COMPACT 100 \u2013 KIT - Tecnigrav Gravadores de Metais","og_description":"Ficha de datos MSM COMPACT 100 \u2013 KIT CODIGO: C100  OSCURO (AC) CLARO (DC) (bajo relieve hasta 5 micrones)  Potenciar: 54 W Tensi\u00f3n 110 ou 230V AC Garant\u00eda: 2 a\u00f1os  Caracter\u00edsticas Esta m\u00e1quina de grabado se utiliza a menudo en muchos tipos de metal como : \u2022 Aceros con o sin templar . \u2022 lat\u00f3n , bronce y cobre \u2022 aluminio \u2022 Placa N\u00edquel Recubrimiento cromo duro.","og_url":"https:\/\/tecnigrav.com\/es\/producto\/msm-compact-100-kit\/","og_site_name":"Tecnigrav Gravadores de Metais","article_publisher":"https:\/\/www.facebook.com\/Tecnigrav-Ind%c3%bastria-e-Com%c3%a9rcio-Ltda-151617301618854\/","article_modified_time":"2020-07-08T17:02:52+00:00","og_image":[{"width":1948,"height":1384,"url":"https:\/\/tecnigrav.com\/wp-content\/uploads\/2022\/01\/KIT-MSM-Compact-100-com-smart-4-1.jpg","type":"image\/jpeg"}],"twitter_card":"summary_large_image","schema":{"@context":"https:\/\/schema.org","@graph":[{"@type":"WebPage","@id":"https:\/\/tecnigrav.com\/es\/producto\/msm-compact-100-kit\/","url":"https:\/\/tecnigrav.com\/es\/producto\/msm-compact-100-kit\/","name":"MSM COMPACT 100 \u2013 KIT - Tecnigrav Gravadores de Metais","isPartOf":{"@id":"https:\/\/tecnigrav.com\/#website"},"datePublished":"2024-02-29T20:42:37+00:00","dateModified":"2020-07-08T17:02:52+00:00","description":"Ficha de datos MSM COMPACT 100 \u2013 KIT CODIGO: C100 OSCURO (AC) CLARO (DC) (bajo relieve hasta 5 micrones) Potenciar: 54 W Tensi\u00f3n 110 ou 230V AC Garant\u00eda: 2 a\u00f1os Caracter\u00edsticas Esta m\u00e1quina de grabado se utiliza a menudo en muchos tipos de metal como : \u2022 Aceros con o sin templar . \u2022 lat\u00f3n , bronce y cobre \u2022 aluminio \u2022 Placa N\u00edquel Recubrimiento cromo duro.","breadcrumb":{"@id":"https:\/\/tecnigrav.com\/es\/producto\/msm-compact-100-kit\/#breadcrumb"},"inLanguage":"es-ES","potentialAction":[{"@type":"ReadAction","target":["https:\/\/tecnigrav.com\/es\/producto\/msm-compact-100-kit\/"]}]},{"@type":"BreadcrumbList","@id":"https:\/\/tecnigrav.com\/es\/producto\/msm-compact-100-kit\/#breadcrumb","itemListElement":[{"@type":"ListItem","position":1,"name":"In\u00edcio","item":"https:\/\/tecnigrav.com\/es\/"},{"@type":"ListItem","position":2,"name":"Equipamentos de grava\u00e7\u00e3o","item":"https:\/\/tecnigrav.com\/equipamentos-de-gravacao\/"},{"@type":"ListItem","position":3,"name":"Grabado electrol\u00edtico","item":"https:\/\/tecnigrav.com\/es\/sistemas-de-gravacao\/grabado-electrolitico\/"},{"@type":"ListItem","position":4,"name":"Equipos de Grabado","item":"https:\/\/tecnigrav.com\/es\/sistemas-de-gravacao\/grabado-electrolitico\/equipos-de-grabado\/"},{"@type":"ListItem","position":5,"name":"MSM COMPACT 100 \u2013 KIT"}]},{"@type":"WebSite","@id":"https:\/\/tecnigrav.com\/#website","url":"https:\/\/tecnigrav.com\/","name":"Tecnigrav Gravadores de Metais","description":"Gravadores de Metais | Grava\u00e7\u00e3o em Metais | Micropuncionamento | Micropercuss\u00e3o | Grava\u00e7\u00e3o Eletroqu\u00edmica | Marca\u00e7\u00e3o de Pe\u00e7as | Grava\u00e7\u00e3o de Pe\u00e7as | Grava\u00e7\u00e3o de Ferramentas | Codifica\u00e7\u00e3o | Marca\u00e7\u00e3o em Metais | L\u00e1pis El\u00e9trico | Caneta El\u00e9trica | Caneta Rotativa | L\u00e1pis Rotativo | Grava\u00e7\u00e3o Eletrol\u00edtica | Gravador Eletrol\u00edtico | Riscagem | CNC | Laser de Grava\u00e7\u00e3o | Laser de Marca\u00e7\u00e3o | Maquinas para Grava\u00e7\u00e3o | Maquinas Eletroqu\u00edmicas | Maquinas de Micropuncionamento | Maquinas Laser | Grava\u00e7\u00e3o a Laser | Tipo | Grava\u00e7\u00e3o por Pontos | Gravador de Bancada | Gravador Port\u00e1til | Gravador Manual| Grava\u00e7\u00e3o escrita a punho | Micropuncionamento de Bancada | Micropuncionamento Port\u00e1til | Limpeza de Solda | Limpador de Solda | Datamatrix | Integra\u00e7\u00e3o | Grava\u00e7\u00e3o Permanente | Marca\u00e7\u00e3o Permanente | Datadores | Codificadores | tecnograv | Carimbos | Sistema de identifica\u00e7\u00e3o | Pirografo | Tampografia | Rastreabilidade | Gravador de metal | Gravador de metais | Gravador Eletroqu\u00edmico | Liquido de Grava\u00e7\u00e3o | Liquidos Gravadores | Matriz de Grava\u00e7\u00e3o | Papel de Grava\u00e7\u00e3o | Tela de Grava\u00e7\u00e3o | Tela de Silkscreen | Est\u00eancil de grava\u00e7\u00e3o | Stencil de Grava\u00e7\u00e3o | Micropontos | Puncionamento | Puncionadeira | Pun\u00e7\u00e3o | Numerador | Sinete | Micropuncionadeira | DOT PEEN","potentialAction":[{"@type":"SearchAction","target":{"@type":"EntryPoint","urlTemplate":"https:\/\/tecnigrav.com\/?s={search_term_string}"},"query-input":"required name=search_term_string"}],"inLanguage":"es-ES"}]}},"_links":{"self":[{"href":"https:\/\/tecnigrav.com\/es\/wp-json\/wp\/v2\/product\/4521"}],"collection":[{"href":"https:\/\/tecnigrav.com\/es\/wp-json\/wp\/v2\/product"}],"about":[{"href":"https:\/\/tecnigrav.com\/es\/wp-json\/wp\/v2\/types\/product"}],"replies":[{"embeddable":true,"href":"https:\/\/tecnigrav.com\/es\/wp-json\/wp\/v2\/comments?post=4521"}],"wp:featuredmedia":[{"embeddable":true,"href":"https:\/\/tecnigrav.com\/es\/wp-json\/wp\/v2\/media\/5273"}],"wp:attachment":[{"href":"https:\/\/tecnigrav.com\/es\/wp-json\/wp\/v2\/media?parent=4521"}],"wp:term":[{"taxonomy":"product_cat","embeddable":true,"href":"https:\/\/tecnigrav.com\/es\/wp-json\/wp\/v2\/product_cat?post=4521"},{"taxonomy":"product_tag","embeddable":true,"href":"https:\/\/tecnigrav.com\/es\/wp-json\/wp\/v2\/product_tag?post=4521"}],"curies":[{"name":"wp","href":"https:\/\/api.w.org\/{rel}","templated":true}]}}