{"id":4523,"date":"2015-07-30T20:38:40","date_gmt":"2015-07-30T23:38:40","guid":{"rendered":"http:\/\/tecnigrav.com\/en\/produto\/electrolito\/"},"modified":"2016-02-17T18:50:44","modified_gmt":"2016-02-17T20:50:44","slug":"electrolito-producto","status":"publish","type":"product","link":"https:\/\/tecnigrav.com\/es\/producto\/electrolito-producto\/","title":{"rendered":"Electrolito"},"content":{"rendered":"","protected":false},"excerpt":{"rendered":"<p>Para una buena de grabaci\u00f3n se requiere l\u00edquidos de calidad.<br \/>\nLa RSM l\u00edquido obedecen las reglas y son las m\u00e1s reconocidas en el mercado.<\/p>\n<p>Ventajas de produtos de RSM:<\/p>\n<p>* Estandarizado \/ normalizada<br \/>\n* Desarrollado por profesional<br \/>\n* Primer Laboratorio<br \/>\n* Tecnolog\u00eda de punta<\/p>\n<p>La gama de electrolitos de grabado y neutralizadores de limpieza  disponible permite adecuar el grabado para los diferentes tipos de metales. En nuestra lista de uso de electrolito puede ver qu\u00e9 electrolito es el apropiado para la rotulaci\u00f3n de sus materiales.<\/p>\n<p>Download <a title=\"Arquivo em PDF\" href=\"http:\/\/tecnigrav.com\/wp-content\/uploads\/2015\/07\/liquidos_de_gravacao.pdf\"><strong>nuestra lista de uso de electrolito<\/strong><\/a>.<\/p>\n","protected":false},"featured_media":4251,"comment_status":"closed","ping_status":"closed","template":"","meta":[],"product_cat":[61,56],"product_tag":[],"yoast_head":"<!-- This site is optimized with the Yoast SEO plugin v20.6 - https:\/\/yoast.com\/wordpress\/plugins\/seo\/ -->\n<title>Electrolito - Tecnigrav Gravadores de Metais<\/title>\n<meta name=\"description\" content=\"Para una buena de grabaci\u00f3n se requiere l\u00edquidos de calidad. La RSM l\u00edquido obedecen las reglas y son las m\u00e1s reconocidas en el mercado.  Ventajas de produtos de RSM:   * Estandarizado \/ normalizada * Desarrollado por profesional * Primer Laboratorio * Tecnolog\u00eda de punta  La gama de electrolitos de grabado y neutralizadores de limpieza disponible permite adecuar el grabado para los diferentes tipos de metales. En nuestra lista de uso de electrolito puede ver qu\u00e9 electrolito es el apropiado para la rotulaci\u00f3n de sus materiales.  Download nuestra lista de uso de electrolito.\" \/>\n<meta name=\"robots\" content=\"index, follow, max-snippet:-1, max-image-preview:large, max-video-preview:-1\" \/>\n<link rel=\"canonical\" href=\"https:\/\/tecnigrav.com\/es\/producto\/electrolito-producto\/\" \/>\n<meta property=\"og:locale\" content=\"es_ES\" \/>\n<meta property=\"og:type\" content=\"article\" \/>\n<meta property=\"og:title\" content=\"Electrolito - Tecnigrav Gravadores de Metais\" \/>\n<meta property=\"og:description\" content=\"Para una buena de grabaci\u00f3n se requiere l\u00edquidos de calidad. La RSM l\u00edquido obedecen las reglas y son las m\u00e1s reconocidas en el mercado.  Ventajas de produtos de RSM:   * Estandarizado \/ normalizada * Desarrollado por profesional * Primer Laboratorio * Tecnolog\u00eda de punta  La gama de electrolitos de grabado y neutralizadores de limpieza disponible permite adecuar el grabado para los diferentes tipos de metales. En nuestra lista de uso de electrolito puede ver qu\u00e9 electrolito es el apropiado para la rotulaci\u00f3n de sus materiales.  Download nuestra lista de uso de electrolito.\" \/>\n<meta property=\"og:url\" content=\"https:\/\/tecnigrav.com\/es\/producto\/electrolito-producto\/\" \/>\n<meta property=\"og:site_name\" content=\"Tecnigrav Gravadores de Metais\" \/>\n<meta property=\"article:publisher\" content=\"https:\/\/www.facebook.com\/Tecnigrav-Ind%c3%bastria-e-Com%c3%a9rcio-Ltda-151617301618854\/\" \/>\n<meta property=\"article:modified_time\" content=\"2016-02-17T20:50:44+00:00\" \/>\n<meta property=\"og:image\" content=\"https:\/\/tecnigrav.com\/wp-content\/uploads\/2015\/07\/liquidos-gravadores-tecnigrav-img.jpg\" \/>\n\t<meta property=\"og:image:width\" content=\"254\" \/>\n\t<meta property=\"og:image:height\" content=\"220\" \/>\n\t<meta property=\"og:image:type\" content=\"image\/jpeg\" \/>\n<meta name=\"twitter:card\" content=\"summary_large_image\" \/>\n<script type=\"application\/ld+json\" class=\"yoast-schema-graph\">{\"@context\":\"https:\/\/schema.org\",\"@graph\":[{\"@type\":\"WebPage\",\"@id\":\"https:\/\/tecnigrav.com\/es\/producto\/electrolito-producto\/\",\"url\":\"https:\/\/tecnigrav.com\/es\/producto\/electrolito-producto\/\",\"name\":\"Electrolito - Tecnigrav Gravadores de Metais\",\"isPartOf\":{\"@id\":\"https:\/\/tecnigrav.com\/#website\"},\"datePublished\":\"2015-07-30T23:38:40+00:00\",\"dateModified\":\"2016-02-17T20:50:44+00:00\",\"description\":\"Para una buena de grabaci\u00f3n se requiere l\u00edquidos de calidad. La RSM l\u00edquido obedecen las reglas y son las m\u00e1s reconocidas en el mercado. Ventajas de produtos de RSM: * Estandarizado \/ normalizada * Desarrollado por profesional * Primer Laboratorio * Tecnolog\u00eda de punta La gama de electrolitos de grabado y neutralizadores de limpieza disponible permite adecuar el grabado para los diferentes tipos de metales. En nuestra lista de uso de electrolito puede ver qu\u00e9 electrolito es el apropiado para la rotulaci\u00f3n de sus materiales. Download nuestra lista de uso de electrolito.\",\"breadcrumb\":{\"@id\":\"https:\/\/tecnigrav.com\/es\/producto\/electrolito-producto\/#breadcrumb\"},\"inLanguage\":\"es-ES\",\"potentialAction\":[{\"@type\":\"ReadAction\",\"target\":[\"https:\/\/tecnigrav.com\/es\/producto\/electrolito-producto\/\"]}]},{\"@type\":\"BreadcrumbList\",\"@id\":\"https:\/\/tecnigrav.com\/es\/producto\/electrolito-producto\/#breadcrumb\",\"itemListElement\":[{\"@type\":\"ListItem\",\"position\":1,\"name\":\"In\u00edcio\",\"item\":\"https:\/\/tecnigrav.com\/es\/\"},{\"@type\":\"ListItem\",\"position\":2,\"name\":\"Equipamentos de grava\u00e7\u00e3o\",\"item\":\"https:\/\/tecnigrav.com\/equipamentos-de-gravacao\/\"},{\"@type\":\"ListItem\",\"position\":3,\"name\":\"Grabado electrol\u00edtico\",\"item\":\"https:\/\/tecnigrav.com\/es\/sistemas-de-gravacao\/grabado-electrolitico\/\"},{\"@type\":\"ListItem\",\"position\":4,\"name\":\"Electrolitos\",\"item\":\"https:\/\/tecnigrav.com\/es\/sistemas-de-gravacao\/grabado-electrolitico\/electrolitos\/\"},{\"@type\":\"ListItem\",\"position\":5,\"name\":\"Electrolito\"}]},{\"@type\":\"WebSite\",\"@id\":\"https:\/\/tecnigrav.com\/#website\",\"url\":\"https:\/\/tecnigrav.com\/\",\"name\":\"Tecnigrav Gravadores de Metais\",\"description\":\"Gravadores de Metais | Grava\u00e7\u00e3o em Metais | Micropuncionamento | Micropercuss\u00e3o | Grava\u00e7\u00e3o Eletroqu\u00edmica | Marca\u00e7\u00e3o de Pe\u00e7as | Grava\u00e7\u00e3o de Pe\u00e7as | Grava\u00e7\u00e3o de Ferramentas | Codifica\u00e7\u00e3o | Marca\u00e7\u00e3o em Metais | L\u00e1pis El\u00e9trico | Caneta El\u00e9trica | Caneta Rotativa | L\u00e1pis Rotativo | Grava\u00e7\u00e3o Eletrol\u00edtica | Gravador Eletrol\u00edtico | Riscagem | CNC | Laser de Grava\u00e7\u00e3o | Laser de Marca\u00e7\u00e3o | Maquinas para Grava\u00e7\u00e3o | Maquinas Eletroqu\u00edmicas | Maquinas de Micropuncionamento | Maquinas Laser | Grava\u00e7\u00e3o a Laser | Tipo | Grava\u00e7\u00e3o por Pontos | Gravador de Bancada | Gravador Port\u00e1til | Gravador Manual| Grava\u00e7\u00e3o escrita a punho | Micropuncionamento de Bancada | Micropuncionamento Port\u00e1til | Limpeza de Solda | Limpador de Solda | Datamatrix | Integra\u00e7\u00e3o | Grava\u00e7\u00e3o Permanente | Marca\u00e7\u00e3o Permanente | Datadores | Codificadores | tecnograv | Carimbos | Sistema de identifica\u00e7\u00e3o | Pirografo | Tampografia | Rastreabilidade | Gravador de metal | Gravador de metais | Gravador Eletroqu\u00edmico | Liquido de Grava\u00e7\u00e3o | Liquidos Gravadores | Matriz de Grava\u00e7\u00e3o | Papel de Grava\u00e7\u00e3o | Tela de Grava\u00e7\u00e3o | Tela de Silkscreen | Est\u00eancil de grava\u00e7\u00e3o | Stencil de Grava\u00e7\u00e3o | Micropontos | Puncionamento | Puncionadeira | Pun\u00e7\u00e3o | Numerador | Sinete | Micropuncionadeira | DOT PEEN\",\"potentialAction\":[{\"@type\":\"SearchAction\",\"target\":{\"@type\":\"EntryPoint\",\"urlTemplate\":\"https:\/\/tecnigrav.com\/?s={search_term_string}\"},\"query-input\":\"required name=search_term_string\"}],\"inLanguage\":\"es-ES\"}]}<\/script>\n<!-- \/ Yoast SEO plugin. -->","yoast_head_json":{"title":"Electrolito - Tecnigrav Gravadores de Metais","description":"Para una buena de grabaci\u00f3n se requiere l\u00edquidos de calidad. La RSM l\u00edquido obedecen las reglas y son las m\u00e1s reconocidas en el mercado.  Ventajas de produtos de RSM:   * Estandarizado \/ normalizada * Desarrollado por profesional * Primer Laboratorio * Tecnolog\u00eda de punta  La gama de electrolitos de grabado y neutralizadores de limpieza disponible permite adecuar el grabado para los diferentes tipos de metales. En nuestra lista de uso de electrolito puede ver qu\u00e9 electrolito es el apropiado para la rotulaci\u00f3n de sus materiales.  Download nuestra lista de uso de electrolito.","robots":{"index":"index","follow":"follow","max-snippet":"max-snippet:-1","max-image-preview":"max-image-preview:large","max-video-preview":"max-video-preview:-1"},"canonical":"https:\/\/tecnigrav.com\/es\/producto\/electrolito-producto\/","og_locale":"es_ES","og_type":"article","og_title":"Electrolito - Tecnigrav Gravadores de Metais","og_description":"Para una buena de grabaci\u00f3n se requiere l\u00edquidos de calidad. La RSM l\u00edquido obedecen las reglas y son las m\u00e1s reconocidas en el mercado.  Ventajas de produtos de RSM:   * Estandarizado \/ normalizada * Desarrollado por profesional * Primer Laboratorio * Tecnolog\u00eda de punta  La gama de electrolitos de grabado y neutralizadores de limpieza disponible permite adecuar el grabado para los diferentes tipos de metales. En nuestra lista de uso de electrolito puede ver qu\u00e9 electrolito es el apropiado para la rotulaci\u00f3n de sus materiales.  Download nuestra lista de uso de electrolito.","og_url":"https:\/\/tecnigrav.com\/es\/producto\/electrolito-producto\/","og_site_name":"Tecnigrav Gravadores de Metais","article_publisher":"https:\/\/www.facebook.com\/Tecnigrav-Ind%c3%bastria-e-Com%c3%a9rcio-Ltda-151617301618854\/","article_modified_time":"2016-02-17T20:50:44+00:00","og_image":[{"width":254,"height":220,"url":"https:\/\/tecnigrav.com\/wp-content\/uploads\/2015\/07\/liquidos-gravadores-tecnigrav-img.jpg","type":"image\/jpeg"}],"twitter_card":"summary_large_image","schema":{"@context":"https:\/\/schema.org","@graph":[{"@type":"WebPage","@id":"https:\/\/tecnigrav.com\/es\/producto\/electrolito-producto\/","url":"https:\/\/tecnigrav.com\/es\/producto\/electrolito-producto\/","name":"Electrolito - Tecnigrav Gravadores de Metais","isPartOf":{"@id":"https:\/\/tecnigrav.com\/#website"},"datePublished":"2015-07-30T23:38:40+00:00","dateModified":"2016-02-17T20:50:44+00:00","description":"Para una buena de grabaci\u00f3n se requiere l\u00edquidos de calidad. La RSM l\u00edquido obedecen las reglas y son las m\u00e1s reconocidas en el mercado. Ventajas de produtos de RSM: * Estandarizado \/ normalizada * Desarrollado por profesional * Primer Laboratorio * Tecnolog\u00eda de punta La gama de electrolitos de grabado y neutralizadores de limpieza disponible permite adecuar el grabado para los diferentes tipos de metales. En nuestra lista de uso de electrolito puede ver qu\u00e9 electrolito es el apropiado para la rotulaci\u00f3n de sus materiales. Download nuestra lista de uso de electrolito.","breadcrumb":{"@id":"https:\/\/tecnigrav.com\/es\/producto\/electrolito-producto\/#breadcrumb"},"inLanguage":"es-ES","potentialAction":[{"@type":"ReadAction","target":["https:\/\/tecnigrav.com\/es\/producto\/electrolito-producto\/"]}]},{"@type":"BreadcrumbList","@id":"https:\/\/tecnigrav.com\/es\/producto\/electrolito-producto\/#breadcrumb","itemListElement":[{"@type":"ListItem","position":1,"name":"In\u00edcio","item":"https:\/\/tecnigrav.com\/es\/"},{"@type":"ListItem","position":2,"name":"Equipamentos de grava\u00e7\u00e3o","item":"https:\/\/tecnigrav.com\/equipamentos-de-gravacao\/"},{"@type":"ListItem","position":3,"name":"Grabado electrol\u00edtico","item":"https:\/\/tecnigrav.com\/es\/sistemas-de-gravacao\/grabado-electrolitico\/"},{"@type":"ListItem","position":4,"name":"Electrolitos","item":"https:\/\/tecnigrav.com\/es\/sistemas-de-gravacao\/grabado-electrolitico\/electrolitos\/"},{"@type":"ListItem","position":5,"name":"Electrolito"}]},{"@type":"WebSite","@id":"https:\/\/tecnigrav.com\/#website","url":"https:\/\/tecnigrav.com\/","name":"Tecnigrav Gravadores de Metais","description":"Gravadores de Metais | Grava\u00e7\u00e3o em Metais | Micropuncionamento | Micropercuss\u00e3o | Grava\u00e7\u00e3o Eletroqu\u00edmica | Marca\u00e7\u00e3o de Pe\u00e7as | Grava\u00e7\u00e3o de Pe\u00e7as | Grava\u00e7\u00e3o de Ferramentas | Codifica\u00e7\u00e3o | Marca\u00e7\u00e3o em Metais | L\u00e1pis El\u00e9trico | Caneta El\u00e9trica | Caneta Rotativa | L\u00e1pis Rotativo | Grava\u00e7\u00e3o Eletrol\u00edtica | Gravador Eletrol\u00edtico | Riscagem | CNC | Laser de Grava\u00e7\u00e3o | Laser de Marca\u00e7\u00e3o | Maquinas para Grava\u00e7\u00e3o | Maquinas Eletroqu\u00edmicas | Maquinas de Micropuncionamento | Maquinas Laser | Grava\u00e7\u00e3o a Laser | Tipo | Grava\u00e7\u00e3o por Pontos | Gravador de Bancada | Gravador Port\u00e1til | Gravador Manual| Grava\u00e7\u00e3o escrita a punho | Micropuncionamento de Bancada | Micropuncionamento Port\u00e1til | Limpeza de Solda | Limpador de Solda | Datamatrix | Integra\u00e7\u00e3o | Grava\u00e7\u00e3o Permanente | Marca\u00e7\u00e3o Permanente | Datadores | Codificadores | tecnograv | Carimbos | Sistema de identifica\u00e7\u00e3o | Pirografo | Tampografia | Rastreabilidade | Gravador de metal | Gravador de metais | Gravador Eletroqu\u00edmico | Liquido de Grava\u00e7\u00e3o | Liquidos Gravadores | Matriz de Grava\u00e7\u00e3o | Papel de Grava\u00e7\u00e3o | Tela de Grava\u00e7\u00e3o | Tela de Silkscreen | Est\u00eancil de grava\u00e7\u00e3o | Stencil de Grava\u00e7\u00e3o | Micropontos | Puncionamento | Puncionadeira | Pun\u00e7\u00e3o | Numerador | Sinete | Micropuncionadeira | DOT PEEN","potentialAction":[{"@type":"SearchAction","target":{"@type":"EntryPoint","urlTemplate":"https:\/\/tecnigrav.com\/?s={search_term_string}"},"query-input":"required name=search_term_string"}],"inLanguage":"es-ES"}]}},"_links":{"self":[{"href":"https:\/\/tecnigrav.com\/es\/wp-json\/wp\/v2\/product\/4523"}],"collection":[{"href":"https:\/\/tecnigrav.com\/es\/wp-json\/wp\/v2\/product"}],"about":[{"href":"https:\/\/tecnigrav.com\/es\/wp-json\/wp\/v2\/types\/product"}],"replies":[{"embeddable":true,"href":"https:\/\/tecnigrav.com\/es\/wp-json\/wp\/v2\/comments?post=4523"}],"wp:featuredmedia":[{"embeddable":true,"href":"https:\/\/tecnigrav.com\/es\/wp-json\/wp\/v2\/media\/4251"}],"wp:attachment":[{"href":"https:\/\/tecnigrav.com\/es\/wp-json\/wp\/v2\/media?parent=4523"}],"wp:term":[{"taxonomy":"product_cat","embeddable":true,"href":"https:\/\/tecnigrav.com\/es\/wp-json\/wp\/v2\/product_cat?post=4523"},{"taxonomy":"product_tag","embeddable":true,"href":"https:\/\/tecnigrav.com\/es\/wp-json\/wp\/v2\/product_tag?post=4523"}],"curies":[{"name":"wp","href":"https:\/\/api.w.org\/{rel}","templated":true}]}}