{"id":4527,"date":"2015-07-30T20:45:10","date_gmt":"2015-07-30T23:45:10","guid":{"rendered":"http:\/\/tecnigrav.com\/es\/produto\/plantillas-de-grabado\/"},"modified":"2015-07-30T20:45:10","modified_gmt":"2015-07-30T23:45:10","slug":"plantillas-de-grabado","status":"publish","type":"product","link":"https:\/\/tecnigrav.com\/es\/producto\/plantillas-de-grabado\/","title":{"rendered":"Plantillas de grabado"},"content":{"rendered":"","protected":false},"excerpt":{"rendered":"<p>Codigo: MLL<br \/>\nTecnigrav tiene el know-how que produjo con la alta definici\u00f3n , la calidad y durabilidad<br \/>\nLogos, Rejas, textos , etc &#8230;<\/p>\n<p><strong>Tipo de Plantillas:<\/strong><\/p>\n<p>A = Avulsas<br \/>\nB = plastificado<br \/>\nC = En marcos<br \/>\nD = Econ\u00f3mico<br \/>\nE = Grado<\/p>\n<p><strong>Caracteristicas<\/strong><\/p>\n<p>Para todos los grabadores KIT DE electroqu\u00edmica y m\u00e1quinas autom\u00e1ticas.<\/p>\n<p>Primera foto: repuesto<\/p>\n<p>Segunda foto: plastificado con o sin registro<\/p>\n<p>Tercero de la foto: En el marco o el aluminio madera<\/p>\n<p>Cuarto Foto: A4 , c \/ m\u00faltiples inserciones Econ\u00f3micos<\/p>\n<p>Quinto de la foto: rejillas \/ curva de conformaci\u00f3n 200 x 300 mm<\/p>\n","protected":false},"featured_media":4241,"comment_status":"closed","ping_status":"closed","template":"","meta":[],"product_cat":[56,74],"product_tag":[],"yoast_head":"<!-- This site is optimized with the Yoast SEO plugin v20.6 - https:\/\/yoast.com\/wordpress\/plugins\/seo\/ -->\n<title>Plantillas de grabado - Tecnigrav Gravadores de Metais<\/title>\n<meta name=\"description\" content=\"Codigo: MLL Tecnigrav tiene el know-how que produjo con la alta definici\u00f3n , la calidad y durabilidad Logos, Rejas, textos , etc ...  Tipo de Plantillas:  A = Avulsas B = plastificado C = En marcos D = Econ\u00f3mico E = Grado  Caracteristicas  Para todos los grabadores KIT DE electroqu\u00edmica y m\u00e1quinas autom\u00e1ticas.  Primera foto: repuesto  Segunda foto: plastificado con o sin registro  Tercero de la foto: En el marco o el aluminio madera  Cuarto Foto: A4 , c \/ m\u00faltiples inserciones Econ\u00f3micos  Quinto de la foto: rejillas \/ curva de conformaci\u00f3n 200 x 300 mm\" \/>\n<meta name=\"robots\" content=\"index, follow, max-snippet:-1, max-image-preview:large, max-video-preview:-1\" \/>\n<link rel=\"canonical\" href=\"https:\/\/tecnigrav.com\/es\/producto\/plantillas-de-grabado\/\" \/>\n<meta property=\"og:locale\" content=\"es_ES\" \/>\n<meta property=\"og:type\" content=\"article\" \/>\n<meta property=\"og:title\" content=\"Plantillas de grabado - Tecnigrav Gravadores de Metais\" \/>\n<meta property=\"og:description\" content=\"Codigo: MLL Tecnigrav tiene el know-how que produjo con la alta definici\u00f3n , la calidad y durabilidad Logos, Rejas, textos , etc ...  Tipo de Plantillas:  A = Avulsas B = plastificado C = En marcos D = Econ\u00f3mico E = Grado  Caracteristicas  Para todos los grabadores KIT DE electroqu\u00edmica y m\u00e1quinas autom\u00e1ticas.  Primera foto: repuesto  Segunda foto: plastificado con o sin registro  Tercero de la foto: En el marco o el aluminio madera  Cuarto Foto: A4 , c \/ m\u00faltiples inserciones Econ\u00f3micos  Quinto de la foto: rejillas \/ curva de conformaci\u00f3n 200 x 300 mm\" \/>\n<meta property=\"og:url\" content=\"https:\/\/tecnigrav.com\/es\/producto\/plantillas-de-grabado\/\" \/>\n<meta property=\"og:site_name\" content=\"Tecnigrav Gravadores de Metais\" \/>\n<meta property=\"article:publisher\" content=\"https:\/\/www.facebook.com\/Tecnigrav-Ind%c3%bastria-e-Com%c3%a9rcio-Ltda-151617301618854\/\" \/>\n<meta property=\"og:image\" content=\"https:\/\/tecnigrav.com\/wp-content\/uploads\/2015\/07\/matriz-de-grava\u00e7\u00e3o-produto-tecnigrav-img1.jpg\" \/>\n\t<meta property=\"og:image:width\" content=\"288\" \/>\n\t<meta property=\"og:image:height\" content=\"240\" \/>\n\t<meta property=\"og:image:type\" content=\"image\/jpeg\" \/>\n<meta name=\"twitter:card\" content=\"summary_large_image\" \/>\n<script type=\"application\/ld+json\" class=\"yoast-schema-graph\">{\"@context\":\"https:\/\/schema.org\",\"@graph\":[{\"@type\":\"WebPage\",\"@id\":\"https:\/\/tecnigrav.com\/es\/producto\/plantillas-de-grabado\/\",\"url\":\"https:\/\/tecnigrav.com\/es\/producto\/plantillas-de-grabado\/\",\"name\":\"Plantillas de grabado - Tecnigrav Gravadores de Metais\",\"isPartOf\":{\"@id\":\"https:\/\/tecnigrav.com\/#website\"},\"datePublished\":\"2015-07-30T23:45:10+00:00\",\"dateModified\":\"2015-07-30T23:45:10+00:00\",\"description\":\"Codigo: MLL Tecnigrav tiene el know-how que produjo con la alta definici\u00f3n , la calidad y durabilidad Logos, Rejas, textos , etc ... Tipo de Plantillas: A = Avulsas B = plastificado C = En marcos D = Econ\u00f3mico E = Grado Caracteristicas Para todos los grabadores KIT DE electroqu\u00edmica y m\u00e1quinas autom\u00e1ticas. Primera foto: repuesto Segunda foto: plastificado con o sin registro Tercero de la foto: En el marco o el aluminio madera Cuarto Foto: A4 , c \/ m\u00faltiples inserciones Econ\u00f3micos Quinto de la foto: rejillas \/ curva de conformaci\u00f3n 200 x 300 mm\",\"breadcrumb\":{\"@id\":\"https:\/\/tecnigrav.com\/es\/producto\/plantillas-de-grabado\/#breadcrumb\"},\"inLanguage\":\"es-ES\",\"potentialAction\":[{\"@type\":\"ReadAction\",\"target\":[\"https:\/\/tecnigrav.com\/es\/producto\/plantillas-de-grabado\/\"]}]},{\"@type\":\"BreadcrumbList\",\"@id\":\"https:\/\/tecnigrav.com\/es\/producto\/plantillas-de-grabado\/#breadcrumb\",\"itemListElement\":[{\"@type\":\"ListItem\",\"position\":1,\"name\":\"In\u00edcio\",\"item\":\"https:\/\/tecnigrav.com\/es\/\"},{\"@type\":\"ListItem\",\"position\":2,\"name\":\"Equipamentos de grava\u00e7\u00e3o\",\"item\":\"https:\/\/tecnigrav.com\/equipamentos-de-gravacao\/\"},{\"@type\":\"ListItem\",\"position\":3,\"name\":\"Grabado electrol\u00edtico\",\"item\":\"https:\/\/tecnigrav.com\/es\/sistemas-de-gravacao\/grabado-electrolitico\/\"},{\"@type\":\"ListItem\",\"position\":4,\"name\":\"Plantillas de grabado\",\"item\":\"https:\/\/tecnigrav.com\/es\/sistemas-de-gravacao\/grabado-electrolitico\/plantillas-de-grabado-es\/\"},{\"@type\":\"ListItem\",\"position\":5,\"name\":\"Plantillas de grabado\"}]},{\"@type\":\"WebSite\",\"@id\":\"https:\/\/tecnigrav.com\/#website\",\"url\":\"https:\/\/tecnigrav.com\/\",\"name\":\"Tecnigrav Gravadores de Metais\",\"description\":\"Gravadores de Metais | Grava\u00e7\u00e3o em Metais | Micropuncionamento | Micropercuss\u00e3o | Grava\u00e7\u00e3o Eletroqu\u00edmica | Marca\u00e7\u00e3o de Pe\u00e7as | Grava\u00e7\u00e3o de Pe\u00e7as | Grava\u00e7\u00e3o de Ferramentas | Codifica\u00e7\u00e3o | Marca\u00e7\u00e3o em Metais | L\u00e1pis El\u00e9trico | Caneta El\u00e9trica | Caneta Rotativa | L\u00e1pis Rotativo | Grava\u00e7\u00e3o Eletrol\u00edtica | Gravador Eletrol\u00edtico | Riscagem | CNC | Laser de Grava\u00e7\u00e3o | Laser de Marca\u00e7\u00e3o | Maquinas para Grava\u00e7\u00e3o | Maquinas Eletroqu\u00edmicas | Maquinas de Micropuncionamento | Maquinas Laser | Grava\u00e7\u00e3o a Laser | Tipo | Grava\u00e7\u00e3o por Pontos | Gravador de Bancada | Gravador Port\u00e1til | Gravador Manual| Grava\u00e7\u00e3o escrita a punho | Micropuncionamento de Bancada | Micropuncionamento Port\u00e1til | Limpeza de Solda | Limpador de Solda | Datamatrix | Integra\u00e7\u00e3o | Grava\u00e7\u00e3o Permanente | Marca\u00e7\u00e3o Permanente | Datadores | Codificadores | tecnograv | Carimbos | Sistema de identifica\u00e7\u00e3o | Pirografo | Tampografia | Rastreabilidade | Gravador de metal | Gravador de metais | Gravador Eletroqu\u00edmico | Liquido de Grava\u00e7\u00e3o | Liquidos Gravadores | Matriz de Grava\u00e7\u00e3o | Papel de Grava\u00e7\u00e3o | Tela de Grava\u00e7\u00e3o | Tela de Silkscreen | Est\u00eancil de grava\u00e7\u00e3o | Stencil de Grava\u00e7\u00e3o | Micropontos | Puncionamento | Puncionadeira | Pun\u00e7\u00e3o | Numerador | Sinete | Micropuncionadeira | DOT PEEN\",\"potentialAction\":[{\"@type\":\"SearchAction\",\"target\":{\"@type\":\"EntryPoint\",\"urlTemplate\":\"https:\/\/tecnigrav.com\/?s={search_term_string}\"},\"query-input\":\"required name=search_term_string\"}],\"inLanguage\":\"es-ES\"}]}<\/script>\n<!-- \/ Yoast SEO plugin. -->","yoast_head_json":{"title":"Plantillas de grabado - Tecnigrav Gravadores de Metais","description":"Codigo: MLL Tecnigrav tiene el know-how que produjo con la alta definici\u00f3n , la calidad y durabilidad Logos, Rejas, textos , etc ...  Tipo de Plantillas:  A = Avulsas B = plastificado C = En marcos D = Econ\u00f3mico E = Grado  Caracteristicas  Para todos los grabadores KIT DE electroqu\u00edmica y m\u00e1quinas autom\u00e1ticas.  Primera foto: repuesto  Segunda foto: plastificado con o sin registro  Tercero de la foto: En el marco o el aluminio madera  Cuarto Foto: A4 , c \/ m\u00faltiples inserciones Econ\u00f3micos  Quinto de la foto: rejillas \/ curva de conformaci\u00f3n 200 x 300 mm","robots":{"index":"index","follow":"follow","max-snippet":"max-snippet:-1","max-image-preview":"max-image-preview:large","max-video-preview":"max-video-preview:-1"},"canonical":"https:\/\/tecnigrav.com\/es\/producto\/plantillas-de-grabado\/","og_locale":"es_ES","og_type":"article","og_title":"Plantillas de grabado - Tecnigrav Gravadores de Metais","og_description":"Codigo: MLL Tecnigrav tiene el know-how que produjo con la alta definici\u00f3n , la calidad y durabilidad Logos, Rejas, textos , etc ...  Tipo de Plantillas:  A = Avulsas B = plastificado C = En marcos D = Econ\u00f3mico E = Grado  Caracteristicas  Para todos los grabadores KIT DE electroqu\u00edmica y m\u00e1quinas autom\u00e1ticas.  Primera foto: repuesto  Segunda foto: plastificado con o sin registro  Tercero de la foto: En el marco o el aluminio madera  Cuarto Foto: A4 , c \/ m\u00faltiples inserciones Econ\u00f3micos  Quinto de la foto: rejillas \/ curva de conformaci\u00f3n 200 x 300 mm","og_url":"https:\/\/tecnigrav.com\/es\/producto\/plantillas-de-grabado\/","og_site_name":"Tecnigrav Gravadores de Metais","article_publisher":"https:\/\/www.facebook.com\/Tecnigrav-Ind%c3%bastria-e-Com%c3%a9rcio-Ltda-151617301618854\/","og_image":[{"width":288,"height":240,"url":"https:\/\/tecnigrav.com\/wp-content\/uploads\/2015\/07\/matriz-de-grava\u00e7\u00e3o-produto-tecnigrav-img1.jpg","type":"image\/jpeg"}],"twitter_card":"summary_large_image","schema":{"@context":"https:\/\/schema.org","@graph":[{"@type":"WebPage","@id":"https:\/\/tecnigrav.com\/es\/producto\/plantillas-de-grabado\/","url":"https:\/\/tecnigrav.com\/es\/producto\/plantillas-de-grabado\/","name":"Plantillas de grabado - Tecnigrav Gravadores de Metais","isPartOf":{"@id":"https:\/\/tecnigrav.com\/#website"},"datePublished":"2015-07-30T23:45:10+00:00","dateModified":"2015-07-30T23:45:10+00:00","description":"Codigo: MLL Tecnigrav tiene el know-how que produjo con la alta definici\u00f3n , la calidad y durabilidad Logos, Rejas, textos , etc ... Tipo de Plantillas: A = Avulsas B = plastificado C = En marcos D = Econ\u00f3mico E = Grado Caracteristicas Para todos los grabadores KIT DE electroqu\u00edmica y m\u00e1quinas autom\u00e1ticas. Primera foto: repuesto Segunda foto: plastificado con o sin registro Tercero de la foto: En el marco o el aluminio madera Cuarto Foto: A4 , c \/ m\u00faltiples inserciones Econ\u00f3micos Quinto de la foto: rejillas \/ curva de conformaci\u00f3n 200 x 300 mm","breadcrumb":{"@id":"https:\/\/tecnigrav.com\/es\/producto\/plantillas-de-grabado\/#breadcrumb"},"inLanguage":"es-ES","potentialAction":[{"@type":"ReadAction","target":["https:\/\/tecnigrav.com\/es\/producto\/plantillas-de-grabado\/"]}]},{"@type":"BreadcrumbList","@id":"https:\/\/tecnigrav.com\/es\/producto\/plantillas-de-grabado\/#breadcrumb","itemListElement":[{"@type":"ListItem","position":1,"name":"In\u00edcio","item":"https:\/\/tecnigrav.com\/es\/"},{"@type":"ListItem","position":2,"name":"Equipamentos de grava\u00e7\u00e3o","item":"https:\/\/tecnigrav.com\/equipamentos-de-gravacao\/"},{"@type":"ListItem","position":3,"name":"Grabado electrol\u00edtico","item":"https:\/\/tecnigrav.com\/es\/sistemas-de-gravacao\/grabado-electrolitico\/"},{"@type":"ListItem","position":4,"name":"Plantillas de grabado","item":"https:\/\/tecnigrav.com\/es\/sistemas-de-gravacao\/grabado-electrolitico\/plantillas-de-grabado-es\/"},{"@type":"ListItem","position":5,"name":"Plantillas de grabado"}]},{"@type":"WebSite","@id":"https:\/\/tecnigrav.com\/#website","url":"https:\/\/tecnigrav.com\/","name":"Tecnigrav Gravadores de Metais","description":"Gravadores de Metais | Grava\u00e7\u00e3o em Metais | Micropuncionamento | Micropercuss\u00e3o | Grava\u00e7\u00e3o Eletroqu\u00edmica | Marca\u00e7\u00e3o de Pe\u00e7as | Grava\u00e7\u00e3o de Pe\u00e7as | Grava\u00e7\u00e3o de Ferramentas | Codifica\u00e7\u00e3o | Marca\u00e7\u00e3o em Metais | L\u00e1pis El\u00e9trico | Caneta El\u00e9trica | Caneta Rotativa | L\u00e1pis Rotativo | Grava\u00e7\u00e3o Eletrol\u00edtica | Gravador Eletrol\u00edtico | Riscagem | CNC | Laser de Grava\u00e7\u00e3o | Laser de Marca\u00e7\u00e3o | Maquinas para Grava\u00e7\u00e3o | Maquinas Eletroqu\u00edmicas | Maquinas de Micropuncionamento | Maquinas Laser | Grava\u00e7\u00e3o a Laser | Tipo | Grava\u00e7\u00e3o por Pontos | Gravador de Bancada | Gravador Port\u00e1til | Gravador Manual| Grava\u00e7\u00e3o escrita a punho | Micropuncionamento de Bancada | Micropuncionamento Port\u00e1til | Limpeza de Solda | Limpador de Solda | Datamatrix | Integra\u00e7\u00e3o | Grava\u00e7\u00e3o Permanente | Marca\u00e7\u00e3o Permanente | Datadores | Codificadores | tecnograv | Carimbos | Sistema de identifica\u00e7\u00e3o | Pirografo | Tampografia | Rastreabilidade | Gravador de metal | Gravador de metais | Gravador Eletroqu\u00edmico | Liquido de Grava\u00e7\u00e3o | Liquidos Gravadores | Matriz de Grava\u00e7\u00e3o | Papel de Grava\u00e7\u00e3o | Tela de Grava\u00e7\u00e3o | Tela de Silkscreen | Est\u00eancil de grava\u00e7\u00e3o | Stencil de Grava\u00e7\u00e3o | Micropontos | Puncionamento | Puncionadeira | Pun\u00e7\u00e3o | Numerador | Sinete | Micropuncionadeira | DOT PEEN","potentialAction":[{"@type":"SearchAction","target":{"@type":"EntryPoint","urlTemplate":"https:\/\/tecnigrav.com\/?s={search_term_string}"},"query-input":"required name=search_term_string"}],"inLanguage":"es-ES"}]}},"_links":{"self":[{"href":"https:\/\/tecnigrav.com\/es\/wp-json\/wp\/v2\/product\/4527"}],"collection":[{"href":"https:\/\/tecnigrav.com\/es\/wp-json\/wp\/v2\/product"}],"about":[{"href":"https:\/\/tecnigrav.com\/es\/wp-json\/wp\/v2\/types\/product"}],"replies":[{"embeddable":true,"href":"https:\/\/tecnigrav.com\/es\/wp-json\/wp\/v2\/comments?post=4527"}],"wp:featuredmedia":[{"embeddable":true,"href":"https:\/\/tecnigrav.com\/es\/wp-json\/wp\/v2\/media\/4241"}],"wp:attachment":[{"href":"https:\/\/tecnigrav.com\/es\/wp-json\/wp\/v2\/media?parent=4527"}],"wp:term":[{"taxonomy":"product_cat","embeddable":true,"href":"https:\/\/tecnigrav.com\/es\/wp-json\/wp\/v2\/product_cat?post=4527"},{"taxonomy":"product_tag","embeddable":true,"href":"https:\/\/tecnigrav.com\/es\/wp-json\/wp\/v2\/product_tag?post=4527"}],"curies":[{"name":"wp","href":"https:\/\/api.w.org\/{rel}","templated":true}]}}