{"id":4545,"date":"2015-08-13T11:00:51","date_gmt":"2015-08-13T14:00:51","guid":{"rendered":"http:\/\/tecnigrav.com\/produto\/marksman-mk-300-2\/"},"modified":"2016-02-17T18:26:34","modified_gmt":"2016-02-17T20:26:34","slug":"marksman-mk-300-2","status":"publish","type":"product","link":"https:\/\/tecnigrav.com\/es\/producto\/marksman-mk-300-2\/","title":{"rendered":"Marksman MK-300"},"content":{"rendered":"<p><iframe title=\"GRAVADOR EM METAIS MARKSMAN MK-300 - TECNIGRAV\" width=\"1140\" height=\"641\" src=\"https:\/\/www.youtube.com\/embed\/bwb0rmUsyjo?feature=oembed\" frameborder=\"0\" allow=\"accelerometer; autoplay; clipboard-write; encrypted-media; gyroscope; picture-in-picture; web-share\" allowfullscreen><\/iframe><\/p>\n","protected":false},"excerpt":{"rendered":"<\/p>\n<p class=\"MsoNormal\"><span style=\"mso-ansi-language: PT-BR;\">CODIGO: MK300<\/span><\/p>\n<p>&nbsp;<\/p>\n<p class=\"MsoNormal\"><span style=\"mso-ansi-language: PT-BR;\">&Aacute;rea marcado: <span style=\"mso-tab-count: 1;\">&nbsp;&nbsp;&nbsp;&nbsp;&nbsp;&nbsp;&nbsp;&nbsp;&nbsp;&nbsp;&nbsp;&nbsp;&nbsp;&nbsp;&nbsp;&nbsp;&nbsp;&nbsp; <\/span>95 x 75mm<\/span><\/p>\n<p>&nbsp;<\/p>\n<p class=\"MsoNormal\"><span style=\"mso-ansi-language: PT-BR;\">Velocidad: 3 caracteres por segundo (3 mm altura)<\/span><\/p>\n<p>&nbsp;<\/p>\n<p class=\"MsoNormal\"><span style=\"mso-ansi-language: PT-BR;\">Funci&oacute;n: lineal, circular, oblicuo, datamatrix 2D, etc. Series autom&aacute;ticas, c&oacute;digo de fechas, c&oacute;digos d&iacute;a-noche, angle, , Julian calendar, special date coding, day &amp; night. Embebido de tres tipo de letra est&aacute;ndar ( STD1 , STD2 , Dot ). Archivo PLT de Autocad marcado y 1 logotipo especial que marca <\/span><\/p>\n<p>&nbsp;<\/p>\n<p class=\"MsoNormal\"><span style=\"mso-ansi-language: PT-BR;\">Esta m&aacute;quina puede ser neum&aacute;tico o el&eacute;ctrico.<\/span><\/p>\n<p>&nbsp;<\/p>\n<p class=\"MsoNormal\"><span style=\"mso-ansi-language: PT-BR;\">Garant&iacute;a: 1 a&ntilde;o<\/span><\/p>\n<p>&nbsp;<\/p>\n<p class=\"MsoNormal\"><strong>Caracteristicas:<\/strong><\/p>\n<p>&nbsp;<\/p>\n<p class=\"MsoNormal\"><span style=\"mso-ansi-language: PT-BR;\">La m&aacute;quina de Micropercusion MK- 300 de mesa<span style=\"mso-spacerun: yes;\">&nbsp; <\/span>y columna est&aacute;n dise&ntilde;ados para la peque&ntilde;a cantidad y varios tipos de marcaje . Punta de grabado permitir&aacute; tener marcado permanente para muchos tipos de material de pl&aacute;stico para acero templado hasta 62 HRC.<\/span><\/p>\n<p>&nbsp;<\/p>\n<p class=\"MsoNormal\"><span style=\"mso-ansi-language: PT-BR;\">El &#8221; MK- 300 &#8221; se ha construido en el interior del controlador de marcar cabeza mientras est&aacute; sola m&aacute;quina de la marca .<\/span><\/p>\n<p>&nbsp;<\/p>\n<p class=\"MsoNormal\"><span style=\"mso-ansi-language: PT-BR;\">Se le hace tener marcado en sus piezas sin PC permanente Este tipo de marcado (texto, d&iacute;gitos) est&aacute;n hechos de una sucesi&oacute;n de puntos. Se puede hacer de la datamatix 2D y el logotipo de marca cuando est&aacute; conectado con JS- 2000 s \/ w en el PC<\/span><\/p>\n<p>&nbsp;<\/p>\n<p class=\"MsoNormal\"><span style=\"mso-ansi-language: PT-BR;\">MK- 300 trabaja con piezas de diferentes formas y condiciones de la superficie (superficies planas e irregulares, c&oacute;ncavas , convexas , material circular, primas , etc &#8230;) Adem&aacute;s, tiene un interruptor externo &#8221; detener, iniciar y Reset &#8221; bot&oacute;n para mayor comodidad . Todos estos productos est&aacute;n dise&ntilde;ados para uso f&aacute;cil .<\/span><\/p>\n<p>&nbsp;<\/p>\n","protected":false},"featured_media":4822,"comment_status":"closed","ping_status":"closed","template":"","meta":[],"product_cat":[64,55],"product_tag":[],"yoast_head":"<!-- This site is optimized with the Yoast SEO plugin v20.6 - https:\/\/yoast.com\/wordpress\/plugins\/seo\/ -->\n<title>Marksman MK-300 - Tecnigrav Gravadores de Metais<\/title>\n<meta name=\"description\" content=\"CODIGO: MK300 &nbsp; &Aacute;rea marcado: &nbsp;&nbsp;&nbsp;&nbsp;&nbsp;&nbsp;&nbsp;&nbsp;&nbsp;&nbsp;&nbsp;&nbsp;&nbsp;&nbsp;&nbsp;&nbsp;&nbsp;&nbsp; 95 x 75mm &nbsp; Velocidad: 3 caracteres por segundo (3 mm altura) &nbsp; Funci&oacute;n: lineal, circular, oblicuo, datamatrix 2D, etc. Series autom&aacute;ticas, c&oacute;digo de fechas, c&oacute;digos d&iacute;a-noche, angle, , Julian calendar, special date coding, day &amp; night. Embebido de tres tipo de letra est&aacute;ndar ( STD1 , STD2 , Dot ). Archivo PLT de Autocad marcado y 1 logotipo especial que marca  &nbsp; Esta m&aacute;quina puede ser neum&aacute;tico o el&eacute;ctrico. &nbsp; Garant&iacute;a: 1 a&ntilde;o &nbsp; Caracteristicas: &nbsp; La m&aacute;quina de Micropercusion MK- 300 de mesa&nbsp; y columna est&aacute;n dise&ntilde;ados para la peque&ntilde;a cantidad y varios tipos de marcaje . Punta de grabado permitir&aacute; tener marcado permanente para muchos tipos de material de pl&aacute;stico para acero templado hasta 62 HRC. &nbsp; El &quot; MK- 300 &quot; se ha construido en el interior del controlador de marcar cabeza mientras est&aacute; sola m&aacute;quina de la marca . &nbsp; Se le hace tener marcado en sus piezas sin PC permanente Este tipo de marcado (texto, d&iacute;gitos) est&aacute;n hechos de una sucesi&oacute;n de puntos. Se puede hacer de la datamatix 2D y el logotipo de marca cuando est&aacute; conectado con JS- 2000 s \/ w en el PC &nbsp; MK- 300 trabaja con piezas de diferentes formas y condiciones de la superficie (superficies planas e irregulares, c&oacute;ncavas , convexas , material circular, primas , etc ...) Adem&aacute;s, tiene un interruptor externo &quot; detener, iniciar y Reset &quot; bot&oacute;n para mayor comodidad . Todos estos productos est&aacute;n dise&ntilde;ados para uso f&aacute;cil . &nbsp;\" \/>\n<meta name=\"robots\" content=\"index, follow, max-snippet:-1, max-image-preview:large, max-video-preview:-1\" \/>\n<link rel=\"canonical\" href=\"https:\/\/tecnigrav.com\/es\/producto\/marksman-mk-300-2\/\" \/>\n<meta property=\"og:locale\" content=\"es_ES\" \/>\n<meta property=\"og:type\" content=\"article\" \/>\n<meta property=\"og:title\" content=\"Marksman MK-300 - Tecnigrav Gravadores de Metais\" \/>\n<meta property=\"og:description\" content=\"CODIGO: MK300 &nbsp; &Aacute;rea marcado: &nbsp;&nbsp;&nbsp;&nbsp;&nbsp;&nbsp;&nbsp;&nbsp;&nbsp;&nbsp;&nbsp;&nbsp;&nbsp;&nbsp;&nbsp;&nbsp;&nbsp;&nbsp; 95 x 75mm &nbsp; Velocidad: 3 caracteres por segundo (3 mm altura) &nbsp; Funci&oacute;n: lineal, circular, oblicuo, datamatrix 2D, etc. Series autom&aacute;ticas, c&oacute;digo de fechas, c&oacute;digos d&iacute;a-noche, angle, , Julian calendar, special date coding, day &amp; night. Embebido de tres tipo de letra est&aacute;ndar ( STD1 , STD2 , Dot ). Archivo PLT de Autocad marcado y 1 logotipo especial que marca  &nbsp; Esta m&aacute;quina puede ser neum&aacute;tico o el&eacute;ctrico. &nbsp; Garant&iacute;a: 1 a&ntilde;o &nbsp; Caracteristicas: &nbsp; La m&aacute;quina de Micropercusion MK- 300 de mesa&nbsp; y columna est&aacute;n dise&ntilde;ados para la peque&ntilde;a cantidad y varios tipos de marcaje . Punta de grabado permitir&aacute; tener marcado permanente para muchos tipos de material de pl&aacute;stico para acero templado hasta 62 HRC. &nbsp; El &quot; MK- 300 &quot; se ha construido en el interior del controlador de marcar cabeza mientras est&aacute; sola m&aacute;quina de la marca . &nbsp; Se le hace tener marcado en sus piezas sin PC permanente Este tipo de marcado (texto, d&iacute;gitos) est&aacute;n hechos de una sucesi&oacute;n de puntos. Se puede hacer de la datamatix 2D y el logotipo de marca cuando est&aacute; conectado con JS- 2000 s \/ w en el PC &nbsp; MK- 300 trabaja con piezas de diferentes formas y condiciones de la superficie (superficies planas e irregulares, c&oacute;ncavas , convexas , material circular, primas , etc ...) Adem&aacute;s, tiene un interruptor externo &quot; detener, iniciar y Reset &quot; bot&oacute;n para mayor comodidad . Todos estos productos est&aacute;n dise&ntilde;ados para uso f&aacute;cil . &nbsp;\" \/>\n<meta property=\"og:url\" content=\"https:\/\/tecnigrav.com\/es\/producto\/marksman-mk-300-2\/\" \/>\n<meta property=\"og:site_name\" content=\"Tecnigrav Gravadores de Metais\" \/>\n<meta property=\"article:publisher\" content=\"https:\/\/www.facebook.com\/Tecnigrav-Ind%c3%bastria-e-Com%c3%a9rcio-Ltda-151617301618854\/\" \/>\n<meta property=\"article:modified_time\" content=\"2016-02-17T20:26:34+00:00\" \/>\n<meta property=\"og:image\" content=\"https:\/\/tecnigrav.com\/wp-content\/uploads\/2015\/08\/MK-300-4-3-e1479818306439.jpg\" \/>\n\t<meta property=\"og:image:width\" content=\"560\" \/>\n\t<meta property=\"og:image:height\" content=\"420\" \/>\n\t<meta property=\"og:image:type\" content=\"image\/jpeg\" \/>\n<meta name=\"twitter:card\" content=\"summary_large_image\" \/>\n<script type=\"application\/ld+json\" class=\"yoast-schema-graph\">{\"@context\":\"https:\/\/schema.org\",\"@graph\":[{\"@type\":\"WebPage\",\"@id\":\"https:\/\/tecnigrav.com\/es\/producto\/marksman-mk-300-2\/\",\"url\":\"https:\/\/tecnigrav.com\/es\/producto\/marksman-mk-300-2\/\",\"name\":\"Marksman MK-300 - Tecnigrav Gravadores de Metais\",\"isPartOf\":{\"@id\":\"https:\/\/tecnigrav.com\/#website\"},\"datePublished\":\"2015-08-13T14:00:51+00:00\",\"dateModified\":\"2016-02-17T20:26:34+00:00\",\"description\":\"CODIGO: MK300 &nbsp; &Aacute;rea marcado: &nbsp;&nbsp;&nbsp;&nbsp;&nbsp;&nbsp;&nbsp;&nbsp;&nbsp;&nbsp;&nbsp;&nbsp;&nbsp;&nbsp;&nbsp;&nbsp;&nbsp;&nbsp; 95 x 75mm &nbsp; Velocidad: 3 caracteres por segundo (3 mm altura) &nbsp; Funci&oacute;n: lineal, circular, oblicuo, datamatrix 2D, etc. Series autom&aacute;ticas, c&oacute;digo de fechas, c&oacute;digos d&iacute;a-noche, angle, , Julian calendar, special date coding, day &amp; night. Embebido de tres tipo de letra est&aacute;ndar ( STD1 , STD2 , Dot ). Archivo PLT de Autocad marcado y 1 logotipo especial que marca &nbsp; Esta m&aacute;quina puede ser neum&aacute;tico o el&eacute;ctrico. &nbsp; Garant&iacute;a: 1 a&ntilde;o &nbsp; Caracteristicas: &nbsp; La m&aacute;quina de Micropercusion MK- 300 de mesa&nbsp; y columna est&aacute;n dise&ntilde;ados para la peque&ntilde;a cantidad y varios tipos de marcaje . Punta de grabado permitir&aacute; tener marcado permanente para muchos tipos de material de pl&aacute;stico para acero templado hasta 62 HRC. &nbsp; El \\\" MK- 300 \\\" se ha construido en el interior del controlador de marcar cabeza mientras est&aacute; sola m&aacute;quina de la marca . &nbsp; Se le hace tener marcado en sus piezas sin PC permanente Este tipo de marcado (texto, d&iacute;gitos) est&aacute;n hechos de una sucesi&oacute;n de puntos. Se puede hacer de la datamatix 2D y el logotipo de marca cuando est&aacute; conectado con JS- 2000 s \/ w en el PC &nbsp; MK- 300 trabaja con piezas de diferentes formas y condiciones de la superficie (superficies planas e irregulares, c&oacute;ncavas , convexas , material circular, primas , etc ...) Adem&aacute;s, tiene un interruptor externo \\\" detener, iniciar y Reset \\\" bot&oacute;n para mayor comodidad . Todos estos productos est&aacute;n dise&ntilde;ados para uso f&aacute;cil . &nbsp;\",\"breadcrumb\":{\"@id\":\"https:\/\/tecnigrav.com\/es\/producto\/marksman-mk-300-2\/#breadcrumb\"},\"inLanguage\":\"es-ES\",\"potentialAction\":[{\"@type\":\"ReadAction\",\"target\":[\"https:\/\/tecnigrav.com\/es\/producto\/marksman-mk-300-2\/\"]}]},{\"@type\":\"BreadcrumbList\",\"@id\":\"https:\/\/tecnigrav.com\/es\/producto\/marksman-mk-300-2\/#breadcrumb\",\"itemListElement\":[{\"@type\":\"ListItem\",\"position\":1,\"name\":\"In\u00edcio\",\"item\":\"https:\/\/tecnigrav.com\/es\/\"},{\"@type\":\"ListItem\",\"position\":2,\"name\":\"Equipamentos de grava\u00e7\u00e3o\",\"item\":\"https:\/\/tecnigrav.com\/equipamentos-de-gravacao\/\"},{\"@type\":\"ListItem\",\"position\":3,\"name\":\"Micropercusi\u00f3n\",\"item\":\"https:\/\/tecnigrav.com\/es\/sistemas-de-gravacao\/micropercusion\/\"},{\"@type\":\"ListItem\",\"position\":4,\"name\":\"Mesa y columna\",\"item\":\"https:\/\/tecnigrav.com\/es\/sistemas-de-gravacao\/micropercusion\/mesa-y-columna\/\"},{\"@type\":\"ListItem\",\"position\":5,\"name\":\"Marksman MK-300\"}]},{\"@type\":\"WebSite\",\"@id\":\"https:\/\/tecnigrav.com\/#website\",\"url\":\"https:\/\/tecnigrav.com\/\",\"name\":\"Tecnigrav Gravadores de Metais\",\"description\":\"Gravadores de Metais | Grava\u00e7\u00e3o em Metais | Micropuncionamento | Micropercuss\u00e3o | Grava\u00e7\u00e3o Eletroqu\u00edmica | Marca\u00e7\u00e3o de Pe\u00e7as | Grava\u00e7\u00e3o de Pe\u00e7as | Grava\u00e7\u00e3o de Ferramentas | Codifica\u00e7\u00e3o | Marca\u00e7\u00e3o em Metais | L\u00e1pis El\u00e9trico | Caneta El\u00e9trica | Caneta Rotativa | L\u00e1pis Rotativo | Grava\u00e7\u00e3o Eletrol\u00edtica | Gravador Eletrol\u00edtico | Riscagem | CNC | Laser de Grava\u00e7\u00e3o | Laser de Marca\u00e7\u00e3o | Maquinas para Grava\u00e7\u00e3o | Maquinas Eletroqu\u00edmicas | Maquinas de Micropuncionamento | Maquinas Laser | Grava\u00e7\u00e3o a Laser | Tipo | Grava\u00e7\u00e3o por Pontos | Gravador de Bancada | Gravador Port\u00e1til | Gravador Manual| Grava\u00e7\u00e3o escrita a punho | Micropuncionamento de Bancada | Micropuncionamento Port\u00e1til | Limpeza de Solda | Limpador de Solda | Datamatrix | Integra\u00e7\u00e3o | Grava\u00e7\u00e3o Permanente | Marca\u00e7\u00e3o Permanente | Datadores | Codificadores | tecnograv | Carimbos | Sistema de identifica\u00e7\u00e3o | Pirografo | Tampografia | Rastreabilidade | Gravador de metal | Gravador de metais | Gravador Eletroqu\u00edmico | Liquido de Grava\u00e7\u00e3o | Liquidos Gravadores | Matriz de Grava\u00e7\u00e3o | Papel de Grava\u00e7\u00e3o | Tela de Grava\u00e7\u00e3o | Tela de Silkscreen | Est\u00eancil de grava\u00e7\u00e3o | Stencil de Grava\u00e7\u00e3o | Micropontos | Puncionamento | Puncionadeira | Pun\u00e7\u00e3o | Numerador | Sinete | Micropuncionadeira | DOT PEEN\",\"potentialAction\":[{\"@type\":\"SearchAction\",\"target\":{\"@type\":\"EntryPoint\",\"urlTemplate\":\"https:\/\/tecnigrav.com\/?s={search_term_string}\"},\"query-input\":\"required name=search_term_string\"}],\"inLanguage\":\"es-ES\"}]}<\/script>\n<!-- \/ Yoast SEO plugin. -->","yoast_head_json":{"title":"Marksman MK-300 - Tecnigrav Gravadores de Metais","description":"CODIGO: MK300 &nbsp; &Aacute;rea marcado: &nbsp;&nbsp;&nbsp;&nbsp;&nbsp;&nbsp;&nbsp;&nbsp;&nbsp;&nbsp;&nbsp;&nbsp;&nbsp;&nbsp;&nbsp;&nbsp;&nbsp;&nbsp; 95 x 75mm &nbsp; Velocidad: 3 caracteres por segundo (3 mm altura) &nbsp; Funci&oacute;n: lineal, circular, oblicuo, datamatrix 2D, etc. Series autom&aacute;ticas, c&oacute;digo de fechas, c&oacute;digos d&iacute;a-noche, angle, , Julian calendar, special date coding, day &amp; night. Embebido de tres tipo de letra est&aacute;ndar ( STD1 , STD2 , Dot ). Archivo PLT de Autocad marcado y 1 logotipo especial que marca  &nbsp; Esta m&aacute;quina puede ser neum&aacute;tico o el&eacute;ctrico. &nbsp; Garant&iacute;a: 1 a&ntilde;o &nbsp; Caracteristicas: &nbsp; La m&aacute;quina de Micropercusion MK- 300 de mesa&nbsp; y columna est&aacute;n dise&ntilde;ados para la peque&ntilde;a cantidad y varios tipos de marcaje . Punta de grabado permitir&aacute; tener marcado permanente para muchos tipos de material de pl&aacute;stico para acero templado hasta 62 HRC. &nbsp; El \" MK- 300 \" se ha construido en el interior del controlador de marcar cabeza mientras est&aacute; sola m&aacute;quina de la marca . &nbsp; Se le hace tener marcado en sus piezas sin PC permanente Este tipo de marcado (texto, d&iacute;gitos) est&aacute;n hechos de una sucesi&oacute;n de puntos. Se puede hacer de la datamatix 2D y el logotipo de marca cuando est&aacute; conectado con JS- 2000 s \/ w en el PC &nbsp; MK- 300 trabaja con piezas de diferentes formas y condiciones de la superficie (superficies planas e irregulares, c&oacute;ncavas , convexas , material circular, primas , etc ...) Adem&aacute;s, tiene un interruptor externo \" detener, iniciar y Reset \" bot&oacute;n para mayor comodidad . Todos estos productos est&aacute;n dise&ntilde;ados para uso f&aacute;cil . &nbsp;","robots":{"index":"index","follow":"follow","max-snippet":"max-snippet:-1","max-image-preview":"max-image-preview:large","max-video-preview":"max-video-preview:-1"},"canonical":"https:\/\/tecnigrav.com\/es\/producto\/marksman-mk-300-2\/","og_locale":"es_ES","og_type":"article","og_title":"Marksman MK-300 - Tecnigrav Gravadores de Metais","og_description":"CODIGO: MK300 &nbsp; &Aacute;rea marcado: &nbsp;&nbsp;&nbsp;&nbsp;&nbsp;&nbsp;&nbsp;&nbsp;&nbsp;&nbsp;&nbsp;&nbsp;&nbsp;&nbsp;&nbsp;&nbsp;&nbsp;&nbsp; 95 x 75mm &nbsp; Velocidad: 3 caracteres por segundo (3 mm altura) &nbsp; Funci&oacute;n: lineal, circular, oblicuo, datamatrix 2D, etc. Series autom&aacute;ticas, c&oacute;digo de fechas, c&oacute;digos d&iacute;a-noche, angle, , Julian calendar, special date coding, day &amp; night. Embebido de tres tipo de letra est&aacute;ndar ( STD1 , STD2 , Dot ). Archivo PLT de Autocad marcado y 1 logotipo especial que marca  &nbsp; Esta m&aacute;quina puede ser neum&aacute;tico o el&eacute;ctrico. &nbsp; Garant&iacute;a: 1 a&ntilde;o &nbsp; Caracteristicas: &nbsp; La m&aacute;quina de Micropercusion MK- 300 de mesa&nbsp; y columna est&aacute;n dise&ntilde;ados para la peque&ntilde;a cantidad y varios tipos de marcaje . Punta de grabado permitir&aacute; tener marcado permanente para muchos tipos de material de pl&aacute;stico para acero templado hasta 62 HRC. &nbsp; El \" MK- 300 \" se ha construido en el interior del controlador de marcar cabeza mientras est&aacute; sola m&aacute;quina de la marca . &nbsp; Se le hace tener marcado en sus piezas sin PC permanente Este tipo de marcado (texto, d&iacute;gitos) est&aacute;n hechos de una sucesi&oacute;n de puntos. Se puede hacer de la datamatix 2D y el logotipo de marca cuando est&aacute; conectado con JS- 2000 s \/ w en el PC &nbsp; MK- 300 trabaja con piezas de diferentes formas y condiciones de la superficie (superficies planas e irregulares, c&oacute;ncavas , convexas , material circular, primas , etc ...) Adem&aacute;s, tiene un interruptor externo \" detener, iniciar y Reset \" bot&oacute;n para mayor comodidad . Todos estos productos est&aacute;n dise&ntilde;ados para uso f&aacute;cil . &nbsp;","og_url":"https:\/\/tecnigrav.com\/es\/producto\/marksman-mk-300-2\/","og_site_name":"Tecnigrav Gravadores de Metais","article_publisher":"https:\/\/www.facebook.com\/Tecnigrav-Ind%c3%bastria-e-Com%c3%a9rcio-Ltda-151617301618854\/","article_modified_time":"2016-02-17T20:26:34+00:00","og_image":[{"width":560,"height":420,"url":"https:\/\/tecnigrav.com\/wp-content\/uploads\/2015\/08\/MK-300-4-3-e1479818306439.jpg","type":"image\/jpeg"}],"twitter_card":"summary_large_image","schema":{"@context":"https:\/\/schema.org","@graph":[{"@type":"WebPage","@id":"https:\/\/tecnigrav.com\/es\/producto\/marksman-mk-300-2\/","url":"https:\/\/tecnigrav.com\/es\/producto\/marksman-mk-300-2\/","name":"Marksman MK-300 - Tecnigrav Gravadores de Metais","isPartOf":{"@id":"https:\/\/tecnigrav.com\/#website"},"datePublished":"2015-08-13T14:00:51+00:00","dateModified":"2016-02-17T20:26:34+00:00","description":"CODIGO: MK300 &nbsp; &Aacute;rea marcado: &nbsp;&nbsp;&nbsp;&nbsp;&nbsp;&nbsp;&nbsp;&nbsp;&nbsp;&nbsp;&nbsp;&nbsp;&nbsp;&nbsp;&nbsp;&nbsp;&nbsp;&nbsp; 95 x 75mm &nbsp; Velocidad: 3 caracteres por segundo (3 mm altura) &nbsp; Funci&oacute;n: lineal, circular, oblicuo, datamatrix 2D, etc. Series autom&aacute;ticas, c&oacute;digo de fechas, c&oacute;digos d&iacute;a-noche, angle, , Julian calendar, special date coding, day &amp; night. Embebido de tres tipo de letra est&aacute;ndar ( STD1 , STD2 , Dot ). Archivo PLT de Autocad marcado y 1 logotipo especial que marca &nbsp; Esta m&aacute;quina puede ser neum&aacute;tico o el&eacute;ctrico. &nbsp; Garant&iacute;a: 1 a&ntilde;o &nbsp; Caracteristicas: &nbsp; La m&aacute;quina de Micropercusion MK- 300 de mesa&nbsp; y columna est&aacute;n dise&ntilde;ados para la peque&ntilde;a cantidad y varios tipos de marcaje . Punta de grabado permitir&aacute; tener marcado permanente para muchos tipos de material de pl&aacute;stico para acero templado hasta 62 HRC. &nbsp; El \" MK- 300 \" se ha construido en el interior del controlador de marcar cabeza mientras est&aacute; sola m&aacute;quina de la marca . &nbsp; Se le hace tener marcado en sus piezas sin PC permanente Este tipo de marcado (texto, d&iacute;gitos) est&aacute;n hechos de una sucesi&oacute;n de puntos. Se puede hacer de la datamatix 2D y el logotipo de marca cuando est&aacute; conectado con JS- 2000 s \/ w en el PC &nbsp; MK- 300 trabaja con piezas de diferentes formas y condiciones de la superficie (superficies planas e irregulares, c&oacute;ncavas , convexas , material circular, primas , etc ...) Adem&aacute;s, tiene un interruptor externo \" detener, iniciar y Reset \" bot&oacute;n para mayor comodidad . Todos estos productos est&aacute;n dise&ntilde;ados para uso f&aacute;cil . &nbsp;","breadcrumb":{"@id":"https:\/\/tecnigrav.com\/es\/producto\/marksman-mk-300-2\/#breadcrumb"},"inLanguage":"es-ES","potentialAction":[{"@type":"ReadAction","target":["https:\/\/tecnigrav.com\/es\/producto\/marksman-mk-300-2\/"]}]},{"@type":"BreadcrumbList","@id":"https:\/\/tecnigrav.com\/es\/producto\/marksman-mk-300-2\/#breadcrumb","itemListElement":[{"@type":"ListItem","position":1,"name":"In\u00edcio","item":"https:\/\/tecnigrav.com\/es\/"},{"@type":"ListItem","position":2,"name":"Equipamentos de grava\u00e7\u00e3o","item":"https:\/\/tecnigrav.com\/equipamentos-de-gravacao\/"},{"@type":"ListItem","position":3,"name":"Micropercusi\u00f3n","item":"https:\/\/tecnigrav.com\/es\/sistemas-de-gravacao\/micropercusion\/"},{"@type":"ListItem","position":4,"name":"Mesa y columna","item":"https:\/\/tecnigrav.com\/es\/sistemas-de-gravacao\/micropercusion\/mesa-y-columna\/"},{"@type":"ListItem","position":5,"name":"Marksman MK-300"}]},{"@type":"WebSite","@id":"https:\/\/tecnigrav.com\/#website","url":"https:\/\/tecnigrav.com\/","name":"Tecnigrav Gravadores de Metais","description":"Gravadores de Metais | Grava\u00e7\u00e3o em Metais | Micropuncionamento | Micropercuss\u00e3o | Grava\u00e7\u00e3o Eletroqu\u00edmica | Marca\u00e7\u00e3o de Pe\u00e7as | Grava\u00e7\u00e3o de Pe\u00e7as | Grava\u00e7\u00e3o de Ferramentas | Codifica\u00e7\u00e3o | Marca\u00e7\u00e3o em Metais | L\u00e1pis El\u00e9trico | Caneta El\u00e9trica | Caneta Rotativa | L\u00e1pis Rotativo | Grava\u00e7\u00e3o Eletrol\u00edtica | Gravador Eletrol\u00edtico | Riscagem | CNC | Laser de Grava\u00e7\u00e3o | Laser de Marca\u00e7\u00e3o | Maquinas para Grava\u00e7\u00e3o | Maquinas Eletroqu\u00edmicas | Maquinas de Micropuncionamento | Maquinas Laser | Grava\u00e7\u00e3o a Laser | Tipo | Grava\u00e7\u00e3o por Pontos | Gravador de Bancada | Gravador Port\u00e1til | Gravador Manual| Grava\u00e7\u00e3o escrita a punho | Micropuncionamento de Bancada | Micropuncionamento Port\u00e1til | Limpeza de Solda | Limpador de Solda | Datamatrix | Integra\u00e7\u00e3o | Grava\u00e7\u00e3o Permanente | Marca\u00e7\u00e3o Permanente | Datadores | Codificadores | tecnograv | Carimbos | Sistema de identifica\u00e7\u00e3o | Pirografo | Tampografia | Rastreabilidade | Gravador de metal | Gravador de metais | Gravador Eletroqu\u00edmico | Liquido de Grava\u00e7\u00e3o | Liquidos Gravadores | Matriz de Grava\u00e7\u00e3o | Papel de Grava\u00e7\u00e3o | Tela de Grava\u00e7\u00e3o | Tela de Silkscreen | Est\u00eancil de grava\u00e7\u00e3o | Stencil de Grava\u00e7\u00e3o | Micropontos | Puncionamento | Puncionadeira | Pun\u00e7\u00e3o | Numerador | Sinete | Micropuncionadeira | DOT PEEN","potentialAction":[{"@type":"SearchAction","target":{"@type":"EntryPoint","urlTemplate":"https:\/\/tecnigrav.com\/?s={search_term_string}"},"query-input":"required name=search_term_string"}],"inLanguage":"es-ES"}]}},"_links":{"self":[{"href":"https:\/\/tecnigrav.com\/es\/wp-json\/wp\/v2\/product\/4545"}],"collection":[{"href":"https:\/\/tecnigrav.com\/es\/wp-json\/wp\/v2\/product"}],"about":[{"href":"https:\/\/tecnigrav.com\/es\/wp-json\/wp\/v2\/types\/product"}],"replies":[{"embeddable":true,"href":"https:\/\/tecnigrav.com\/es\/wp-json\/wp\/v2\/comments?post=4545"}],"wp:featuredmedia":[{"embeddable":true,"href":"https:\/\/tecnigrav.com\/es\/wp-json\/wp\/v2\/media\/4822"}],"wp:attachment":[{"href":"https:\/\/tecnigrav.com\/es\/wp-json\/wp\/v2\/media?parent=4545"}],"wp:term":[{"taxonomy":"product_cat","embeddable":true,"href":"https:\/\/tecnigrav.com\/es\/wp-json\/wp\/v2\/product_cat?post=4545"},{"taxonomy":"product_tag","embeddable":true,"href":"https:\/\/tecnigrav.com\/es\/wp-json\/wp\/v2\/product_tag?post=4545"}],"curies":[{"name":"wp","href":"https:\/\/api.w.org\/{rel}","templated":true}]}}