{"id":4549,"date":"2015-08-13T09:30:35","date_gmt":"2015-08-13T12:30:35","guid":{"rendered":"http:\/\/tecnigrav.com\/produto\/marksman-mk-200b-054-2\/"},"modified":"2016-02-17T18:32:12","modified_gmt":"2016-02-17T20:32:12","slug":"marksman-mk-200b-054-2","status":"publish","type":"product","link":"https:\/\/tecnigrav.com\/es\/producto\/marksman-mk-200b-054-2\/","title":{"rendered":"Marksman MK-200B-054"},"content":{"rendered":"<p><iframe title=\"GRAVADOR EM METAIS MARKSMAN MK-200B-054 - TECNIGRAV\" width=\"1140\" height=\"641\" src=\"https:\/\/www.youtube.com\/embed\/RALwVG_5Uko?feature=oembed\" frameborder=\"0\" allow=\"accelerometer; autoplay; clipboard-write; encrypted-media; gyroscope; picture-in-picture; web-share\" allowfullscreen><\/iframe><\/p>\n","protected":false},"excerpt":{"rendered":"<\/p>\n<p class=\"MsoNormal\"><span style=\"mso-ansi-language: PT-BR;\">CODIGO: MK200B054<\/span><\/p>\n<p>&nbsp;<\/p>\n<p class=\"MsoNormal\"><span style=\"mso-ansi-language: PT-BR;\">&Aacute;rea marcado: <span style=\"mso-tab-count: 1;\">&nbsp;&nbsp;&nbsp;&nbsp;&nbsp;&nbsp;&nbsp;&nbsp;&nbsp;&nbsp;&nbsp;&nbsp;&nbsp;&nbsp;&nbsp;&nbsp;&nbsp;&nbsp; <\/span>48 x 40mm<\/span><\/p>\n<p>&nbsp;<\/p>\n<p class=\"MsoNormal\"><span style=\"mso-ansi-language: PT-BR;\">Dimensiones;<span style=\"mso-tab-count: 1;\">&nbsp;&nbsp;&nbsp; <\/span>131 mm (W) X 119 mm (L) X 206 mm (H)<\/span><\/p>\n<p>&nbsp;<\/p>\n<p class=\"MsoNormal\"><span style=\"mso-ansi-language: PT-BR;\">Peso:<span style=\"mso-tab-count: 1;\">&nbsp;&nbsp;&nbsp;&nbsp; <\/span> 2.8 Kg<\/span><\/p>\n<p>&nbsp;<\/p>\n<p class=\"MsoNormal\"><span style=\"mso-ansi-language: PT-BR;\">Unidad de Control: MCU-200B<\/span><\/p>\n<p>&nbsp;<\/p>\n<p>&nbsp;<\/p>\n<p class=\"MsoNormal\"><span style=\"mso-ansi-language: PT-BR;\">Garant&iacute;a: 1 a&ntilde;o<\/span><\/p>\n<p>&nbsp;<\/p>\n<p class=\"MsoNormal\"><strong>Caracteristicas:<\/strong><\/p>\n<p>&nbsp;<\/p>\n<p class=\"MsoNormal\"><span style=\"mso-ansi-language: PT-BR;\">El MH-054 es una m&aacute;quina portable de la marca de micropercusion (mano &#8211; perno sostenido marcador del punto) que es conectada permanentemente con el cualquiera del regulador por un cable rob&oacute;tico. &Eacute;sta es una unidad portable que es ideal para la marca enorme, piezas grandes, abultadas.<\/span><\/p>\n<p>&nbsp;<\/p>\n<p class=\"MsoNormal\"><span style=\"mso-ansi-language: PT-BR;\">Puede ser utilizada para todos los tipos de materiales que se extienden del pl&aacute;stico al acero. Marca en linear, angler y las superficies cil&iacute;ndricas y 2.a marca de la matriz de los datos. Y, el cliente puede elegir neum&aacute;tico o electr&oacute;nico dependiendo de su prop&oacute;sito.<\/span><\/p>\n<p><span style=\"font-size: 11.0pt; line-height: 115%; font-family: Calibri; mso-ascii-theme-font: minor-latin; mso-fareast-font-family: Calibri; mso-fareast-theme-font: minor-latin; mso-hansi-theme-font: minor-latin; mso-bidi-font-family: &#039;Times New Roman&#039;; mso-bidi-theme-font: minor-bidi; mso-ansi-language: PT-BR; mso-fareast-language: EN-US; mso-bidi-language: AR-SA;\">El MCU-200B es una unidad de control que es conveniente para las m&aacute;quinas de la marca de micropercusion, es ideal en &aacute;reas de funcionamiento peque&ntilde;as. Este dispositivo tiene la exhibici&oacute;n del LCD, del comienzo y de reajuste para el control y la supervisi&oacute;n convenientes del estado de la marca. Adem&aacute;s, puede apoyar cada lengua cuando est&aacute; controlado con una computadora.<\/span><\/p>\n","protected":false},"featured_media":4807,"comment_status":"closed","ping_status":"closed","template":"","meta":[],"product_cat":[55,66],"product_tag":[],"yoast_head":"<!-- This site is optimized with the Yoast SEO plugin v20.6 - https:\/\/yoast.com\/wordpress\/plugins\/seo\/ -->\n<title>Marksman MK-200B-054 - Tecnigrav Gravadores de Metais<\/title>\n<meta name=\"description\" content=\"CODIGO: MK200B054 &nbsp; &Aacute;rea marcado: &nbsp;&nbsp;&nbsp;&nbsp;&nbsp;&nbsp;&nbsp;&nbsp;&nbsp;&nbsp;&nbsp;&nbsp;&nbsp;&nbsp;&nbsp;&nbsp;&nbsp;&nbsp; 48 x 40mm &nbsp; Dimensiones;&nbsp;&nbsp;&nbsp; 131 mm (W) X 119 mm (L) X 206 mm (H) &nbsp; Peso:&nbsp;&nbsp;&nbsp;&nbsp; 2.8 Kg &nbsp; Unidad de Control: MCU-200B &nbsp; &nbsp; Garant&iacute;a: 1 a&ntilde;o &nbsp; Caracteristicas: &nbsp; El MH-054 es una m&aacute;quina portable de la marca de micropercusion (mano - perno sostenido marcador del punto) que es conectada permanentemente con el cualquiera del regulador por un cable rob&oacute;tico. &Eacute;sta es una unidad portable que es ideal para la marca enorme, piezas grandes, abultadas. &nbsp; Puede ser utilizada para todos los tipos de materiales que se extienden del pl&aacute;stico al acero. Marca en linear, angler y las superficies cil&iacute;ndricas y 2.a marca de la matriz de los datos. Y, el cliente puede elegir neum&aacute;tico o electr&oacute;nico dependiendo de su prop&oacute;sito. El MCU-200B es una unidad de control que es conveniente para las m&aacute;quinas de la marca de micropercusion, es ideal en &aacute;reas de funcionamiento peque&ntilde;as. Este dispositivo tiene la exhibici&oacute;n del LCD, del comienzo y de reajuste para el control y la supervisi&oacute;n convenientes del estado de la marca. Adem&aacute;s, puede apoyar cada lengua cuando est&aacute; controlado con una computadora.\" \/>\n<meta name=\"robots\" content=\"index, follow, max-snippet:-1, max-image-preview:large, max-video-preview:-1\" \/>\n<link rel=\"canonical\" href=\"https:\/\/tecnigrav.com\/es\/producto\/marksman-mk-200b-054-2\/\" \/>\n<meta property=\"og:locale\" content=\"es_ES\" \/>\n<meta property=\"og:type\" content=\"article\" \/>\n<meta property=\"og:title\" content=\"Marksman MK-200B-054 - Tecnigrav Gravadores de Metais\" \/>\n<meta property=\"og:description\" content=\"CODIGO: MK200B054 &nbsp; &Aacute;rea marcado: &nbsp;&nbsp;&nbsp;&nbsp;&nbsp;&nbsp;&nbsp;&nbsp;&nbsp;&nbsp;&nbsp;&nbsp;&nbsp;&nbsp;&nbsp;&nbsp;&nbsp;&nbsp; 48 x 40mm &nbsp; Dimensiones;&nbsp;&nbsp;&nbsp; 131 mm (W) X 119 mm (L) X 206 mm (H) &nbsp; Peso:&nbsp;&nbsp;&nbsp;&nbsp; 2.8 Kg &nbsp; Unidad de Control: MCU-200B &nbsp; &nbsp; Garant&iacute;a: 1 a&ntilde;o &nbsp; Caracteristicas: &nbsp; El MH-054 es una m&aacute;quina portable de la marca de micropercusion (mano - perno sostenido marcador del punto) que es conectada permanentemente con el cualquiera del regulador por un cable rob&oacute;tico. &Eacute;sta es una unidad portable que es ideal para la marca enorme, piezas grandes, abultadas. &nbsp; Puede ser utilizada para todos los tipos de materiales que se extienden del pl&aacute;stico al acero. Marca en linear, angler y las superficies cil&iacute;ndricas y 2.a marca de la matriz de los datos. Y, el cliente puede elegir neum&aacute;tico o electr&oacute;nico dependiendo de su prop&oacute;sito. El MCU-200B es una unidad de control que es conveniente para las m&aacute;quinas de la marca de micropercusion, es ideal en &aacute;reas de funcionamiento peque&ntilde;as. Este dispositivo tiene la exhibici&oacute;n del LCD, del comienzo y de reajuste para el control y la supervisi&oacute;n convenientes del estado de la marca. Adem&aacute;s, puede apoyar cada lengua cuando est&aacute; controlado con una computadora.\" \/>\n<meta property=\"og:url\" content=\"https:\/\/tecnigrav.com\/es\/producto\/marksman-mk-200b-054-2\/\" \/>\n<meta property=\"og:site_name\" content=\"Tecnigrav Gravadores de Metais\" \/>\n<meta property=\"article:publisher\" content=\"https:\/\/www.facebook.com\/Tecnigrav-Ind%c3%bastria-e-Com%c3%a9rcio-Ltda-151617301618854\/\" \/>\n<meta property=\"article:modified_time\" content=\"2016-02-17T20:32:12+00:00\" \/>\n<meta property=\"og:image\" content=\"https:\/\/tecnigrav.com\/wp-content\/uploads\/2015\/08\/MK-200B-054-43-e1479744144133.jpg\" \/>\n\t<meta property=\"og:image:width\" content=\"560\" \/>\n\t<meta property=\"og:image:height\" content=\"420\" \/>\n\t<meta property=\"og:image:type\" content=\"image\/jpeg\" \/>\n<meta name=\"twitter:card\" content=\"summary_large_image\" \/>\n<script type=\"application\/ld+json\" class=\"yoast-schema-graph\">{\"@context\":\"https:\/\/schema.org\",\"@graph\":[{\"@type\":\"WebPage\",\"@id\":\"https:\/\/tecnigrav.com\/es\/producto\/marksman-mk-200b-054-2\/\",\"url\":\"https:\/\/tecnigrav.com\/es\/producto\/marksman-mk-200b-054-2\/\",\"name\":\"Marksman MK-200B-054 - Tecnigrav Gravadores de Metais\",\"isPartOf\":{\"@id\":\"https:\/\/tecnigrav.com\/#website\"},\"datePublished\":\"2015-08-13T12:30:35+00:00\",\"dateModified\":\"2016-02-17T20:32:12+00:00\",\"description\":\"CODIGO: MK200B054 &nbsp; &Aacute;rea marcado: &nbsp;&nbsp;&nbsp;&nbsp;&nbsp;&nbsp;&nbsp;&nbsp;&nbsp;&nbsp;&nbsp;&nbsp;&nbsp;&nbsp;&nbsp;&nbsp;&nbsp;&nbsp; 48 x 40mm &nbsp; Dimensiones;&nbsp;&nbsp;&nbsp; 131 mm (W) X 119 mm (L) X 206 mm (H) &nbsp; Peso:&nbsp;&nbsp;&nbsp;&nbsp; 2.8 Kg &nbsp; Unidad de Control: MCU-200B &nbsp; &nbsp; Garant&iacute;a: 1 a&ntilde;o &nbsp; Caracteristicas: &nbsp; El MH-054 es una m&aacute;quina portable de la marca de micropercusion (mano - perno sostenido marcador del punto) que es conectada permanentemente con el cualquiera del regulador por un cable rob&oacute;tico. &Eacute;sta es una unidad portable que es ideal para la marca enorme, piezas grandes, abultadas. &nbsp; Puede ser utilizada para todos los tipos de materiales que se extienden del pl&aacute;stico al acero. Marca en linear, angler y las superficies cil&iacute;ndricas y 2.a marca de la matriz de los datos. Y, el cliente puede elegir neum&aacute;tico o electr&oacute;nico dependiendo de su prop&oacute;sito. El MCU-200B es una unidad de control que es conveniente para las m&aacute;quinas de la marca de micropercusion, es ideal en &aacute;reas de funcionamiento peque&ntilde;as. Este dispositivo tiene la exhibici&oacute;n del LCD, del comienzo y de reajuste para el control y la supervisi&oacute;n convenientes del estado de la marca. Adem&aacute;s, puede apoyar cada lengua cuando est&aacute; controlado con una computadora.\",\"breadcrumb\":{\"@id\":\"https:\/\/tecnigrav.com\/es\/producto\/marksman-mk-200b-054-2\/#breadcrumb\"},\"inLanguage\":\"es-ES\",\"potentialAction\":[{\"@type\":\"ReadAction\",\"target\":[\"https:\/\/tecnigrav.com\/es\/producto\/marksman-mk-200b-054-2\/\"]}]},{\"@type\":\"BreadcrumbList\",\"@id\":\"https:\/\/tecnigrav.com\/es\/producto\/marksman-mk-200b-054-2\/#breadcrumb\",\"itemListElement\":[{\"@type\":\"ListItem\",\"position\":1,\"name\":\"In\u00edcio\",\"item\":\"https:\/\/tecnigrav.com\/es\/\"},{\"@type\":\"ListItem\",\"position\":2,\"name\":\"Equipamentos de grava\u00e7\u00e3o\",\"item\":\"https:\/\/tecnigrav.com\/equipamentos-de-gravacao\/\"},{\"@type\":\"ListItem\",\"position\":3,\"name\":\"Micropercusi\u00f3n\",\"item\":\"https:\/\/tecnigrav.com\/es\/sistemas-de-gravacao\/micropercusion\/\"},{\"@type\":\"ListItem\",\"position\":4,\"name\":\"Port\u00e1tiles\",\"item\":\"https:\/\/tecnigrav.com\/es\/sistemas-de-gravacao\/micropercusion\/portatiles\/\"},{\"@type\":\"ListItem\",\"position\":5,\"name\":\"Marksman MK-200B-054\"}]},{\"@type\":\"WebSite\",\"@id\":\"https:\/\/tecnigrav.com\/#website\",\"url\":\"https:\/\/tecnigrav.com\/\",\"name\":\"Tecnigrav Gravadores de Metais\",\"description\":\"Gravadores de Metais | Grava\u00e7\u00e3o em Metais | Micropuncionamento | Micropercuss\u00e3o | Grava\u00e7\u00e3o Eletroqu\u00edmica | Marca\u00e7\u00e3o de Pe\u00e7as | Grava\u00e7\u00e3o de Pe\u00e7as | Grava\u00e7\u00e3o de Ferramentas | Codifica\u00e7\u00e3o | Marca\u00e7\u00e3o em Metais | L\u00e1pis El\u00e9trico | Caneta El\u00e9trica | Caneta Rotativa | L\u00e1pis Rotativo | Grava\u00e7\u00e3o Eletrol\u00edtica | Gravador Eletrol\u00edtico | Riscagem | CNC | Laser de Grava\u00e7\u00e3o | Laser de Marca\u00e7\u00e3o | Maquinas para Grava\u00e7\u00e3o | Maquinas Eletroqu\u00edmicas | Maquinas de Micropuncionamento | Maquinas Laser | Grava\u00e7\u00e3o a Laser | Tipo | Grava\u00e7\u00e3o por Pontos | Gravador de Bancada | Gravador Port\u00e1til | Gravador Manual| Grava\u00e7\u00e3o escrita a punho | Micropuncionamento de Bancada | Micropuncionamento Port\u00e1til | Limpeza de Solda | Limpador de Solda | Datamatrix | Integra\u00e7\u00e3o | Grava\u00e7\u00e3o Permanente | Marca\u00e7\u00e3o Permanente | Datadores | Codificadores | tecnograv | Carimbos | Sistema de identifica\u00e7\u00e3o | Pirografo | Tampografia | Rastreabilidade | Gravador de metal | Gravador de metais | Gravador Eletroqu\u00edmico | Liquido de Grava\u00e7\u00e3o | Liquidos Gravadores | Matriz de Grava\u00e7\u00e3o | Papel de Grava\u00e7\u00e3o | Tela de Grava\u00e7\u00e3o | Tela de Silkscreen | Est\u00eancil de grava\u00e7\u00e3o | Stencil de Grava\u00e7\u00e3o | Micropontos | Puncionamento | Puncionadeira | Pun\u00e7\u00e3o | Numerador | Sinete | Micropuncionadeira | DOT PEEN\",\"potentialAction\":[{\"@type\":\"SearchAction\",\"target\":{\"@type\":\"EntryPoint\",\"urlTemplate\":\"https:\/\/tecnigrav.com\/?s={search_term_string}\"},\"query-input\":\"required name=search_term_string\"}],\"inLanguage\":\"es-ES\"}]}<\/script>\n<!-- \/ Yoast SEO plugin. -->","yoast_head_json":{"title":"Marksman MK-200B-054 - Tecnigrav Gravadores de Metais","description":"CODIGO: MK200B054 &nbsp; &Aacute;rea marcado: &nbsp;&nbsp;&nbsp;&nbsp;&nbsp;&nbsp;&nbsp;&nbsp;&nbsp;&nbsp;&nbsp;&nbsp;&nbsp;&nbsp;&nbsp;&nbsp;&nbsp;&nbsp; 48 x 40mm &nbsp; Dimensiones;&nbsp;&nbsp;&nbsp; 131 mm (W) X 119 mm (L) X 206 mm (H) &nbsp; Peso:&nbsp;&nbsp;&nbsp;&nbsp; 2.8 Kg &nbsp; Unidad de Control: MCU-200B &nbsp; &nbsp; Garant&iacute;a: 1 a&ntilde;o &nbsp; Caracteristicas: &nbsp; El MH-054 es una m&aacute;quina portable de la marca de micropercusion (mano - perno sostenido marcador del punto) que es conectada permanentemente con el cualquiera del regulador por un cable rob&oacute;tico. &Eacute;sta es una unidad portable que es ideal para la marca enorme, piezas grandes, abultadas. &nbsp; Puede ser utilizada para todos los tipos de materiales que se extienden del pl&aacute;stico al acero. Marca en linear, angler y las superficies cil&iacute;ndricas y 2.a marca de la matriz de los datos. Y, el cliente puede elegir neum&aacute;tico o electr&oacute;nico dependiendo de su prop&oacute;sito. El MCU-200B es una unidad de control que es conveniente para las m&aacute;quinas de la marca de micropercusion, es ideal en &aacute;reas de funcionamiento peque&ntilde;as. Este dispositivo tiene la exhibici&oacute;n del LCD, del comienzo y de reajuste para el control y la supervisi&oacute;n convenientes del estado de la marca. Adem&aacute;s, puede apoyar cada lengua cuando est&aacute; controlado con una computadora.","robots":{"index":"index","follow":"follow","max-snippet":"max-snippet:-1","max-image-preview":"max-image-preview:large","max-video-preview":"max-video-preview:-1"},"canonical":"https:\/\/tecnigrav.com\/es\/producto\/marksman-mk-200b-054-2\/","og_locale":"es_ES","og_type":"article","og_title":"Marksman MK-200B-054 - Tecnigrav Gravadores de Metais","og_description":"CODIGO: MK200B054 &nbsp; &Aacute;rea marcado: &nbsp;&nbsp;&nbsp;&nbsp;&nbsp;&nbsp;&nbsp;&nbsp;&nbsp;&nbsp;&nbsp;&nbsp;&nbsp;&nbsp;&nbsp;&nbsp;&nbsp;&nbsp; 48 x 40mm &nbsp; Dimensiones;&nbsp;&nbsp;&nbsp; 131 mm (W) X 119 mm (L) X 206 mm (H) &nbsp; Peso:&nbsp;&nbsp;&nbsp;&nbsp; 2.8 Kg &nbsp; Unidad de Control: MCU-200B &nbsp; &nbsp; Garant&iacute;a: 1 a&ntilde;o &nbsp; Caracteristicas: &nbsp; El MH-054 es una m&aacute;quina portable de la marca de micropercusion (mano - perno sostenido marcador del punto) que es conectada permanentemente con el cualquiera del regulador por un cable rob&oacute;tico. &Eacute;sta es una unidad portable que es ideal para la marca enorme, piezas grandes, abultadas. &nbsp; Puede ser utilizada para todos los tipos de materiales que se extienden del pl&aacute;stico al acero. Marca en linear, angler y las superficies cil&iacute;ndricas y 2.a marca de la matriz de los datos. Y, el cliente puede elegir neum&aacute;tico o electr&oacute;nico dependiendo de su prop&oacute;sito. El MCU-200B es una unidad de control que es conveniente para las m&aacute;quinas de la marca de micropercusion, es ideal en &aacute;reas de funcionamiento peque&ntilde;as. Este dispositivo tiene la exhibici&oacute;n del LCD, del comienzo y de reajuste para el control y la supervisi&oacute;n convenientes del estado de la marca. Adem&aacute;s, puede apoyar cada lengua cuando est&aacute; controlado con una computadora.","og_url":"https:\/\/tecnigrav.com\/es\/producto\/marksman-mk-200b-054-2\/","og_site_name":"Tecnigrav Gravadores de Metais","article_publisher":"https:\/\/www.facebook.com\/Tecnigrav-Ind%c3%bastria-e-Com%c3%a9rcio-Ltda-151617301618854\/","article_modified_time":"2016-02-17T20:32:12+00:00","og_image":[{"width":560,"height":420,"url":"https:\/\/tecnigrav.com\/wp-content\/uploads\/2015\/08\/MK-200B-054-43-e1479744144133.jpg","type":"image\/jpeg"}],"twitter_card":"summary_large_image","schema":{"@context":"https:\/\/schema.org","@graph":[{"@type":"WebPage","@id":"https:\/\/tecnigrav.com\/es\/producto\/marksman-mk-200b-054-2\/","url":"https:\/\/tecnigrav.com\/es\/producto\/marksman-mk-200b-054-2\/","name":"Marksman MK-200B-054 - Tecnigrav Gravadores de Metais","isPartOf":{"@id":"https:\/\/tecnigrav.com\/#website"},"datePublished":"2015-08-13T12:30:35+00:00","dateModified":"2016-02-17T20:32:12+00:00","description":"CODIGO: MK200B054 &nbsp; &Aacute;rea marcado: &nbsp;&nbsp;&nbsp;&nbsp;&nbsp;&nbsp;&nbsp;&nbsp;&nbsp;&nbsp;&nbsp;&nbsp;&nbsp;&nbsp;&nbsp;&nbsp;&nbsp;&nbsp; 48 x 40mm &nbsp; Dimensiones;&nbsp;&nbsp;&nbsp; 131 mm (W) X 119 mm (L) X 206 mm (H) &nbsp; Peso:&nbsp;&nbsp;&nbsp;&nbsp; 2.8 Kg &nbsp; Unidad de Control: MCU-200B &nbsp; &nbsp; Garant&iacute;a: 1 a&ntilde;o &nbsp; Caracteristicas: &nbsp; El MH-054 es una m&aacute;quina portable de la marca de micropercusion (mano - perno sostenido marcador del punto) que es conectada permanentemente con el cualquiera del regulador por un cable rob&oacute;tico. &Eacute;sta es una unidad portable que es ideal para la marca enorme, piezas grandes, abultadas. &nbsp; Puede ser utilizada para todos los tipos de materiales que se extienden del pl&aacute;stico al acero. Marca en linear, angler y las superficies cil&iacute;ndricas y 2.a marca de la matriz de los datos. Y, el cliente puede elegir neum&aacute;tico o electr&oacute;nico dependiendo de su prop&oacute;sito. El MCU-200B es una unidad de control que es conveniente para las m&aacute;quinas de la marca de micropercusion, es ideal en &aacute;reas de funcionamiento peque&ntilde;as. Este dispositivo tiene la exhibici&oacute;n del LCD, del comienzo y de reajuste para el control y la supervisi&oacute;n convenientes del estado de la marca. Adem&aacute;s, puede apoyar cada lengua cuando est&aacute; controlado con una computadora.","breadcrumb":{"@id":"https:\/\/tecnigrav.com\/es\/producto\/marksman-mk-200b-054-2\/#breadcrumb"},"inLanguage":"es-ES","potentialAction":[{"@type":"ReadAction","target":["https:\/\/tecnigrav.com\/es\/producto\/marksman-mk-200b-054-2\/"]}]},{"@type":"BreadcrumbList","@id":"https:\/\/tecnigrav.com\/es\/producto\/marksman-mk-200b-054-2\/#breadcrumb","itemListElement":[{"@type":"ListItem","position":1,"name":"In\u00edcio","item":"https:\/\/tecnigrav.com\/es\/"},{"@type":"ListItem","position":2,"name":"Equipamentos de grava\u00e7\u00e3o","item":"https:\/\/tecnigrav.com\/equipamentos-de-gravacao\/"},{"@type":"ListItem","position":3,"name":"Micropercusi\u00f3n","item":"https:\/\/tecnigrav.com\/es\/sistemas-de-gravacao\/micropercusion\/"},{"@type":"ListItem","position":4,"name":"Port\u00e1tiles","item":"https:\/\/tecnigrav.com\/es\/sistemas-de-gravacao\/micropercusion\/portatiles\/"},{"@type":"ListItem","position":5,"name":"Marksman MK-200B-054"}]},{"@type":"WebSite","@id":"https:\/\/tecnigrav.com\/#website","url":"https:\/\/tecnigrav.com\/","name":"Tecnigrav Gravadores de Metais","description":"Gravadores de Metais | Grava\u00e7\u00e3o em Metais | Micropuncionamento | Micropercuss\u00e3o | Grava\u00e7\u00e3o Eletroqu\u00edmica | Marca\u00e7\u00e3o de Pe\u00e7as | Grava\u00e7\u00e3o de Pe\u00e7as | Grava\u00e7\u00e3o de Ferramentas | Codifica\u00e7\u00e3o | Marca\u00e7\u00e3o em Metais | L\u00e1pis El\u00e9trico | Caneta El\u00e9trica | Caneta Rotativa | L\u00e1pis Rotativo | Grava\u00e7\u00e3o Eletrol\u00edtica | Gravador Eletrol\u00edtico | Riscagem | CNC | Laser de Grava\u00e7\u00e3o | Laser de Marca\u00e7\u00e3o | Maquinas para Grava\u00e7\u00e3o | Maquinas Eletroqu\u00edmicas | Maquinas de Micropuncionamento | Maquinas Laser | Grava\u00e7\u00e3o a Laser | Tipo | Grava\u00e7\u00e3o por Pontos | Gravador de Bancada | Gravador Port\u00e1til | Gravador Manual| Grava\u00e7\u00e3o escrita a punho | Micropuncionamento de Bancada | Micropuncionamento Port\u00e1til | Limpeza de Solda | Limpador de Solda | Datamatrix | Integra\u00e7\u00e3o | Grava\u00e7\u00e3o Permanente | Marca\u00e7\u00e3o Permanente | Datadores | Codificadores | tecnograv | Carimbos | Sistema de identifica\u00e7\u00e3o | Pirografo | Tampografia | Rastreabilidade | Gravador de metal | Gravador de metais | Gravador Eletroqu\u00edmico | Liquido de Grava\u00e7\u00e3o | Liquidos Gravadores | Matriz de Grava\u00e7\u00e3o | Papel de Grava\u00e7\u00e3o | Tela de Grava\u00e7\u00e3o | Tela de Silkscreen | Est\u00eancil de grava\u00e7\u00e3o | Stencil de Grava\u00e7\u00e3o | Micropontos | Puncionamento | Puncionadeira | Pun\u00e7\u00e3o | Numerador | Sinete | Micropuncionadeira | DOT PEEN","potentialAction":[{"@type":"SearchAction","target":{"@type":"EntryPoint","urlTemplate":"https:\/\/tecnigrav.com\/?s={search_term_string}"},"query-input":"required name=search_term_string"}],"inLanguage":"es-ES"}]}},"_links":{"self":[{"href":"https:\/\/tecnigrav.com\/es\/wp-json\/wp\/v2\/product\/4549"}],"collection":[{"href":"https:\/\/tecnigrav.com\/es\/wp-json\/wp\/v2\/product"}],"about":[{"href":"https:\/\/tecnigrav.com\/es\/wp-json\/wp\/v2\/types\/product"}],"replies":[{"embeddable":true,"href":"https:\/\/tecnigrav.com\/es\/wp-json\/wp\/v2\/comments?post=4549"}],"wp:featuredmedia":[{"embeddable":true,"href":"https:\/\/tecnigrav.com\/es\/wp-json\/wp\/v2\/media\/4807"}],"wp:attachment":[{"href":"https:\/\/tecnigrav.com\/es\/wp-json\/wp\/v2\/media?parent=4549"}],"wp:term":[{"taxonomy":"product_cat","embeddable":true,"href":"https:\/\/tecnigrav.com\/es\/wp-json\/wp\/v2\/product_cat?post=4549"},{"taxonomy":"product_tag","embeddable":true,"href":"https:\/\/tecnigrav.com\/es\/wp-json\/wp\/v2\/product_tag?post=4549"}],"curies":[{"name":"wp","href":"https:\/\/api.w.org\/{rel}","templated":true}]}}