{"id":4553,"date":"2015-07-31T15:15:42","date_gmt":"2015-07-31T18:15:42","guid":{"rendered":"http:\/\/tecnigrav.com\/produto\/marksman-mk-200bn-1340-2\/"},"modified":"2015-07-31T15:15:42","modified_gmt":"2015-07-31T18:15:42","slug":"marksman-mk-200bn-1340-2","status":"publish","type":"product","link":"https:\/\/tecnigrav.com\/es\/producto\/marksman-mk-200bn-1340-2\/","title":{"rendered":"Marksman MK-200BN-1340"},"content":{"rendered":"","protected":false},"excerpt":{"rendered":"<\/p>\n<p class=\"MsoNormal\"><span style=\"mso-ansi-language: PT-BR;\">CODIGO: MK200BN1340<\/span><\/p>\n<p>&nbsp;<\/p>\n<p class=\"MsoNormal\"><span style=\"mso-ansi-language: PT-BR;\">&Aacute;rea marcado: 130 x 40mm<\/span><\/p>\n<p>&nbsp;<\/p>\n<p class=\"MsoNormal\"><span style=\"mso-ansi-language: PT-BR;\">Dimensiones;<span style=\"mso-tab-count: 1;\">&nbsp;&nbsp;&nbsp; <\/span>131 mm (W) X 119 mm (L) X 206 mm (H)<\/span><\/p>\n<p>&nbsp;<\/p>\n<p class=\"MsoNormal\"><span style=\"mso-ansi-language: PT-BR;\">Peso:<span style=\"mso-tab-count: 1;\">&nbsp;&nbsp;&nbsp;&nbsp; <\/span> 2.8 Kg<\/span><\/p>\n<p>&nbsp;<\/p>\n<p class=\"MsoNormal\"><span style=\"mso-ansi-language: PT-BR;\">Unidad de control : MCU-200BN<\/span><\/p>\n<p>&nbsp;<\/p>\n<p>&nbsp;<\/p>\n<p class=\"MsoNormal\"><span style=\"mso-ansi-language: PT-BR;\">Garant&iacute;a: 1 a&ntilde;o<\/span><\/p>\n<p>&nbsp;<\/p>\n<p class=\"MsoNormal\"><strong>Caracteristicas:<\/strong><\/p>\n<p>&nbsp;<\/p>\n<p class=\"MsoNormal\"><span style=\"mso-ansi-language: PT-BR;\">la<span style=\"mso-spacerun: yes;\">&nbsp; <\/span>MH-1340 es una m&aacute;quina portable, hand-held de la marca de la pe&ntilde;a del punto que ser&aacute; conectada permanentemente por un cable rob&oacute;tico con cualquier clase de regulador. Es conveniente para la marca enorme, las piezas grandes, abultadas que se hacen de una amplia gama de las part&iacute;culas que pueden incluir el pl&aacute;stico o el acero. Puede marcar en superficies lineares, cil&iacute;ndricas y angulares y tambi&eacute;n se especializa en la Datamatrix 2D <\/span><\/p>\n<p>&nbsp;<\/p>\n<p class=\"MsoNormal\"><span style=\"mso-ansi-language: PT-BR;\">Se permite a los clientes hacer una opci&oacute;n entre las versiones neum&aacute;ticas o electr&oacute;nicas. Es muy ligera en solamente alrededor 4kgs. Tiene una sensaci&oacute;n s&oacute;lida del apret&oacute;n con una mano y puede crear al OEM ZIG para el uso del cliente. La cabeza de la marca puede hacer uso los pernos del LP y tiene un comienzo simple del empuje. <\/span><\/p>\n<p>&nbsp;<\/p>\n<p class=\"MsoNormal\"><span style=\"mso-ansi-language: PT-BR;\">El MCU-200 BN est&aacute; clasificado para las temperaturas de funcionamiento de hasta 50 &deg; C sin refrigeraci&oacute;n necesaria y cuenta con un sello de entrada de cables por el poder, marcando cabeza de serie y conexiones de E \/ S y Ethernet. La funci&oacute;n de USB y tarjeta SD le ayudan a realizar copias de seguridad y restaurar los datos con facilidad.<\/span><\/p>\n<p>&nbsp;<\/p>\n","protected":false},"featured_media":4828,"comment_status":"closed","ping_status":"closed","template":"","meta":[],"product_cat":[55,66],"product_tag":[],"yoast_head":"<!-- This site is optimized with the Yoast SEO plugin v20.6 - https:\/\/yoast.com\/wordpress\/plugins\/seo\/ -->\n<title>Marksman MK-200BN-1340 - Tecnigrav Gravadores de Metais<\/title>\n<meta name=\"description\" content=\"CODIGO: MK200BN1340 &nbsp; &Aacute;rea marcado: 130 x 40mm &nbsp; Dimensiones;&nbsp;&nbsp;&nbsp; 131 mm (W) X 119 mm (L) X 206 mm (H) &nbsp; Peso:&nbsp;&nbsp;&nbsp;&nbsp; 2.8 Kg &nbsp; Unidad de control : MCU-200BN &nbsp; &nbsp; Garant&iacute;a: 1 a&ntilde;o &nbsp; Caracteristicas: &nbsp; la&nbsp; MH-1340 es una m&aacute;quina portable, hand-held de la marca de la pe&ntilde;a del punto que ser&aacute; conectada permanentemente por un cable rob&oacute;tico con cualquier clase de regulador. Es conveniente para la marca enorme, las piezas grandes, abultadas que se hacen de una amplia gama de las part&iacute;culas que pueden incluir el pl&aacute;stico o el acero. Puede marcar en superficies lineares, cil&iacute;ndricas y angulares y tambi&eacute;n se especializa en la Datamatrix 2D  &nbsp; Se permite a los clientes hacer una opci&oacute;n entre las versiones neum&aacute;ticas o electr&oacute;nicas. Es muy ligera en solamente alrededor 4kgs. Tiene una sensaci&oacute;n s&oacute;lida del apret&oacute;n con una mano y puede crear al OEM ZIG para el uso del cliente. La cabeza de la marca puede hacer uso los pernos del LP y tiene un comienzo simple del empuje.  &nbsp; El MCU-200 BN est&aacute; clasificado para las temperaturas de funcionamiento de hasta 50 &deg; C sin refrigeraci&oacute;n necesaria y cuenta con un sello de entrada de cables por el poder, marcando cabeza de serie y conexiones de E \/ S y Ethernet. La funci&oacute;n de USB y tarjeta SD le ayudan a realizar copias de seguridad y restaurar los datos con facilidad. &nbsp;\" \/>\n<meta name=\"robots\" content=\"index, follow, max-snippet:-1, max-image-preview:large, max-video-preview:-1\" \/>\n<link rel=\"canonical\" href=\"https:\/\/tecnigrav.com\/es\/producto\/marksman-mk-200bn-1340-2\/\" \/>\n<meta property=\"og:locale\" content=\"es_ES\" \/>\n<meta property=\"og:type\" content=\"article\" \/>\n<meta property=\"og:title\" content=\"Marksman MK-200BN-1340 - Tecnigrav Gravadores de Metais\" \/>\n<meta property=\"og:description\" content=\"CODIGO: MK200BN1340 &nbsp; &Aacute;rea marcado: 130 x 40mm &nbsp; Dimensiones;&nbsp;&nbsp;&nbsp; 131 mm (W) X 119 mm (L) X 206 mm (H) &nbsp; Peso:&nbsp;&nbsp;&nbsp;&nbsp; 2.8 Kg &nbsp; Unidad de control : MCU-200BN &nbsp; &nbsp; Garant&iacute;a: 1 a&ntilde;o &nbsp; Caracteristicas: &nbsp; la&nbsp; MH-1340 es una m&aacute;quina portable, hand-held de la marca de la pe&ntilde;a del punto que ser&aacute; conectada permanentemente por un cable rob&oacute;tico con cualquier clase de regulador. Es conveniente para la marca enorme, las piezas grandes, abultadas que se hacen de una amplia gama de las part&iacute;culas que pueden incluir el pl&aacute;stico o el acero. Puede marcar en superficies lineares, cil&iacute;ndricas y angulares y tambi&eacute;n se especializa en la Datamatrix 2D  &nbsp; Se permite a los clientes hacer una opci&oacute;n entre las versiones neum&aacute;ticas o electr&oacute;nicas. Es muy ligera en solamente alrededor 4kgs. Tiene una sensaci&oacute;n s&oacute;lida del apret&oacute;n con una mano y puede crear al OEM ZIG para el uso del cliente. La cabeza de la marca puede hacer uso los pernos del LP y tiene un comienzo simple del empuje.  &nbsp; El MCU-200 BN est&aacute; clasificado para las temperaturas de funcionamiento de hasta 50 &deg; C sin refrigeraci&oacute;n necesaria y cuenta con un sello de entrada de cables por el poder, marcando cabeza de serie y conexiones de E \/ S y Ethernet. La funci&oacute;n de USB y tarjeta SD le ayudan a realizar copias de seguridad y restaurar los datos con facilidad. &nbsp;\" \/>\n<meta property=\"og:url\" content=\"https:\/\/tecnigrav.com\/es\/producto\/marksman-mk-200bn-1340-2\/\" \/>\n<meta property=\"og:site_name\" content=\"Tecnigrav Gravadores de Metais\" \/>\n<meta property=\"article:publisher\" content=\"https:\/\/www.facebook.com\/Tecnigrav-Ind%c3%bastria-e-Com%c3%a9rcio-Ltda-151617301618854\/\" \/>\n<meta property=\"og:image\" content=\"https:\/\/tecnigrav.com\/wp-content\/uploads\/2015\/07\/MK-200BN-1340-e1479826385744.jpg\" \/>\n\t<meta property=\"og:image:width\" content=\"747\" \/>\n\t<meta property=\"og:image:height\" content=\"420\" \/>\n\t<meta property=\"og:image:type\" content=\"image\/jpeg\" \/>\n<meta name=\"twitter:card\" content=\"summary_large_image\" \/>\n<script type=\"application\/ld+json\" class=\"yoast-schema-graph\">{\"@context\":\"https:\/\/schema.org\",\"@graph\":[{\"@type\":\"WebPage\",\"@id\":\"https:\/\/tecnigrav.com\/es\/producto\/marksman-mk-200bn-1340-2\/\",\"url\":\"https:\/\/tecnigrav.com\/es\/producto\/marksman-mk-200bn-1340-2\/\",\"name\":\"Marksman MK-200BN-1340 - Tecnigrav Gravadores de Metais\",\"isPartOf\":{\"@id\":\"https:\/\/tecnigrav.com\/#website\"},\"datePublished\":\"2015-07-31T18:15:42+00:00\",\"dateModified\":\"2015-07-31T18:15:42+00:00\",\"description\":\"CODIGO: MK200BN1340 &nbsp; &Aacute;rea marcado: 130 x 40mm &nbsp; Dimensiones;&nbsp;&nbsp;&nbsp; 131 mm (W) X 119 mm (L) X 206 mm (H) &nbsp; Peso:&nbsp;&nbsp;&nbsp;&nbsp; 2.8 Kg &nbsp; Unidad de control : MCU-200BN &nbsp; &nbsp; Garant&iacute;a: 1 a&ntilde;o &nbsp; Caracteristicas: &nbsp; la&nbsp; MH-1340 es una m&aacute;quina portable, hand-held de la marca de la pe&ntilde;a del punto que ser&aacute; conectada permanentemente por un cable rob&oacute;tico con cualquier clase de regulador. Es conveniente para la marca enorme, las piezas grandes, abultadas que se hacen de una amplia gama de las part&iacute;culas que pueden incluir el pl&aacute;stico o el acero. Puede marcar en superficies lineares, cil&iacute;ndricas y angulares y tambi&eacute;n se especializa en la Datamatrix 2D &nbsp; Se permite a los clientes hacer una opci&oacute;n entre las versiones neum&aacute;ticas o electr&oacute;nicas. Es muy ligera en solamente alrededor 4kgs. Tiene una sensaci&oacute;n s&oacute;lida del apret&oacute;n con una mano y puede crear al OEM ZIG para el uso del cliente. La cabeza de la marca puede hacer uso los pernos del LP y tiene un comienzo simple del empuje. &nbsp; El MCU-200 BN est&aacute; clasificado para las temperaturas de funcionamiento de hasta 50 &deg; C sin refrigeraci&oacute;n necesaria y cuenta con un sello de entrada de cables por el poder, marcando cabeza de serie y conexiones de E \/ S y Ethernet. La funci&oacute;n de USB y tarjeta SD le ayudan a realizar copias de seguridad y restaurar los datos con facilidad. &nbsp;\",\"breadcrumb\":{\"@id\":\"https:\/\/tecnigrav.com\/es\/producto\/marksman-mk-200bn-1340-2\/#breadcrumb\"},\"inLanguage\":\"es-ES\",\"potentialAction\":[{\"@type\":\"ReadAction\",\"target\":[\"https:\/\/tecnigrav.com\/es\/producto\/marksman-mk-200bn-1340-2\/\"]}]},{\"@type\":\"BreadcrumbList\",\"@id\":\"https:\/\/tecnigrav.com\/es\/producto\/marksman-mk-200bn-1340-2\/#breadcrumb\",\"itemListElement\":[{\"@type\":\"ListItem\",\"position\":1,\"name\":\"In\u00edcio\",\"item\":\"https:\/\/tecnigrav.com\/es\/\"},{\"@type\":\"ListItem\",\"position\":2,\"name\":\"Equipamentos de grava\u00e7\u00e3o\",\"item\":\"https:\/\/tecnigrav.com\/equipamentos-de-gravacao\/\"},{\"@type\":\"ListItem\",\"position\":3,\"name\":\"Micropercusi\u00f3n\",\"item\":\"https:\/\/tecnigrav.com\/es\/sistemas-de-gravacao\/micropercusion\/\"},{\"@type\":\"ListItem\",\"position\":4,\"name\":\"Port\u00e1tiles\",\"item\":\"https:\/\/tecnigrav.com\/es\/sistemas-de-gravacao\/micropercusion\/portatiles\/\"},{\"@type\":\"ListItem\",\"position\":5,\"name\":\"Marksman MK-200BN-1340\"}]},{\"@type\":\"WebSite\",\"@id\":\"https:\/\/tecnigrav.com\/#website\",\"url\":\"https:\/\/tecnigrav.com\/\",\"name\":\"Tecnigrav Gravadores de Metais\",\"description\":\"Gravadores de Metais | Grava\u00e7\u00e3o em Metais | Micropuncionamento | Micropercuss\u00e3o | Grava\u00e7\u00e3o Eletroqu\u00edmica | Marca\u00e7\u00e3o de Pe\u00e7as | Grava\u00e7\u00e3o de Pe\u00e7as | Grava\u00e7\u00e3o de Ferramentas | Codifica\u00e7\u00e3o | Marca\u00e7\u00e3o em Metais | L\u00e1pis El\u00e9trico | Caneta El\u00e9trica | Caneta Rotativa | L\u00e1pis Rotativo | Grava\u00e7\u00e3o Eletrol\u00edtica | Gravador Eletrol\u00edtico | Riscagem | CNC | Laser de Grava\u00e7\u00e3o | Laser de Marca\u00e7\u00e3o | Maquinas para Grava\u00e7\u00e3o | Maquinas Eletroqu\u00edmicas | Maquinas de Micropuncionamento | Maquinas Laser | Grava\u00e7\u00e3o a Laser | Tipo | Grava\u00e7\u00e3o por Pontos | Gravador de Bancada | Gravador Port\u00e1til | Gravador Manual| Grava\u00e7\u00e3o escrita a punho | Micropuncionamento de Bancada | Micropuncionamento Port\u00e1til | Limpeza de Solda | Limpador de Solda | Datamatrix | Integra\u00e7\u00e3o | Grava\u00e7\u00e3o Permanente | Marca\u00e7\u00e3o Permanente | Datadores | Codificadores | tecnograv | Carimbos | Sistema de identifica\u00e7\u00e3o | Pirografo | Tampografia | Rastreabilidade | Gravador de metal | Gravador de metais | Gravador Eletroqu\u00edmico | Liquido de Grava\u00e7\u00e3o | Liquidos Gravadores | Matriz de Grava\u00e7\u00e3o | Papel de Grava\u00e7\u00e3o | Tela de Grava\u00e7\u00e3o | Tela de Silkscreen | Est\u00eancil de grava\u00e7\u00e3o | Stencil de Grava\u00e7\u00e3o | Micropontos | Puncionamento | Puncionadeira | Pun\u00e7\u00e3o | Numerador | Sinete | Micropuncionadeira | DOT PEEN\",\"potentialAction\":[{\"@type\":\"SearchAction\",\"target\":{\"@type\":\"EntryPoint\",\"urlTemplate\":\"https:\/\/tecnigrav.com\/?s={search_term_string}\"},\"query-input\":\"required name=search_term_string\"}],\"inLanguage\":\"es-ES\"}]}<\/script>\n<!-- \/ Yoast SEO plugin. -->","yoast_head_json":{"title":"Marksman MK-200BN-1340 - Tecnigrav Gravadores de Metais","description":"CODIGO: MK200BN1340 &nbsp; &Aacute;rea marcado: 130 x 40mm &nbsp; Dimensiones;&nbsp;&nbsp;&nbsp; 131 mm (W) X 119 mm (L) X 206 mm (H) &nbsp; Peso:&nbsp;&nbsp;&nbsp;&nbsp; 2.8 Kg &nbsp; Unidad de control : MCU-200BN &nbsp; &nbsp; Garant&iacute;a: 1 a&ntilde;o &nbsp; Caracteristicas: &nbsp; la&nbsp; MH-1340 es una m&aacute;quina portable, hand-held de la marca de la pe&ntilde;a del punto que ser&aacute; conectada permanentemente por un cable rob&oacute;tico con cualquier clase de regulador. Es conveniente para la marca enorme, las piezas grandes, abultadas que se hacen de una amplia gama de las part&iacute;culas que pueden incluir el pl&aacute;stico o el acero. Puede marcar en superficies lineares, cil&iacute;ndricas y angulares y tambi&eacute;n se especializa en la Datamatrix 2D  &nbsp; Se permite a los clientes hacer una opci&oacute;n entre las versiones neum&aacute;ticas o electr&oacute;nicas. Es muy ligera en solamente alrededor 4kgs. Tiene una sensaci&oacute;n s&oacute;lida del apret&oacute;n con una mano y puede crear al OEM ZIG para el uso del cliente. La cabeza de la marca puede hacer uso los pernos del LP y tiene un comienzo simple del empuje.  &nbsp; El MCU-200 BN est&aacute; clasificado para las temperaturas de funcionamiento de hasta 50 &deg; C sin refrigeraci&oacute;n necesaria y cuenta con un sello de entrada de cables por el poder, marcando cabeza de serie y conexiones de E \/ S y Ethernet. La funci&oacute;n de USB y tarjeta SD le ayudan a realizar copias de seguridad y restaurar los datos con facilidad. &nbsp;","robots":{"index":"index","follow":"follow","max-snippet":"max-snippet:-1","max-image-preview":"max-image-preview:large","max-video-preview":"max-video-preview:-1"},"canonical":"https:\/\/tecnigrav.com\/es\/producto\/marksman-mk-200bn-1340-2\/","og_locale":"es_ES","og_type":"article","og_title":"Marksman MK-200BN-1340 - Tecnigrav Gravadores de Metais","og_description":"CODIGO: MK200BN1340 &nbsp; &Aacute;rea marcado: 130 x 40mm &nbsp; Dimensiones;&nbsp;&nbsp;&nbsp; 131 mm (W) X 119 mm (L) X 206 mm (H) &nbsp; Peso:&nbsp;&nbsp;&nbsp;&nbsp; 2.8 Kg &nbsp; Unidad de control : MCU-200BN &nbsp; &nbsp; Garant&iacute;a: 1 a&ntilde;o &nbsp; Caracteristicas: &nbsp; la&nbsp; MH-1340 es una m&aacute;quina portable, hand-held de la marca de la pe&ntilde;a del punto que ser&aacute; conectada permanentemente por un cable rob&oacute;tico con cualquier clase de regulador. Es conveniente para la marca enorme, las piezas grandes, abultadas que se hacen de una amplia gama de las part&iacute;culas que pueden incluir el pl&aacute;stico o el acero. Puede marcar en superficies lineares, cil&iacute;ndricas y angulares y tambi&eacute;n se especializa en la Datamatrix 2D  &nbsp; Se permite a los clientes hacer una opci&oacute;n entre las versiones neum&aacute;ticas o electr&oacute;nicas. Es muy ligera en solamente alrededor 4kgs. Tiene una sensaci&oacute;n s&oacute;lida del apret&oacute;n con una mano y puede crear al OEM ZIG para el uso del cliente. La cabeza de la marca puede hacer uso los pernos del LP y tiene un comienzo simple del empuje.  &nbsp; El MCU-200 BN est&aacute; clasificado para las temperaturas de funcionamiento de hasta 50 &deg; C sin refrigeraci&oacute;n necesaria y cuenta con un sello de entrada de cables por el poder, marcando cabeza de serie y conexiones de E \/ S y Ethernet. La funci&oacute;n de USB y tarjeta SD le ayudan a realizar copias de seguridad y restaurar los datos con facilidad. &nbsp;","og_url":"https:\/\/tecnigrav.com\/es\/producto\/marksman-mk-200bn-1340-2\/","og_site_name":"Tecnigrav Gravadores de Metais","article_publisher":"https:\/\/www.facebook.com\/Tecnigrav-Ind%c3%bastria-e-Com%c3%a9rcio-Ltda-151617301618854\/","og_image":[{"width":747,"height":420,"url":"https:\/\/tecnigrav.com\/wp-content\/uploads\/2015\/07\/MK-200BN-1340-e1479826385744.jpg","type":"image\/jpeg"}],"twitter_card":"summary_large_image","schema":{"@context":"https:\/\/schema.org","@graph":[{"@type":"WebPage","@id":"https:\/\/tecnigrav.com\/es\/producto\/marksman-mk-200bn-1340-2\/","url":"https:\/\/tecnigrav.com\/es\/producto\/marksman-mk-200bn-1340-2\/","name":"Marksman MK-200BN-1340 - Tecnigrav Gravadores de Metais","isPartOf":{"@id":"https:\/\/tecnigrav.com\/#website"},"datePublished":"2015-07-31T18:15:42+00:00","dateModified":"2015-07-31T18:15:42+00:00","description":"CODIGO: MK200BN1340 &nbsp; &Aacute;rea marcado: 130 x 40mm &nbsp; Dimensiones;&nbsp;&nbsp;&nbsp; 131 mm (W) X 119 mm (L) X 206 mm (H) &nbsp; Peso:&nbsp;&nbsp;&nbsp;&nbsp; 2.8 Kg &nbsp; Unidad de control : MCU-200BN &nbsp; &nbsp; Garant&iacute;a: 1 a&ntilde;o &nbsp; Caracteristicas: &nbsp; la&nbsp; MH-1340 es una m&aacute;quina portable, hand-held de la marca de la pe&ntilde;a del punto que ser&aacute; conectada permanentemente por un cable rob&oacute;tico con cualquier clase de regulador. Es conveniente para la marca enorme, las piezas grandes, abultadas que se hacen de una amplia gama de las part&iacute;culas que pueden incluir el pl&aacute;stico o el acero. Puede marcar en superficies lineares, cil&iacute;ndricas y angulares y tambi&eacute;n se especializa en la Datamatrix 2D &nbsp; Se permite a los clientes hacer una opci&oacute;n entre las versiones neum&aacute;ticas o electr&oacute;nicas. Es muy ligera en solamente alrededor 4kgs. Tiene una sensaci&oacute;n s&oacute;lida del apret&oacute;n con una mano y puede crear al OEM ZIG para el uso del cliente. La cabeza de la marca puede hacer uso los pernos del LP y tiene un comienzo simple del empuje. &nbsp; El MCU-200 BN est&aacute; clasificado para las temperaturas de funcionamiento de hasta 50 &deg; C sin refrigeraci&oacute;n necesaria y cuenta con un sello de entrada de cables por el poder, marcando cabeza de serie y conexiones de E \/ S y Ethernet. La funci&oacute;n de USB y tarjeta SD le ayudan a realizar copias de seguridad y restaurar los datos con facilidad. &nbsp;","breadcrumb":{"@id":"https:\/\/tecnigrav.com\/es\/producto\/marksman-mk-200bn-1340-2\/#breadcrumb"},"inLanguage":"es-ES","potentialAction":[{"@type":"ReadAction","target":["https:\/\/tecnigrav.com\/es\/producto\/marksman-mk-200bn-1340-2\/"]}]},{"@type":"BreadcrumbList","@id":"https:\/\/tecnigrav.com\/es\/producto\/marksman-mk-200bn-1340-2\/#breadcrumb","itemListElement":[{"@type":"ListItem","position":1,"name":"In\u00edcio","item":"https:\/\/tecnigrav.com\/es\/"},{"@type":"ListItem","position":2,"name":"Equipamentos de grava\u00e7\u00e3o","item":"https:\/\/tecnigrav.com\/equipamentos-de-gravacao\/"},{"@type":"ListItem","position":3,"name":"Micropercusi\u00f3n","item":"https:\/\/tecnigrav.com\/es\/sistemas-de-gravacao\/micropercusion\/"},{"@type":"ListItem","position":4,"name":"Port\u00e1tiles","item":"https:\/\/tecnigrav.com\/es\/sistemas-de-gravacao\/micropercusion\/portatiles\/"},{"@type":"ListItem","position":5,"name":"Marksman MK-200BN-1340"}]},{"@type":"WebSite","@id":"https:\/\/tecnigrav.com\/#website","url":"https:\/\/tecnigrav.com\/","name":"Tecnigrav Gravadores de Metais","description":"Gravadores de Metais | Grava\u00e7\u00e3o em Metais | Micropuncionamento | Micropercuss\u00e3o | Grava\u00e7\u00e3o Eletroqu\u00edmica | Marca\u00e7\u00e3o de Pe\u00e7as | Grava\u00e7\u00e3o de Pe\u00e7as | Grava\u00e7\u00e3o de Ferramentas | Codifica\u00e7\u00e3o | Marca\u00e7\u00e3o em Metais | L\u00e1pis El\u00e9trico | Caneta El\u00e9trica | Caneta Rotativa | L\u00e1pis Rotativo | Grava\u00e7\u00e3o Eletrol\u00edtica | Gravador Eletrol\u00edtico | Riscagem | CNC | Laser de Grava\u00e7\u00e3o | Laser de Marca\u00e7\u00e3o | Maquinas para Grava\u00e7\u00e3o | Maquinas Eletroqu\u00edmicas | Maquinas de Micropuncionamento | Maquinas Laser | Grava\u00e7\u00e3o a Laser | Tipo | Grava\u00e7\u00e3o por Pontos | Gravador de Bancada | Gravador Port\u00e1til | Gravador Manual| Grava\u00e7\u00e3o escrita a punho | Micropuncionamento de Bancada | Micropuncionamento Port\u00e1til | Limpeza de Solda | Limpador de Solda | Datamatrix | Integra\u00e7\u00e3o | Grava\u00e7\u00e3o Permanente | Marca\u00e7\u00e3o Permanente | Datadores | Codificadores | tecnograv | Carimbos | Sistema de identifica\u00e7\u00e3o | Pirografo | Tampografia | Rastreabilidade | Gravador de metal | Gravador de metais | Gravador Eletroqu\u00edmico | Liquido de Grava\u00e7\u00e3o | Liquidos Gravadores | Matriz de Grava\u00e7\u00e3o | Papel de Grava\u00e7\u00e3o | Tela de Grava\u00e7\u00e3o | Tela de Silkscreen | Est\u00eancil de grava\u00e7\u00e3o | Stencil de Grava\u00e7\u00e3o | Micropontos | Puncionamento | Puncionadeira | Pun\u00e7\u00e3o | Numerador | Sinete | Micropuncionadeira | DOT PEEN","potentialAction":[{"@type":"SearchAction","target":{"@type":"EntryPoint","urlTemplate":"https:\/\/tecnigrav.com\/?s={search_term_string}"},"query-input":"required name=search_term_string"}],"inLanguage":"es-ES"}]}},"_links":{"self":[{"href":"https:\/\/tecnigrav.com\/es\/wp-json\/wp\/v2\/product\/4553"}],"collection":[{"href":"https:\/\/tecnigrav.com\/es\/wp-json\/wp\/v2\/product"}],"about":[{"href":"https:\/\/tecnigrav.com\/es\/wp-json\/wp\/v2\/types\/product"}],"replies":[{"embeddable":true,"href":"https:\/\/tecnigrav.com\/es\/wp-json\/wp\/v2\/comments?post=4553"}],"wp:featuredmedia":[{"embeddable":true,"href":"https:\/\/tecnigrav.com\/es\/wp-json\/wp\/v2\/media\/4828"}],"wp:attachment":[{"href":"https:\/\/tecnigrav.com\/es\/wp-json\/wp\/v2\/media?parent=4553"}],"wp:term":[{"taxonomy":"product_cat","embeddable":true,"href":"https:\/\/tecnigrav.com\/es\/wp-json\/wp\/v2\/product_cat?post=4553"},{"taxonomy":"product_tag","embeddable":true,"href":"https:\/\/tecnigrav.com\/es\/wp-json\/wp\/v2\/product_tag?post=4553"}],"curies":[{"name":"wp","href":"https:\/\/api.w.org\/{rel}","templated":true}]}}