{"id":4559,"date":"2015-07-31T16:11:17","date_gmt":"2015-07-31T19:11:17","guid":{"rendered":"http:\/\/tecnigrav.com\/produto\/marksman-mcu-200bn-2\/"},"modified":"2015-07-31T16:11:17","modified_gmt":"2015-07-31T19:11:17","slug":"marksman-mcu-200bn-2","status":"publish","type":"product","link":"https:\/\/tecnigrav.com\/es\/producto\/marksman-mcu-200bn-2\/","title":{"rendered":"Marksman MCU-200BN"},"content":{"rendered":"","protected":false},"excerpt":{"rendered":"<\/p>\n<p class=\"MsoNormal\"><span style=\"mso-ansi-language: PT-BR;\">CODIGO: MCU200BN<\/span><\/p>\n<p>&nbsp;<\/p>\n<p class=\"MsoNormal\"><span style=\"mso-ansi-language: PT-BR;\">&#8211; Funciones m&aacute;s comunes se pueden ejecutar sin un PC, as&iacute; como con un PC mediante un cable RS-232 utilizando JS-1000 S \/ W<\/span><\/p>\n<p>&nbsp;<\/p>\n<p class=\"MsoNormal\"><span style=\"mso-ansi-language: PT-BR;\">&#8211; F&aacute;cil de seleccionar a los sistemas de LP \/ PH (Pin interruptor de selecci&oacute;n en la cubierta frontal del controlador)<\/span><\/p>\n<p>&nbsp;<\/p>\n<p class=\"MsoNormal\"><span style=\"mso-ansi-language: PT-BR;\">&#8211; Lineal, circular, l&iacute;nea oblicua, &aacute;ngulo y la circunferencia de la marca (con CDC-20)<\/span><\/p>\n<p>&nbsp;<\/p>\n<p class=\"MsoNormal\"><span style=\"mso-ansi-language: PT-BR;\">&#8211; Serializaci&oacute;n autom&aacute;tica, Fecha de codificaci&oacute;n, calendario juliano, codificaci&oacute;n fecha especial, el c&oacute;digo de semana, d&iacute;a y noche de codificaci&oacute;n.<\/span><\/p>\n<p>&nbsp;<\/p>\n<p class=\"MsoNormal\"><span style=\"mso-ansi-language: PT-BR;\">&#8211; Fuentes est&aacute;ndar incorporado (STD1, STD2, STD3, DOT)<\/span><\/p>\n<p>&nbsp;<\/p>\n<p class=\"MsoNormal\"><span style=\"mso-ansi-language: PT-BR;\">&#8211; De un solo bloque y varios bloques de datos, archivo PLT Auto CAD marca y logotipo especial que marca<\/span><\/p>\n<p>&nbsp;<\/p>\n<p class=\"MsoNormal\"><span style=\"mso-ansi-language: PT-BR;\">&#8211; Marcado Datamatrix 2D.<\/span><\/p>\n<p>&nbsp;<\/p>\n<p class=\"MsoNormal\"><span style=\"mso-ansi-language: PT-BR;\">&#8211; Tarjeta SD y USB para una f&aacute;cil copia de seguridad y correcci&oacute;n monetaria de los datos<\/span><\/p>\n<p>&nbsp;<\/p>\n<p class=\"MsoNormal\"><span style=\"mso-ansi-language: PT-BR;\">&#8211; Capaz de comunicarse con la interfaz de I\/O , RS-232 y Ethernet en sistemas de integraci&oacute;n.<\/span><\/p>\n<p>&nbsp;<\/p>\n<p class=\"MsoNormal\"><span style=\"mso-ansi-language: PT-BR;\">&#8211; Dimensiones: 290mm(W) X 140mm(L) X 90mm(H)<\/span><\/p>\n<p>&nbsp;<\/p>\n<p class=\"MsoNormal\"><span style=\"mso-ansi-language: PT-BR;\">&#8211; Tensi&oacute;n de alimentaci&oacute;n (85V~264V,50\/60 Hz)<\/span><\/p>\n<p>&nbsp;<\/p>\n<p class=\"MsoNormal\"><span style=\"mso-ansi-language: PT-BR;\">&#8211; Peso<span style=\"mso-tab-count: 1;\">&nbsp;&nbsp;&nbsp; <\/span>3,5 Kg<\/span><\/p>\n<p>&nbsp;<\/p>\n<p class=\"MsoNormal\"><span style=\"mso-ansi-language: PT-BR;\">&#8211; 40cha de memoria. <\/span><span lang=\"EN-US\">999 blocos. Byte 512M, memoria SD y USB<\/span><\/p>\n<p>&nbsp;<\/p>\n<p class=\"MsoNormal\"><span style=\"mso-ansi-language: PT-BR;\">&#8211; Interruptor externo, RS-232, PLC Interface I \/O, Ethernet, disipador de calor, 240 por 128 Display LCD gr&aacute;fico, teclado dentro.<\/span><\/p>\n<p>&nbsp;<\/p>\n<p class=\"MsoNormal\"><span lang=\"EN-US\">Garant&iacute;a: 1 a&ntilde;o<\/span><\/p>\n<p>&nbsp;<\/p>\n<p class=\"MsoNormal\"><strong><span lang=\"EN-US\">Caracteristicas:<\/span><\/strong><\/p>\n<p>&nbsp;<\/p>\n<p class=\"MsoNormal\"><span style=\"mso-ansi-language: PT-BR;\">La &uacute;ltima versi&oacute;n especial del vers&aacute;til MCU-200 BN; bien adaptado a una amplia gama de entornos industriales. Cuenta con una superficie frontal LCD de controlador de qu&eacute; tama&ntilde;o es de 240 mm X 128 mm de usuario `s de usar. Te hace modificar y la entrada de los datos f&aacute;cilmente.<\/span><\/p>\n<p>&nbsp;<\/p>\n<p class=\"MsoNormal\"><span style=\"mso-ansi-language: PT-BR;\">El MCU-200 mil millones est&aacute; clasificado para las temperaturas de funcionamiento de hasta 50 &deg; C sin refrigeraci&oacute;n necesaria y cuenta con un sello de entrada de cables por el poder, marcando cabeza de serie y conexiones de I\/O y Ethernet. La funci&oacute;n de USB y tarjeta SD le ayudan a realizar copias de seguridad y restaurar los datos con facilidad.<\/span><\/p>\n<p>&nbsp;<\/p>\n","protected":false},"featured_media":4819,"comment_status":"closed","ping_status":"closed","template":"","meta":[],"product_cat":[65,55],"product_tag":[],"yoast_head":"<!-- This site is optimized with the Yoast SEO plugin v20.6 - https:\/\/yoast.com\/wordpress\/plugins\/seo\/ -->\n<title>Marksman MCU-200BN - Tecnigrav Gravadores de Metais<\/title>\n<meta name=\"description\" content=\"CODIGO: MCU200BN &nbsp; - Funciones m&aacute;s comunes se pueden ejecutar sin un PC, as&iacute; como con un PC mediante un cable RS-232 utilizando JS-1000 S \/ W &nbsp; - F&aacute;cil de seleccionar a los sistemas de LP \/ PH (Pin interruptor de selecci&oacute;n en la cubierta frontal del controlador) &nbsp; - Lineal, circular, l&iacute;nea oblicua, &aacute;ngulo y la circunferencia de la marca (con CDC-20) &nbsp; - Serializaci&oacute;n autom&aacute;tica, Fecha de codificaci&oacute;n, calendario juliano, codificaci&oacute;n fecha especial, el c&oacute;digo de semana, d&iacute;a y noche de codificaci&oacute;n. &nbsp; - Fuentes est&aacute;ndar incorporado (STD1, STD2, STD3, DOT) &nbsp; - De un solo bloque y varios bloques de datos, archivo PLT Auto CAD marca y logotipo especial que marca &nbsp; - Marcado Datamatrix 2D. &nbsp; - Tarjeta SD y USB para una f&aacute;cil copia de seguridad y correcci&oacute;n monetaria de los datos &nbsp; - Capaz de comunicarse con la interfaz de I\/O , RS-232 y Ethernet en sistemas de integraci&oacute;n. &nbsp; - Dimensiones: 290mm(W) X 140mm(L) X 90mm(H) &nbsp; - Tensi&oacute;n de alimentaci&oacute;n (85V~264V,50\/60 Hz) &nbsp; - Peso&nbsp;&nbsp;&nbsp; 3,5 Kg &nbsp; - 40cha de memoria. 999 blocos. Byte 512M, memoria SD y USB &nbsp; - Interruptor externo, RS-232, PLC Interface I \/O, Ethernet, disipador de calor, 240 por 128 Display LCD gr&aacute;fico, teclado dentro. &nbsp; Garant&iacute;a: 1 a&ntilde;o &nbsp; Caracteristicas: &nbsp; La &uacute;ltima versi&oacute;n especial del vers&aacute;til MCU-200 BN; bien adaptado a una amplia gama de entornos industriales. Cuenta con una superficie frontal LCD de controlador de qu&eacute; tama&ntilde;o es de 240 mm X 128 mm de usuario `s de usar. Te hace modificar y la entrada de los datos f&aacute;cilmente. &nbsp; El MCU-200 mil millones est&aacute; clasificado para las temperaturas de funcionamiento de hasta 50 &deg; C sin refrigeraci&oacute;n necesaria y cuenta con un sello de entrada de cables por el poder, marcando cabeza de serie y conexiones de I\/O y Ethernet. La funci&oacute;n de USB y tarjeta SD le ayudan a realizar copias de seguridad y restaurar los datos con facilidad. &nbsp;\" \/>\n<meta name=\"robots\" content=\"index, follow, max-snippet:-1, max-image-preview:large, max-video-preview:-1\" \/>\n<link rel=\"canonical\" href=\"https:\/\/tecnigrav.com\/es\/producto\/marksman-mcu-200bn-2\/\" \/>\n<meta property=\"og:locale\" content=\"es_ES\" \/>\n<meta property=\"og:type\" content=\"article\" \/>\n<meta property=\"og:title\" content=\"Marksman MCU-200BN - Tecnigrav Gravadores de Metais\" \/>\n<meta property=\"og:description\" content=\"CODIGO: MCU200BN &nbsp; - Funciones m&aacute;s comunes se pueden ejecutar sin un PC, as&iacute; como con un PC mediante un cable RS-232 utilizando JS-1000 S \/ W &nbsp; - F&aacute;cil de seleccionar a los sistemas de LP \/ PH (Pin interruptor de selecci&oacute;n en la cubierta frontal del controlador) &nbsp; - Lineal, circular, l&iacute;nea oblicua, &aacute;ngulo y la circunferencia de la marca (con CDC-20) &nbsp; - Serializaci&oacute;n autom&aacute;tica, Fecha de codificaci&oacute;n, calendario juliano, codificaci&oacute;n fecha especial, el c&oacute;digo de semana, d&iacute;a y noche de codificaci&oacute;n. &nbsp; - Fuentes est&aacute;ndar incorporado (STD1, STD2, STD3, DOT) &nbsp; - De un solo bloque y varios bloques de datos, archivo PLT Auto CAD marca y logotipo especial que marca &nbsp; - Marcado Datamatrix 2D. &nbsp; - Tarjeta SD y USB para una f&aacute;cil copia de seguridad y correcci&oacute;n monetaria de los datos &nbsp; - Capaz de comunicarse con la interfaz de I\/O , RS-232 y Ethernet en sistemas de integraci&oacute;n. &nbsp; - Dimensiones: 290mm(W) X 140mm(L) X 90mm(H) &nbsp; - Tensi&oacute;n de alimentaci&oacute;n (85V~264V,50\/60 Hz) &nbsp; - Peso&nbsp;&nbsp;&nbsp; 3,5 Kg &nbsp; - 40cha de memoria. 999 blocos. Byte 512M, memoria SD y USB &nbsp; - Interruptor externo, RS-232, PLC Interface I \/O, Ethernet, disipador de calor, 240 por 128 Display LCD gr&aacute;fico, teclado dentro. &nbsp; Garant&iacute;a: 1 a&ntilde;o &nbsp; Caracteristicas: &nbsp; La &uacute;ltima versi&oacute;n especial del vers&aacute;til MCU-200 BN; bien adaptado a una amplia gama de entornos industriales. Cuenta con una superficie frontal LCD de controlador de qu&eacute; tama&ntilde;o es de 240 mm X 128 mm de usuario `s de usar. Te hace modificar y la entrada de los datos f&aacute;cilmente. &nbsp; El MCU-200 mil millones est&aacute; clasificado para las temperaturas de funcionamiento de hasta 50 &deg; C sin refrigeraci&oacute;n necesaria y cuenta con un sello de entrada de cables por el poder, marcando cabeza de serie y conexiones de I\/O y Ethernet. La funci&oacute;n de USB y tarjeta SD le ayudan a realizar copias de seguridad y restaurar los datos con facilidad. &nbsp;\" \/>\n<meta property=\"og:url\" content=\"https:\/\/tecnigrav.com\/es\/producto\/marksman-mcu-200bn-2\/\" \/>\n<meta property=\"og:site_name\" content=\"Tecnigrav Gravadores de Metais\" \/>\n<meta property=\"article:publisher\" content=\"https:\/\/www.facebook.com\/Tecnigrav-Ind%c3%bastria-e-Com%c3%a9rcio-Ltda-151617301618854\/\" \/>\n<meta property=\"og:image\" content=\"https:\/\/tecnigrav.com\/wp-content\/uploads\/2015\/07\/MCU-200BN-43-e1479752701960.jpg\" \/>\n\t<meta property=\"og:image:width\" content=\"560\" \/>\n\t<meta property=\"og:image:height\" content=\"420\" \/>\n\t<meta property=\"og:image:type\" content=\"image\/jpeg\" \/>\n<meta name=\"twitter:card\" content=\"summary_large_image\" \/>\n<script type=\"application\/ld+json\" class=\"yoast-schema-graph\">{\"@context\":\"https:\/\/schema.org\",\"@graph\":[{\"@type\":\"WebPage\",\"@id\":\"https:\/\/tecnigrav.com\/es\/producto\/marksman-mcu-200bn-2\/\",\"url\":\"https:\/\/tecnigrav.com\/es\/producto\/marksman-mcu-200bn-2\/\",\"name\":\"Marksman MCU-200BN - Tecnigrav Gravadores de Metais\",\"isPartOf\":{\"@id\":\"https:\/\/tecnigrav.com\/#website\"},\"datePublished\":\"2015-07-31T19:11:17+00:00\",\"dateModified\":\"2015-07-31T19:11:17+00:00\",\"description\":\"CODIGO: MCU200BN &nbsp; - Funciones m&aacute;s comunes se pueden ejecutar sin un PC, as&iacute; como con un PC mediante un cable RS-232 utilizando JS-1000 S \/ W &nbsp; - F&aacute;cil de seleccionar a los sistemas de LP \/ PH (Pin interruptor de selecci&oacute;n en la cubierta frontal del controlador) &nbsp; - Lineal, circular, l&iacute;nea oblicua, &aacute;ngulo y la circunferencia de la marca (con CDC-20) &nbsp; - Serializaci&oacute;n autom&aacute;tica, Fecha de codificaci&oacute;n, calendario juliano, codificaci&oacute;n fecha especial, el c&oacute;digo de semana, d&iacute;a y noche de codificaci&oacute;n. &nbsp; - Fuentes est&aacute;ndar incorporado (STD1, STD2, STD3, DOT) &nbsp; - De un solo bloque y varios bloques de datos, archivo PLT Auto CAD marca y logotipo especial que marca &nbsp; - Marcado Datamatrix 2D. &nbsp; - Tarjeta SD y USB para una f&aacute;cil copia de seguridad y correcci&oacute;n monetaria de los datos &nbsp; - Capaz de comunicarse con la interfaz de I\/O , RS-232 y Ethernet en sistemas de integraci&oacute;n. &nbsp; - Dimensiones: 290mm(W) X 140mm(L) X 90mm(H) &nbsp; - Tensi&oacute;n de alimentaci&oacute;n (85V~264V,50\/60 Hz) &nbsp; - Peso&nbsp;&nbsp;&nbsp; 3,5 Kg &nbsp; - 40cha de memoria. 999 blocos. Byte 512M, memoria SD y USB &nbsp; - Interruptor externo, RS-232, PLC Interface I \/O, Ethernet, disipador de calor, 240 por 128 Display LCD gr&aacute;fico, teclado dentro. &nbsp; Garant&iacute;a: 1 a&ntilde;o &nbsp; Caracteristicas: &nbsp; La &uacute;ltima versi&oacute;n especial del vers&aacute;til MCU-200 BN; bien adaptado a una amplia gama de entornos industriales. Cuenta con una superficie frontal LCD de controlador de qu&eacute; tama&ntilde;o es de 240 mm X 128 mm de usuario `s de usar. Te hace modificar y la entrada de los datos f&aacute;cilmente. &nbsp; El MCU-200 mil millones est&aacute; clasificado para las temperaturas de funcionamiento de hasta 50 &deg; C sin refrigeraci&oacute;n necesaria y cuenta con un sello de entrada de cables por el poder, marcando cabeza de serie y conexiones de I\/O y Ethernet. La funci&oacute;n de USB y tarjeta SD le ayudan a realizar copias de seguridad y restaurar los datos con facilidad. &nbsp;\",\"breadcrumb\":{\"@id\":\"https:\/\/tecnigrav.com\/es\/producto\/marksman-mcu-200bn-2\/#breadcrumb\"},\"inLanguage\":\"es-ES\",\"potentialAction\":[{\"@type\":\"ReadAction\",\"target\":[\"https:\/\/tecnigrav.com\/es\/producto\/marksman-mcu-200bn-2\/\"]}]},{\"@type\":\"BreadcrumbList\",\"@id\":\"https:\/\/tecnigrav.com\/es\/producto\/marksman-mcu-200bn-2\/#breadcrumb\",\"itemListElement\":[{\"@type\":\"ListItem\",\"position\":1,\"name\":\"In\u00edcio\",\"item\":\"https:\/\/tecnigrav.com\/es\/\"},{\"@type\":\"ListItem\",\"position\":2,\"name\":\"Equipamentos de grava\u00e7\u00e3o\",\"item\":\"https:\/\/tecnigrav.com\/equipamentos-de-gravacao\/\"},{\"@type\":\"ListItem\",\"position\":3,\"name\":\"Micropercusi\u00f3n\",\"item\":\"https:\/\/tecnigrav.com\/es\/sistemas-de-gravacao\/micropercusion\/\"},{\"@type\":\"ListItem\",\"position\":4,\"name\":\"Integrables\",\"item\":\"https:\/\/tecnigrav.com\/es\/sistemas-de-gravacao\/micropercusion\/integrables\/\"},{\"@type\":\"ListItem\",\"position\":5,\"name\":\"Marksman MCU-200BN\"}]},{\"@type\":\"WebSite\",\"@id\":\"https:\/\/tecnigrav.com\/#website\",\"url\":\"https:\/\/tecnigrav.com\/\",\"name\":\"Tecnigrav Gravadores de Metais\",\"description\":\"Gravadores de Metais | Grava\u00e7\u00e3o em Metais | Micropuncionamento | Micropercuss\u00e3o | Grava\u00e7\u00e3o Eletroqu\u00edmica | Marca\u00e7\u00e3o de Pe\u00e7as | Grava\u00e7\u00e3o de Pe\u00e7as | Grava\u00e7\u00e3o de Ferramentas | Codifica\u00e7\u00e3o | Marca\u00e7\u00e3o em Metais | L\u00e1pis El\u00e9trico | Caneta El\u00e9trica | Caneta Rotativa | L\u00e1pis Rotativo | Grava\u00e7\u00e3o Eletrol\u00edtica | Gravador Eletrol\u00edtico | Riscagem | CNC | Laser de Grava\u00e7\u00e3o | Laser de Marca\u00e7\u00e3o | Maquinas para Grava\u00e7\u00e3o | Maquinas Eletroqu\u00edmicas | Maquinas de Micropuncionamento | Maquinas Laser | Grava\u00e7\u00e3o a Laser | Tipo | Grava\u00e7\u00e3o por Pontos | Gravador de Bancada | Gravador Port\u00e1til | Gravador Manual| Grava\u00e7\u00e3o escrita a punho | Micropuncionamento de Bancada | Micropuncionamento Port\u00e1til | Limpeza de Solda | Limpador de Solda | Datamatrix | Integra\u00e7\u00e3o | Grava\u00e7\u00e3o Permanente | Marca\u00e7\u00e3o Permanente | Datadores | Codificadores | tecnograv | Carimbos | Sistema de identifica\u00e7\u00e3o | Pirografo | Tampografia | Rastreabilidade | Gravador de metal | Gravador de metais | Gravador Eletroqu\u00edmico | Liquido de Grava\u00e7\u00e3o | Liquidos Gravadores | Matriz de Grava\u00e7\u00e3o | Papel de Grava\u00e7\u00e3o | Tela de Grava\u00e7\u00e3o | Tela de Silkscreen | Est\u00eancil de grava\u00e7\u00e3o | Stencil de Grava\u00e7\u00e3o | Micropontos | Puncionamento | Puncionadeira | Pun\u00e7\u00e3o | Numerador | Sinete | Micropuncionadeira | DOT PEEN\",\"potentialAction\":[{\"@type\":\"SearchAction\",\"target\":{\"@type\":\"EntryPoint\",\"urlTemplate\":\"https:\/\/tecnigrav.com\/?s={search_term_string}\"},\"query-input\":\"required name=search_term_string\"}],\"inLanguage\":\"es-ES\"}]}<\/script>\n<!-- \/ Yoast SEO plugin. -->","yoast_head_json":{"title":"Marksman MCU-200BN - Tecnigrav Gravadores de Metais","description":"CODIGO: MCU200BN &nbsp; - Funciones m&aacute;s comunes se pueden ejecutar sin un PC, as&iacute; como con un PC mediante un cable RS-232 utilizando JS-1000 S \/ W &nbsp; - F&aacute;cil de seleccionar a los sistemas de LP \/ PH (Pin interruptor de selecci&oacute;n en la cubierta frontal del controlador) &nbsp; - Lineal, circular, l&iacute;nea oblicua, &aacute;ngulo y la circunferencia de la marca (con CDC-20) &nbsp; - Serializaci&oacute;n autom&aacute;tica, Fecha de codificaci&oacute;n, calendario juliano, codificaci&oacute;n fecha especial, el c&oacute;digo de semana, d&iacute;a y noche de codificaci&oacute;n. &nbsp; - Fuentes est&aacute;ndar incorporado (STD1, STD2, STD3, DOT) &nbsp; - De un solo bloque y varios bloques de datos, archivo PLT Auto CAD marca y logotipo especial que marca &nbsp; - Marcado Datamatrix 2D. &nbsp; - Tarjeta SD y USB para una f&aacute;cil copia de seguridad y correcci&oacute;n monetaria de los datos &nbsp; - Capaz de comunicarse con la interfaz de I\/O , RS-232 y Ethernet en sistemas de integraci&oacute;n. &nbsp; - Dimensiones: 290mm(W) X 140mm(L) X 90mm(H) &nbsp; - Tensi&oacute;n de alimentaci&oacute;n (85V~264V,50\/60 Hz) &nbsp; - Peso&nbsp;&nbsp;&nbsp; 3,5 Kg &nbsp; - 40cha de memoria. 999 blocos. Byte 512M, memoria SD y USB &nbsp; - Interruptor externo, RS-232, PLC Interface I \/O, Ethernet, disipador de calor, 240 por 128 Display LCD gr&aacute;fico, teclado dentro. &nbsp; Garant&iacute;a: 1 a&ntilde;o &nbsp; Caracteristicas: &nbsp; La &uacute;ltima versi&oacute;n especial del vers&aacute;til MCU-200 BN; bien adaptado a una amplia gama de entornos industriales. Cuenta con una superficie frontal LCD de controlador de qu&eacute; tama&ntilde;o es de 240 mm X 128 mm de usuario `s de usar. Te hace modificar y la entrada de los datos f&aacute;cilmente. &nbsp; El MCU-200 mil millones est&aacute; clasificado para las temperaturas de funcionamiento de hasta 50 &deg; C sin refrigeraci&oacute;n necesaria y cuenta con un sello de entrada de cables por el poder, marcando cabeza de serie y conexiones de I\/O y Ethernet. La funci&oacute;n de USB y tarjeta SD le ayudan a realizar copias de seguridad y restaurar los datos con facilidad. &nbsp;","robots":{"index":"index","follow":"follow","max-snippet":"max-snippet:-1","max-image-preview":"max-image-preview:large","max-video-preview":"max-video-preview:-1"},"canonical":"https:\/\/tecnigrav.com\/es\/producto\/marksman-mcu-200bn-2\/","og_locale":"es_ES","og_type":"article","og_title":"Marksman MCU-200BN - Tecnigrav Gravadores de Metais","og_description":"CODIGO: MCU200BN &nbsp; - Funciones m&aacute;s comunes se pueden ejecutar sin un PC, as&iacute; como con un PC mediante un cable RS-232 utilizando JS-1000 S \/ W &nbsp; - F&aacute;cil de seleccionar a los sistemas de LP \/ PH (Pin interruptor de selecci&oacute;n en la cubierta frontal del controlador) &nbsp; - Lineal, circular, l&iacute;nea oblicua, &aacute;ngulo y la circunferencia de la marca (con CDC-20) &nbsp; - Serializaci&oacute;n autom&aacute;tica, Fecha de codificaci&oacute;n, calendario juliano, codificaci&oacute;n fecha especial, el c&oacute;digo de semana, d&iacute;a y noche de codificaci&oacute;n. &nbsp; - Fuentes est&aacute;ndar incorporado (STD1, STD2, STD3, DOT) &nbsp; - De un solo bloque y varios bloques de datos, archivo PLT Auto CAD marca y logotipo especial que marca &nbsp; - Marcado Datamatrix 2D. &nbsp; - Tarjeta SD y USB para una f&aacute;cil copia de seguridad y correcci&oacute;n monetaria de los datos &nbsp; - Capaz de comunicarse con la interfaz de I\/O , RS-232 y Ethernet en sistemas de integraci&oacute;n. &nbsp; - Dimensiones: 290mm(W) X 140mm(L) X 90mm(H) &nbsp; - Tensi&oacute;n de alimentaci&oacute;n (85V~264V,50\/60 Hz) &nbsp; - Peso&nbsp;&nbsp;&nbsp; 3,5 Kg &nbsp; - 40cha de memoria. 999 blocos. Byte 512M, memoria SD y USB &nbsp; - Interruptor externo, RS-232, PLC Interface I \/O, Ethernet, disipador de calor, 240 por 128 Display LCD gr&aacute;fico, teclado dentro. &nbsp; Garant&iacute;a: 1 a&ntilde;o &nbsp; Caracteristicas: &nbsp; La &uacute;ltima versi&oacute;n especial del vers&aacute;til MCU-200 BN; bien adaptado a una amplia gama de entornos industriales. Cuenta con una superficie frontal LCD de controlador de qu&eacute; tama&ntilde;o es de 240 mm X 128 mm de usuario `s de usar. Te hace modificar y la entrada de los datos f&aacute;cilmente. &nbsp; El MCU-200 mil millones est&aacute; clasificado para las temperaturas de funcionamiento de hasta 50 &deg; C sin refrigeraci&oacute;n necesaria y cuenta con un sello de entrada de cables por el poder, marcando cabeza de serie y conexiones de I\/O y Ethernet. La funci&oacute;n de USB y tarjeta SD le ayudan a realizar copias de seguridad y restaurar los datos con facilidad. &nbsp;","og_url":"https:\/\/tecnigrav.com\/es\/producto\/marksman-mcu-200bn-2\/","og_site_name":"Tecnigrav Gravadores de Metais","article_publisher":"https:\/\/www.facebook.com\/Tecnigrav-Ind%c3%bastria-e-Com%c3%a9rcio-Ltda-151617301618854\/","og_image":[{"width":560,"height":420,"url":"https:\/\/tecnigrav.com\/wp-content\/uploads\/2015\/07\/MCU-200BN-43-e1479752701960.jpg","type":"image\/jpeg"}],"twitter_card":"summary_large_image","schema":{"@context":"https:\/\/schema.org","@graph":[{"@type":"WebPage","@id":"https:\/\/tecnigrav.com\/es\/producto\/marksman-mcu-200bn-2\/","url":"https:\/\/tecnigrav.com\/es\/producto\/marksman-mcu-200bn-2\/","name":"Marksman MCU-200BN - Tecnigrav Gravadores de Metais","isPartOf":{"@id":"https:\/\/tecnigrav.com\/#website"},"datePublished":"2015-07-31T19:11:17+00:00","dateModified":"2015-07-31T19:11:17+00:00","description":"CODIGO: MCU200BN &nbsp; - Funciones m&aacute;s comunes se pueden ejecutar sin un PC, as&iacute; como con un PC mediante un cable RS-232 utilizando JS-1000 S \/ W &nbsp; - F&aacute;cil de seleccionar a los sistemas de LP \/ PH (Pin interruptor de selecci&oacute;n en la cubierta frontal del controlador) &nbsp; - Lineal, circular, l&iacute;nea oblicua, &aacute;ngulo y la circunferencia de la marca (con CDC-20) &nbsp; - Serializaci&oacute;n autom&aacute;tica, Fecha de codificaci&oacute;n, calendario juliano, codificaci&oacute;n fecha especial, el c&oacute;digo de semana, d&iacute;a y noche de codificaci&oacute;n. &nbsp; - Fuentes est&aacute;ndar incorporado (STD1, STD2, STD3, DOT) &nbsp; - De un solo bloque y varios bloques de datos, archivo PLT Auto CAD marca y logotipo especial que marca &nbsp; - Marcado Datamatrix 2D. &nbsp; - Tarjeta SD y USB para una f&aacute;cil copia de seguridad y correcci&oacute;n monetaria de los datos &nbsp; - Capaz de comunicarse con la interfaz de I\/O , RS-232 y Ethernet en sistemas de integraci&oacute;n. &nbsp; - Dimensiones: 290mm(W) X 140mm(L) X 90mm(H) &nbsp; - Tensi&oacute;n de alimentaci&oacute;n (85V~264V,50\/60 Hz) &nbsp; - Peso&nbsp;&nbsp;&nbsp; 3,5 Kg &nbsp; - 40cha de memoria. 999 blocos. Byte 512M, memoria SD y USB &nbsp; - Interruptor externo, RS-232, PLC Interface I \/O, Ethernet, disipador de calor, 240 por 128 Display LCD gr&aacute;fico, teclado dentro. &nbsp; Garant&iacute;a: 1 a&ntilde;o &nbsp; Caracteristicas: &nbsp; La &uacute;ltima versi&oacute;n especial del vers&aacute;til MCU-200 BN; bien adaptado a una amplia gama de entornos industriales. Cuenta con una superficie frontal LCD de controlador de qu&eacute; tama&ntilde;o es de 240 mm X 128 mm de usuario `s de usar. Te hace modificar y la entrada de los datos f&aacute;cilmente. &nbsp; El MCU-200 mil millones est&aacute; clasificado para las temperaturas de funcionamiento de hasta 50 &deg; C sin refrigeraci&oacute;n necesaria y cuenta con un sello de entrada de cables por el poder, marcando cabeza de serie y conexiones de I\/O y Ethernet. La funci&oacute;n de USB y tarjeta SD le ayudan a realizar copias de seguridad y restaurar los datos con facilidad. &nbsp;","breadcrumb":{"@id":"https:\/\/tecnigrav.com\/es\/producto\/marksman-mcu-200bn-2\/#breadcrumb"},"inLanguage":"es-ES","potentialAction":[{"@type":"ReadAction","target":["https:\/\/tecnigrav.com\/es\/producto\/marksman-mcu-200bn-2\/"]}]},{"@type":"BreadcrumbList","@id":"https:\/\/tecnigrav.com\/es\/producto\/marksman-mcu-200bn-2\/#breadcrumb","itemListElement":[{"@type":"ListItem","position":1,"name":"In\u00edcio","item":"https:\/\/tecnigrav.com\/es\/"},{"@type":"ListItem","position":2,"name":"Equipamentos de grava\u00e7\u00e3o","item":"https:\/\/tecnigrav.com\/equipamentos-de-gravacao\/"},{"@type":"ListItem","position":3,"name":"Micropercusi\u00f3n","item":"https:\/\/tecnigrav.com\/es\/sistemas-de-gravacao\/micropercusion\/"},{"@type":"ListItem","position":4,"name":"Integrables","item":"https:\/\/tecnigrav.com\/es\/sistemas-de-gravacao\/micropercusion\/integrables\/"},{"@type":"ListItem","position":5,"name":"Marksman MCU-200BN"}]},{"@type":"WebSite","@id":"https:\/\/tecnigrav.com\/#website","url":"https:\/\/tecnigrav.com\/","name":"Tecnigrav Gravadores de Metais","description":"Gravadores de Metais | Grava\u00e7\u00e3o em Metais | Micropuncionamento | Micropercuss\u00e3o | Grava\u00e7\u00e3o Eletroqu\u00edmica | Marca\u00e7\u00e3o de Pe\u00e7as | Grava\u00e7\u00e3o de Pe\u00e7as | Grava\u00e7\u00e3o de Ferramentas | Codifica\u00e7\u00e3o | Marca\u00e7\u00e3o em Metais | L\u00e1pis El\u00e9trico | Caneta El\u00e9trica | Caneta Rotativa | L\u00e1pis Rotativo | Grava\u00e7\u00e3o Eletrol\u00edtica | Gravador Eletrol\u00edtico | Riscagem | CNC | Laser de Grava\u00e7\u00e3o | Laser de Marca\u00e7\u00e3o | Maquinas para Grava\u00e7\u00e3o | Maquinas Eletroqu\u00edmicas | Maquinas de Micropuncionamento | Maquinas Laser | Grava\u00e7\u00e3o a Laser | Tipo | Grava\u00e7\u00e3o por Pontos | Gravador de Bancada | Gravador Port\u00e1til | Gravador Manual| Grava\u00e7\u00e3o escrita a punho | Micropuncionamento de Bancada | Micropuncionamento Port\u00e1til | Limpeza de Solda | Limpador de Solda | Datamatrix | Integra\u00e7\u00e3o | Grava\u00e7\u00e3o Permanente | Marca\u00e7\u00e3o Permanente | Datadores | Codificadores | tecnograv | Carimbos | Sistema de identifica\u00e7\u00e3o | Pirografo | Tampografia | Rastreabilidade | Gravador de metal | Gravador de metais | Gravador Eletroqu\u00edmico | Liquido de Grava\u00e7\u00e3o | Liquidos Gravadores | Matriz de Grava\u00e7\u00e3o | Papel de Grava\u00e7\u00e3o | Tela de Grava\u00e7\u00e3o | Tela de Silkscreen | Est\u00eancil de grava\u00e7\u00e3o | Stencil de Grava\u00e7\u00e3o | Micropontos | Puncionamento | Puncionadeira | Pun\u00e7\u00e3o | Numerador | Sinete | Micropuncionadeira | DOT PEEN","potentialAction":[{"@type":"SearchAction","target":{"@type":"EntryPoint","urlTemplate":"https:\/\/tecnigrav.com\/?s={search_term_string}"},"query-input":"required name=search_term_string"}],"inLanguage":"es-ES"}]}},"_links":{"self":[{"href":"https:\/\/tecnigrav.com\/es\/wp-json\/wp\/v2\/product\/4559"}],"collection":[{"href":"https:\/\/tecnigrav.com\/es\/wp-json\/wp\/v2\/product"}],"about":[{"href":"https:\/\/tecnigrav.com\/es\/wp-json\/wp\/v2\/types\/product"}],"replies":[{"embeddable":true,"href":"https:\/\/tecnigrav.com\/es\/wp-json\/wp\/v2\/comments?post=4559"}],"wp:featuredmedia":[{"embeddable":true,"href":"https:\/\/tecnigrav.com\/es\/wp-json\/wp\/v2\/media\/4819"}],"wp:attachment":[{"href":"https:\/\/tecnigrav.com\/es\/wp-json\/wp\/v2\/media?parent=4559"}],"wp:term":[{"taxonomy":"product_cat","embeddable":true,"href":"https:\/\/tecnigrav.com\/es\/wp-json\/wp\/v2\/product_cat?post=4559"},{"taxonomy":"product_tag","embeddable":true,"href":"https:\/\/tecnigrav.com\/es\/wp-json\/wp\/v2\/product_tag?post=4559"}],"curies":[{"name":"wp","href":"https:\/\/api.w.org\/{rel}","templated":true}]}}