{"id":4594,"date":"2015-08-13T09:00:00","date_gmt":"2015-08-13T12:00:00","guid":{"rendered":"http:\/\/tecnigrav.com\/produto\/msm-lp-kit\/"},"modified":"2016-01-13T21:32:54","modified_gmt":"2016-01-13T23:32:54","slug":"msm-lp-kit","status":"publish","type":"product","link":"https:\/\/tecnigrav.com\/es\/producto\/msm-lp-kit\/","title":{"rendered":"MSM LP \u2013 KIT"},"content":{"rendered":"","protected":false},"excerpt":{"rendered":"<p class=\"MsoNormal\"><span style=\"mso-ansi-language: PT-BR;\">CODIGO: LP<\/span><\/p>\n<p class=\"MsoNormal\"><span style=\"mso-ansi-language: PT-BR;\">Una mano escribir en todos los metales (templados o no, metal duro, acero) para la inducci&oacute;n<\/span><\/p>\n<p class=\"MsoNormal\"><span style=\"mso-ansi-language: PT-BR;\">Tensi&oacute;n 110 ou 230V AC<\/span><\/p>\n<p class=\"MsoNormal\"><span style=\"mso-ansi-language: PT-BR;\">Garant&iacute;a: 2 a&ntilde;os<\/span><\/p>\n<p class=\"MsoNormal\"><strong><span lang=\"EN-US\">Caracter&iacute;sticas <\/span><\/strong><\/p>\n<p class=\"MsoNormal\"><span style=\"mso-ansi-language: PT-BR;\">Escribe sobre cualquier metal (templados o no, metal duro, acero)<\/span><\/p>\n<p class=\"MsoNormal\">&nbsp;<\/p>\n<\/p>\n<p class=\"MsoNormal\"><span style=\"mso-ansi-language: PT-BR;\">KIT SE COMPONEN<\/span><\/p>\n<p>&nbsp;<\/p>\n<p class=\"MsoNormal\"><span style=\"mso-ansi-language: PT-BR;\">&#8211; M&oacute;dulo electr&oacute;nico MSM LP<span style=\"mso-tab-count: 1;\">: <\/span>1 pieza<\/span><\/p>\n<p>&nbsp;<\/p>\n<p class=\"MsoNormal\"><span lang=\"EN-US\">&#8211; LP(pluma)<span style=\"mso-tab-count: 4;\">: <\/span>1 pieza<\/span><\/p>\n<p>&nbsp;<\/p>\n<p class=\"MsoNormal\"><span lang=\"EN-US\">&#8211; Placa de contacto<span style=\"mso-tab-count: 3;\">: <\/span>1 Pieza<\/span><\/p>\n<p>&nbsp;<\/p>\n<p>&nbsp;<\/p>\n","protected":false},"featured_media":4785,"comment_status":"closed","ping_status":"closed","template":"","meta":[],"product_cat":[57,70],"product_tag":[],"yoast_head":"<!-- This site is optimized with the Yoast SEO plugin v20.6 - https:\/\/yoast.com\/wordpress\/plugins\/seo\/ -->\n<title>MSM LP \u2013 KIT - Tecnigrav Gravadores de Metais<\/title>\n<meta name=\"description\" content=\"CODIGO: LP Una mano escribir en todos los metales (templados o no, metal duro, acero) para la inducci&oacute;n Tensi&oacute;n 110 ou 230V AC Garant&iacute;a: 2 a&ntilde;os Caracter&iacute;sticas  Escribe sobre cualquier metal (templados o no, metal duro, acero) &nbsp;  KIT SE COMPONEN &nbsp; - M&oacute;dulo electr&oacute;nico MSM LP: 1 pieza &nbsp; - LP(pluma): 1 pieza &nbsp; - Placa de contacto: 1 Pieza &nbsp; &nbsp;\" \/>\n<meta name=\"robots\" content=\"index, follow, max-snippet:-1, max-image-preview:large, max-video-preview:-1\" \/>\n<link rel=\"canonical\" href=\"https:\/\/tecnigrav.com\/es\/producto\/msm-lp-kit\/\" \/>\n<meta property=\"og:locale\" content=\"es_ES\" \/>\n<meta property=\"og:type\" content=\"article\" \/>\n<meta property=\"og:title\" content=\"MSM LP \u2013 KIT - Tecnigrav Gravadores de Metais\" \/>\n<meta property=\"og:description\" content=\"CODIGO: LP Una mano escribir en todos los metales (templados o no, metal duro, acero) para la inducci&oacute;n Tensi&oacute;n 110 ou 230V AC Garant&iacute;a: 2 a&ntilde;os Caracter&iacute;sticas  Escribe sobre cualquier metal (templados o no, metal duro, acero) &nbsp;  KIT SE COMPONEN &nbsp; - M&oacute;dulo electr&oacute;nico MSM LP: 1 pieza &nbsp; - LP(pluma): 1 pieza &nbsp; - Placa de contacto: 1 Pieza &nbsp; &nbsp;\" \/>\n<meta property=\"og:url\" content=\"https:\/\/tecnigrav.com\/es\/producto\/msm-lp-kit\/\" \/>\n<meta property=\"og:site_name\" content=\"Tecnigrav Gravadores de Metais\" \/>\n<meta property=\"article:publisher\" content=\"https:\/\/www.facebook.com\/Tecnigrav-Ind%c3%bastria-e-Com%c3%a9rcio-Ltda-151617301618854\/\" \/>\n<meta property=\"article:modified_time\" content=\"2016-01-13T23:32:54+00:00\" \/>\n<meta property=\"og:image\" content=\"https:\/\/tecnigrav.com\/wp-content\/uploads\/2015\/08\/KIT-MSM-LP-e1478626946198.jpg\" \/>\n\t<meta property=\"og:image:width\" content=\"560\" \/>\n\t<meta property=\"og:image:height\" content=\"420\" \/>\n\t<meta property=\"og:image:type\" content=\"image\/jpeg\" \/>\n<meta name=\"twitter:card\" content=\"summary_large_image\" \/>\n<script type=\"application\/ld+json\" class=\"yoast-schema-graph\">{\"@context\":\"https:\/\/schema.org\",\"@graph\":[{\"@type\":\"WebPage\",\"@id\":\"https:\/\/tecnigrav.com\/es\/producto\/msm-lp-kit\/\",\"url\":\"https:\/\/tecnigrav.com\/es\/producto\/msm-lp-kit\/\",\"name\":\"MSM LP \u2013 KIT - Tecnigrav Gravadores de Metais\",\"isPartOf\":{\"@id\":\"https:\/\/tecnigrav.com\/#website\"},\"datePublished\":\"2015-08-13T12:00:00+00:00\",\"dateModified\":\"2016-01-13T23:32:54+00:00\",\"description\":\"CODIGO: LP Una mano escribir en todos los metales (templados o no, metal duro, acero) para la inducci&oacute;n Tensi&oacute;n 110 ou 230V AC Garant&iacute;a: 2 a&ntilde;os Caracter&iacute;sticas Escribe sobre cualquier metal (templados o no, metal duro, acero) &nbsp; KIT SE COMPONEN &nbsp; - M&oacute;dulo electr&oacute;nico MSM LP: 1 pieza &nbsp; - LP(pluma): 1 pieza &nbsp; - Placa de contacto: 1 Pieza &nbsp; &nbsp;\",\"breadcrumb\":{\"@id\":\"https:\/\/tecnigrav.com\/es\/producto\/msm-lp-kit\/#breadcrumb\"},\"inLanguage\":\"es-ES\",\"potentialAction\":[{\"@type\":\"ReadAction\",\"target\":[\"https:\/\/tecnigrav.com\/es\/producto\/msm-lp-kit\/\"]}]},{\"@type\":\"BreadcrumbList\",\"@id\":\"https:\/\/tecnigrav.com\/es\/producto\/msm-lp-kit\/#breadcrumb\",\"itemListElement\":[{\"@type\":\"ListItem\",\"position\":1,\"name\":\"In\u00edcio\",\"item\":\"https:\/\/tecnigrav.com\/es\/\"},{\"@type\":\"ListItem\",\"position\":2,\"name\":\"Equipamentos de grava\u00e7\u00e3o\",\"item\":\"https:\/\/tecnigrav.com\/equipamentos-de-gravacao\/\"},{\"@type\":\"ListItem\",\"position\":3,\"name\":\"Grabado Pluma\",\"item\":\"https:\/\/tecnigrav.com\/es\/sistemas-de-gravacao\/grabado-pluma\/\"},{\"@type\":\"ListItem\",\"position\":4,\"name\":\"Pluma\",\"item\":\"https:\/\/tecnigrav.com\/es\/sistemas-de-gravacao\/grabado-pluma\/pluma-es\/\"},{\"@type\":\"ListItem\",\"position\":5,\"name\":\"MSM LP \u2013 KIT\"}]},{\"@type\":\"WebSite\",\"@id\":\"https:\/\/tecnigrav.com\/#website\",\"url\":\"https:\/\/tecnigrav.com\/\",\"name\":\"Tecnigrav Gravadores de Metais\",\"description\":\"Gravadores de Metais | Grava\u00e7\u00e3o em Metais | Micropuncionamento | Micropercuss\u00e3o | Grava\u00e7\u00e3o Eletroqu\u00edmica | Marca\u00e7\u00e3o de Pe\u00e7as | Grava\u00e7\u00e3o de Pe\u00e7as | Grava\u00e7\u00e3o de Ferramentas | Codifica\u00e7\u00e3o | Marca\u00e7\u00e3o em Metais | L\u00e1pis El\u00e9trico | Caneta El\u00e9trica | Caneta Rotativa | L\u00e1pis Rotativo | Grava\u00e7\u00e3o Eletrol\u00edtica | Gravador Eletrol\u00edtico | Riscagem | CNC | Laser de Grava\u00e7\u00e3o | Laser de Marca\u00e7\u00e3o | Maquinas para Grava\u00e7\u00e3o | Maquinas Eletroqu\u00edmicas | Maquinas de Micropuncionamento | Maquinas Laser | Grava\u00e7\u00e3o a Laser | Tipo | Grava\u00e7\u00e3o por Pontos | Gravador de Bancada | Gravador Port\u00e1til | Gravador Manual| Grava\u00e7\u00e3o escrita a punho | Micropuncionamento de Bancada | Micropuncionamento Port\u00e1til | Limpeza de Solda | Limpador de Solda | Datamatrix | Integra\u00e7\u00e3o | Grava\u00e7\u00e3o Permanente | Marca\u00e7\u00e3o Permanente | Datadores | Codificadores | tecnograv | Carimbos | Sistema de identifica\u00e7\u00e3o | Pirografo | Tampografia | Rastreabilidade | Gravador de metal | Gravador de metais | Gravador Eletroqu\u00edmico | Liquido de Grava\u00e7\u00e3o | Liquidos Gravadores | Matriz de Grava\u00e7\u00e3o | Papel de Grava\u00e7\u00e3o | Tela de Grava\u00e7\u00e3o | Tela de Silkscreen | Est\u00eancil de grava\u00e7\u00e3o | Stencil de Grava\u00e7\u00e3o | Micropontos | Puncionamento | Puncionadeira | Pun\u00e7\u00e3o | Numerador | Sinete | Micropuncionadeira | DOT PEEN\",\"potentialAction\":[{\"@type\":\"SearchAction\",\"target\":{\"@type\":\"EntryPoint\",\"urlTemplate\":\"https:\/\/tecnigrav.com\/?s={search_term_string}\"},\"query-input\":\"required name=search_term_string\"}],\"inLanguage\":\"es-ES\"}]}<\/script>\n<!-- \/ Yoast SEO plugin. -->","yoast_head_json":{"title":"MSM LP \u2013 KIT - Tecnigrav Gravadores de Metais","description":"CODIGO: LP Una mano escribir en todos los metales (templados o no, metal duro, acero) para la inducci&oacute;n Tensi&oacute;n 110 ou 230V AC Garant&iacute;a: 2 a&ntilde;os Caracter&iacute;sticas  Escribe sobre cualquier metal (templados o no, metal duro, acero) &nbsp;  KIT SE COMPONEN &nbsp; - M&oacute;dulo electr&oacute;nico MSM LP: 1 pieza &nbsp; - LP(pluma): 1 pieza &nbsp; - Placa de contacto: 1 Pieza &nbsp; &nbsp;","robots":{"index":"index","follow":"follow","max-snippet":"max-snippet:-1","max-image-preview":"max-image-preview:large","max-video-preview":"max-video-preview:-1"},"canonical":"https:\/\/tecnigrav.com\/es\/producto\/msm-lp-kit\/","og_locale":"es_ES","og_type":"article","og_title":"MSM LP \u2013 KIT - Tecnigrav Gravadores de Metais","og_description":"CODIGO: LP Una mano escribir en todos los metales (templados o no, metal duro, acero) para la inducci&oacute;n Tensi&oacute;n 110 ou 230V AC Garant&iacute;a: 2 a&ntilde;os Caracter&iacute;sticas  Escribe sobre cualquier metal (templados o no, metal duro, acero) &nbsp;  KIT SE COMPONEN &nbsp; - M&oacute;dulo electr&oacute;nico MSM LP: 1 pieza &nbsp; - LP(pluma): 1 pieza &nbsp; - Placa de contacto: 1 Pieza &nbsp; &nbsp;","og_url":"https:\/\/tecnigrav.com\/es\/producto\/msm-lp-kit\/","og_site_name":"Tecnigrav Gravadores de Metais","article_publisher":"https:\/\/www.facebook.com\/Tecnigrav-Ind%c3%bastria-e-Com%c3%a9rcio-Ltda-151617301618854\/","article_modified_time":"2016-01-13T23:32:54+00:00","og_image":[{"width":560,"height":420,"url":"https:\/\/tecnigrav.com\/wp-content\/uploads\/2015\/08\/KIT-MSM-LP-e1478626946198.jpg","type":"image\/jpeg"}],"twitter_card":"summary_large_image","schema":{"@context":"https:\/\/schema.org","@graph":[{"@type":"WebPage","@id":"https:\/\/tecnigrav.com\/es\/producto\/msm-lp-kit\/","url":"https:\/\/tecnigrav.com\/es\/producto\/msm-lp-kit\/","name":"MSM LP \u2013 KIT - Tecnigrav Gravadores de Metais","isPartOf":{"@id":"https:\/\/tecnigrav.com\/#website"},"datePublished":"2015-08-13T12:00:00+00:00","dateModified":"2016-01-13T23:32:54+00:00","description":"CODIGO: LP Una mano escribir en todos los metales (templados o no, metal duro, acero) para la inducci&oacute;n Tensi&oacute;n 110 ou 230V AC Garant&iacute;a: 2 a&ntilde;os Caracter&iacute;sticas Escribe sobre cualquier metal (templados o no, metal duro, acero) &nbsp; KIT SE COMPONEN &nbsp; - M&oacute;dulo electr&oacute;nico MSM LP: 1 pieza &nbsp; - LP(pluma): 1 pieza &nbsp; - Placa de contacto: 1 Pieza &nbsp; &nbsp;","breadcrumb":{"@id":"https:\/\/tecnigrav.com\/es\/producto\/msm-lp-kit\/#breadcrumb"},"inLanguage":"es-ES","potentialAction":[{"@type":"ReadAction","target":["https:\/\/tecnigrav.com\/es\/producto\/msm-lp-kit\/"]}]},{"@type":"BreadcrumbList","@id":"https:\/\/tecnigrav.com\/es\/producto\/msm-lp-kit\/#breadcrumb","itemListElement":[{"@type":"ListItem","position":1,"name":"In\u00edcio","item":"https:\/\/tecnigrav.com\/es\/"},{"@type":"ListItem","position":2,"name":"Equipamentos de grava\u00e7\u00e3o","item":"https:\/\/tecnigrav.com\/equipamentos-de-gravacao\/"},{"@type":"ListItem","position":3,"name":"Grabado Pluma","item":"https:\/\/tecnigrav.com\/es\/sistemas-de-gravacao\/grabado-pluma\/"},{"@type":"ListItem","position":4,"name":"Pluma","item":"https:\/\/tecnigrav.com\/es\/sistemas-de-gravacao\/grabado-pluma\/pluma-es\/"},{"@type":"ListItem","position":5,"name":"MSM LP \u2013 KIT"}]},{"@type":"WebSite","@id":"https:\/\/tecnigrav.com\/#website","url":"https:\/\/tecnigrav.com\/","name":"Tecnigrav Gravadores de Metais","description":"Gravadores de Metais | Grava\u00e7\u00e3o em Metais | Micropuncionamento | Micropercuss\u00e3o | Grava\u00e7\u00e3o Eletroqu\u00edmica | Marca\u00e7\u00e3o de Pe\u00e7as | Grava\u00e7\u00e3o de Pe\u00e7as | Grava\u00e7\u00e3o de Ferramentas | Codifica\u00e7\u00e3o | Marca\u00e7\u00e3o em Metais | L\u00e1pis El\u00e9trico | Caneta El\u00e9trica | Caneta Rotativa | L\u00e1pis Rotativo | Grava\u00e7\u00e3o Eletrol\u00edtica | Gravador Eletrol\u00edtico | Riscagem | CNC | Laser de Grava\u00e7\u00e3o | Laser de Marca\u00e7\u00e3o | Maquinas para Grava\u00e7\u00e3o | Maquinas Eletroqu\u00edmicas | Maquinas de Micropuncionamento | Maquinas Laser | Grava\u00e7\u00e3o a Laser | Tipo | Grava\u00e7\u00e3o por Pontos | Gravador de Bancada | Gravador Port\u00e1til | Gravador Manual| Grava\u00e7\u00e3o escrita a punho | Micropuncionamento de Bancada | Micropuncionamento Port\u00e1til | Limpeza de Solda | Limpador de Solda | Datamatrix | Integra\u00e7\u00e3o | Grava\u00e7\u00e3o Permanente | Marca\u00e7\u00e3o Permanente | Datadores | Codificadores | tecnograv | Carimbos | Sistema de identifica\u00e7\u00e3o | Pirografo | Tampografia | Rastreabilidade | Gravador de metal | Gravador de metais | Gravador Eletroqu\u00edmico | Liquido de Grava\u00e7\u00e3o | Liquidos Gravadores | Matriz de Grava\u00e7\u00e3o | Papel de Grava\u00e7\u00e3o | Tela de Grava\u00e7\u00e3o | Tela de Silkscreen | Est\u00eancil de grava\u00e7\u00e3o | Stencil de Grava\u00e7\u00e3o | Micropontos | Puncionamento | Puncionadeira | Pun\u00e7\u00e3o | Numerador | Sinete | Micropuncionadeira | DOT PEEN","potentialAction":[{"@type":"SearchAction","target":{"@type":"EntryPoint","urlTemplate":"https:\/\/tecnigrav.com\/?s={search_term_string}"},"query-input":"required name=search_term_string"}],"inLanguage":"es-ES"}]}},"_links":{"self":[{"href":"https:\/\/tecnigrav.com\/es\/wp-json\/wp\/v2\/product\/4594"}],"collection":[{"href":"https:\/\/tecnigrav.com\/es\/wp-json\/wp\/v2\/product"}],"about":[{"href":"https:\/\/tecnigrav.com\/es\/wp-json\/wp\/v2\/types\/product"}],"replies":[{"embeddable":true,"href":"https:\/\/tecnigrav.com\/es\/wp-json\/wp\/v2\/comments?post=4594"}],"wp:featuredmedia":[{"embeddable":true,"href":"https:\/\/tecnigrav.com\/es\/wp-json\/wp\/v2\/media\/4785"}],"wp:attachment":[{"href":"https:\/\/tecnigrav.com\/es\/wp-json\/wp\/v2\/media?parent=4594"}],"wp:term":[{"taxonomy":"product_cat","embeddable":true,"href":"https:\/\/tecnigrav.com\/es\/wp-json\/wp\/v2\/product_cat?post=4594"},{"taxonomy":"product_tag","embeddable":true,"href":"https:\/\/tecnigrav.com\/es\/wp-json\/wp\/v2\/product_tag?post=4594"}],"curies":[{"name":"wp","href":"https:\/\/api.w.org\/{rel}","templated":true}]}}