{"id":4596,"date":"2015-08-13T08:30:16","date_gmt":"2015-08-13T11:30:16","guid":{"rendered":"http:\/\/tecnigrav.com\/produto\/msm-microtec-kit\/"},"modified":"2016-02-17T18:37:26","modified_gmt":"2016-02-17T20:37:26","slug":"msm-microtec-kit","status":"publish","type":"product","link":"https:\/\/tecnigrav.com\/es\/producto\/msm-microtec-kit\/","title":{"rendered":"MSM MICROTEC \u2013 KIT"},"content":{"rendered":"<p><iframe title=\"GRAVADOR DE METAIS MSM MICROTEC - TECNIGRAV\" width=\"1140\" height=\"641\" src=\"https:\/\/www.youtube.com\/embed\/8bqcaPl8hcI?feature=oembed\" frameborder=\"0\" allow=\"accelerometer; autoplay; clipboard-write; encrypted-media; gyroscope; picture-in-picture; web-share\" allowfullscreen><\/iframe><\/p>\n","protected":false},"excerpt":{"rendered":"<\/p>\n<p class=\"MsoNormal\"><span style=\"mso-ansi-language: PT-BR;\">CODIGO:MICROTEC<\/span><\/p>\n<p>&nbsp;<\/p>\n<p class=\"MsoNormal\"><span style=\"mso-ansi-language: PT-BR;\">Una mano escribir en todos los materiales (metal, madera, cer&aacute;mica, pl&aacute;stico) para la rotaci&oacute;n<\/span><\/p>\n<p>&nbsp;<\/p>\n<p class=\"MsoNormal\"><span style=\"mso-ansi-language: PT-BR;\">Tensi&oacute;n 110 ou 230V AC<\/span><\/p>\n<p>&nbsp;<\/p>\n<p><span style=\"mso-ansi-language: PT-BR;\">Garant&iacute;a: 2 a&ntilde;os<\/span><\/p>\n<p>&nbsp;<\/p>\n<p class=\"MsoNormal\"><strong><span lang=\"EN-US\">Caracter&iacute;sticas <\/span><\/strong><\/p>\n<p>&nbsp;<\/p>\n<p class=\"MsoNormal\"><span style=\"mso-ansi-language: PT-BR;\">Escribe sobre cualquier materiales ( metal, madera, cer&aacute;mica, pl&aacute;stico)<\/span><\/p>\n<p>&nbsp;<\/p>\n<p class=\"MsoNormal\"><span lang=\"EN-US\">KIT SE COMPONEN<\/span><\/p>\n<p>&nbsp;<\/p>\n<p class=\"MsoNormal\"><span style=\"mso-ansi-language: PT-BR;\">&#8211; M&oacute;dulo electr&oacute;nico MSM MICROTEC<span style=\"mso-tab-count: 2;\"> &#8211; <\/span>1 pieza<\/span><\/p>\n<p>&nbsp;<\/p>\n<p class=\"MsoNormal\"><span style=\"mso-ansi-language: PT-BR;\">&#8211; Microtec (pluma)<span style=\"mso-tab-count: 2;\"> &#8211; <\/span>1 pieza<\/span><\/p>\n<p>&nbsp;<\/p>\n<p class=\"MsoNormal\"><span style=\"mso-ansi-language: PT-BR;\">&#8211; Pines<span style=\"mso-tab-count: 6;\"> &#8211; <\/span>2 piezas<\/span><\/p>\n<p>&nbsp;<\/p>\n","protected":false},"featured_media":4303,"comment_status":"closed","ping_status":"closed","template":"","meta":[],"product_cat":[57,70],"product_tag":[],"yoast_head":"<!-- This site is optimized with the Yoast SEO plugin v20.6 - https:\/\/yoast.com\/wordpress\/plugins\/seo\/ -->\n<title>MSM MICROTEC \u2013 KIT - Tecnigrav Gravadores de Metais<\/title>\n<meta name=\"description\" content=\"CODIGO:MICROTEC &nbsp; Una mano escribir en todos los materiales (metal, madera, cer&aacute;mica, pl&aacute;stico) para la rotaci&oacute;n &nbsp; Tensi&oacute;n 110 ou 230V AC &nbsp; Garant&iacute;a: 2 a&ntilde;os &nbsp; Caracter&iacute;sticas  &nbsp; Escribe sobre cualquier materiales ( metal, madera, cer&aacute;mica, pl&aacute;stico) &nbsp; KIT SE COMPONEN &nbsp; - M&oacute;dulo electr&oacute;nico MSM MICROTEC - 1 pieza &nbsp; - Microtec (pluma) - 1 pieza &nbsp; - Pines - 2 piezas &nbsp;\" \/>\n<meta name=\"robots\" content=\"index, follow, max-snippet:-1, max-image-preview:large, max-video-preview:-1\" \/>\n<link rel=\"canonical\" href=\"https:\/\/tecnigrav.com\/es\/producto\/msm-microtec-kit\/\" \/>\n<meta property=\"og:locale\" content=\"es_ES\" \/>\n<meta property=\"og:type\" content=\"article\" \/>\n<meta property=\"og:title\" content=\"MSM MICROTEC \u2013 KIT - Tecnigrav Gravadores de Metais\" \/>\n<meta property=\"og:description\" content=\"CODIGO:MICROTEC &nbsp; Una mano escribir en todos los materiales (metal, madera, cer&aacute;mica, pl&aacute;stico) para la rotaci&oacute;n &nbsp; Tensi&oacute;n 110 ou 230V AC &nbsp; Garant&iacute;a: 2 a&ntilde;os &nbsp; Caracter&iacute;sticas  &nbsp; Escribe sobre cualquier materiales ( metal, madera, cer&aacute;mica, pl&aacute;stico) &nbsp; KIT SE COMPONEN &nbsp; - M&oacute;dulo electr&oacute;nico MSM MICROTEC - 1 pieza &nbsp; - Microtec (pluma) - 1 pieza &nbsp; - Pines - 2 piezas &nbsp;\" \/>\n<meta property=\"og:url\" content=\"https:\/\/tecnigrav.com\/es\/producto\/msm-microtec-kit\/\" \/>\n<meta property=\"og:site_name\" content=\"Tecnigrav Gravadores de Metais\" \/>\n<meta property=\"article:publisher\" content=\"https:\/\/www.facebook.com\/Tecnigrav-Ind%c3%bastria-e-Com%c3%a9rcio-Ltda-151617301618854\/\" \/>\n<meta property=\"article:modified_time\" content=\"2016-02-17T20:37:26+00:00\" \/>\n<meta property=\"og:image\" content=\"https:\/\/tecnigrav.com\/wp-content\/uploads\/2015\/07\/kit-lapis-microtec-tecnigrav-produtos11.jpg\" \/>\n\t<meta property=\"og:image:width\" content=\"320\" \/>\n\t<meta property=\"og:image:height\" content=\"221\" \/>\n\t<meta property=\"og:image:type\" content=\"image\/jpeg\" \/>\n<meta name=\"twitter:card\" content=\"summary_large_image\" \/>\n<script type=\"application\/ld+json\" class=\"yoast-schema-graph\">{\"@context\":\"https:\/\/schema.org\",\"@graph\":[{\"@type\":\"WebPage\",\"@id\":\"https:\/\/tecnigrav.com\/es\/producto\/msm-microtec-kit\/\",\"url\":\"https:\/\/tecnigrav.com\/es\/producto\/msm-microtec-kit\/\",\"name\":\"MSM MICROTEC \u2013 KIT - Tecnigrav Gravadores de Metais\",\"isPartOf\":{\"@id\":\"https:\/\/tecnigrav.com\/#website\"},\"datePublished\":\"2015-08-13T11:30:16+00:00\",\"dateModified\":\"2016-02-17T20:37:26+00:00\",\"description\":\"CODIGO:MICROTEC &nbsp; Una mano escribir en todos los materiales (metal, madera, cer&aacute;mica, pl&aacute;stico) para la rotaci&oacute;n &nbsp; Tensi&oacute;n 110 ou 230V AC &nbsp; Garant&iacute;a: 2 a&ntilde;os &nbsp; Caracter&iacute;sticas &nbsp; Escribe sobre cualquier materiales ( metal, madera, cer&aacute;mica, pl&aacute;stico) &nbsp; KIT SE COMPONEN &nbsp; - M&oacute;dulo electr&oacute;nico MSM MICROTEC - 1 pieza &nbsp; - Microtec (pluma) - 1 pieza &nbsp; - Pines - 2 piezas &nbsp;\",\"breadcrumb\":{\"@id\":\"https:\/\/tecnigrav.com\/es\/producto\/msm-microtec-kit\/#breadcrumb\"},\"inLanguage\":\"es-ES\",\"potentialAction\":[{\"@type\":\"ReadAction\",\"target\":[\"https:\/\/tecnigrav.com\/es\/producto\/msm-microtec-kit\/\"]}]},{\"@type\":\"BreadcrumbList\",\"@id\":\"https:\/\/tecnigrav.com\/es\/producto\/msm-microtec-kit\/#breadcrumb\",\"itemListElement\":[{\"@type\":\"ListItem\",\"position\":1,\"name\":\"In\u00edcio\",\"item\":\"https:\/\/tecnigrav.com\/es\/\"},{\"@type\":\"ListItem\",\"position\":2,\"name\":\"Equipamentos de grava\u00e7\u00e3o\",\"item\":\"https:\/\/tecnigrav.com\/equipamentos-de-gravacao\/\"},{\"@type\":\"ListItem\",\"position\":3,\"name\":\"Grabado Pluma\",\"item\":\"https:\/\/tecnigrav.com\/es\/sistemas-de-gravacao\/grabado-pluma\/\"},{\"@type\":\"ListItem\",\"position\":4,\"name\":\"Pluma\",\"item\":\"https:\/\/tecnigrav.com\/es\/sistemas-de-gravacao\/grabado-pluma\/pluma-es\/\"},{\"@type\":\"ListItem\",\"position\":5,\"name\":\"MSM MICROTEC \u2013 KIT\"}]},{\"@type\":\"WebSite\",\"@id\":\"https:\/\/tecnigrav.com\/#website\",\"url\":\"https:\/\/tecnigrav.com\/\",\"name\":\"Tecnigrav Gravadores de Metais\",\"description\":\"Gravadores de Metais | Grava\u00e7\u00e3o em Metais | Micropuncionamento | Micropercuss\u00e3o | Grava\u00e7\u00e3o Eletroqu\u00edmica | Marca\u00e7\u00e3o de Pe\u00e7as | Grava\u00e7\u00e3o de Pe\u00e7as | Grava\u00e7\u00e3o de Ferramentas | Codifica\u00e7\u00e3o | Marca\u00e7\u00e3o em Metais | L\u00e1pis El\u00e9trico | Caneta El\u00e9trica | Caneta Rotativa | L\u00e1pis Rotativo | Grava\u00e7\u00e3o Eletrol\u00edtica | Gravador Eletrol\u00edtico | Riscagem | CNC | Laser de Grava\u00e7\u00e3o | Laser de Marca\u00e7\u00e3o | Maquinas para Grava\u00e7\u00e3o | Maquinas Eletroqu\u00edmicas | Maquinas de Micropuncionamento | Maquinas Laser | Grava\u00e7\u00e3o a Laser | Tipo | Grava\u00e7\u00e3o por Pontos | Gravador de Bancada | Gravador Port\u00e1til | Gravador Manual| Grava\u00e7\u00e3o escrita a punho | Micropuncionamento de Bancada | Micropuncionamento Port\u00e1til | Limpeza de Solda | Limpador de Solda | Datamatrix | Integra\u00e7\u00e3o | Grava\u00e7\u00e3o Permanente | Marca\u00e7\u00e3o Permanente | Datadores | Codificadores | tecnograv | Carimbos | Sistema de identifica\u00e7\u00e3o | Pirografo | Tampografia | Rastreabilidade | Gravador de metal | Gravador de metais | Gravador Eletroqu\u00edmico | Liquido de Grava\u00e7\u00e3o | Liquidos Gravadores | Matriz de Grava\u00e7\u00e3o | Papel de Grava\u00e7\u00e3o | Tela de Grava\u00e7\u00e3o | Tela de Silkscreen | Est\u00eancil de grava\u00e7\u00e3o | Stencil de Grava\u00e7\u00e3o | Micropontos | Puncionamento | Puncionadeira | Pun\u00e7\u00e3o | Numerador | Sinete | Micropuncionadeira | DOT PEEN\",\"potentialAction\":[{\"@type\":\"SearchAction\",\"target\":{\"@type\":\"EntryPoint\",\"urlTemplate\":\"https:\/\/tecnigrav.com\/?s={search_term_string}\"},\"query-input\":\"required name=search_term_string\"}],\"inLanguage\":\"es-ES\"}]}<\/script>\n<!-- \/ Yoast SEO plugin. -->","yoast_head_json":{"title":"MSM MICROTEC \u2013 KIT - Tecnigrav Gravadores de Metais","description":"CODIGO:MICROTEC &nbsp; Una mano escribir en todos los materiales (metal, madera, cer&aacute;mica, pl&aacute;stico) para la rotaci&oacute;n &nbsp; Tensi&oacute;n 110 ou 230V AC &nbsp; Garant&iacute;a: 2 a&ntilde;os &nbsp; Caracter&iacute;sticas  &nbsp; Escribe sobre cualquier materiales ( metal, madera, cer&aacute;mica, pl&aacute;stico) &nbsp; KIT SE COMPONEN &nbsp; - M&oacute;dulo electr&oacute;nico MSM MICROTEC - 1 pieza &nbsp; - Microtec (pluma) - 1 pieza &nbsp; - Pines - 2 piezas &nbsp;","robots":{"index":"index","follow":"follow","max-snippet":"max-snippet:-1","max-image-preview":"max-image-preview:large","max-video-preview":"max-video-preview:-1"},"canonical":"https:\/\/tecnigrav.com\/es\/producto\/msm-microtec-kit\/","og_locale":"es_ES","og_type":"article","og_title":"MSM MICROTEC \u2013 KIT - Tecnigrav Gravadores de Metais","og_description":"CODIGO:MICROTEC &nbsp; Una mano escribir en todos los materiales (metal, madera, cer&aacute;mica, pl&aacute;stico) para la rotaci&oacute;n &nbsp; Tensi&oacute;n 110 ou 230V AC &nbsp; Garant&iacute;a: 2 a&ntilde;os &nbsp; Caracter&iacute;sticas  &nbsp; Escribe sobre cualquier materiales ( metal, madera, cer&aacute;mica, pl&aacute;stico) &nbsp; KIT SE COMPONEN &nbsp; - M&oacute;dulo electr&oacute;nico MSM MICROTEC - 1 pieza &nbsp; - Microtec (pluma) - 1 pieza &nbsp; - Pines - 2 piezas &nbsp;","og_url":"https:\/\/tecnigrav.com\/es\/producto\/msm-microtec-kit\/","og_site_name":"Tecnigrav Gravadores de Metais","article_publisher":"https:\/\/www.facebook.com\/Tecnigrav-Ind%c3%bastria-e-Com%c3%a9rcio-Ltda-151617301618854\/","article_modified_time":"2016-02-17T20:37:26+00:00","og_image":[{"width":320,"height":221,"url":"https:\/\/tecnigrav.com\/wp-content\/uploads\/2015\/07\/kit-lapis-microtec-tecnigrav-produtos11.jpg","type":"image\/jpeg"}],"twitter_card":"summary_large_image","schema":{"@context":"https:\/\/schema.org","@graph":[{"@type":"WebPage","@id":"https:\/\/tecnigrav.com\/es\/producto\/msm-microtec-kit\/","url":"https:\/\/tecnigrav.com\/es\/producto\/msm-microtec-kit\/","name":"MSM MICROTEC \u2013 KIT - Tecnigrav Gravadores de Metais","isPartOf":{"@id":"https:\/\/tecnigrav.com\/#website"},"datePublished":"2015-08-13T11:30:16+00:00","dateModified":"2016-02-17T20:37:26+00:00","description":"CODIGO:MICROTEC &nbsp; Una mano escribir en todos los materiales (metal, madera, cer&aacute;mica, pl&aacute;stico) para la rotaci&oacute;n &nbsp; Tensi&oacute;n 110 ou 230V AC &nbsp; Garant&iacute;a: 2 a&ntilde;os &nbsp; Caracter&iacute;sticas &nbsp; Escribe sobre cualquier materiales ( metal, madera, cer&aacute;mica, pl&aacute;stico) &nbsp; KIT SE COMPONEN &nbsp; - M&oacute;dulo electr&oacute;nico MSM MICROTEC - 1 pieza &nbsp; - Microtec (pluma) - 1 pieza &nbsp; - Pines - 2 piezas &nbsp;","breadcrumb":{"@id":"https:\/\/tecnigrav.com\/es\/producto\/msm-microtec-kit\/#breadcrumb"},"inLanguage":"es-ES","potentialAction":[{"@type":"ReadAction","target":["https:\/\/tecnigrav.com\/es\/producto\/msm-microtec-kit\/"]}]},{"@type":"BreadcrumbList","@id":"https:\/\/tecnigrav.com\/es\/producto\/msm-microtec-kit\/#breadcrumb","itemListElement":[{"@type":"ListItem","position":1,"name":"In\u00edcio","item":"https:\/\/tecnigrav.com\/es\/"},{"@type":"ListItem","position":2,"name":"Equipamentos de grava\u00e7\u00e3o","item":"https:\/\/tecnigrav.com\/equipamentos-de-gravacao\/"},{"@type":"ListItem","position":3,"name":"Grabado Pluma","item":"https:\/\/tecnigrav.com\/es\/sistemas-de-gravacao\/grabado-pluma\/"},{"@type":"ListItem","position":4,"name":"Pluma","item":"https:\/\/tecnigrav.com\/es\/sistemas-de-gravacao\/grabado-pluma\/pluma-es\/"},{"@type":"ListItem","position":5,"name":"MSM MICROTEC \u2013 KIT"}]},{"@type":"WebSite","@id":"https:\/\/tecnigrav.com\/#website","url":"https:\/\/tecnigrav.com\/","name":"Tecnigrav Gravadores de Metais","description":"Gravadores de Metais | Grava\u00e7\u00e3o em Metais | Micropuncionamento | Micropercuss\u00e3o | Grava\u00e7\u00e3o Eletroqu\u00edmica | Marca\u00e7\u00e3o de Pe\u00e7as | Grava\u00e7\u00e3o de Pe\u00e7as | Grava\u00e7\u00e3o de Ferramentas | Codifica\u00e7\u00e3o | Marca\u00e7\u00e3o em Metais | L\u00e1pis El\u00e9trico | Caneta El\u00e9trica | Caneta Rotativa | L\u00e1pis Rotativo | Grava\u00e7\u00e3o Eletrol\u00edtica | Gravador Eletrol\u00edtico | Riscagem | CNC | Laser de Grava\u00e7\u00e3o | Laser de Marca\u00e7\u00e3o | Maquinas para Grava\u00e7\u00e3o | Maquinas Eletroqu\u00edmicas | Maquinas de Micropuncionamento | Maquinas Laser | Grava\u00e7\u00e3o a Laser | Tipo | Grava\u00e7\u00e3o por Pontos | Gravador de Bancada | Gravador Port\u00e1til | Gravador Manual| Grava\u00e7\u00e3o escrita a punho | Micropuncionamento de Bancada | Micropuncionamento Port\u00e1til | Limpeza de Solda | Limpador de Solda | Datamatrix | Integra\u00e7\u00e3o | Grava\u00e7\u00e3o Permanente | Marca\u00e7\u00e3o Permanente | Datadores | Codificadores | tecnograv | Carimbos | Sistema de identifica\u00e7\u00e3o | Pirografo | Tampografia | Rastreabilidade | Gravador de metal | Gravador de metais | Gravador Eletroqu\u00edmico | Liquido de Grava\u00e7\u00e3o | Liquidos Gravadores | Matriz de Grava\u00e7\u00e3o | Papel de Grava\u00e7\u00e3o | Tela de Grava\u00e7\u00e3o | Tela de Silkscreen | Est\u00eancil de grava\u00e7\u00e3o | Stencil de Grava\u00e7\u00e3o | Micropontos | Puncionamento | Puncionadeira | Pun\u00e7\u00e3o | Numerador | Sinete | Micropuncionadeira | DOT PEEN","potentialAction":[{"@type":"SearchAction","target":{"@type":"EntryPoint","urlTemplate":"https:\/\/tecnigrav.com\/?s={search_term_string}"},"query-input":"required name=search_term_string"}],"inLanguage":"es-ES"}]}},"_links":{"self":[{"href":"https:\/\/tecnigrav.com\/es\/wp-json\/wp\/v2\/product\/4596"}],"collection":[{"href":"https:\/\/tecnigrav.com\/es\/wp-json\/wp\/v2\/product"}],"about":[{"href":"https:\/\/tecnigrav.com\/es\/wp-json\/wp\/v2\/types\/product"}],"replies":[{"embeddable":true,"href":"https:\/\/tecnigrav.com\/es\/wp-json\/wp\/v2\/comments?post=4596"}],"wp:featuredmedia":[{"embeddable":true,"href":"https:\/\/tecnigrav.com\/es\/wp-json\/wp\/v2\/media\/4303"}],"wp:attachment":[{"href":"https:\/\/tecnigrav.com\/es\/wp-json\/wp\/v2\/media?parent=4596"}],"wp:term":[{"taxonomy":"product_cat","embeddable":true,"href":"https:\/\/tecnigrav.com\/es\/wp-json\/wp\/v2\/product_cat?post=4596"},{"taxonomy":"product_tag","embeddable":true,"href":"https:\/\/tecnigrav.com\/es\/wp-json\/wp\/v2\/product_tag?post=4596"}],"curies":[{"name":"wp","href":"https:\/\/api.w.org\/{rel}","templated":true}]}}