{"id":4611,"date":"2015-07-31T17:21:31","date_gmt":"2015-07-31T20:21:31","guid":{"rendered":"http:\/\/tecnigrav.com\/produto\/lp-media-pine\/"},"modified":"2015-07-31T17:21:31","modified_gmt":"2015-07-31T20:21:31","slug":"lp-media-pine","status":"publish","type":"product","link":"https:\/\/tecnigrav.com\/es\/producto\/lp-media-pine\/","title":{"rendered":"LP media pine"},"content":{"rendered":"","protected":false},"excerpt":{"rendered":"<\/p>\n<p class=\"MsoNormal\"><span style=\"mso-ansi-language: PT-BR;\">CODIGO: LP PONTA MEDIA<\/span><\/p>\n<p>&nbsp;<\/p>\n<p class=\"MsoNormal\"><span style=\"mso-ansi-language: PT-BR;\">Pines para LP<\/span><\/p>\n<p>&nbsp;<\/p>\n<p class=\"MsoNormal\"><span lang=\"EN-US\">Di&aacute;metro 1,6mm<\/span><\/p>\n<p>&nbsp;<\/p>\n<p class=\"MsoNormal\"><span style=\"mso-ansi-language: PT-BR;\">&nbsp;<strong>Caracteristicas<\/strong><\/span><\/p>\n<p>&nbsp;<\/p>\n<p class=\"MsoNormal\"><span style=\"mso-ansi-language: PT-BR;\">Se puede utilizar para MSM LP.<\/span><\/p>\n<p>&nbsp;<\/p>\n","protected":false},"featured_media":4297,"comment_status":"closed","ping_status":"closed","template":"","meta":[],"product_cat":[69,57],"product_tag":[],"yoast_head":"<!-- This site is optimized with the Yoast SEO plugin v20.6 - https:\/\/yoast.com\/wordpress\/plugins\/seo\/ -->\n<title>LP media pine - Tecnigrav Gravadores de Metais<\/title>\n<meta name=\"description\" content=\"CODIGO: LP PONTA MEDIA &nbsp; Pines para LP &nbsp; Di&aacute;metro 1,6mm &nbsp; &nbsp;Caracteristicas &nbsp; Se puede utilizar para MSM LP. &nbsp;\" \/>\n<meta name=\"robots\" content=\"index, follow, max-snippet:-1, max-image-preview:large, max-video-preview:-1\" \/>\n<link rel=\"canonical\" href=\"https:\/\/tecnigrav.com\/es\/producto\/lp-media-pine\/\" \/>\n<meta property=\"og:locale\" content=\"es_ES\" \/>\n<meta property=\"og:type\" content=\"article\" \/>\n<meta property=\"og:title\" content=\"LP media pine - Tecnigrav Gravadores de Metais\" \/>\n<meta property=\"og:description\" content=\"CODIGO: LP PONTA MEDIA &nbsp; Pines para LP &nbsp; Di&aacute;metro 1,6mm &nbsp; &nbsp;Caracteristicas &nbsp; Se puede utilizar para MSM LP. &nbsp;\" \/>\n<meta property=\"og:url\" content=\"https:\/\/tecnigrav.com\/es\/producto\/lp-media-pine\/\" \/>\n<meta property=\"og:site_name\" content=\"Tecnigrav Gravadores de Metais\" \/>\n<meta property=\"article:publisher\" content=\"https:\/\/www.facebook.com\/Tecnigrav-Ind%c3%bastria-e-Com%c3%a9rcio-Ltda-151617301618854\/\" \/>\n<meta property=\"og:image\" content=\"https:\/\/tecnigrav.com\/wp-content\/uploads\/2015\/07\/ponta-lapis-eletrico-lp-media.jpg\" \/>\n\t<meta property=\"og:image:width\" content=\"320\" \/>\n\t<meta property=\"og:image:height\" content=\"240\" \/>\n\t<meta property=\"og:image:type\" content=\"image\/jpeg\" \/>\n<meta name=\"twitter:card\" content=\"summary_large_image\" \/>\n<script type=\"application\/ld+json\" class=\"yoast-schema-graph\">{\"@context\":\"https:\/\/schema.org\",\"@graph\":[{\"@type\":\"WebPage\",\"@id\":\"https:\/\/tecnigrav.com\/es\/producto\/lp-media-pine\/\",\"url\":\"https:\/\/tecnigrav.com\/es\/producto\/lp-media-pine\/\",\"name\":\"LP media pine - Tecnigrav Gravadores de Metais\",\"isPartOf\":{\"@id\":\"https:\/\/tecnigrav.com\/#website\"},\"datePublished\":\"2015-07-31T20:21:31+00:00\",\"dateModified\":\"2015-07-31T20:21:31+00:00\",\"description\":\"CODIGO: LP PONTA MEDIA &nbsp; Pines para LP &nbsp; Di&aacute;metro 1,6mm &nbsp; &nbsp;Caracteristicas &nbsp; Se puede utilizar para MSM LP. &nbsp;\",\"breadcrumb\":{\"@id\":\"https:\/\/tecnigrav.com\/es\/producto\/lp-media-pine\/#breadcrumb\"},\"inLanguage\":\"es-ES\",\"potentialAction\":[{\"@type\":\"ReadAction\",\"target\":[\"https:\/\/tecnigrav.com\/es\/producto\/lp-media-pine\/\"]}]},{\"@type\":\"BreadcrumbList\",\"@id\":\"https:\/\/tecnigrav.com\/es\/producto\/lp-media-pine\/#breadcrumb\",\"itemListElement\":[{\"@type\":\"ListItem\",\"position\":1,\"name\":\"In\u00edcio\",\"item\":\"https:\/\/tecnigrav.com\/es\/\"},{\"@type\":\"ListItem\",\"position\":2,\"name\":\"Equipamentos de grava\u00e7\u00e3o\",\"item\":\"https:\/\/tecnigrav.com\/equipamentos-de-gravacao\/\"},{\"@type\":\"ListItem\",\"position\":3,\"name\":\"Grabado Pluma\",\"item\":\"https:\/\/tecnigrav.com\/es\/sistemas-de-gravacao\/grabado-pluma\/\"},{\"@type\":\"ListItem\",\"position\":4,\"name\":\"Acessorios pluma\",\"item\":\"https:\/\/tecnigrav.com\/es\/sistemas-de-gravacao\/grabado-pluma\/pluma\/\"},{\"@type\":\"ListItem\",\"position\":5,\"name\":\"LP media pine\"}]},{\"@type\":\"WebSite\",\"@id\":\"https:\/\/tecnigrav.com\/#website\",\"url\":\"https:\/\/tecnigrav.com\/\",\"name\":\"Tecnigrav Gravadores de Metais\",\"description\":\"Gravadores de Metais | Grava\u00e7\u00e3o em Metais | Micropuncionamento | Micropercuss\u00e3o | Grava\u00e7\u00e3o Eletroqu\u00edmica | Marca\u00e7\u00e3o de Pe\u00e7as | Grava\u00e7\u00e3o de Pe\u00e7as | Grava\u00e7\u00e3o de Ferramentas | Codifica\u00e7\u00e3o | Marca\u00e7\u00e3o em Metais | L\u00e1pis El\u00e9trico | Caneta El\u00e9trica | Caneta Rotativa | L\u00e1pis Rotativo | Grava\u00e7\u00e3o Eletrol\u00edtica | Gravador Eletrol\u00edtico | Riscagem | CNC | Laser de Grava\u00e7\u00e3o | Laser de Marca\u00e7\u00e3o | Maquinas para Grava\u00e7\u00e3o | Maquinas Eletroqu\u00edmicas | Maquinas de Micropuncionamento | Maquinas Laser | Grava\u00e7\u00e3o a Laser | Tipo | Grava\u00e7\u00e3o por Pontos | Gravador de Bancada | Gravador Port\u00e1til | Gravador Manual| Grava\u00e7\u00e3o escrita a punho | Micropuncionamento de Bancada | Micropuncionamento Port\u00e1til | Limpeza de Solda | Limpador de Solda | Datamatrix | Integra\u00e7\u00e3o | Grava\u00e7\u00e3o Permanente | Marca\u00e7\u00e3o Permanente | Datadores | Codificadores | tecnograv | Carimbos | Sistema de identifica\u00e7\u00e3o | Pirografo | Tampografia | Rastreabilidade | Gravador de metal | Gravador de metais | Gravador Eletroqu\u00edmico | Liquido de Grava\u00e7\u00e3o | Liquidos Gravadores | Matriz de Grava\u00e7\u00e3o | Papel de Grava\u00e7\u00e3o | Tela de Grava\u00e7\u00e3o | Tela de Silkscreen | Est\u00eancil de grava\u00e7\u00e3o | Stencil de Grava\u00e7\u00e3o | Micropontos | Puncionamento | Puncionadeira | Pun\u00e7\u00e3o | Numerador | Sinete | Micropuncionadeira | DOT PEEN\",\"potentialAction\":[{\"@type\":\"SearchAction\",\"target\":{\"@type\":\"EntryPoint\",\"urlTemplate\":\"https:\/\/tecnigrav.com\/?s={search_term_string}\"},\"query-input\":\"required name=search_term_string\"}],\"inLanguage\":\"es-ES\"}]}<\/script>\n<!-- \/ Yoast SEO plugin. -->","yoast_head_json":{"title":"LP media pine - Tecnigrav Gravadores de Metais","description":"CODIGO: LP PONTA MEDIA &nbsp; Pines para LP &nbsp; Di&aacute;metro 1,6mm &nbsp; &nbsp;Caracteristicas &nbsp; Se puede utilizar para MSM LP. &nbsp;","robots":{"index":"index","follow":"follow","max-snippet":"max-snippet:-1","max-image-preview":"max-image-preview:large","max-video-preview":"max-video-preview:-1"},"canonical":"https:\/\/tecnigrav.com\/es\/producto\/lp-media-pine\/","og_locale":"es_ES","og_type":"article","og_title":"LP media pine - Tecnigrav Gravadores de Metais","og_description":"CODIGO: LP PONTA MEDIA &nbsp; Pines para LP &nbsp; Di&aacute;metro 1,6mm &nbsp; &nbsp;Caracteristicas &nbsp; Se puede utilizar para MSM LP. &nbsp;","og_url":"https:\/\/tecnigrav.com\/es\/producto\/lp-media-pine\/","og_site_name":"Tecnigrav Gravadores de Metais","article_publisher":"https:\/\/www.facebook.com\/Tecnigrav-Ind%c3%bastria-e-Com%c3%a9rcio-Ltda-151617301618854\/","og_image":[{"width":320,"height":240,"url":"https:\/\/tecnigrav.com\/wp-content\/uploads\/2015\/07\/ponta-lapis-eletrico-lp-media.jpg","type":"image\/jpeg"}],"twitter_card":"summary_large_image","schema":{"@context":"https:\/\/schema.org","@graph":[{"@type":"WebPage","@id":"https:\/\/tecnigrav.com\/es\/producto\/lp-media-pine\/","url":"https:\/\/tecnigrav.com\/es\/producto\/lp-media-pine\/","name":"LP media pine - Tecnigrav Gravadores de Metais","isPartOf":{"@id":"https:\/\/tecnigrav.com\/#website"},"datePublished":"2015-07-31T20:21:31+00:00","dateModified":"2015-07-31T20:21:31+00:00","description":"CODIGO: LP PONTA MEDIA &nbsp; Pines para LP &nbsp; Di&aacute;metro 1,6mm &nbsp; &nbsp;Caracteristicas &nbsp; Se puede utilizar para MSM LP. &nbsp;","breadcrumb":{"@id":"https:\/\/tecnigrav.com\/es\/producto\/lp-media-pine\/#breadcrumb"},"inLanguage":"es-ES","potentialAction":[{"@type":"ReadAction","target":["https:\/\/tecnigrav.com\/es\/producto\/lp-media-pine\/"]}]},{"@type":"BreadcrumbList","@id":"https:\/\/tecnigrav.com\/es\/producto\/lp-media-pine\/#breadcrumb","itemListElement":[{"@type":"ListItem","position":1,"name":"In\u00edcio","item":"https:\/\/tecnigrav.com\/es\/"},{"@type":"ListItem","position":2,"name":"Equipamentos de grava\u00e7\u00e3o","item":"https:\/\/tecnigrav.com\/equipamentos-de-gravacao\/"},{"@type":"ListItem","position":3,"name":"Grabado Pluma","item":"https:\/\/tecnigrav.com\/es\/sistemas-de-gravacao\/grabado-pluma\/"},{"@type":"ListItem","position":4,"name":"Acessorios pluma","item":"https:\/\/tecnigrav.com\/es\/sistemas-de-gravacao\/grabado-pluma\/pluma\/"},{"@type":"ListItem","position":5,"name":"LP media pine"}]},{"@type":"WebSite","@id":"https:\/\/tecnigrav.com\/#website","url":"https:\/\/tecnigrav.com\/","name":"Tecnigrav Gravadores de Metais","description":"Gravadores de Metais | Grava\u00e7\u00e3o em Metais | Micropuncionamento | Micropercuss\u00e3o | Grava\u00e7\u00e3o Eletroqu\u00edmica | Marca\u00e7\u00e3o de Pe\u00e7as | Grava\u00e7\u00e3o de Pe\u00e7as | Grava\u00e7\u00e3o de Ferramentas | Codifica\u00e7\u00e3o | Marca\u00e7\u00e3o em Metais | L\u00e1pis El\u00e9trico | Caneta El\u00e9trica | Caneta Rotativa | L\u00e1pis Rotativo | Grava\u00e7\u00e3o Eletrol\u00edtica | Gravador Eletrol\u00edtico | Riscagem | CNC | Laser de Grava\u00e7\u00e3o | Laser de Marca\u00e7\u00e3o | Maquinas para Grava\u00e7\u00e3o | Maquinas Eletroqu\u00edmicas | Maquinas de Micropuncionamento | Maquinas Laser | Grava\u00e7\u00e3o a Laser | Tipo | Grava\u00e7\u00e3o por Pontos | Gravador de Bancada | Gravador Port\u00e1til | Gravador Manual| Grava\u00e7\u00e3o escrita a punho | Micropuncionamento de Bancada | Micropuncionamento Port\u00e1til | Limpeza de Solda | Limpador de Solda | Datamatrix | Integra\u00e7\u00e3o | Grava\u00e7\u00e3o Permanente | Marca\u00e7\u00e3o Permanente | Datadores | Codificadores | tecnograv | Carimbos | Sistema de identifica\u00e7\u00e3o | Pirografo | Tampografia | Rastreabilidade | Gravador de metal | Gravador de metais | Gravador Eletroqu\u00edmico | Liquido de Grava\u00e7\u00e3o | Liquidos Gravadores | Matriz de Grava\u00e7\u00e3o | Papel de Grava\u00e7\u00e3o | Tela de Grava\u00e7\u00e3o | Tela de Silkscreen | Est\u00eancil de grava\u00e7\u00e3o | Stencil de Grava\u00e7\u00e3o | Micropontos | Puncionamento | Puncionadeira | Pun\u00e7\u00e3o | Numerador | Sinete | Micropuncionadeira | DOT PEEN","potentialAction":[{"@type":"SearchAction","target":{"@type":"EntryPoint","urlTemplate":"https:\/\/tecnigrav.com\/?s={search_term_string}"},"query-input":"required name=search_term_string"}],"inLanguage":"es-ES"}]}},"_links":{"self":[{"href":"https:\/\/tecnigrav.com\/es\/wp-json\/wp\/v2\/product\/4611"}],"collection":[{"href":"https:\/\/tecnigrav.com\/es\/wp-json\/wp\/v2\/product"}],"about":[{"href":"https:\/\/tecnigrav.com\/es\/wp-json\/wp\/v2\/types\/product"}],"replies":[{"embeddable":true,"href":"https:\/\/tecnigrav.com\/es\/wp-json\/wp\/v2\/comments?post=4611"}],"wp:featuredmedia":[{"embeddable":true,"href":"https:\/\/tecnigrav.com\/es\/wp-json\/wp\/v2\/media\/4297"}],"wp:attachment":[{"href":"https:\/\/tecnigrav.com\/es\/wp-json\/wp\/v2\/media?parent=4611"}],"wp:term":[{"taxonomy":"product_cat","embeddable":true,"href":"https:\/\/tecnigrav.com\/es\/wp-json\/wp\/v2\/product_cat?post=4611"},{"taxonomy":"product_tag","embeddable":true,"href":"https:\/\/tecnigrav.com\/es\/wp-json\/wp\/v2\/product_tag?post=4611"}],"curies":[{"name":"wp","href":"https:\/\/api.w.org\/{rel}","templated":true}]}}