{"id":4615,"date":"2015-07-31T17:36:52","date_gmt":"2015-07-31T20:36:52","guid":{"rendered":"http:\/\/tecnigrav.com\/produto\/liquido-rsm9000-para-limpeza-de-soldadura\/"},"modified":"2015-07-31T17:36:52","modified_gmt":"2015-07-31T20:36:52","slug":"liquido-rsm9000-para-limpeza-de-soldadura","status":"publish","type":"product","link":"https:\/\/tecnigrav.com\/es\/producto\/liquido-rsm9000-para-limpeza-de-soldadura\/","title":{"rendered":"Liquido RSM9000 para limpeza de soldadura"},"content":{"rendered":"","protected":false},"excerpt":{"rendered":"<\/p>\n<p class=\"MsoNormal\"><span style=\"mso-ansi-language: PT-BR;\">CODIGO: RSM 9000<\/span><\/p>\n<p>&nbsp;<\/p>\n<p class=\"MsoNormal\"><span style=\"mso-ansi-language: PT-BR;\">Soluci&oacute;n de decapado utilizada para la limpieza de soldadura a trav&eacute;s de equipo LImpsolda LS 180 <\/span><\/p>\n<p>&nbsp;<\/p>\n<p class=\"MsoNormal\"><span style=\"mso-ansi-language: PT-BR;\">Embalaje: 05 litros<\/span><\/p>\n<p>&nbsp;<\/p>\n<p class=\"MsoNormal\"><strong>Caracteristicas<\/strong> : <span style=\"mso-ansi-language: PT-BR;\">limpieza de las soldaduras TIG y de punto<\/span><\/p>\n","protected":false},"featured_media":4317,"comment_status":"closed","ping_status":"closed","template":"","meta":[],"product_cat":[72,58],"product_tag":[],"yoast_head":"<!-- This site is optimized with the Yoast SEO plugin v20.6 - https:\/\/yoast.com\/wordpress\/plugins\/seo\/ -->\n<title>Liquido RSM9000 para limpeza de soldadura - Tecnigrav Gravadores de Metais<\/title>\n<meta name=\"description\" content=\"CODIGO: RSM 9000 &nbsp; Soluci&oacute;n de decapado utilizada para la limpieza de soldadura a trav&eacute;s de equipo LImpsolda LS 180  &nbsp; Embalaje: 05 litros &nbsp; Caracteristicas : limpieza de las soldaduras TIG y de punto\" \/>\n<meta name=\"robots\" content=\"index, follow, max-snippet:-1, max-image-preview:large, max-video-preview:-1\" \/>\n<link rel=\"canonical\" href=\"https:\/\/tecnigrav.com\/es\/producto\/liquido-rsm9000-para-limpeza-de-soldadura\/\" \/>\n<meta property=\"og:locale\" content=\"es_ES\" \/>\n<meta property=\"og:type\" content=\"article\" \/>\n<meta property=\"og:title\" content=\"Liquido RSM9000 para limpeza de soldadura - Tecnigrav Gravadores de Metais\" \/>\n<meta property=\"og:description\" content=\"CODIGO: RSM 9000 &nbsp; Soluci&oacute;n de decapado utilizada para la limpieza de soldadura a trav&eacute;s de equipo LImpsolda LS 180  &nbsp; Embalaje: 05 litros &nbsp; Caracteristicas : limpieza de las soldaduras TIG y de punto\" \/>\n<meta property=\"og:url\" content=\"https:\/\/tecnigrav.com\/es\/producto\/liquido-rsm9000-para-limpeza-de-soldadura\/\" \/>\n<meta property=\"og:site_name\" content=\"Tecnigrav Gravadores de Metais\" \/>\n<meta property=\"article:publisher\" content=\"https:\/\/www.facebook.com\/Tecnigrav-Ind%c3%bastria-e-Com%c3%a9rcio-Ltda-151617301618854\/\" \/>\n<meta property=\"og:image\" content=\"https:\/\/tecnigrav.com\/wp-content\/uploads\/2015\/07\/liquido-rsm-9000-kit-limpsolda.jpg\" \/>\n\t<meta property=\"og:image:width\" content=\"277\" \/>\n\t<meta property=\"og:image:height\" content=\"240\" \/>\n\t<meta property=\"og:image:type\" content=\"image\/jpeg\" \/>\n<meta name=\"twitter:card\" content=\"summary_large_image\" \/>\n<script type=\"application\/ld+json\" class=\"yoast-schema-graph\">{\"@context\":\"https:\/\/schema.org\",\"@graph\":[{\"@type\":\"WebPage\",\"@id\":\"https:\/\/tecnigrav.com\/es\/producto\/liquido-rsm9000-para-limpeza-de-soldadura\/\",\"url\":\"https:\/\/tecnigrav.com\/es\/producto\/liquido-rsm9000-para-limpeza-de-soldadura\/\",\"name\":\"Liquido RSM9000 para limpeza de soldadura - Tecnigrav Gravadores de Metais\",\"isPartOf\":{\"@id\":\"https:\/\/tecnigrav.com\/#website\"},\"datePublished\":\"2015-07-31T20:36:52+00:00\",\"dateModified\":\"2015-07-31T20:36:52+00:00\",\"description\":\"CODIGO: RSM 9000 &nbsp; Soluci&oacute;n de decapado utilizada para la limpieza de soldadura a trav&eacute;s de equipo LImpsolda LS 180 &nbsp; Embalaje: 05 litros &nbsp; Caracteristicas : limpieza de las soldaduras TIG y de punto\",\"breadcrumb\":{\"@id\":\"https:\/\/tecnigrav.com\/es\/producto\/liquido-rsm9000-para-limpeza-de-soldadura\/#breadcrumb\"},\"inLanguage\":\"es-ES\",\"potentialAction\":[{\"@type\":\"ReadAction\",\"target\":[\"https:\/\/tecnigrav.com\/es\/producto\/liquido-rsm9000-para-limpeza-de-soldadura\/\"]}]},{\"@type\":\"BreadcrumbList\",\"@id\":\"https:\/\/tecnigrav.com\/es\/producto\/liquido-rsm9000-para-limpeza-de-soldadura\/#breadcrumb\",\"itemListElement\":[{\"@type\":\"ListItem\",\"position\":1,\"name\":\"In\u00edcio\",\"item\":\"https:\/\/tecnigrav.com\/es\/\"},{\"@type\":\"ListItem\",\"position\":2,\"name\":\"Equipamentos de grava\u00e7\u00e3o\",\"item\":\"https:\/\/tecnigrav.com\/equipamentos-de-gravacao\/\"},{\"@type\":\"ListItem\",\"position\":3,\"name\":\"Limpieza de soldadura\",\"item\":\"https:\/\/tecnigrav.com\/es\/sistemas-de-gravacao\/limpieza-de-soldadura\/\"},{\"@type\":\"ListItem\",\"position\":4,\"name\":\"Acessorios\",\"item\":\"https:\/\/tecnigrav.com\/es\/sistemas-de-gravacao\/limpieza-de-soldadura\/acessorios-es-2\/\"},{\"@type\":\"ListItem\",\"position\":5,\"name\":\"Liquido RSM9000 para limpeza de soldadura\"}]},{\"@type\":\"WebSite\",\"@id\":\"https:\/\/tecnigrav.com\/#website\",\"url\":\"https:\/\/tecnigrav.com\/\",\"name\":\"Tecnigrav Gravadores de Metais\",\"description\":\"Gravadores de Metais | Grava\u00e7\u00e3o em Metais | Micropuncionamento | Micropercuss\u00e3o | Grava\u00e7\u00e3o Eletroqu\u00edmica | Marca\u00e7\u00e3o de Pe\u00e7as | Grava\u00e7\u00e3o de Pe\u00e7as | Grava\u00e7\u00e3o de Ferramentas | Codifica\u00e7\u00e3o | Marca\u00e7\u00e3o em Metais | L\u00e1pis El\u00e9trico | Caneta El\u00e9trica | Caneta Rotativa | L\u00e1pis Rotativo | Grava\u00e7\u00e3o Eletrol\u00edtica | Gravador Eletrol\u00edtico | Riscagem | CNC | Laser de Grava\u00e7\u00e3o | Laser de Marca\u00e7\u00e3o | Maquinas para Grava\u00e7\u00e3o | Maquinas Eletroqu\u00edmicas | Maquinas de Micropuncionamento | Maquinas Laser | Grava\u00e7\u00e3o a Laser | Tipo | Grava\u00e7\u00e3o por Pontos | Gravador de Bancada | Gravador Port\u00e1til | Gravador Manual| Grava\u00e7\u00e3o escrita a punho | Micropuncionamento de Bancada | Micropuncionamento Port\u00e1til | Limpeza de Solda | Limpador de Solda | Datamatrix | Integra\u00e7\u00e3o | Grava\u00e7\u00e3o Permanente | Marca\u00e7\u00e3o Permanente | Datadores | Codificadores | tecnograv | Carimbos | Sistema de identifica\u00e7\u00e3o | Pirografo | Tampografia | Rastreabilidade | Gravador de metal | Gravador de metais | Gravador Eletroqu\u00edmico | Liquido de Grava\u00e7\u00e3o | Liquidos Gravadores | Matriz de Grava\u00e7\u00e3o | Papel de Grava\u00e7\u00e3o | Tela de Grava\u00e7\u00e3o | Tela de Silkscreen | Est\u00eancil de grava\u00e7\u00e3o | Stencil de Grava\u00e7\u00e3o | Micropontos | Puncionamento | Puncionadeira | Pun\u00e7\u00e3o | Numerador | Sinete | Micropuncionadeira | DOT PEEN\",\"potentialAction\":[{\"@type\":\"SearchAction\",\"target\":{\"@type\":\"EntryPoint\",\"urlTemplate\":\"https:\/\/tecnigrav.com\/?s={search_term_string}\"},\"query-input\":\"required name=search_term_string\"}],\"inLanguage\":\"es-ES\"}]}<\/script>\n<!-- \/ Yoast SEO plugin. -->","yoast_head_json":{"title":"Liquido RSM9000 para limpeza de soldadura - Tecnigrav Gravadores de Metais","description":"CODIGO: RSM 9000 &nbsp; Soluci&oacute;n de decapado utilizada para la limpieza de soldadura a trav&eacute;s de equipo LImpsolda LS 180  &nbsp; Embalaje: 05 litros &nbsp; Caracteristicas : limpieza de las soldaduras TIG y de punto","robots":{"index":"index","follow":"follow","max-snippet":"max-snippet:-1","max-image-preview":"max-image-preview:large","max-video-preview":"max-video-preview:-1"},"canonical":"https:\/\/tecnigrav.com\/es\/producto\/liquido-rsm9000-para-limpeza-de-soldadura\/","og_locale":"es_ES","og_type":"article","og_title":"Liquido RSM9000 para limpeza de soldadura - Tecnigrav Gravadores de Metais","og_description":"CODIGO: RSM 9000 &nbsp; Soluci&oacute;n de decapado utilizada para la limpieza de soldadura a trav&eacute;s de equipo LImpsolda LS 180  &nbsp; Embalaje: 05 litros &nbsp; Caracteristicas : limpieza de las soldaduras TIG y de punto","og_url":"https:\/\/tecnigrav.com\/es\/producto\/liquido-rsm9000-para-limpeza-de-soldadura\/","og_site_name":"Tecnigrav Gravadores de Metais","article_publisher":"https:\/\/www.facebook.com\/Tecnigrav-Ind%c3%bastria-e-Com%c3%a9rcio-Ltda-151617301618854\/","og_image":[{"width":277,"height":240,"url":"https:\/\/tecnigrav.com\/wp-content\/uploads\/2015\/07\/liquido-rsm-9000-kit-limpsolda.jpg","type":"image\/jpeg"}],"twitter_card":"summary_large_image","schema":{"@context":"https:\/\/schema.org","@graph":[{"@type":"WebPage","@id":"https:\/\/tecnigrav.com\/es\/producto\/liquido-rsm9000-para-limpeza-de-soldadura\/","url":"https:\/\/tecnigrav.com\/es\/producto\/liquido-rsm9000-para-limpeza-de-soldadura\/","name":"Liquido RSM9000 para limpeza de soldadura - Tecnigrav Gravadores de Metais","isPartOf":{"@id":"https:\/\/tecnigrav.com\/#website"},"datePublished":"2015-07-31T20:36:52+00:00","dateModified":"2015-07-31T20:36:52+00:00","description":"CODIGO: RSM 9000 &nbsp; Soluci&oacute;n de decapado utilizada para la limpieza de soldadura a trav&eacute;s de equipo LImpsolda LS 180 &nbsp; Embalaje: 05 litros &nbsp; Caracteristicas : limpieza de las soldaduras TIG y de punto","breadcrumb":{"@id":"https:\/\/tecnigrav.com\/es\/producto\/liquido-rsm9000-para-limpeza-de-soldadura\/#breadcrumb"},"inLanguage":"es-ES","potentialAction":[{"@type":"ReadAction","target":["https:\/\/tecnigrav.com\/es\/producto\/liquido-rsm9000-para-limpeza-de-soldadura\/"]}]},{"@type":"BreadcrumbList","@id":"https:\/\/tecnigrav.com\/es\/producto\/liquido-rsm9000-para-limpeza-de-soldadura\/#breadcrumb","itemListElement":[{"@type":"ListItem","position":1,"name":"In\u00edcio","item":"https:\/\/tecnigrav.com\/es\/"},{"@type":"ListItem","position":2,"name":"Equipamentos de grava\u00e7\u00e3o","item":"https:\/\/tecnigrav.com\/equipamentos-de-gravacao\/"},{"@type":"ListItem","position":3,"name":"Limpieza de soldadura","item":"https:\/\/tecnigrav.com\/es\/sistemas-de-gravacao\/limpieza-de-soldadura\/"},{"@type":"ListItem","position":4,"name":"Acessorios","item":"https:\/\/tecnigrav.com\/es\/sistemas-de-gravacao\/limpieza-de-soldadura\/acessorios-es-2\/"},{"@type":"ListItem","position":5,"name":"Liquido RSM9000 para limpeza de soldadura"}]},{"@type":"WebSite","@id":"https:\/\/tecnigrav.com\/#website","url":"https:\/\/tecnigrav.com\/","name":"Tecnigrav Gravadores de Metais","description":"Gravadores de Metais | Grava\u00e7\u00e3o em Metais | Micropuncionamento | Micropercuss\u00e3o | Grava\u00e7\u00e3o Eletroqu\u00edmica | Marca\u00e7\u00e3o de Pe\u00e7as | Grava\u00e7\u00e3o de Pe\u00e7as | Grava\u00e7\u00e3o de Ferramentas | Codifica\u00e7\u00e3o | Marca\u00e7\u00e3o em Metais | L\u00e1pis El\u00e9trico | Caneta El\u00e9trica | Caneta Rotativa | L\u00e1pis Rotativo | Grava\u00e7\u00e3o Eletrol\u00edtica | Gravador Eletrol\u00edtico | Riscagem | CNC | Laser de Grava\u00e7\u00e3o | Laser de Marca\u00e7\u00e3o | Maquinas para Grava\u00e7\u00e3o | Maquinas Eletroqu\u00edmicas | Maquinas de Micropuncionamento | Maquinas Laser | Grava\u00e7\u00e3o a Laser | Tipo | Grava\u00e7\u00e3o por Pontos | Gravador de Bancada | Gravador Port\u00e1til | Gravador Manual| Grava\u00e7\u00e3o escrita a punho | Micropuncionamento de Bancada | Micropuncionamento Port\u00e1til | Limpeza de Solda | Limpador de Solda | Datamatrix | Integra\u00e7\u00e3o | Grava\u00e7\u00e3o Permanente | Marca\u00e7\u00e3o Permanente | Datadores | Codificadores | tecnograv | Carimbos | Sistema de identifica\u00e7\u00e3o | Pirografo | Tampografia | Rastreabilidade | Gravador de metal | Gravador de metais | Gravador Eletroqu\u00edmico | Liquido de Grava\u00e7\u00e3o | Liquidos Gravadores | Matriz de Grava\u00e7\u00e3o | Papel de Grava\u00e7\u00e3o | Tela de Grava\u00e7\u00e3o | Tela de Silkscreen | Est\u00eancil de grava\u00e7\u00e3o | Stencil de Grava\u00e7\u00e3o | Micropontos | Puncionamento | Puncionadeira | Pun\u00e7\u00e3o | Numerador | Sinete | Micropuncionadeira | DOT PEEN","potentialAction":[{"@type":"SearchAction","target":{"@type":"EntryPoint","urlTemplate":"https:\/\/tecnigrav.com\/?s={search_term_string}"},"query-input":"required name=search_term_string"}],"inLanguage":"es-ES"}]}},"_links":{"self":[{"href":"https:\/\/tecnigrav.com\/es\/wp-json\/wp\/v2\/product\/4615"}],"collection":[{"href":"https:\/\/tecnigrav.com\/es\/wp-json\/wp\/v2\/product"}],"about":[{"href":"https:\/\/tecnigrav.com\/es\/wp-json\/wp\/v2\/types\/product"}],"replies":[{"embeddable":true,"href":"https:\/\/tecnigrav.com\/es\/wp-json\/wp\/v2\/comments?post=4615"}],"wp:featuredmedia":[{"embeddable":true,"href":"https:\/\/tecnigrav.com\/es\/wp-json\/wp\/v2\/media\/4317"}],"wp:attachment":[{"href":"https:\/\/tecnigrav.com\/es\/wp-json\/wp\/v2\/media?parent=4615"}],"wp:term":[{"taxonomy":"product_cat","embeddable":true,"href":"https:\/\/tecnigrav.com\/es\/wp-json\/wp\/v2\/product_cat?post=4615"},{"taxonomy":"product_tag","embeddable":true,"href":"https:\/\/tecnigrav.com\/es\/wp-json\/wp\/v2\/product_tag?post=4615"}],"curies":[{"name":"wp","href":"https:\/\/api.w.org\/{rel}","templated":true}]}}