{"id":4940,"date":"2016-12-01T13:44:14","date_gmt":"2016-12-01T15:44:14","guid":{"rendered":"http:\/\/tecnigrav.com\/es\/produto\/micrograv-s500\/"},"modified":"2017-05-29T14:52:47","modified_gmt":"2017-05-29T17:52:47","slug":"micrograv-s500","status":"publish","type":"product","link":"https:\/\/tecnigrav.com\/es\/producto\/micrograv-s500\/","title":{"rendered":"MicroGrav S500"},"content":{"rendered":"<p><a href=\"https:\/\/youtu.be\/RkJWEnjI3pA\">https:\/\/youtu.be\/RkJWEnjI3pA<\/a><\/p>\n","protected":false},"excerpt":{"rendered":"<h3 style=\"margin: 0px 0px 14px; padding: 0px; color: #333333; font-style: normal; font-variant: normal; font-stretch: normal; font-size: 24px; font-family: 'Open Sans', Helvetca, Arial, sans-serif; font-weight: 400; line-height: 30px; letter-spacing: normal; orphans: 2; text-align: start; text-indent: 0px; text-transform: none; white-space: normal; widows: 2; word-spacing: 0px; -webkit-text-stroke-width: 0px; background-color: #fafafa;\"><b>MicroGrav S500<\/b><br \/>\nC\u00f3digo: S500<\/h3>\n<table style=\"margin: 0px 0px 20px; padding: 0px; border-collapse: collapse; border-spacing: 0px; border: 0px; color: #777777; font-family: 'Open Sans', Helvetca, Arial, sans-serif; font-size: 13px; font-style: normal; font-variant-ligatures: normal; font-variant-caps: normal; font-weight: normal; letter-spacing: normal; orphans: 2; text-align: start; text-indent: 0px; text-transform: none; white-space: normal; widows: 2; word-spacing: 0px; -webkit-text-stroke-width: 0px; background-color: #fafafa;\" border=\"0\" frame=\"border\" rules=\"all\">\n<tbody>\n<tr align=\"center\" valign=\"middle\">\n<td><strong>\u00c1rea marcado<\/strong><\/td>\n<td>150\u00d7150 mm<\/td>\n<\/tr>\n<tr align=\"center\" valign=\"top\">\n<td valign=\"middle\"><strong>Velocidad<\/strong><\/td>\n<td align=\"center\" valign=\"middle\">3\u00a0caracteres por segundo<\/td>\n<\/tr>\n<tr align=\"center\" valign=\"top\">\n<td valign=\"middle\"><strong>Funcion<\/strong><\/td>\n<td align=\"center\" valign=\"middle\">Lineal, circular, angular, 2D, numeraci\u00f3n serial automatizada, c\u00f3digos de fecha, calendario juliano, turnos. Tres Fuentes, Archivo Logo PLT<\/td>\n<\/tr>\n<tr>\n<td colspan=\"2\"><strong>DISPONIBLE EN LAS VERSIONES NEUM\u00c1TICAS Y EL\u00c9CTRICAS<\/strong><\/td>\n<\/tr>\n<\/tbody>\n<\/table>\n<p style=\"margin: 0px 0px 20px; padding: 0px; font-size: 14px; line-height: 22px; color: #777777; font-family: 'Open Sans', Helvetca, Arial, sans-serif; font-style: normal; font-variant-ligatures: normal; font-variant-caps: normal; font-weight: normal; letter-spacing: normal; orphans: 2; text-align: start; text-indent: 0px; text-transform: none; white-space: normal; widows: 2; word-spacing: 0px; -webkit-text-stroke-width: 0px; background-color: #fafafa;\"><strong><span style=\"color: #777777;\">GARANT\u00cdA:<\/span><span class=\"Apple-converted-space\"><span style=\"color: #777777;\">\u00a0<\/span><\/span><\/strong>01 A\u00f1o<\/p>\n<div style=\"margin: 0px; padding: 0px; color: #777777; font-family: 'Open Sans', Helvetca, Arial, sans-serif; font-size: 13px; font-style: normal; font-variant-ligatures: normal; font-variant-caps: normal; font-weight: normal; letter-spacing: normal; orphans: 2; text-align: start; text-indent: 0px; text-transform: none; white-space: normal; widows: 2; word-spacing: 0px; -webkit-text-stroke-width: 0px; background-color: #fafafa;\">\n<h3 class=\"titulo3\" style=\"margin: 0px 0px 14px; padding: 10px 0px 0px; color: #333333; font-style: normal; font-variant: normal; font-stretch: normal; font-size: 24px; font-family: 'Open Sans', Helvetca, Arial, sans-serif; font-weight: 400; line-height: 30px;\"><strong><span style=\"color: #333333;\">Caracteristicas:<\/span><\/strong><\/h3>\n<p>El nuevo Lanzamiento de TECNIGRAV, la Marcadora de Mesa \u00a0MicroGrav S500 montada en una columna de f\u00e1cil ajuste, posee una de las mayores \u00e1reas de marcaje del mercado (150x150mm), siendo ideal para grabar en piezas de peque\u00f1o a gran porte, pl\u00e1stico o metal m\u00e1s duros (62 HRC), adem\u00e1s de ser independiente (sin necesidad de un ordenador auxiliar). Una de las m\u00e1quinas con el mejor costo X beneficio.<\/p>\n<\/div>\n<h3 style=\"margin: 0px 0px 14px; padding: 0px; color: #333333; font-style: normal; font-variant: normal; font-stretch: normal; font-size: 24px; font-family: 'Open Sans', Helvetca, Arial, sans-serif; font-weight: 400; line-height: 30px; letter-spacing: normal; orphans: 2; text-align: start; text-indent: 0px; text-transform: none; white-space: normal; widows: 2; word-spacing: 0px; -webkit-text-stroke-width: 0px; background-color: #fafafa;\">Especificaciones<\/h3>\n<p style=\"margin: 0px 0px 20px; padding: 0px; font-size: 14px; line-height: 22px; color: #777777; font-family: 'Open Sans', Helvetca, Arial, sans-serif; font-style: normal; font-variant-ligatures: normal; font-variant-caps: normal; font-weight: normal; letter-spacing: normal; orphans: 2; text-align: start; text-indent: 0px; text-transform: none; white-space: normal; widows: 2; word-spacing: 0px; -webkit-text-stroke-width: 0px; background-color: #fafafa;\"><br style=\"margin: 0px; padding: 0px; color: #777777; font-family: 'Open Sans', Helvetca, Arial, sans-serif; font-size: 13px; font-style: normal; font-variant-ligatures: normal; font-variant-caps: normal; font-weight: normal; letter-spacing: normal; orphans: 2; text-align: start; text-indent: 0px; text-transform: none; white-space: normal; widows: 2; word-spacing: 0px; -webkit-text-stroke-width: 0px; background-color: #fafafa;\" \/><span style=\"color: #777777; font-family: 'Open Sans', Helvetca, Arial, sans-serif; font-size: 13px; font-style: normal; font-variant-ligatures: normal; font-variant-caps: normal; font-weight: normal; letter-spacing: normal; orphans: 2; text-align: start; text-indent: 0px; text-transform: none; white-space: normal; widows: 2; word-spacing: 0px; -webkit-text-stroke-width: 0px; background-color: #fafafa; display: inline !important; float: none;\">Cabo de for\u00e7a: 1 pieza<\/span><br style=\"margin: 0px; padding: 0px; color: #777777; font-family: 'Open Sans', Helvetca, Arial, sans-serif; font-size: 13px; font-style: normal; font-variant-ligatures: normal; font-variant-caps: normal; font-weight: normal; letter-spacing: normal; orphans: 2; text-align: start; text-indent: 0px; text-transform: none; white-space: normal; widows: 2; word-spacing: 0px; -webkit-text-stroke-width: 0px; background-color: #fafafa;\" \/><span style=\"color: #777777; font-family: 'Open Sans', Helvetca, Arial, sans-serif; font-size: 13px; font-style: normal; font-variant-ligatures: normal; font-variant-caps: normal; font-weight: normal; letter-spacing: normal; orphans: 2; text-align: start; text-indent: 0px; text-transform: none; white-space: normal; widows: 2; word-spacing: 0px; -webkit-text-stroke-width: 0px; background-color: #fafafa; display: inline !important; float: none;\">Mesa y columna: 1 pieza<\/span><span style=\"color: #777777; font-family: 'Open Sans', Helvetca, Arial, sans-serif; font-size: 13px; font-style: normal; font-variant-ligatures: normal; font-variant-caps: normal; font-weight: normal; letter-spacing: normal; orphans: 2; text-align: start; text-indent: 0px; text-transform: none; white-space: normal; widows: 2; word-spacing: 0px; -webkit-text-stroke-width: 0px; background-color: #fafafa; display: inline !important; float: none;\"><br \/>\nTeclado: 1 pieza<br \/>\nMan\u00f4metro: 1 pieza(versiones neumaticas)<br \/>\nPuntero de marcaci\u00f3n: 1 pieza<\/span><\/p>\n","protected":false},"featured_media":4887,"comment_status":"open","ping_status":"closed","template":"","meta":[],"product_cat":[64],"product_tag":[],"yoast_head":"<!-- This site is optimized with the Yoast SEO plugin v20.6 - https:\/\/yoast.com\/wordpress\/plugins\/seo\/ -->\n<title>MicroGrav S500 - Tecnigrav Gravadores de Metais<\/title>\n<meta name=\"description\" content=\"MicroGrav S500 C\u00f3digo: S500    \u00c1rea marcado 150\u00d7150 mm   Velocidad 3\u00a0caracteres por segundo   Funcion Lineal, circular, angular, 2D, numeraci\u00f3n serial automatizada, c\u00f3digos de fecha, calendario juliano, turnos. Tres Fuentes, Archivo Logo PLT   DISPONIBLE EN LAS VERSIONES NEUM\u00c1TICAS Y EL\u00c9CTRICAS    GARANT\u00cdA:\u00a001 A\u00f1o   Caracteristicas: El nuevo Lanzamiento de TECNIGRAV, la Marcadora de Mesa \u00a0MicroGrav S500 montada en una columna de f\u00e1cil ajuste, posee una de las mayores \u00e1reas de marcaje del mercado (150x150mm), siendo ideal para grabar en piezas de peque\u00f1o a gran porte, pl\u00e1stico o metal m\u00e1s duros (62 HRC), adem\u00e1s de ser independiente (sin necesidad de un ordenador auxiliar). Una de las m\u00e1quinas con el mejor costo X beneficio.   Especificaciones Cabo de for\u00e7a: 1 piezaMesa y columna: 1 pieza Teclado: 1 pieza Man\u00f4metro: 1 pieza(versiones neumaticas) Puntero de marcaci\u00f3n: 1 pieza\" \/>\n<meta name=\"robots\" content=\"index, follow, max-snippet:-1, max-image-preview:large, max-video-preview:-1\" \/>\n<link rel=\"canonical\" href=\"https:\/\/tecnigrav.com\/es\/producto\/micrograv-s500\/\" \/>\n<meta property=\"og:locale\" content=\"es_ES\" \/>\n<meta property=\"og:type\" content=\"article\" \/>\n<meta property=\"og:title\" content=\"MicroGrav S500 - Tecnigrav Gravadores de Metais\" \/>\n<meta property=\"og:description\" content=\"MicroGrav S500 C\u00f3digo: S500    \u00c1rea marcado 150\u00d7150 mm   Velocidad 3\u00a0caracteres por segundo   Funcion Lineal, circular, angular, 2D, numeraci\u00f3n serial automatizada, c\u00f3digos de fecha, calendario juliano, turnos. Tres Fuentes, Archivo Logo PLT   DISPONIBLE EN LAS VERSIONES NEUM\u00c1TICAS Y EL\u00c9CTRICAS    GARANT\u00cdA:\u00a001 A\u00f1o   Caracteristicas: El nuevo Lanzamiento de TECNIGRAV, la Marcadora de Mesa \u00a0MicroGrav S500 montada en una columna de f\u00e1cil ajuste, posee una de las mayores \u00e1reas de marcaje del mercado (150x150mm), siendo ideal para grabar en piezas de peque\u00f1o a gran porte, pl\u00e1stico o metal m\u00e1s duros (62 HRC), adem\u00e1s de ser independiente (sin necesidad de un ordenador auxiliar). Una de las m\u00e1quinas con el mejor costo X beneficio.   Especificaciones Cabo de for\u00e7a: 1 piezaMesa y columna: 1 pieza Teclado: 1 pieza Man\u00f4metro: 1 pieza(versiones neumaticas) Puntero de marcaci\u00f3n: 1 pieza\" \/>\n<meta property=\"og:url\" content=\"https:\/\/tecnigrav.com\/es\/producto\/micrograv-s500\/\" \/>\n<meta property=\"og:site_name\" content=\"Tecnigrav Gravadores de Metais\" \/>\n<meta property=\"article:publisher\" content=\"https:\/\/www.facebook.com\/Tecnigrav-Ind%c3%bastria-e-Com%c3%a9rcio-Ltda-151617301618854\/\" \/>\n<meta property=\"article:modified_time\" content=\"2017-05-29T17:52:47+00:00\" \/>\n<meta property=\"og:image\" content=\"https:\/\/tecnigrav.com\/wp-content\/uploads\/2016\/12\/S500-MESA-NOVA-e1496080354768.jpg\" \/>\n\t<meta property=\"og:image:width\" content=\"560\" \/>\n\t<meta property=\"og:image:height\" content=\"420\" \/>\n\t<meta property=\"og:image:type\" content=\"image\/jpeg\" \/>\n<meta name=\"twitter:card\" content=\"summary_large_image\" \/>\n<script type=\"application\/ld+json\" class=\"yoast-schema-graph\">{\"@context\":\"https:\/\/schema.org\",\"@graph\":[{\"@type\":\"WebPage\",\"@id\":\"https:\/\/tecnigrav.com\/es\/producto\/micrograv-s500\/\",\"url\":\"https:\/\/tecnigrav.com\/es\/producto\/micrograv-s500\/\",\"name\":\"MicroGrav S500 - Tecnigrav Gravadores de Metais\",\"isPartOf\":{\"@id\":\"https:\/\/tecnigrav.com\/#website\"},\"datePublished\":\"2016-12-01T15:44:14+00:00\",\"dateModified\":\"2017-05-29T17:52:47+00:00\",\"description\":\"MicroGrav S500 C\u00f3digo: S500 \u00c1rea marcado 150\u00d7150 mm Velocidad 3\u00a0caracteres por segundo Funcion Lineal, circular, angular, 2D, numeraci\u00f3n serial automatizada, c\u00f3digos de fecha, calendario juliano, turnos. Tres Fuentes, Archivo Logo PLT DISPONIBLE EN LAS VERSIONES NEUM\u00c1TICAS Y EL\u00c9CTRICAS GARANT\u00cdA:\u00a001 A\u00f1o Caracteristicas: El nuevo Lanzamiento de TECNIGRAV, la Marcadora de Mesa \u00a0MicroGrav S500 montada en una columna de f\u00e1cil ajuste, posee una de las mayores \u00e1reas de marcaje del mercado (150x150mm), siendo ideal para grabar en piezas de peque\u00f1o a gran porte, pl\u00e1stico o metal m\u00e1s duros (62 HRC), adem\u00e1s de ser independiente (sin necesidad de un ordenador auxiliar). Una de las m\u00e1quinas con el mejor costo X beneficio. Especificaciones Cabo de for\u00e7a: 1 piezaMesa y columna: 1 pieza Teclado: 1 pieza Man\u00f4metro: 1 pieza(versiones neumaticas) Puntero de marcaci\u00f3n: 1 pieza\",\"breadcrumb\":{\"@id\":\"https:\/\/tecnigrav.com\/es\/producto\/micrograv-s500\/#breadcrumb\"},\"inLanguage\":\"es-ES\",\"potentialAction\":[{\"@type\":\"ReadAction\",\"target\":[\"https:\/\/tecnigrav.com\/es\/producto\/micrograv-s500\/\"]}]},{\"@type\":\"BreadcrumbList\",\"@id\":\"https:\/\/tecnigrav.com\/es\/producto\/micrograv-s500\/#breadcrumb\",\"itemListElement\":[{\"@type\":\"ListItem\",\"position\":1,\"name\":\"In\u00edcio\",\"item\":\"https:\/\/tecnigrav.com\/es\/\"},{\"@type\":\"ListItem\",\"position\":2,\"name\":\"Equipamentos de grava\u00e7\u00e3o\",\"item\":\"https:\/\/tecnigrav.com\/equipamentos-de-gravacao\/\"},{\"@type\":\"ListItem\",\"position\":3,\"name\":\"Micropercusi\u00f3n\",\"item\":\"https:\/\/tecnigrav.com\/es\/sistemas-de-gravacao\/micropercusion\/\"},{\"@type\":\"ListItem\",\"position\":4,\"name\":\"Mesa y columna\",\"item\":\"https:\/\/tecnigrav.com\/es\/sistemas-de-gravacao\/micropercusion\/mesa-y-columna\/\"},{\"@type\":\"ListItem\",\"position\":5,\"name\":\"MicroGrav S500\"}]},{\"@type\":\"WebSite\",\"@id\":\"https:\/\/tecnigrav.com\/#website\",\"url\":\"https:\/\/tecnigrav.com\/\",\"name\":\"Tecnigrav Gravadores de Metais\",\"description\":\"Gravadores de Metais | Grava\u00e7\u00e3o em Metais | Micropuncionamento | Micropercuss\u00e3o | Grava\u00e7\u00e3o Eletroqu\u00edmica | Marca\u00e7\u00e3o de Pe\u00e7as | Grava\u00e7\u00e3o de Pe\u00e7as | Grava\u00e7\u00e3o de Ferramentas | Codifica\u00e7\u00e3o | Marca\u00e7\u00e3o em Metais | L\u00e1pis El\u00e9trico | Caneta El\u00e9trica | Caneta Rotativa | L\u00e1pis Rotativo | Grava\u00e7\u00e3o Eletrol\u00edtica | Gravador Eletrol\u00edtico | Riscagem | CNC | Laser de Grava\u00e7\u00e3o | Laser de Marca\u00e7\u00e3o | Maquinas para Grava\u00e7\u00e3o | Maquinas Eletroqu\u00edmicas | Maquinas de Micropuncionamento | Maquinas Laser | Grava\u00e7\u00e3o a Laser | Tipo | Grava\u00e7\u00e3o por Pontos | Gravador de Bancada | Gravador Port\u00e1til | Gravador Manual| Grava\u00e7\u00e3o escrita a punho | Micropuncionamento de Bancada | Micropuncionamento Port\u00e1til | Limpeza de Solda | Limpador de Solda | Datamatrix | Integra\u00e7\u00e3o | Grava\u00e7\u00e3o Permanente | Marca\u00e7\u00e3o Permanente | Datadores | Codificadores | tecnograv | Carimbos | Sistema de identifica\u00e7\u00e3o | Pirografo | Tampografia | Rastreabilidade | Gravador de metal | Gravador de metais | Gravador Eletroqu\u00edmico | Liquido de Grava\u00e7\u00e3o | Liquidos Gravadores | Matriz de Grava\u00e7\u00e3o | Papel de Grava\u00e7\u00e3o | Tela de Grava\u00e7\u00e3o | Tela de Silkscreen | Est\u00eancil de grava\u00e7\u00e3o | Stencil de Grava\u00e7\u00e3o | Micropontos | Puncionamento | Puncionadeira | Pun\u00e7\u00e3o | Numerador | Sinete | Micropuncionadeira | DOT PEEN\",\"potentialAction\":[{\"@type\":\"SearchAction\",\"target\":{\"@type\":\"EntryPoint\",\"urlTemplate\":\"https:\/\/tecnigrav.com\/?s={search_term_string}\"},\"query-input\":\"required name=search_term_string\"}],\"inLanguage\":\"es-ES\"}]}<\/script>\n<!-- \/ Yoast SEO plugin. -->","yoast_head_json":{"title":"MicroGrav S500 - Tecnigrav Gravadores de Metais","description":"MicroGrav S500 C\u00f3digo: S500    \u00c1rea marcado 150\u00d7150 mm   Velocidad 3\u00a0caracteres por segundo   Funcion Lineal, circular, angular, 2D, numeraci\u00f3n serial automatizada, c\u00f3digos de fecha, calendario juliano, turnos. Tres Fuentes, Archivo Logo PLT   DISPONIBLE EN LAS VERSIONES NEUM\u00c1TICAS Y EL\u00c9CTRICAS    GARANT\u00cdA:\u00a001 A\u00f1o   Caracteristicas: El nuevo Lanzamiento de TECNIGRAV, la Marcadora de Mesa \u00a0MicroGrav S500 montada en una columna de f\u00e1cil ajuste, posee una de las mayores \u00e1reas de marcaje del mercado (150x150mm), siendo ideal para grabar en piezas de peque\u00f1o a gran porte, pl\u00e1stico o metal m\u00e1s duros (62 HRC), adem\u00e1s de ser independiente (sin necesidad de un ordenador auxiliar). Una de las m\u00e1quinas con el mejor costo X beneficio.   Especificaciones Cabo de for\u00e7a: 1 piezaMesa y columna: 1 pieza Teclado: 1 pieza Man\u00f4metro: 1 pieza(versiones neumaticas) Puntero de marcaci\u00f3n: 1 pieza","robots":{"index":"index","follow":"follow","max-snippet":"max-snippet:-1","max-image-preview":"max-image-preview:large","max-video-preview":"max-video-preview:-1"},"canonical":"https:\/\/tecnigrav.com\/es\/producto\/micrograv-s500\/","og_locale":"es_ES","og_type":"article","og_title":"MicroGrav S500 - Tecnigrav Gravadores de Metais","og_description":"MicroGrav S500 C\u00f3digo: S500    \u00c1rea marcado 150\u00d7150 mm   Velocidad 3\u00a0caracteres por segundo   Funcion Lineal, circular, angular, 2D, numeraci\u00f3n serial automatizada, c\u00f3digos de fecha, calendario juliano, turnos. Tres Fuentes, Archivo Logo PLT   DISPONIBLE EN LAS VERSIONES NEUM\u00c1TICAS Y EL\u00c9CTRICAS    GARANT\u00cdA:\u00a001 A\u00f1o   Caracteristicas: El nuevo Lanzamiento de TECNIGRAV, la Marcadora de Mesa \u00a0MicroGrav S500 montada en una columna de f\u00e1cil ajuste, posee una de las mayores \u00e1reas de marcaje del mercado (150x150mm), siendo ideal para grabar en piezas de peque\u00f1o a gran porte, pl\u00e1stico o metal m\u00e1s duros (62 HRC), adem\u00e1s de ser independiente (sin necesidad de un ordenador auxiliar). Una de las m\u00e1quinas con el mejor costo X beneficio.   Especificaciones Cabo de for\u00e7a: 1 piezaMesa y columna: 1 pieza Teclado: 1 pieza Man\u00f4metro: 1 pieza(versiones neumaticas) Puntero de marcaci\u00f3n: 1 pieza","og_url":"https:\/\/tecnigrav.com\/es\/producto\/micrograv-s500\/","og_site_name":"Tecnigrav Gravadores de Metais","article_publisher":"https:\/\/www.facebook.com\/Tecnigrav-Ind%c3%bastria-e-Com%c3%a9rcio-Ltda-151617301618854\/","article_modified_time":"2017-05-29T17:52:47+00:00","og_image":[{"width":560,"height":420,"url":"https:\/\/tecnigrav.com\/wp-content\/uploads\/2016\/12\/S500-MESA-NOVA-e1496080354768.jpg","type":"image\/jpeg"}],"twitter_card":"summary_large_image","schema":{"@context":"https:\/\/schema.org","@graph":[{"@type":"WebPage","@id":"https:\/\/tecnigrav.com\/es\/producto\/micrograv-s500\/","url":"https:\/\/tecnigrav.com\/es\/producto\/micrograv-s500\/","name":"MicroGrav S500 - Tecnigrav Gravadores de Metais","isPartOf":{"@id":"https:\/\/tecnigrav.com\/#website"},"datePublished":"2016-12-01T15:44:14+00:00","dateModified":"2017-05-29T17:52:47+00:00","description":"MicroGrav S500 C\u00f3digo: S500 \u00c1rea marcado 150\u00d7150 mm Velocidad 3\u00a0caracteres por segundo Funcion Lineal, circular, angular, 2D, numeraci\u00f3n serial automatizada, c\u00f3digos de fecha, calendario juliano, turnos. Tres Fuentes, Archivo Logo PLT DISPONIBLE EN LAS VERSIONES NEUM\u00c1TICAS Y EL\u00c9CTRICAS GARANT\u00cdA:\u00a001 A\u00f1o Caracteristicas: El nuevo Lanzamiento de TECNIGRAV, la Marcadora de Mesa \u00a0MicroGrav S500 montada en una columna de f\u00e1cil ajuste, posee una de las mayores \u00e1reas de marcaje del mercado (150x150mm), siendo ideal para grabar en piezas de peque\u00f1o a gran porte, pl\u00e1stico o metal m\u00e1s duros (62 HRC), adem\u00e1s de ser independiente (sin necesidad de un ordenador auxiliar). Una de las m\u00e1quinas con el mejor costo X beneficio. Especificaciones Cabo de for\u00e7a: 1 piezaMesa y columna: 1 pieza Teclado: 1 pieza Man\u00f4metro: 1 pieza(versiones neumaticas) Puntero de marcaci\u00f3n: 1 pieza","breadcrumb":{"@id":"https:\/\/tecnigrav.com\/es\/producto\/micrograv-s500\/#breadcrumb"},"inLanguage":"es-ES","potentialAction":[{"@type":"ReadAction","target":["https:\/\/tecnigrav.com\/es\/producto\/micrograv-s500\/"]}]},{"@type":"BreadcrumbList","@id":"https:\/\/tecnigrav.com\/es\/producto\/micrograv-s500\/#breadcrumb","itemListElement":[{"@type":"ListItem","position":1,"name":"In\u00edcio","item":"https:\/\/tecnigrav.com\/es\/"},{"@type":"ListItem","position":2,"name":"Equipamentos de grava\u00e7\u00e3o","item":"https:\/\/tecnigrav.com\/equipamentos-de-gravacao\/"},{"@type":"ListItem","position":3,"name":"Micropercusi\u00f3n","item":"https:\/\/tecnigrav.com\/es\/sistemas-de-gravacao\/micropercusion\/"},{"@type":"ListItem","position":4,"name":"Mesa y columna","item":"https:\/\/tecnigrav.com\/es\/sistemas-de-gravacao\/micropercusion\/mesa-y-columna\/"},{"@type":"ListItem","position":5,"name":"MicroGrav S500"}]},{"@type":"WebSite","@id":"https:\/\/tecnigrav.com\/#website","url":"https:\/\/tecnigrav.com\/","name":"Tecnigrav Gravadores de Metais","description":"Gravadores de Metais | Grava\u00e7\u00e3o em Metais | Micropuncionamento | Micropercuss\u00e3o | Grava\u00e7\u00e3o Eletroqu\u00edmica | Marca\u00e7\u00e3o de Pe\u00e7as | Grava\u00e7\u00e3o de Pe\u00e7as | Grava\u00e7\u00e3o de Ferramentas | Codifica\u00e7\u00e3o | Marca\u00e7\u00e3o em Metais | L\u00e1pis El\u00e9trico | Caneta El\u00e9trica | Caneta Rotativa | L\u00e1pis Rotativo | Grava\u00e7\u00e3o Eletrol\u00edtica | Gravador Eletrol\u00edtico | Riscagem | CNC | Laser de Grava\u00e7\u00e3o | Laser de Marca\u00e7\u00e3o | Maquinas para Grava\u00e7\u00e3o | Maquinas Eletroqu\u00edmicas | Maquinas de Micropuncionamento | Maquinas Laser | Grava\u00e7\u00e3o a Laser | Tipo | Grava\u00e7\u00e3o por Pontos | Gravador de Bancada | Gravador Port\u00e1til | Gravador Manual| Grava\u00e7\u00e3o escrita a punho | Micropuncionamento de Bancada | Micropuncionamento Port\u00e1til | Limpeza de Solda | Limpador de Solda | Datamatrix | Integra\u00e7\u00e3o | Grava\u00e7\u00e3o Permanente | Marca\u00e7\u00e3o Permanente | Datadores | Codificadores | tecnograv | Carimbos | Sistema de identifica\u00e7\u00e3o | Pirografo | Tampografia | Rastreabilidade | Gravador de metal | Gravador de metais | Gravador Eletroqu\u00edmico | Liquido de Grava\u00e7\u00e3o | Liquidos Gravadores | Matriz de Grava\u00e7\u00e3o | Papel de Grava\u00e7\u00e3o | Tela de Grava\u00e7\u00e3o | Tela de Silkscreen | Est\u00eancil de grava\u00e7\u00e3o | Stencil de Grava\u00e7\u00e3o | Micropontos | Puncionamento | Puncionadeira | Pun\u00e7\u00e3o | Numerador | Sinete | Micropuncionadeira | DOT PEEN","potentialAction":[{"@type":"SearchAction","target":{"@type":"EntryPoint","urlTemplate":"https:\/\/tecnigrav.com\/?s={search_term_string}"},"query-input":"required name=search_term_string"}],"inLanguage":"es-ES"}]}},"_links":{"self":[{"href":"https:\/\/tecnigrav.com\/es\/wp-json\/wp\/v2\/product\/4940"}],"collection":[{"href":"https:\/\/tecnigrav.com\/es\/wp-json\/wp\/v2\/product"}],"about":[{"href":"https:\/\/tecnigrav.com\/es\/wp-json\/wp\/v2\/types\/product"}],"replies":[{"embeddable":true,"href":"https:\/\/tecnigrav.com\/es\/wp-json\/wp\/v2\/comments?post=4940"}],"wp:featuredmedia":[{"embeddable":true,"href":"https:\/\/tecnigrav.com\/es\/wp-json\/wp\/v2\/media\/4887"}],"wp:attachment":[{"href":"https:\/\/tecnigrav.com\/es\/wp-json\/wp\/v2\/media?parent=4940"}],"wp:term":[{"taxonomy":"product_cat","embeddable":true,"href":"https:\/\/tecnigrav.com\/es\/wp-json\/wp\/v2\/product_cat?post=4940"},{"taxonomy":"product_tag","embeddable":true,"href":"https:\/\/tecnigrav.com\/es\/wp-json\/wp\/v2\/product_tag?post=4940"}],"curies":[{"name":"wp","href":"https:\/\/api.w.org\/{rel}","templated":true}]}}