{"id":5069,"date":"2015-07-30T20:56:29","date_gmt":"2015-07-30T23:56:29","guid":{"rendered":"http:\/\/tecnigrav.com\/es\/?post_type=product&#038;p=5069"},"modified":"2019-09-04T15:28:20","modified_gmt":"2019-09-04T18:28:20","slug":"5069","status":"publish","type":"product","link":"https:\/\/tecnigrav.com\/es\/producto\/5069\/","title":{"rendered":"Papel de grabado Impress"},"content":{"rendered":"","protected":false},"excerpt":{"rendered":"<p>Papel de grabado Impress<br \/>\nC\u00f3digo: T033 T050<br \/>\nEs una innovaci\u00f3n en el sistema de grabaci\u00f3n porque<\/p>\n<p>reemplace el papel de registro blanco o azul.<\/p>\n<p>Utilizado en una impresora especialmente adaptada vendida por Tecnigrav, permite la reproducci\u00f3n de Logos y Textos con buena definici\u00f3n.<\/p>\n<p>Suministrado en rollos:<br \/>\n58 mm x 33 mts<br \/>\n80 mm x 50 mts<\/p>\n<p>GARANT\u00cdA<\/p>\n<p>APLICACIONES<br \/>\nPapel Impress (matriz desechable), utilizado en todos los kits port\u00e1tiles de escritura electroqu\u00edmica. Ideal para aquellos que necesitan grabar con logotipos y c\u00f3digos en peque\u00f1os lotes o piezas unitarias. Solo se puede imprimir a trav\u00e9s del sistema Impress, que permite una buena definici\u00f3n.<\/p>\n<p>&nbsp;<\/p>\n","protected":false},"featured_media":4229,"comment_status":"closed","ping_status":"closed","template":"","meta":[],"product_cat":[74],"product_tag":[],"yoast_head":"<!-- This site is optimized with the Yoast SEO plugin v20.6 - https:\/\/yoast.com\/wordpress\/plugins\/seo\/ -->\n<title>Papel de grabado Impress - Tecnigrav Gravadores de Metais<\/title>\n<meta name=\"description\" content=\"Papel de grabado Impress C\u00f3digo: T033 T050 Es una innovaci\u00f3n en el sistema de grabaci\u00f3n porque  reemplace el papel de registro blanco o azul.  Utilizado en una impresora especialmente adaptada vendida por Tecnigrav, permite la reproducci\u00f3n de Logos y Textos con buena definici\u00f3n.  Suministrado en rollos: 58 mm x 33 mts 80 mm x 50 mts  GARANT\u00cdA  APLICACIONES Papel Impress (matriz desechable), utilizado en todos los kits port\u00e1tiles de escritura electroqu\u00edmica. Ideal para aquellos que necesitan grabar con logotipos y c\u00f3digos en peque\u00f1os lotes o piezas unitarias. Solo se puede imprimir a trav\u00e9s del sistema Impress, que permite una buena definici\u00f3n.  &nbsp;\" \/>\n<meta name=\"robots\" content=\"index, follow, max-snippet:-1, max-image-preview:large, max-video-preview:-1\" \/>\n<link rel=\"canonical\" href=\"https:\/\/tecnigrav.com\/es\/producto\/5069\/\" \/>\n<meta property=\"og:locale\" content=\"es_ES\" \/>\n<meta property=\"og:type\" content=\"article\" \/>\n<meta property=\"og:title\" content=\"Papel de grabado Impress - Tecnigrav Gravadores de Metais\" \/>\n<meta property=\"og:description\" content=\"Papel de grabado Impress C\u00f3digo: T033 T050 Es una innovaci\u00f3n en el sistema de grabaci\u00f3n porque  reemplace el papel de registro blanco o azul.  Utilizado en una impresora especialmente adaptada vendida por Tecnigrav, permite la reproducci\u00f3n de Logos y Textos con buena definici\u00f3n.  Suministrado en rollos: 58 mm x 33 mts 80 mm x 50 mts  GARANT\u00cdA  APLICACIONES Papel Impress (matriz desechable), utilizado en todos los kits port\u00e1tiles de escritura electroqu\u00edmica. Ideal para aquellos que necesitan grabar con logotipos y c\u00f3digos en peque\u00f1os lotes o piezas unitarias. Solo se puede imprimir a trav\u00e9s del sistema Impress, que permite una buena definici\u00f3n.  &nbsp;\" \/>\n<meta property=\"og:url\" content=\"https:\/\/tecnigrav.com\/es\/producto\/5069\/\" \/>\n<meta property=\"og:site_name\" content=\"Tecnigrav Gravadores de Metais\" \/>\n<meta property=\"article:publisher\" content=\"https:\/\/www.facebook.com\/Tecnigrav-Ind%c3%bastria-e-Com%c3%a9rcio-Ltda-151617301618854\/\" \/>\n<meta property=\"article:modified_time\" content=\"2019-09-04T18:28:20+00:00\" \/>\n<meta property=\"og:image\" content=\"https:\/\/tecnigrav.com\/wp-content\/uploads\/2015\/07\/papel-de-grava\u00e7\u00e3o-impressa.jpg\" \/>\n\t<meta property=\"og:image:width\" content=\"320\" \/>\n\t<meta property=\"og:image:height\" content=\"239\" \/>\n\t<meta property=\"og:image:type\" content=\"image\/jpeg\" \/>\n<meta name=\"twitter:card\" content=\"summary_large_image\" \/>\n<script type=\"application\/ld+json\" class=\"yoast-schema-graph\">{\"@context\":\"https:\/\/schema.org\",\"@graph\":[{\"@type\":\"WebPage\",\"@id\":\"https:\/\/tecnigrav.com\/es\/producto\/5069\/\",\"url\":\"https:\/\/tecnigrav.com\/es\/producto\/5069\/\",\"name\":\"Papel de grabado Impress - Tecnigrav Gravadores de Metais\",\"isPartOf\":{\"@id\":\"https:\/\/tecnigrav.com\/#website\"},\"datePublished\":\"2015-07-30T23:56:29+00:00\",\"dateModified\":\"2019-09-04T18:28:20+00:00\",\"description\":\"Papel de grabado Impress C\u00f3digo: T033 T050 Es una innovaci\u00f3n en el sistema de grabaci\u00f3n porque reemplace el papel de registro blanco o azul. Utilizado en una impresora especialmente adaptada vendida por Tecnigrav, permite la reproducci\u00f3n de Logos y Textos con buena definici\u00f3n. Suministrado en rollos: 58 mm x 33 mts 80 mm x 50 mts GARANT\u00cdA APLICACIONES Papel Impress (matriz desechable), utilizado en todos los kits port\u00e1tiles de escritura electroqu\u00edmica. Ideal para aquellos que necesitan grabar con logotipos y c\u00f3digos en peque\u00f1os lotes o piezas unitarias. Solo se puede imprimir a trav\u00e9s del sistema Impress, que permite una buena definici\u00f3n. &nbsp;\",\"breadcrumb\":{\"@id\":\"https:\/\/tecnigrav.com\/es\/producto\/5069\/#breadcrumb\"},\"inLanguage\":\"es-ES\",\"potentialAction\":[{\"@type\":\"ReadAction\",\"target\":[\"https:\/\/tecnigrav.com\/es\/producto\/5069\/\"]}]},{\"@type\":\"BreadcrumbList\",\"@id\":\"https:\/\/tecnigrav.com\/es\/producto\/5069\/#breadcrumb\",\"itemListElement\":[{\"@type\":\"ListItem\",\"position\":1,\"name\":\"In\u00edcio\",\"item\":\"https:\/\/tecnigrav.com\/es\/\"},{\"@type\":\"ListItem\",\"position\":2,\"name\":\"Equipamentos de grava\u00e7\u00e3o\",\"item\":\"https:\/\/tecnigrav.com\/equipamentos-de-gravacao\/\"},{\"@type\":\"ListItem\",\"position\":3,\"name\":\"Grabado electrol\u00edtico\",\"item\":\"https:\/\/tecnigrav.com\/es\/sistemas-de-gravacao\/grabado-electrolitico\/\"},{\"@type\":\"ListItem\",\"position\":4,\"name\":\"Plantillas de grabado\",\"item\":\"https:\/\/tecnigrav.com\/es\/sistemas-de-gravacao\/grabado-electrolitico\/plantillas-de-grabado-es\/\"},{\"@type\":\"ListItem\",\"position\":5,\"name\":\"Papel de grabado Impress\"}]},{\"@type\":\"WebSite\",\"@id\":\"https:\/\/tecnigrav.com\/#website\",\"url\":\"https:\/\/tecnigrav.com\/\",\"name\":\"Tecnigrav Gravadores de Metais\",\"description\":\"Gravadores de Metais | Grava\u00e7\u00e3o em Metais | Micropuncionamento | Micropercuss\u00e3o | Grava\u00e7\u00e3o Eletroqu\u00edmica | Marca\u00e7\u00e3o de Pe\u00e7as | Grava\u00e7\u00e3o de Pe\u00e7as | Grava\u00e7\u00e3o de Ferramentas | Codifica\u00e7\u00e3o | Marca\u00e7\u00e3o em Metais | L\u00e1pis El\u00e9trico | Caneta El\u00e9trica | Caneta Rotativa | L\u00e1pis Rotativo | Grava\u00e7\u00e3o Eletrol\u00edtica | Gravador Eletrol\u00edtico | Riscagem | CNC | Laser de Grava\u00e7\u00e3o | Laser de Marca\u00e7\u00e3o | Maquinas para Grava\u00e7\u00e3o | Maquinas Eletroqu\u00edmicas | Maquinas de Micropuncionamento | Maquinas Laser | Grava\u00e7\u00e3o a Laser | Tipo | Grava\u00e7\u00e3o por Pontos | Gravador de Bancada | Gravador Port\u00e1til | Gravador Manual| Grava\u00e7\u00e3o escrita a punho | Micropuncionamento de Bancada | Micropuncionamento Port\u00e1til | Limpeza de Solda | Limpador de Solda | Datamatrix | Integra\u00e7\u00e3o | Grava\u00e7\u00e3o Permanente | Marca\u00e7\u00e3o Permanente | Datadores | Codificadores | tecnograv | Carimbos | Sistema de identifica\u00e7\u00e3o | Pirografo | Tampografia | Rastreabilidade | Gravador de metal | Gravador de metais | Gravador Eletroqu\u00edmico | Liquido de Grava\u00e7\u00e3o | Liquidos Gravadores | Matriz de Grava\u00e7\u00e3o | Papel de Grava\u00e7\u00e3o | Tela de Grava\u00e7\u00e3o | Tela de Silkscreen | Est\u00eancil de grava\u00e7\u00e3o | Stencil de Grava\u00e7\u00e3o | Micropontos | Puncionamento | Puncionadeira | Pun\u00e7\u00e3o | Numerador | Sinete | Micropuncionadeira | DOT PEEN\",\"potentialAction\":[{\"@type\":\"SearchAction\",\"target\":{\"@type\":\"EntryPoint\",\"urlTemplate\":\"https:\/\/tecnigrav.com\/?s={search_term_string}\"},\"query-input\":\"required name=search_term_string\"}],\"inLanguage\":\"es-ES\"}]}<\/script>\n<!-- \/ Yoast SEO plugin. -->","yoast_head_json":{"title":"Papel de grabado Impress - Tecnigrav Gravadores de Metais","description":"Papel de grabado Impress C\u00f3digo: T033 T050 Es una innovaci\u00f3n en el sistema de grabaci\u00f3n porque  reemplace el papel de registro blanco o azul.  Utilizado en una impresora especialmente adaptada vendida por Tecnigrav, permite la reproducci\u00f3n de Logos y Textos con buena definici\u00f3n.  Suministrado en rollos: 58 mm x 33 mts 80 mm x 50 mts  GARANT\u00cdA  APLICACIONES Papel Impress (matriz desechable), utilizado en todos los kits port\u00e1tiles de escritura electroqu\u00edmica. Ideal para aquellos que necesitan grabar con logotipos y c\u00f3digos en peque\u00f1os lotes o piezas unitarias. Solo se puede imprimir a trav\u00e9s del sistema Impress, que permite una buena definici\u00f3n.  &nbsp;","robots":{"index":"index","follow":"follow","max-snippet":"max-snippet:-1","max-image-preview":"max-image-preview:large","max-video-preview":"max-video-preview:-1"},"canonical":"https:\/\/tecnigrav.com\/es\/producto\/5069\/","og_locale":"es_ES","og_type":"article","og_title":"Papel de grabado Impress - Tecnigrav Gravadores de Metais","og_description":"Papel de grabado Impress C\u00f3digo: T033 T050 Es una innovaci\u00f3n en el sistema de grabaci\u00f3n porque  reemplace el papel de registro blanco o azul.  Utilizado en una impresora especialmente adaptada vendida por Tecnigrav, permite la reproducci\u00f3n de Logos y Textos con buena definici\u00f3n.  Suministrado en rollos: 58 mm x 33 mts 80 mm x 50 mts  GARANT\u00cdA  APLICACIONES Papel Impress (matriz desechable), utilizado en todos los kits port\u00e1tiles de escritura electroqu\u00edmica. Ideal para aquellos que necesitan grabar con logotipos y c\u00f3digos en peque\u00f1os lotes o piezas unitarias. Solo se puede imprimir a trav\u00e9s del sistema Impress, que permite una buena definici\u00f3n.  &nbsp;","og_url":"https:\/\/tecnigrav.com\/es\/producto\/5069\/","og_site_name":"Tecnigrav Gravadores de Metais","article_publisher":"https:\/\/www.facebook.com\/Tecnigrav-Ind%c3%bastria-e-Com%c3%a9rcio-Ltda-151617301618854\/","article_modified_time":"2019-09-04T18:28:20+00:00","og_image":[{"width":320,"height":239,"url":"https:\/\/tecnigrav.com\/wp-content\/uploads\/2015\/07\/papel-de-grava\u00e7\u00e3o-impressa.jpg","type":"image\/jpeg"}],"twitter_card":"summary_large_image","schema":{"@context":"https:\/\/schema.org","@graph":[{"@type":"WebPage","@id":"https:\/\/tecnigrav.com\/es\/producto\/5069\/","url":"https:\/\/tecnigrav.com\/es\/producto\/5069\/","name":"Papel de grabado Impress - Tecnigrav Gravadores de Metais","isPartOf":{"@id":"https:\/\/tecnigrav.com\/#website"},"datePublished":"2015-07-30T23:56:29+00:00","dateModified":"2019-09-04T18:28:20+00:00","description":"Papel de grabado Impress C\u00f3digo: T033 T050 Es una innovaci\u00f3n en el sistema de grabaci\u00f3n porque reemplace el papel de registro blanco o azul. Utilizado en una impresora especialmente adaptada vendida por Tecnigrav, permite la reproducci\u00f3n de Logos y Textos con buena definici\u00f3n. Suministrado en rollos: 58 mm x 33 mts 80 mm x 50 mts GARANT\u00cdA APLICACIONES Papel Impress (matriz desechable), utilizado en todos los kits port\u00e1tiles de escritura electroqu\u00edmica. Ideal para aquellos que necesitan grabar con logotipos y c\u00f3digos en peque\u00f1os lotes o piezas unitarias. Solo se puede imprimir a trav\u00e9s del sistema Impress, que permite una buena definici\u00f3n. &nbsp;","breadcrumb":{"@id":"https:\/\/tecnigrav.com\/es\/producto\/5069\/#breadcrumb"},"inLanguage":"es-ES","potentialAction":[{"@type":"ReadAction","target":["https:\/\/tecnigrav.com\/es\/producto\/5069\/"]}]},{"@type":"BreadcrumbList","@id":"https:\/\/tecnigrav.com\/es\/producto\/5069\/#breadcrumb","itemListElement":[{"@type":"ListItem","position":1,"name":"In\u00edcio","item":"https:\/\/tecnigrav.com\/es\/"},{"@type":"ListItem","position":2,"name":"Equipamentos de grava\u00e7\u00e3o","item":"https:\/\/tecnigrav.com\/equipamentos-de-gravacao\/"},{"@type":"ListItem","position":3,"name":"Grabado electrol\u00edtico","item":"https:\/\/tecnigrav.com\/es\/sistemas-de-gravacao\/grabado-electrolitico\/"},{"@type":"ListItem","position":4,"name":"Plantillas de grabado","item":"https:\/\/tecnigrav.com\/es\/sistemas-de-gravacao\/grabado-electrolitico\/plantillas-de-grabado-es\/"},{"@type":"ListItem","position":5,"name":"Papel de grabado Impress"}]},{"@type":"WebSite","@id":"https:\/\/tecnigrav.com\/#website","url":"https:\/\/tecnigrav.com\/","name":"Tecnigrav Gravadores de Metais","description":"Gravadores de Metais | Grava\u00e7\u00e3o em Metais | Micropuncionamento | Micropercuss\u00e3o | Grava\u00e7\u00e3o Eletroqu\u00edmica | Marca\u00e7\u00e3o de Pe\u00e7as | Grava\u00e7\u00e3o de Pe\u00e7as | Grava\u00e7\u00e3o de Ferramentas | Codifica\u00e7\u00e3o | Marca\u00e7\u00e3o em Metais | L\u00e1pis El\u00e9trico | Caneta El\u00e9trica | Caneta Rotativa | L\u00e1pis Rotativo | Grava\u00e7\u00e3o Eletrol\u00edtica | Gravador Eletrol\u00edtico | Riscagem | CNC | Laser de Grava\u00e7\u00e3o | Laser de Marca\u00e7\u00e3o | Maquinas para Grava\u00e7\u00e3o | Maquinas Eletroqu\u00edmicas | Maquinas de Micropuncionamento | Maquinas Laser | Grava\u00e7\u00e3o a Laser | Tipo | Grava\u00e7\u00e3o por Pontos | Gravador de Bancada | Gravador Port\u00e1til | Gravador Manual| Grava\u00e7\u00e3o escrita a punho | Micropuncionamento de Bancada | Micropuncionamento Port\u00e1til | Limpeza de Solda | Limpador de Solda | Datamatrix | Integra\u00e7\u00e3o | Grava\u00e7\u00e3o Permanente | Marca\u00e7\u00e3o Permanente | Datadores | Codificadores | tecnograv | Carimbos | Sistema de identifica\u00e7\u00e3o | Pirografo | Tampografia | Rastreabilidade | Gravador de metal | Gravador de metais | Gravador Eletroqu\u00edmico | Liquido de Grava\u00e7\u00e3o | Liquidos Gravadores | Matriz de Grava\u00e7\u00e3o | Papel de Grava\u00e7\u00e3o | Tela de Grava\u00e7\u00e3o | Tela de Silkscreen | Est\u00eancil de grava\u00e7\u00e3o | Stencil de Grava\u00e7\u00e3o | Micropontos | Puncionamento | Puncionadeira | Pun\u00e7\u00e3o | Numerador | Sinete | Micropuncionadeira | DOT PEEN","potentialAction":[{"@type":"SearchAction","target":{"@type":"EntryPoint","urlTemplate":"https:\/\/tecnigrav.com\/?s={search_term_string}"},"query-input":"required name=search_term_string"}],"inLanguage":"es-ES"}]}},"_links":{"self":[{"href":"https:\/\/tecnigrav.com\/es\/wp-json\/wp\/v2\/product\/5069"}],"collection":[{"href":"https:\/\/tecnigrav.com\/es\/wp-json\/wp\/v2\/product"}],"about":[{"href":"https:\/\/tecnigrav.com\/es\/wp-json\/wp\/v2\/types\/product"}],"replies":[{"embeddable":true,"href":"https:\/\/tecnigrav.com\/es\/wp-json\/wp\/v2\/comments?post=5069"}],"wp:featuredmedia":[{"embeddable":true,"href":"https:\/\/tecnigrav.com\/es\/wp-json\/wp\/v2\/media\/4229"}],"wp:attachment":[{"href":"https:\/\/tecnigrav.com\/es\/wp-json\/wp\/v2\/media?parent=5069"}],"wp:term":[{"taxonomy":"product_cat","embeddable":true,"href":"https:\/\/tecnigrav.com\/es\/wp-json\/wp\/v2\/product_cat?post=5069"},{"taxonomy":"product_tag","embeddable":true,"href":"https:\/\/tecnigrav.com\/es\/wp-json\/wp\/v2\/product_tag?post=5069"}],"curies":[{"name":"wp","href":"https:\/\/api.w.org\/{rel}","templated":true}]}}