{"id":5213,"date":"2024-02-29T17:47:06","date_gmt":"2024-02-29T20:47:06","guid":{"rendered":"http:\/\/tecnigrav.com\/es\/?post_type=product&#038;p=5213"},"modified":"2021-06-08T16:45:09","modified_gmt":"2021-06-08T19:45:09","slug":"5213","status":"publish","type":"product","link":"https:\/\/tecnigrav.com\/es\/producto\/5213\/","title":{"rendered":"MicroGrav P4 M20"},"content":{"rendered":"<p><iframe title=\"MicroGrav P4 M20\" width=\"1140\" height=\"641\" src=\"https:\/\/www.youtube.com\/embed\/pec_20ai5Tk?feature=oembed\" frameborder=\"0\" allow=\"accelerometer; autoplay; clipboard-write; encrypted-media; gyroscope; picture-in-picture; web-share\" allowfullscreen><\/iframe><\/p>\n","protected":false},"excerpt":{"rendered":"<h3><b>MicroGrav\u00a0P4-M20<\/b><br \/>\nC\u00f3digo:\u00a0P04M20<\/h3>\n<table border=\"0\" frame=\"border\" rules=\"all\">\n<tbody>\n<tr align=\"center\" valign=\"middle\">\n<td><strong>\u00c1rea marcado<\/strong><\/td>\n<td>125\u00d715 mm<\/td>\n<\/tr>\n<tr align=\"center\" valign=\"top\">\n<td valign=\"middle\"><strong>Velocidad<\/strong><\/td>\n<td align=\"center\" valign=\"middle\">3\u00a0caracteres por segundo<\/td>\n<\/tr>\n<tr align=\"center\" valign=\"top\">\n<td valign=\"middle\"><strong>Funci\u00f3n<\/strong><\/td>\n<td align=\"center\" valign=\"middle\">Lineal, circular, angular, 2D, numeraci\u00f3n serial automatizada, c\u00f3digos de fecha, calendario juliano, turnos. Tres Fuentes,\u00a0Archivo Logo PLT<\/td>\n<\/tr>\n<tr>\n<td colspan=\"2\"><strong>DISPONIBLE EN LAS VERSIONES NEUM\u00c1TICAS Y EL\u00c9CTRICAS<\/strong><\/td>\n<\/tr>\n<\/tbody>\n<\/table>\n<p><strong>GARANT\u00cdA:\u00a0<\/strong>01 A\u00f1o<\/p>\n<div>\n<h3 class=\"titulo3\"><strong>Caracteristicas:<\/strong><\/h3>\n<p>El nuevo Lanzamiento de TECNIGRAV, el Marcador Port\u00e1til MicroGrav P04-M20, posee una buena zona de marcaci\u00f3n del mercado (125x15mm), siendo ideal para grabar en piezas de gran tama\u00f1o, con gran n\u00famero de caracteres, como chasis y vacuna antirrobo, Adem\u00e1s de ser independiente (sin necesidad de un ordenador auxiliar). Una de las m\u00e1quinas con el mejor costo X beneficio.<\/p>\n<\/div>\n<h3>Especificaciones<\/h3>\n<p>Cabo de for\u00e7a: 1 pieza<br \/>\nTeclado: 1 pieza<br \/>\nMan\u00f4metro: 1 pieza<br \/>\nPuntero de marcaci\u00f3n: 1 pieza<\/p>\n<p>&nbsp;<\/p>\n<p>*Mesa y\u00a0columna No incluidas (opcionales)<\/p>\n<p>&nbsp;<\/p>\n","protected":false},"featured_media":5204,"comment_status":"open","ping_status":"closed","template":"","meta":[],"product_cat":[66],"product_tag":[],"yoast_head":"<!-- This site is optimized with the Yoast SEO plugin v20.6 - https:\/\/yoast.com\/wordpress\/plugins\/seo\/ -->\n<title>MicroGrav P4 M20 - Tecnigrav Gravadores de Metais<\/title>\n<meta name=\"description\" content=\"MicroGrav\u00a0P4-M20 C\u00f3digo:\u00a0P04M20    \u00c1rea marcado 125\u00d715 mm   Velocidad 3\u00a0caracteres por segundo   Funci\u00f3n Lineal, circular, angular, 2D, numeraci\u00f3n serial automatizada, c\u00f3digos de fecha, calendario juliano, turnos. Tres Fuentes,\u00a0Archivo Logo PLT   DISPONIBLE EN LAS VERSIONES NEUM\u00c1TICAS Y EL\u00c9CTRICAS    GARANT\u00cdA:\u00a001 A\u00f1o  Caracteristicas: El nuevo Lanzamiento de TECNIGRAV, el Marcador Port\u00e1til MicroGrav P04-M20, posee una buena zona de marcaci\u00f3n del mercado (125x15mm), siendo ideal para grabar en piezas de gran tama\u00f1o, con gran n\u00famero de caracteres, como chasis y vacuna antirrobo, Adem\u00e1s de ser independiente (sin necesidad de un ordenador auxiliar). Una de las m\u00e1quinas con el mejor costo X beneficio.   Especificaciones Cabo de for\u00e7a: 1 pieza Teclado: 1 pieza Man\u00f4metro: 1 pieza Puntero de marcaci\u00f3n: 1 pieza  &nbsp;  *Mesa y\u00a0columna No incluidas (opcionales)  &nbsp;\" \/>\n<meta name=\"robots\" content=\"index, follow, max-snippet:-1, max-image-preview:large, max-video-preview:-1\" \/>\n<link rel=\"canonical\" href=\"https:\/\/tecnigrav.com\/es\/producto\/5213\/\" \/>\n<meta property=\"og:locale\" content=\"es_ES\" \/>\n<meta property=\"og:type\" content=\"article\" \/>\n<meta property=\"og:title\" content=\"MicroGrav P4 M20 - Tecnigrav Gravadores de Metais\" \/>\n<meta property=\"og:description\" content=\"MicroGrav\u00a0P4-M20 C\u00f3digo:\u00a0P04M20    \u00c1rea marcado 125\u00d715 mm   Velocidad 3\u00a0caracteres por segundo   Funci\u00f3n Lineal, circular, angular, 2D, numeraci\u00f3n serial automatizada, c\u00f3digos de fecha, calendario juliano, turnos. Tres Fuentes,\u00a0Archivo Logo PLT   DISPONIBLE EN LAS VERSIONES NEUM\u00c1TICAS Y EL\u00c9CTRICAS    GARANT\u00cdA:\u00a001 A\u00f1o  Caracteristicas: El nuevo Lanzamiento de TECNIGRAV, el Marcador Port\u00e1til MicroGrav P04-M20, posee una buena zona de marcaci\u00f3n del mercado (125x15mm), siendo ideal para grabar en piezas de gran tama\u00f1o, con gran n\u00famero de caracteres, como chasis y vacuna antirrobo, Adem\u00e1s de ser independiente (sin necesidad de un ordenador auxiliar). Una de las m\u00e1quinas con el mejor costo X beneficio.   Especificaciones Cabo de for\u00e7a: 1 pieza Teclado: 1 pieza Man\u00f4metro: 1 pieza Puntero de marcaci\u00f3n: 1 pieza  &nbsp;  *Mesa y\u00a0columna No incluidas (opcionales)  &nbsp;\" \/>\n<meta property=\"og:url\" content=\"https:\/\/tecnigrav.com\/es\/producto\/5213\/\" \/>\n<meta property=\"og:site_name\" content=\"Tecnigrav Gravadores de Metais\" \/>\n<meta property=\"article:publisher\" content=\"https:\/\/www.facebook.com\/Tecnigrav-Ind%c3%bastria-e-Com%c3%a9rcio-Ltda-151617301618854\/\" \/>\n<meta property=\"article:modified_time\" content=\"2021-06-08T19:45:09+00:00\" \/>\n<meta property=\"og:image\" content=\"https:\/\/tecnigrav.com\/wp-content\/uploads\/2021\/02\/P4-M20-2-e1614088934581.jpg\" \/>\n\t<meta property=\"og:image:width\" content=\"560\" \/>\n\t<meta property=\"og:image:height\" content=\"420\" \/>\n\t<meta property=\"og:image:type\" content=\"image\/jpeg\" \/>\n<meta name=\"twitter:card\" content=\"summary_large_image\" \/>\n<script type=\"application\/ld+json\" class=\"yoast-schema-graph\">{\"@context\":\"https:\/\/schema.org\",\"@graph\":[{\"@type\":\"WebPage\",\"@id\":\"https:\/\/tecnigrav.com\/es\/producto\/5213\/\",\"url\":\"https:\/\/tecnigrav.com\/es\/producto\/5213\/\",\"name\":\"MicroGrav P4 M20 - Tecnigrav Gravadores de Metais\",\"isPartOf\":{\"@id\":\"https:\/\/tecnigrav.com\/#website\"},\"datePublished\":\"2024-02-29T20:47:06+00:00\",\"dateModified\":\"2021-06-08T19:45:09+00:00\",\"description\":\"MicroGrav\u00a0P4-M20 C\u00f3digo:\u00a0P04M20 \u00c1rea marcado 125\u00d715 mm Velocidad 3\u00a0caracteres por segundo Funci\u00f3n Lineal, circular, angular, 2D, numeraci\u00f3n serial automatizada, c\u00f3digos de fecha, calendario juliano, turnos. Tres Fuentes,\u00a0Archivo Logo PLT DISPONIBLE EN LAS VERSIONES NEUM\u00c1TICAS Y EL\u00c9CTRICAS GARANT\u00cdA:\u00a001 A\u00f1o Caracteristicas: El nuevo Lanzamiento de TECNIGRAV, el Marcador Port\u00e1til MicroGrav P04-M20, posee una buena zona de marcaci\u00f3n del mercado (125x15mm), siendo ideal para grabar en piezas de gran tama\u00f1o, con gran n\u00famero de caracteres, como chasis y vacuna antirrobo, Adem\u00e1s de ser independiente (sin necesidad de un ordenador auxiliar). Una de las m\u00e1quinas con el mejor costo X beneficio. Especificaciones Cabo de for\u00e7a: 1 pieza Teclado: 1 pieza Man\u00f4metro: 1 pieza Puntero de marcaci\u00f3n: 1 pieza &nbsp; *Mesa y\u00a0columna No incluidas (opcionales) &nbsp;\",\"breadcrumb\":{\"@id\":\"https:\/\/tecnigrav.com\/es\/producto\/5213\/#breadcrumb\"},\"inLanguage\":\"es-ES\",\"potentialAction\":[{\"@type\":\"ReadAction\",\"target\":[\"https:\/\/tecnigrav.com\/es\/producto\/5213\/\"]}]},{\"@type\":\"BreadcrumbList\",\"@id\":\"https:\/\/tecnigrav.com\/es\/producto\/5213\/#breadcrumb\",\"itemListElement\":[{\"@type\":\"ListItem\",\"position\":1,\"name\":\"In\u00edcio\",\"item\":\"https:\/\/tecnigrav.com\/es\/\"},{\"@type\":\"ListItem\",\"position\":2,\"name\":\"Equipamentos de grava\u00e7\u00e3o\",\"item\":\"https:\/\/tecnigrav.com\/equipamentos-de-gravacao\/\"},{\"@type\":\"ListItem\",\"position\":3,\"name\":\"Micropercusi\u00f3n\",\"item\":\"https:\/\/tecnigrav.com\/es\/sistemas-de-gravacao\/micropercusion\/\"},{\"@type\":\"ListItem\",\"position\":4,\"name\":\"Port\u00e1tiles\",\"item\":\"https:\/\/tecnigrav.com\/es\/sistemas-de-gravacao\/micropercusion\/portatiles\/\"},{\"@type\":\"ListItem\",\"position\":5,\"name\":\"MicroGrav P4 M20\"}]},{\"@type\":\"WebSite\",\"@id\":\"https:\/\/tecnigrav.com\/#website\",\"url\":\"https:\/\/tecnigrav.com\/\",\"name\":\"Tecnigrav Gravadores de Metais\",\"description\":\"Gravadores de Metais | Grava\u00e7\u00e3o em Metais | Micropuncionamento | Micropercuss\u00e3o | Grava\u00e7\u00e3o Eletroqu\u00edmica | Marca\u00e7\u00e3o de Pe\u00e7as | Grava\u00e7\u00e3o de Pe\u00e7as | Grava\u00e7\u00e3o de Ferramentas | Codifica\u00e7\u00e3o | Marca\u00e7\u00e3o em Metais | L\u00e1pis El\u00e9trico | Caneta El\u00e9trica | Caneta Rotativa | L\u00e1pis Rotativo | Grava\u00e7\u00e3o Eletrol\u00edtica | Gravador Eletrol\u00edtico | Riscagem | CNC | Laser de Grava\u00e7\u00e3o | Laser de Marca\u00e7\u00e3o | Maquinas para Grava\u00e7\u00e3o | Maquinas Eletroqu\u00edmicas | Maquinas de Micropuncionamento | Maquinas Laser | Grava\u00e7\u00e3o a Laser | Tipo | Grava\u00e7\u00e3o por Pontos | Gravador de Bancada | Gravador Port\u00e1til | Gravador Manual| Grava\u00e7\u00e3o escrita a punho | Micropuncionamento de Bancada | Micropuncionamento Port\u00e1til | Limpeza de Solda | Limpador de Solda | Datamatrix | Integra\u00e7\u00e3o | Grava\u00e7\u00e3o Permanente | Marca\u00e7\u00e3o Permanente | Datadores | Codificadores | tecnograv | Carimbos | Sistema de identifica\u00e7\u00e3o | Pirografo | Tampografia | Rastreabilidade | Gravador de metal | Gravador de metais | Gravador Eletroqu\u00edmico | Liquido de Grava\u00e7\u00e3o | Liquidos Gravadores | Matriz de Grava\u00e7\u00e3o | Papel de Grava\u00e7\u00e3o | Tela de Grava\u00e7\u00e3o | Tela de Silkscreen | Est\u00eancil de grava\u00e7\u00e3o | Stencil de Grava\u00e7\u00e3o | Micropontos | Puncionamento | Puncionadeira | Pun\u00e7\u00e3o | Numerador | Sinete | Micropuncionadeira | DOT PEEN\",\"potentialAction\":[{\"@type\":\"SearchAction\",\"target\":{\"@type\":\"EntryPoint\",\"urlTemplate\":\"https:\/\/tecnigrav.com\/?s={search_term_string}\"},\"query-input\":\"required name=search_term_string\"}],\"inLanguage\":\"es-ES\"}]}<\/script>\n<!-- \/ Yoast SEO plugin. -->","yoast_head_json":{"title":"MicroGrav P4 M20 - Tecnigrav Gravadores de Metais","description":"MicroGrav\u00a0P4-M20 C\u00f3digo:\u00a0P04M20    \u00c1rea marcado 125\u00d715 mm   Velocidad 3\u00a0caracteres por segundo   Funci\u00f3n Lineal, circular, angular, 2D, numeraci\u00f3n serial automatizada, c\u00f3digos de fecha, calendario juliano, turnos. Tres Fuentes,\u00a0Archivo Logo PLT   DISPONIBLE EN LAS VERSIONES NEUM\u00c1TICAS Y EL\u00c9CTRICAS    GARANT\u00cdA:\u00a001 A\u00f1o  Caracteristicas: El nuevo Lanzamiento de TECNIGRAV, el Marcador Port\u00e1til MicroGrav P04-M20, posee una buena zona de marcaci\u00f3n del mercado (125x15mm), siendo ideal para grabar en piezas de gran tama\u00f1o, con gran n\u00famero de caracteres, como chasis y vacuna antirrobo, Adem\u00e1s de ser independiente (sin necesidad de un ordenador auxiliar). Una de las m\u00e1quinas con el mejor costo X beneficio.   Especificaciones Cabo de for\u00e7a: 1 pieza Teclado: 1 pieza Man\u00f4metro: 1 pieza Puntero de marcaci\u00f3n: 1 pieza  &nbsp;  *Mesa y\u00a0columna No incluidas (opcionales)  &nbsp;","robots":{"index":"index","follow":"follow","max-snippet":"max-snippet:-1","max-image-preview":"max-image-preview:large","max-video-preview":"max-video-preview:-1"},"canonical":"https:\/\/tecnigrav.com\/es\/producto\/5213\/","og_locale":"es_ES","og_type":"article","og_title":"MicroGrav P4 M20 - Tecnigrav Gravadores de Metais","og_description":"MicroGrav\u00a0P4-M20 C\u00f3digo:\u00a0P04M20    \u00c1rea marcado 125\u00d715 mm   Velocidad 3\u00a0caracteres por segundo   Funci\u00f3n Lineal, circular, angular, 2D, numeraci\u00f3n serial automatizada, c\u00f3digos de fecha, calendario juliano, turnos. Tres Fuentes,\u00a0Archivo Logo PLT   DISPONIBLE EN LAS VERSIONES NEUM\u00c1TICAS Y EL\u00c9CTRICAS    GARANT\u00cdA:\u00a001 A\u00f1o  Caracteristicas: El nuevo Lanzamiento de TECNIGRAV, el Marcador Port\u00e1til MicroGrav P04-M20, posee una buena zona de marcaci\u00f3n del mercado (125x15mm), siendo ideal para grabar en piezas de gran tama\u00f1o, con gran n\u00famero de caracteres, como chasis y vacuna antirrobo, Adem\u00e1s de ser independiente (sin necesidad de un ordenador auxiliar). Una de las m\u00e1quinas con el mejor costo X beneficio.   Especificaciones Cabo de for\u00e7a: 1 pieza Teclado: 1 pieza Man\u00f4metro: 1 pieza Puntero de marcaci\u00f3n: 1 pieza  &nbsp;  *Mesa y\u00a0columna No incluidas (opcionales)  &nbsp;","og_url":"https:\/\/tecnigrav.com\/es\/producto\/5213\/","og_site_name":"Tecnigrav Gravadores de Metais","article_publisher":"https:\/\/www.facebook.com\/Tecnigrav-Ind%c3%bastria-e-Com%c3%a9rcio-Ltda-151617301618854\/","article_modified_time":"2021-06-08T19:45:09+00:00","og_image":[{"width":560,"height":420,"url":"https:\/\/tecnigrav.com\/wp-content\/uploads\/2021\/02\/P4-M20-2-e1614088934581.jpg","type":"image\/jpeg"}],"twitter_card":"summary_large_image","schema":{"@context":"https:\/\/schema.org","@graph":[{"@type":"WebPage","@id":"https:\/\/tecnigrav.com\/es\/producto\/5213\/","url":"https:\/\/tecnigrav.com\/es\/producto\/5213\/","name":"MicroGrav P4 M20 - Tecnigrav Gravadores de Metais","isPartOf":{"@id":"https:\/\/tecnigrav.com\/#website"},"datePublished":"2024-02-29T20:47:06+00:00","dateModified":"2021-06-08T19:45:09+00:00","description":"MicroGrav\u00a0P4-M20 C\u00f3digo:\u00a0P04M20 \u00c1rea marcado 125\u00d715 mm Velocidad 3\u00a0caracteres por segundo Funci\u00f3n Lineal, circular, angular, 2D, numeraci\u00f3n serial automatizada, c\u00f3digos de fecha, calendario juliano, turnos. Tres Fuentes,\u00a0Archivo Logo PLT DISPONIBLE EN LAS VERSIONES NEUM\u00c1TICAS Y EL\u00c9CTRICAS GARANT\u00cdA:\u00a001 A\u00f1o Caracteristicas: El nuevo Lanzamiento de TECNIGRAV, el Marcador Port\u00e1til MicroGrav P04-M20, posee una buena zona de marcaci\u00f3n del mercado (125x15mm), siendo ideal para grabar en piezas de gran tama\u00f1o, con gran n\u00famero de caracteres, como chasis y vacuna antirrobo, Adem\u00e1s de ser independiente (sin necesidad de un ordenador auxiliar). Una de las m\u00e1quinas con el mejor costo X beneficio. Especificaciones Cabo de for\u00e7a: 1 pieza Teclado: 1 pieza Man\u00f4metro: 1 pieza Puntero de marcaci\u00f3n: 1 pieza &nbsp; *Mesa y\u00a0columna No incluidas (opcionales) &nbsp;","breadcrumb":{"@id":"https:\/\/tecnigrav.com\/es\/producto\/5213\/#breadcrumb"},"inLanguage":"es-ES","potentialAction":[{"@type":"ReadAction","target":["https:\/\/tecnigrav.com\/es\/producto\/5213\/"]}]},{"@type":"BreadcrumbList","@id":"https:\/\/tecnigrav.com\/es\/producto\/5213\/#breadcrumb","itemListElement":[{"@type":"ListItem","position":1,"name":"In\u00edcio","item":"https:\/\/tecnigrav.com\/es\/"},{"@type":"ListItem","position":2,"name":"Equipamentos de grava\u00e7\u00e3o","item":"https:\/\/tecnigrav.com\/equipamentos-de-gravacao\/"},{"@type":"ListItem","position":3,"name":"Micropercusi\u00f3n","item":"https:\/\/tecnigrav.com\/es\/sistemas-de-gravacao\/micropercusion\/"},{"@type":"ListItem","position":4,"name":"Port\u00e1tiles","item":"https:\/\/tecnigrav.com\/es\/sistemas-de-gravacao\/micropercusion\/portatiles\/"},{"@type":"ListItem","position":5,"name":"MicroGrav P4 M20"}]},{"@type":"WebSite","@id":"https:\/\/tecnigrav.com\/#website","url":"https:\/\/tecnigrav.com\/","name":"Tecnigrav Gravadores de Metais","description":"Gravadores de Metais | Grava\u00e7\u00e3o em Metais | Micropuncionamento | Micropercuss\u00e3o | Grava\u00e7\u00e3o Eletroqu\u00edmica | Marca\u00e7\u00e3o de Pe\u00e7as | Grava\u00e7\u00e3o de Pe\u00e7as | Grava\u00e7\u00e3o de Ferramentas | Codifica\u00e7\u00e3o | Marca\u00e7\u00e3o em Metais | L\u00e1pis El\u00e9trico | Caneta El\u00e9trica | Caneta Rotativa | L\u00e1pis Rotativo | Grava\u00e7\u00e3o Eletrol\u00edtica | Gravador Eletrol\u00edtico | Riscagem | CNC | Laser de Grava\u00e7\u00e3o | Laser de Marca\u00e7\u00e3o | Maquinas para Grava\u00e7\u00e3o | Maquinas Eletroqu\u00edmicas | Maquinas de Micropuncionamento | Maquinas Laser | Grava\u00e7\u00e3o a Laser | Tipo | Grava\u00e7\u00e3o por Pontos | Gravador de Bancada | Gravador Port\u00e1til | Gravador Manual| Grava\u00e7\u00e3o escrita a punho | Micropuncionamento de Bancada | Micropuncionamento Port\u00e1til | Limpeza de Solda | Limpador de Solda | Datamatrix | Integra\u00e7\u00e3o | Grava\u00e7\u00e3o Permanente | Marca\u00e7\u00e3o Permanente | Datadores | Codificadores | tecnograv | Carimbos | Sistema de identifica\u00e7\u00e3o | Pirografo | Tampografia | Rastreabilidade | Gravador de metal | Gravador de metais | Gravador Eletroqu\u00edmico | Liquido de Grava\u00e7\u00e3o | Liquidos Gravadores | Matriz de Grava\u00e7\u00e3o | Papel de Grava\u00e7\u00e3o | Tela de Grava\u00e7\u00e3o | Tela de Silkscreen | Est\u00eancil de grava\u00e7\u00e3o | Stencil de Grava\u00e7\u00e3o | Micropontos | Puncionamento | Puncionadeira | Pun\u00e7\u00e3o | Numerador | Sinete | Micropuncionadeira | DOT PEEN","potentialAction":[{"@type":"SearchAction","target":{"@type":"EntryPoint","urlTemplate":"https:\/\/tecnigrav.com\/?s={search_term_string}"},"query-input":"required name=search_term_string"}],"inLanguage":"es-ES"}]}},"_links":{"self":[{"href":"https:\/\/tecnigrav.com\/es\/wp-json\/wp\/v2\/product\/5213"}],"collection":[{"href":"https:\/\/tecnigrav.com\/es\/wp-json\/wp\/v2\/product"}],"about":[{"href":"https:\/\/tecnigrav.com\/es\/wp-json\/wp\/v2\/types\/product"}],"replies":[{"embeddable":true,"href":"https:\/\/tecnigrav.com\/es\/wp-json\/wp\/v2\/comments?post=5213"}],"wp:featuredmedia":[{"embeddable":true,"href":"https:\/\/tecnigrav.com\/es\/wp-json\/wp\/v2\/media\/5204"}],"wp:attachment":[{"href":"https:\/\/tecnigrav.com\/es\/wp-json\/wp\/v2\/media?parent=5213"}],"wp:term":[{"taxonomy":"product_cat","embeddable":true,"href":"https:\/\/tecnigrav.com\/es\/wp-json\/wp\/v2\/product_cat?post=5213"},{"taxonomy":"product_tag","embeddable":true,"href":"https:\/\/tecnigrav.com\/es\/wp-json\/wp\/v2\/product_tag?post=5213"}],"curies":[{"name":"wp","href":"https:\/\/api.w.org\/{rel}","templated":true}]}}